{"id":956,"date":"2022-10-13T21:43:43","date_gmt":"2022-10-13T18:43:43","guid":{"rendered":"https:\/\/erasmus.cumhuriyet.edu.tr\/?page_id=956"},"modified":"2023-02-20T00:39:42","modified_gmt":"2023-02-19T21:39:42","slug":"application","status":"publish","type":"page","link":"https:\/\/erasmus.cumhuriyet.edu.tr\/en\/erasmus\/outgoing\/application\/","title":{"rendered":"Erasmus+ Giden \u00d6\u011frenci Ba\u015fvurusu"},"content":{"rendered":"<p>[vc_row][vc_column][vc_message message_box_style=&#8221;solid-icon&#8221; message_box_color=&#8221;danger&#8221; icon_fontawesome=&#8221;fas fa-exclamation-triangle&#8221;]<\/p>\n<h2><strong style=\"color: red;\">Ba\u015fvurular 19 \u015eubat 2023 tarihinde sona ermi\u015ftir.<\/strong><\/h2>\n<p>[\/vc_message][vc_column_text][\/vc_column_text][\/vc_column][\/vc_row]<\/p>\n","protected":false},"excerpt":{"rendered":"<p>[vc_row][vc_column][vc_message message_box_style=&#8221;solid-icon&#8221; message_box_color=&#8221;danger&#8221; icon_fontawesome=&#8221;fas fa-exclamation-triangle&#8221;] Ba\u015fvurular 19 \u015eubat 2023 tarihinde sona ermi\u015ftir. [\/vc_message][vc_column_text][\/vc_column_text][\/vc_column][\/vc_row]<\/p>\n","protected":false},"author":1,"featured_media":0,"parent":241,"menu_order":0,"comment_status":"closed","ping_status":"closed","template":"","meta":{"_gspb_post_css":"","footnotes":""},"class_list":["post-956","page","type-page","status-publish","hentry"],"blocksy_meta":[],"_links":{"self":[{"href":"https:\/\/erasmus.cumhuriyet.edu.tr\/en\/wp-json\/wp\/v2\/pages\/956","targetHints":{"allow":["GET"]}}],"collection":[{"href":"https:\/\/erasmus.cumhuriyet.edu.tr\/en\/wp-json\/wp\/v2\/pages"}],"about":[{"href":"https:\/\/erasmus.cumhuriyet.edu.tr\/en\/wp-json\/wp\/v2\/types\/page"}],"author":[{"embeddable":true,"href":"https:\/\/erasmus.cumhuriyet.edu.tr\/en\/wp-json\/wp\/v2\/users\/1"}],"replies":[{"embeddable":true,"href":"https:\/\/erasmus.cumhuriyet.edu.tr\/en\/wp-json\/wp\/v2\/comments?post=956"}],"version-history":[{"count":31,"href":"https:\/\/erasmus.cumhuriyet.edu.tr\/en\/wp-json\/wp\/v2\/pages\/956\/revisions"}],"predecessor-version":[{"id":1756,"href":"https:\/\/erasmus.cumhuriyet.edu.tr\/en\/wp-json\/wp\/v2\/pages\/956\/revisions\/1756"}],"up":[{"embeddable":true,"href":"https:\/\/erasmus.cumhuriyet.edu.tr\/en\/wp-json\/wp\/v2\/pages\/241"}],"wp:attachment":[{"href":"https:\/\/erasmus.cumhuriyet.edu.tr\/en\/wp-json\/wp\/v2\/media?parent=956"}],"curies":[{"name":"wp","href":"https:\/\/api.w.org\/{rel}","templated":true}]}}