{"id":916,"date":"2022-09-08T14:30:17","date_gmt":"2022-09-08T11:30:17","guid":{"rendered":"https:\/\/erasmus.cumhuriyet.edu.tr\/?page_id=916"},"modified":"2026-01-08T02:14:16","modified_gmt":"2026-01-07T23:14:16","slug":"isced-codes","status":"publish","type":"page","link":"https:\/\/erasmus.cumhuriyet.edu.tr\/en\/erasmus\/isced-codes\/","title":{"rendered":"ISCED Codes"},"content":{"rendered":"<div id=\"footable_parent_929\"\n         class=\"footable_parent ninja_table_wrapper loading_ninja_table wp_table_data_press_parent semantic_ui\">\n                <table data-ninja_table_instance=\"ninja_table_instance_0\" data-footable_id=\"929\" data-filter-delay=\"1000\" aria-label=\"SCU ISCED\"            id=\"footable_929\"\n           data-unique_identifier=\"ninja_table_unique_id_594159783_929\"\n           class=\"foo-table ninja_footable foo_table_929 ninja_table_unique_id_594159783_929 ui table  nt_type_ajax_table vertical_centered striped compact  footable-paging-right\">\n                <colgroup>\n                            <col class=\"ninja_column_0\">\n                            <col class=\"ninja_column_1\">\n                            <col class=\"ninja_column_2\">\n                            <col class=\"ninja_column_3\">\n                            <col class=\"ninja_column_4\">\n                            <col class=\"ninja_column_5\">\n                            <col class=\"ninja_column_6\">\n                            <col class=\"ninja_column_7\">\n                            <col class=\"ninja_column_8\">\n                    <\/colgroup>\n            <\/table>\n    \n    \n    \n<\/div>\n\n\n\n\n<div class=\"wp-block-greenshift-blocks-infobox gspb_infoBox gspb_infoBox-id-gsbp-23bc7d7\" id=\"gspb_infoBox-id-gsbp-23bc7d7\"><div class=\"gs-box notice_type icon_type\"><div class=\"gs-box-icon\"><svg x=\"0px\" y=\"0px\" viewbox=\"0 0 486.463 486.463\"> <g> <g> <path d=\"M243.225,333.382c-13.6,0-25,11.4-25,25s11.4,25,25,25c13.1,0,25-11.4,24.4-24.4 C268.225,344.682,256.925,333.382,243.225,333.382z\"><\/path> <path d=\"M474.625,421.982c15.7-27.1,15.8-59.4,0.2-86.4l-156.6-271.2c-15.5-27.3-43.5-43.5-74.9-43.5s-59.4,16.3-74.9,43.4 l-156.8,271.5c-15.6,27.3-15.5,59.8,0.3,86.9c15.6,26.8,43.5,42.9,74.7,42.9h312.8 C430.725,465.582,458.825,449.282,474.625,421.982z M440.625,402.382c-8.7,15-24.1,23.9-41.3,23.9h-312.8 c-17,0-32.3-8.7-40.8-23.4c-8.6-14.9-8.7-32.7-0.1-47.7l156.8-271.4c8.5-14.9,23.7-23.7,40.9-23.7c17.1,0,32.4,8.9,40.9,23.8 l156.7,271.4C449.325,369.882,449.225,387.482,440.625,402.382z\"><\/path> <path d=\"M237.025,157.882c-11.9,3.4-19.3,14.2-19.3,27.3c0.6,7.9,1.1,15.9,1.7,23.8c1.7,30.1,3.4,59.6,5.1,89.7 c0.6,10.2,8.5,17.6,18.7,17.6c10.2,0,18.2-7.9,18.7-18.2c0-6.2,0-11.9,0.6-18.2c1.1-19.3,2.3-38.6,3.4-57.9 c0.6-12.5,1.7-25,2.3-37.5c0-4.5-0.6-8.5-2.3-12.5C260.825,160.782,248.925,155.082,237.025,157.882z\"><\/path> <\/g> <\/g> <\/svg><\/div><div class=\"gs-box-text\">\n<p>Bu sayfadaki veri bilgi ama\u00e7l\u0131d\u0131r ve verinin Erasmus+ Kurum Koordinat\u00f6rl\u00fc\u011f\u00fc Bilgi Sistemindeki veri ile uyu\u015fmamas\u0131 halinde Koordinat\u00f6rl\u00fc\u011f\u00fcn sistemindeki veri esas al\u0131n\u0131r.<\/p>\n<\/div><\/div><\/div>","protected":false},"excerpt":{"rendered":"","protected":false},"author":1,"featured_media":8336,"parent":423,"menu_order":0,"comment_status":"closed","ping_status":"closed","template":"","meta":{"_gspb_post_css":".gs-box{padding:20px;border-left:5px solid transparent;margin-bottom:25px}.gs-box-text>p{margin-bottom:20px;margin-top:0}.gs-box-text>p:last-of-type{margin-bottom:0}.gs-box.notice_type{color:#856404;background-color:#fff3cd;border-color:#ffeeba}.gs-box.notice_type svg{fill:#f7a000}.gs-box.icon_type{display:flex}.gs-box.icon_type .gs-box-icon{width:28px;min-width:28px}.gs-box.icon_type .gs-box-text{flex-grow:1;margin:0 15px}","footnotes":""},"class_list":["post-916","page","type-page","status-publish","has-post-thumbnail","hentry"],"blocksy_meta":{"page_structure_type":"type-4","styles_descriptor":{"styles":{"desktop":"","tablet":"","mobile":""},"google_fonts":[],"version":6}},"_links":{"self":[{"href":"https:\/\/erasmus.cumhuriyet.edu.tr\/en\/wp-json\/wp\/v2\/pages\/916","targetHints":{"allow":["GET"]}}],"collection":[{"href":"https:\/\/erasmus.cumhuriyet.edu.tr\/en\/wp-json\/wp\/v2\/pages"}],"about":[{"href":"https:\/\/erasmus.cumhuriyet.edu.tr\/en\/wp-json\/wp\/v2\/types\/page"}],"author":[{"embeddable":true,"href":"https:\/\/erasmus.cumhuriyet.edu.tr\/en\/wp-json\/wp\/v2\/users\/1"}],"replies":[{"embeddable":true,"href":"https:\/\/erasmus.cumhuriyet.edu.tr\/en\/wp-json\/wp\/v2\/comments?post=916"}],"version-history":[{"count":9,"href":"https:\/\/erasmus.cumhuriyet.edu.tr\/en\/wp-json\/wp\/v2\/pages\/916\/revisions"}],"predecessor-version":[{"id":8320,"href":"https:\/\/erasmus.cumhuriyet.edu.tr\/en\/wp-json\/wp\/v2\/pages\/916\/revisions\/8320"}],"up":[{"embeddable":true,"href":"https:\/\/erasmus.cumhuriyet.edu.tr\/en\/wp-json\/wp\/v2\/pages\/423"}],"wp:featuredmedia":[{"embeddable":true,"href":"https:\/\/erasmus.cumhuriyet.edu.tr\/en\/wp-json\/wp\/v2\/media\/8336"}],"wp:attachment":[{"href":"https:\/\/erasmus.cumhuriyet.edu.tr\/en\/wp-json\/wp\/v2\/media?parent=916"}],"curies":[{"name":"wp","href":"https:\/\/api.w.org\/{rel}","templated":true}]}}