{"id":8996,"date":"2026-04-03T06:43:52","date_gmt":"2026-04-03T03:43:52","guid":{"rendered":"https:\/\/erasmus.cumhuriyet.edu.tr\/?page_id=8996"},"modified":"2026-04-03T07:12:12","modified_gmt":"2026-04-03T04:12:12","slug":"social-impact","status":"publish","type":"page","link":"https:\/\/erasmus.cumhuriyet.edu.tr\/en\/social-impact\/","title":{"rendered":"Toplumsal Katk\u0131"},"content":{"rendered":"<div class=\"wp-block-greenshift-blocks-accordion gs-accordion gspb_accordion-id-gsbp-0462da4\" id=\"gspb_accordion-id-gsbp-0462da4\" >\n<div class=\"wp-block-greenshift-blocks-accordionitem gs-accordion-item gspb_accordionitem-gsbp-e550484 gsclose\" id=\"gspb_accordionitem-gsbp-e550484\" itemscope><div id=\"gs-trigger-gsbp-0462da4-0\" class=\"gs-accordion-item__title\" aria-expanded=\"false\" role=\"button\" tabindex=\"0\" aria-controls=\"gspb-accordion-item-content-gsbp-e550484\"><div class=\"gs-accordion-item__heading\">Misyon<\/div><span class=\"iconfortoggle\"><span class=\"gs-iconbefore\"><\/span><span class=\"gs-iconafter\"><\/span><\/span><\/div><div aria-labelledby=\"gs-trigger-gsbp-0462da4-0\" class=\"gs-accordion-item__content\" itemscope id=\"gspb-accordion-item-content-gsbp-e550484\" aria-hidden=\"true\"><div class=\"gs-accordion-item__text\">\n<p>Sivas Cumhuriyet Uluslararas\u0131 \u0130li\u015fkiler Ofisi \u00dcniversitesi Erasmus+ Kurum Koordinat\u00f6rl\u00fc\u011f\u00fc;<\/p>\n\n\n\n<ul class=\"wp-block-list\">\n<li>Erasmus+ Program\u0131 kapsam\u0131nda y\u00fcr\u00fct\u00fclen faaliyetler arac\u0131l\u0131\u011f\u0131yla \u00f6\u011frencilerin, akademik ve idari personelin <strong>toplumsal duyarl\u0131l\u0131klar\u0131n\u0131n art\u0131r\u0131lmas\u0131n\u0131<\/strong>,<\/li>\n\n\n\n<li>Uluslararas\u0131 deneyim ve kazan\u0131mlar\u0131n yerel topluma aktar\u0131lmas\u0131n\u0131,<\/li>\n\n\n\n<li>Dezavantajl\u0131 bireylerin uluslararas\u0131 f\u0131rsatlara eri\u015fiminin desteklenmesini,<\/li>\n\n\n\n<li>K\u00fclt\u00fcrel \u00e7e\u015fitlili\u011fin te\u015fvik edilerek toplumsal uyum ve kar\u015f\u0131l\u0131kl\u0131 anlay\u0131\u015f\u0131n geli\u015ftirilmesini<\/li>\n<\/ul>\n\n\n\n<p>sa\u011flamay\u0131 misyon edinmi\u015ftir.<\/p>\n<\/div><\/div><\/div>\n\n\n\n<div class=\"wp-block-greenshift-blocks-accordionitem gs-accordion-item gspb_accordionitem-gsbp-9dc2c94 gsclose\" id=\"gspb_accordionitem-gsbp-9dc2c94\" itemscope><div id=\"gs-trigger-gsbp-0462da4-1\" class=\"gs-accordion-item__title\" aria-expanded=\"false\" role=\"button\" tabindex=\"0\" aria-controls=\"gspb-accordion-item-content-gsbp-9dc2c94\"><div class=\"gs-accordion-item__heading\">Vizyon<\/div><span class=\"iconfortoggle\"><span class=\"gs-iconbefore\"><\/span><span class=\"gs-iconafter\"><\/span><\/span><\/div><div aria-labelledby=\"gs-trigger-gsbp-0462da4-1\" class=\"gs-accordion-item__content\" itemscope id=\"gspb-accordion-item-content-gsbp-9dc2c94\" aria-hidden=\"true\"><div class=\"gs-accordion-item__text\">\n<p>Sivas Cumhuriyet \u00dcniversitesi Uluslararas\u0131 \u0130li\u015fkiler Ofisi Erasmus+ Kurum Koordinat\u00f6rl\u00fc\u011f\u00fc; uluslararas\u0131la\u015fma faaliyetlerini yaln\u0131zca akademik hareketlilik ile s\u0131n\u0131rl\u0131 tutmayan, yerel, ulusal ve uluslararas\u0131 d\u00fczeyde <strong>toplumsal fayda \u00fcreten, kapsay\u0131c\u0131, s\u00fcrd\u00fcr\u00fclebilir ve yenilik\u00e7i uygulamalar geli\u015ftiren \u00f6nc\u00fc bir koordinasyon birimi olmay\u0131 hedeflemektedir<\/strong>.<\/p>\n\n\n\n<p>Koordinat\u00f6rl\u00fck, k\u00fclt\u00fcrleraras\u0131 etkile\u015fimi g\u00fc\u00e7lendiren, sosyal sorumluluk bilincini art\u0131ran ve bireylerin aktif vatanda\u015fl\u0131k becerilerini geli\u015ftiren faaliyetler arac\u0131l\u0131\u011f\u0131yla \u00fcniversite-toplum etkile\u015fimini en \u00fcst d\u00fczeye \u00e7\u0131karmay\u0131 ama\u00e7lamaktad\u0131r.<\/p>\n<\/div><\/div><\/div>\n\n\n\n<div class=\"wp-block-greenshift-blocks-accordionitem gs-accordion-item gspb_accordionitem-gsbp-eebe58a gsclose\" id=\"gspb_accordionitem-gsbp-eebe58a\" itemscope><div id=\"gs-trigger-gsbp-0462da4-2\" class=\"gs-accordion-item__title\" aria-expanded=\"false\" role=\"button\" tabindex=\"0\" aria-controls=\"gspb-accordion-item-content-gsbp-eebe58a\"><div class=\"gs-accordion-item__heading\">Toplumsal Katk\u0131 Politikas\u0131<\/div><span class=\"iconfortoggle\"><span class=\"gs-iconbefore\"><\/span><span class=\"gs-iconafter\"><\/span><\/span><\/div><div aria-labelledby=\"gs-trigger-gsbp-0462da4-2\" class=\"gs-accordion-item__content\" itemscope id=\"gspb-accordion-item-content-gsbp-eebe58a\" aria-hidden=\"true\"><div class=\"gs-accordion-item__text\">\n<p>Sivas Cumhuriyet Uluslararas\u0131 \u0130li\u015fkiler Ofisi \u00dcniversitesi Erasmus+ Kurum Koordinat\u00f6rl\u00fc\u011f\u00fc\u2019n\u00fcn toplumsal katk\u0131 politikas\u0131;<\/p>\n\n\n\n<ul class=\"wp-block-list\">\n<li><strong>E\u015fitlik, kapsay\u0131c\u0131l\u0131k ve eri\u015filebilirlik<\/strong> ilkeleri do\u011frultusunda t\u00fcm bireylerin Erasmus+ f\u0131rsatlar\u0131ndan yararlanmas\u0131n\u0131 desteklemeyi,<\/li>\n\n\n\n<li>Uluslararas\u0131 hareketlilik faaliyetlerinin \u00e7\u0131kt\u0131lar\u0131n\u0131n yerel topluma aktar\u0131lmas\u0131n\u0131 te\u015fvik etmeyi,<\/li>\n\n\n\n<li>\u00c7evre, s\u00fcrd\u00fcr\u00fclebilirlik, dijital d\u00f6n\u00fc\u015f\u00fcm ve sosyal kapsay\u0131c\u0131l\u0131k gibi alanlarda toplumsal duyarl\u0131l\u0131\u011f\u0131 art\u0131ran projeler geli\u015ftirmeyi,<\/li>\n\n\n\n<li>\u00d6\u011frenci ve personelin g\u00f6n\u00fcll\u00fcl\u00fck, sosyal sorumluluk ve aktif vatanda\u015fl\u0131k faaliyetlerine kat\u0131l\u0131m\u0131n\u0131 art\u0131rmay\u0131,<\/li>\n\n\n\n<li>Ulusal ve uluslararas\u0131 payda\u015flarla i\u015f birli\u011fi i\u00e7erisinde toplumsal fayday\u0131 art\u0131racak s\u00fcrd\u00fcr\u00fclebilir uygulamalar y\u00fcr\u00fctmeyi<\/li>\n<\/ul>\n\n\n\n<p>esas almaktad\u0131r.<\/p>\n<\/div><\/div><\/div>\n\n\n\n<div class=\"wp-block-greenshift-blocks-accordionitem gs-accordion-item gspb_accordionitem-gsbp-403f153 gsclose\" id=\"gspb_accordionitem-gsbp-403f153\" itemscope><div id=\"gs-trigger-gsbp-0462da4-3\" class=\"gs-accordion-item__title\" aria-expanded=\"false\" role=\"button\" tabindex=\"0\" aria-controls=\"gspb-accordion-item-content-gsbp-403f153\"><div class=\"gs-accordion-item__heading\">Toplumsal Katk\u0131 Stratejisi<\/div><span class=\"iconfortoggle\"><span class=\"gs-iconbefore\"><\/span><span class=\"gs-iconafter\"><\/span><\/span><\/div><div aria-labelledby=\"gs-trigger-gsbp-0462da4-3\" class=\"gs-accordion-item__content\" itemscope id=\"gspb-accordion-item-content-gsbp-403f153\" aria-hidden=\"true\"><div class=\"gs-accordion-item__text\">\n<p>Sivas Cumhuriyet \u00dcniversitesi Uluslararas\u0131 \u0130li\u015fkiler Ofisi Erasmus+ Kurum Koordinat\u00f6rl\u00fc\u011f\u00fc taraf\u0131ndan toplumsal katk\u0131 hedeflerine ula\u015fmak amac\u0131yla;<\/p>\n\n\n\n<ul class=\"wp-block-list\">\n<li>Erasmus+ faaliyetleri sonucunda elde edilen bilgi ve deneyimlerin <strong>yerel topluma yayg\u0131nla\u015ft\u0131r\u0131lmas\u0131<\/strong>,<\/li>\n\n\n\n<li>ESN, Eurodesk ve benzeri a\u011flar arac\u0131l\u0131\u011f\u0131yla <strong>toplumsal etkile\u015fim odakl\u0131 etkinliklerin art\u0131r\u0131lmas\u0131<\/strong>,<\/li>\n\n\n\n<li>Dezavantajl\u0131 bireylerin Erasmus+ programlar\u0131na kat\u0131l\u0131m\u0131n\u0131 destekleyecek <strong>te\u015fvik ve destek mekanizmalar\u0131n\u0131n geli\u015ftirilmesi<\/strong>,<\/li>\n\n\n\n<li>S\u00fcrd\u00fcr\u00fclebilirlik, \u00e7evre bilinci ve sosyal kapsay\u0131c\u0131l\u0131k temal\u0131 <strong>uluslararas\u0131 proje ve faaliyetlerin art\u0131r\u0131lmas\u0131<\/strong>,<\/li>\n\n\n\n<li>\u00dcniversite-toplum i\u015f birli\u011fini g\u00fc\u00e7lendirecek <strong>etkinlik, seminer ve fark\u0131ndal\u0131k \u00e7al\u0131\u015fmalar\u0131n\u0131n yayg\u0131nla\u015ft\u0131r\u0131lmas\u0131<\/strong>,<\/li>\n\n\n\n<li>Toplumsal katk\u0131 faaliyetlerinin <strong>\u00f6l\u00e7\u00fclmesi, izlenmesi ve kalite g\u00fcvencesi yakla\u015f\u0131m\u0131 \u00e7er\u00e7evesinde s\u00fcrekli iyile\u015ftirilmesi<\/strong><\/li>\n<\/ul>\n\n\n\n<p>stratejik \u00f6ncelikler olarak belirlenmi\u015ftir.<\/p>\n<\/div><\/div><\/div>\n\n\n\n<div class=\"wp-block-greenshift-blocks-accordionitem gs-accordion-item gspb_accordionitem-gsbp-baeb74f gsclose\" id=\"gspb_accordionitem-gsbp-baeb74f\" itemscope><div id=\"gs-trigger-gsbp-0462da4-4\" class=\"gs-accordion-item__title\" aria-expanded=\"false\" role=\"button\" tabindex=\"0\" aria-controls=\"gspb-accordion-item-content-gsbp-baeb74f\"><div class=\"gs-accordion-item__heading\">Toplumsal Katk\u0131 Komisyonu<\/div><span class=\"iconfortoggle\"><span class=\"gs-iconbefore\"><\/span><span class=\"gs-iconafter\"><\/span><\/span><\/div><div aria-labelledby=\"gs-trigger-gsbp-0462da4-4\" class=\"gs-accordion-item__content\" itemscope id=\"gspb-accordion-item-content-gsbp-baeb74f\" aria-hidden=\"true\"><div class=\"gs-accordion-item__text\">\n<div id=\"footable_parent_9006\"\n         class=\"footable_parent ninja_table_wrapper loading_ninja_table wp_table_data_press_parent semantic_ui\">\n                <table data-ninja_table_instance=\"ninja_table_instance_0\" data-footable_id=\"9006\" data-filter-delay=\"1000\" aria-label=\"Toplumsal Katk\u0131 Komisyonu\"            id=\"footable_9006\"\n           data-unique_identifier=\"ninja_table_unique_id_3091601531_9006\"\n           class=\"foo-table ninja_footable foo_table_9006 ninja_table_unique_id_3091601531_9006 ui table  ninja_search_right nt_type_ajax_table selectable striped compact vertical_centered  footable-paging-right ninja_table_search_disabled\">\n                <colgroup>\n                            <col class=\"ninja_column_0\">\n                            <col class=\"ninja_column_1\">\n                            <col class=\"ninja_column_2\">\n                    <\/colgroup>\n            <\/table>\n    \n    \n    \n<\/div>\n\n<\/div><\/div><\/div>\n<\/div>","protected":false},"excerpt":{"rendered":"","protected":false},"author":1,"featured_media":8451,"parent":0,"menu_order":0,"comment_status":"closed","ping_status":"closed","template":"","meta":{"_gspb_post_css":"#gspb_accordion-id-gsbp-0462da4 .gs-accordion-item.gsclose>.gs-accordion-item__content{overflow:hidden;opacity:0}#gspb_accordion-id-gsbp-0462da4 .gs-accordion-item.gsopen>.gs-accordion-item__content{opacity:1;max-height:5000px}#gspb_accordion-id-gsbp-0462da4 .gs-accordion-item>.gs-accordion-item__title>.gs-accordion-item__heading{outline:0;text-decoration:none;margin:0!important;padding:0!important;flex-grow:1}#gspb_accordion-id-gsbp-0462da4 .gs-accordion-item>.gs-accordion-item__title{z-index:1;margin:0;cursor:pointer;transition:all .3s ease-in-out;position:relative;display:flex;justify-content:space-between;align-items:center;flex-wrap:nowrap}#gspb_accordion-id-gsbp-0462da4 .gs-accordion-item>.gs-accordion-item__content{z-index:0;position:relative;max-height:0;will-change:max-height;transition:all .25s ease-out}#gspb_accordion-id-gsbp-0462da4 .gs-accordion-item>.gs-accordion-item__content,#gspb_accordion-id-gsbp-0462da4 .gs-accordion-item>.gs-accordion-item__title{background-color:#f9f9f9;border-style:solid;border-width:1px;border-color:var(--wp--preset--color--border, #00000012)}#gspb_accordion-id-gsbp-0462da4 .gs-accordion-item>.gs-accordion-item__content{background-color:#fff;border-top-color:#00000000}#gspb_accordion-id-gsbp-0462da4 .gs-accordion-item>.gs-accordion-item__title span.iconfortoggle{margin-left:15px;display:inline-block;height:14px;width:14px;position:relative}#gspb_accordion-id-gsbp-0462da4 .gs-accordion-item{margin-bottom:10px}#gspb_accordion-id-gsbp-0462da4 .gs-accordion-item>.gs-accordion-item__content>.gs-accordion-item__text,#gspb_accordion-id-gsbp-0462da4 .gs-accordion-item>.gs-accordion-item__title{padding:15px 20px}.gs-accordion .gs-accordion-item.gsopen .gs-accordion-item__title .gs-iconafter{transform:rotate(0)}.gs-accordion .gs-accordion-item__title span.iconfortoggle .gs-iconafter,.gs-accordion .gs-accordion-item__title span.iconfortoggle .gs-iconbefore{content:'';width:14px;height:2px;border-radius:2px;background-color:#111;position:absolute;top:6px;left:0}.gs-accordion .gs-accordion-item__title span.iconfortoggle .gs-iconafter{transform:rotate(90deg);transition:all .3s ease-in-out}","footnotes":""},"class_list":["post-8996","page","type-page","status-publish","has-post-thumbnail","hentry"],"blocksy_meta":[],"_links":{"self":[{"href":"https:\/\/erasmus.cumhuriyet.edu.tr\/en\/wp-json\/wp\/v2\/pages\/8996","targetHints":{"allow":["GET"]}}],"collection":[{"href":"https:\/\/erasmus.cumhuriyet.edu.tr\/en\/wp-json\/wp\/v2\/pages"}],"about":[{"href":"https:\/\/erasmus.cumhuriyet.edu.tr\/en\/wp-json\/wp\/v2\/types\/page"}],"author":[{"embeddable":true,"href":"https:\/\/erasmus.cumhuriyet.edu.tr\/en\/wp-json\/wp\/v2\/users\/1"}],"replies":[{"embeddable":true,"href":"https:\/\/erasmus.cumhuriyet.edu.tr\/en\/wp-json\/wp\/v2\/comments?post=8996"}],"version-history":[{"count":8,"href":"https:\/\/erasmus.cumhuriyet.edu.tr\/en\/wp-json\/wp\/v2\/pages\/8996\/revisions"}],"predecessor-version":[{"id":9014,"href":"https:\/\/erasmus.cumhuriyet.edu.tr\/en\/wp-json\/wp\/v2\/pages\/8996\/revisions\/9014"}],"wp:featuredmedia":[{"embeddable":true,"href":"https:\/\/erasmus.cumhuriyet.edu.tr\/en\/wp-json\/wp\/v2\/media\/8451"}],"wp:attachment":[{"href":"https:\/\/erasmus.cumhuriyet.edu.tr\/en\/wp-json\/wp\/v2\/media?parent=8996"}],"curies":[{"name":"wp","href":"https:\/\/api.w.org\/{rel}","templated":true}]}}