{"id":790,"date":"2022-09-02T02:31:07","date_gmt":"2022-09-01T23:31:07","guid":{"rendered":"https:\/\/erasmus.cumhuriyet.edu.tr\/?page_id=790"},"modified":"2026-02-01T01:13:03","modified_gmt":"2026-01-31T22:13:03","slug":"support","status":"publish","type":"page","link":"https:\/\/erasmus.cumhuriyet.edu.tr\/en\/support\/","title":{"rendered":"Erasmus+ Support Desk"},"content":{"rendered":"<p>Erasmus+ \u0130leti\u015fim Formu kullan\u0131mdan kald\u0131r\u0131lm\u0131\u015ft\u0131r. Her t\u00fcrl\u00fc ileti\u015fim Erasmus+ Destek Sistemi \u00fczerinden ger\u00e7ekle\u015ftirilmektedir. Destek sistemine a\u015fa\u011f\u0131daki butona t\u0131klayarak ula\u015fabilirsiniz.<\/p>\n\n\n\n<div class=\"gspb_button_wrapper gspb_button-id-gsbp-33fdad4\" id=\"gspb_button-id-gsbp-33fdad4\"><a class=\"wp-block-greenshift-blocks-buttonbox gspb-buttonbox wp-element-button\" href=\"https:\/\/scu.erasmus.tr\/support\" target=\"_blank\" rel=\"noopener\"><span class=\"gspb-buttonbox-textwrap\"><span class=\"gspb-buttonbox-icon\"><svg class=\"\" style=\"display:inline-block;vertical-align:middle\" width=\"15\" height=\"15\" viewbox=\"0 0 1280 1024\" xmlns=\"http:\/\/www.w3.org\/2000\/svg\"><path style=\"fill:#565D66\" d=\"M1248 736h-96v-544c0-70.6-57.44-128-128-128h-768c-70.56 0-128 57.4-128 128v544h-96c-17.68 0-32 14.32-32 32v96c0 88.22 71.76 160 160 160h960c88.24 0 160-71.78 160-160v-96c0-17.68-14.32-32-32-32zM192 192c0-35.34 28.66-64 64-64h768c35.34 0 64 28.66 64 64v544h-305.74c-8.12 0-14.040 6.26-15.84 14.18-6.46 28.52-31.96 49.82-62.42 49.82h-128c-30.46 0-55.96-21.3-62.42-49.82-1.8-7.92-7.72-14.18-15.84-14.18h-305.74v-544zM1216 864c0 52.94-43.060 96-96 96h-960c-52.94 0-96-43.060-96-96v-64h389.5c13.18 37.24 48.76 64 90.5 64h192c41.76 0 77.32-26.76 90.5-64h389.5v64z\"><\/path><\/svg><\/span><span class=\"gspb-buttonbox-text\"><span class=\"gspb-buttonbox-title\">Erasmus+ Support Desk<\/span><\/span><\/span><\/a><\/div>\n\n\n\n<p><\/p>","protected":false},"excerpt":{"rendered":"<p>Erasmus+ \u0130leti\u015fim Formu kullan\u0131mdan kald\u0131r\u0131lm\u0131\u015ft\u0131r. Her t\u00fcrl\u00fc ileti\u015fim Erasmus+ Destek Sistemi \u00fczerinden ger\u00e7ekle\u015ftirilmektedir. Destek sistemine a\u015fa\u011f\u0131daki butona t\u0131klayarak ula\u015fabilirsiniz.<\/p>","protected":false},"author":1,"featured_media":0,"parent":0,"menu_order":0,"comment_status":"closed","ping_status":"closed","template":"","meta":{"_gspb_post_css":"#gspb_button-id-gsbp-33fdad4{display:flex;justify-content:flex-start}#gspb_button-id-gsbp-33fdad4 .gspb-buttonbox-text{display:flex;flex-direction:column}#gspb_button-id-gsbp-33fdad4>.gspb-buttonbox{box-sizing:border-box}#gspb_button-id-gsbp-33fdad4>.gspb-buttonbox>.gspb-buttonbox-textwrap>.gspb-buttonbox-icon{display:flex}#gspb_button-id-gsbp-33fdad4>.gspb-buttonbox .gspb-buttonbox-icon svg,#gspb_button-id-gsbp-33fdad4>.gspb-buttonbox .gspb-buttonbox-icon svg path{fill:var(--wp--preset--color--palette-color-8, var(--theme-palette-color-8, #ffffff))!important}#gspb_button-id-gsbp-33fdad4>.gspb-buttonbox .gspb-buttonbox-icon svg{margin:0!important}#gspb_button-id-gsbp-33fdad4>.gspb-buttonbox>.gspb-buttonbox-textwrap{display:flex;flex-direction:row;align-items:center}#gspb_button-id-gsbp-33fdad4 .gspb-buttonbox-icon{margin-right:13px}","footnotes":""},"class_list":["post-790","page","type-page","status-publish","hentry"],"blocksy_meta":[],"_links":{"self":[{"href":"https:\/\/erasmus.cumhuriyet.edu.tr\/en\/wp-json\/wp\/v2\/pages\/790","targetHints":{"allow":["GET"]}}],"collection":[{"href":"https:\/\/erasmus.cumhuriyet.edu.tr\/en\/wp-json\/wp\/v2\/pages"}],"about":[{"href":"https:\/\/erasmus.cumhuriyet.edu.tr\/en\/wp-json\/wp\/v2\/types\/page"}],"author":[{"embeddable":true,"href":"https:\/\/erasmus.cumhuriyet.edu.tr\/en\/wp-json\/wp\/v2\/users\/1"}],"replies":[{"embeddable":true,"href":"https:\/\/erasmus.cumhuriyet.edu.tr\/en\/wp-json\/wp\/v2\/comments?post=790"}],"version-history":[{"count":13,"href":"https:\/\/erasmus.cumhuriyet.edu.tr\/en\/wp-json\/wp\/v2\/pages\/790\/revisions"}],"predecessor-version":[{"id":8481,"href":"https:\/\/erasmus.cumhuriyet.edu.tr\/en\/wp-json\/wp\/v2\/pages\/790\/revisions\/8481"}],"wp:attachment":[{"href":"https:\/\/erasmus.cumhuriyet.edu.tr\/en\/wp-json\/wp\/v2\/media?parent=790"}],"curies":[{"name":"wp","href":"https:\/\/api.w.org\/{rel}","templated":true}]}}