{"id":7877,"date":"2025-08-19T03:30:25","date_gmt":"2025-08-19T00:30:25","guid":{"rendered":"https:\/\/erasmus.cumhuriyet.edu.tr\/?page_id=7877"},"modified":"2026-02-19T00:03:24","modified_gmt":"2026-02-18T21:03:24","slug":"info","status":"publish","type":"page","link":"https:\/\/erasmus.cumhuriyet.edu.tr\/en\/incoming\/info\/","title":{"rendered":"General Information"},"content":{"rendered":"<h2 class=\"wp-block-heading\" id=\"welcome-to-sivas-cumhuriyet-university\">Welcome to Sivas Cumhuriyet University!<\/h2>\n\n\n\n<figure class=\"wp-block-image\"><img decoding=\"async\" src=\"https:\/\/erasmus.cumhuriyet.edu.tr\/wp-content\/uploads\/2022\/08\/campus-1024x437.jpg\" alt=\"\"\/><\/figure>\n\n\n\n<p><\/p>\n\n\n\n<p>On this page you can find useful information regarding the university, city, and your stay in T\u00fcrkiye.<\/p>\n\n\n\n<p>This web page is prepared and published by the International Relations Office.<\/p>\n\n\n\n<p>For further inquires please contact the office.<\/p>\n\n\n\n<figure class=\"wp-block-table\"><table class=\"has-fixed-layout\"><tbody><tr><td>Official name of the country<\/td><td>Republic of T\u00fcrkiye<\/td><\/tr><tr><td>Capital city<\/td><td>Ankara<\/td><\/tr><tr><td>Political system<\/td><td>Democratic, secular, social law state founded in 1923<\/td><\/tr><tr><td>Form of government<\/td><td>Unitary presidential constitutional republic<\/td><\/tr><tr><td>Official language<\/td><td>Turkish<\/td><\/tr><tr><td>President<\/td><td>Recep Tayyip ERDO\u011eAN<\/td><\/tr><tr><td>Population<\/td><td>82 million<\/td><\/tr><tr><td>International relations<\/td><td>T\u00fcrkiye is a part of the Council of Europe, NATO, OECD, AGIT and G-20. T\u00fcrkiye has been in Customs Union since 1995 and the negotiations on the full memberships of T\u00fcrkiye to EU are in progress.<\/td><\/tr><tr><td>Currency<\/td><td>Turkish Lira<\/td><\/tr><tr><td>Time zone<\/td><td>UTC +3<\/td><\/tr><tr><td>Climate<\/td><td>T\u00fcrkiye is within the mild temperature zone. The coastal areas have a temperate Mediterranean climate with hot, dry summers and mild to cool, wet winters while the inland Anatolia plateau and eastern parts have a dryer climate with hot summers and cold winters.<\/td><\/tr><tr><td>Calling code<\/td><td>+90<\/td><\/tr><tr><td>Internet top- level domain<\/td><td>.tr<\/td><\/tr><tr><td>Long-Term Evaluation bands<\/td><td>2G Capabilities are GSM 900 and GSM 1800; 3G Capabilities are UMTS 2100; 4G Capabilities are LTE 800, LTE 900, LTE 1800, LTE 2100, LTE 2600. (Please check if your mobile phone support these bands)<\/td><\/tr><tr><td>Driving direction<\/td><td>Right-hand lane<\/td><\/tr><tr><td>Standard voltage and the frequency<\/td><td>T\u00fcrkiye operates on 220 volts, 50 Hz, with round-prong European-style plugs that fit into recessed wall sockets \/points.<\/td><\/tr><\/tbody><\/table><\/figure>\n\n\n\n<p class=\"has-text-align-right\"><a href=\"https:\/\/www.studyinturkiye.gov.tr\/StudyinTurkey\/ShowDetail?rID=gGCyXhQgEDs=&amp;&amp;cId=PE4Nr0mMoY4=\" target=\"_blank\" rel=\"noopener\">Source: studyinturkiye.gov.tr<\/a><\/p>\n\n\n\n<p>If you want to more about T\u00fcrkiye and Sivas, please visit the wiki articled by clicking the buttons below.<a data-text=\"\" href=\"https:\/\/en.wikipedia.org\/wiki\/Sivas_Cumhuriyet_University\" target=\"_blank\" rel=\"noopener\"><br><\/a><\/p>\n\n\n\n<div class=\"gspb_button_wrapper gspb_button-id-gsbp-2c00d70\" id=\"gspb_button-id-gsbp-2c00d70\"><a class=\"wp-block-greenshift-blocks-buttonbox gspb-buttonbox wp-element-button\" href=\"https:\/\/en.wikipedia.org\/wiki\/Turkey\" target=\"_blank\" rel=\"noopener\"><span class=\"gspb-buttonbox-textwrap\"><span class=\"gspb-buttonbox-text\"><span class=\"gspb-buttonbox-title\">T\u00fcrkiye (Wikipedia)<\/span><\/span><\/span><\/a><\/div>\n\n\n\n<div class=\"gspb_button_wrapper gspb_button-id-gsbp-49f1997\" id=\"gspb_button-id-gsbp-49f1997\"><a class=\"wp-block-greenshift-blocks-buttonbox gspb-buttonbox wp-element-button\" href=\"https:\/\/en.wikipedia.org\/wiki\/Sivas\" target=\"_blank\" rel=\"noopener\"><span class=\"gspb-buttonbox-textwrap\"><span class=\"gspb-buttonbox-text\"><span class=\"gspb-buttonbox-title\">Sivas (Wikipedia)<\/span><\/span><\/span><\/a><\/div>\n\n\n\n<div class=\"gspb_button_wrapper gspb_button-id-gsbp-8f9da64\" id=\"gspb_button-id-gsbp-8f9da64\"><a class=\"wp-block-greenshift-blocks-buttonbox gspb-buttonbox wp-element-button\" href=\"https:\/\/en.wikipedia.org\/wiki\/Sivas_Cumhuriyet_University\" target=\"_blank\" rel=\"noopener\"><span class=\"gspb-buttonbox-textwrap\"><span class=\"gspb-buttonbox-text\"><span class=\"gspb-buttonbox-title\">Sivas Cumhuriyet University (Wikipedia)<\/span><\/span><\/span><\/a><\/div>","protected":false},"excerpt":{"rendered":"<p>Welcome to Sivas Cumhuriyet University! On this page you can find useful information regarding the university, city, and your stay in T\u00fcrkiye. This web page is prepared and published by the International Relations Office. For further inquires please contact the office. Official name of the country Republic of T\u00fcrkiye Capital city Ankara Political system Democratic, [&hellip;]<\/p>\n","protected":false},"author":1,"featured_media":8390,"parent":5301,"menu_order":0,"comment_status":"closed","ping_status":"closed","template":"","meta":{"_gspb_post_css":"#gspb_button-id-gsbp-2c00d70,#gspb_button-id-gsbp-49f1997,#gspb_button-id-gsbp-8f9da64{display:flex;justify-content:flex-start}#gspb_button-id-gsbp-2c00d70 .gspb-buttonbox-text{display:flex;flex-direction:column}#gspb_button-id-gsbp-2c00d70>.gspb-buttonbox{box-sizing:border-box}#gspb_button-id-gsbp-49f1997 .gspb-buttonbox-text{display:flex;flex-direction:column}#gspb_button-id-gsbp-49f1997>.gspb-buttonbox{box-sizing:border-box}#gspb_button-id-gsbp-8f9da64 .gspb-buttonbox-text{display:flex;flex-direction:column}#gspb_button-id-gsbp-8f9da64>.gspb-buttonbox{box-sizing:border-box}","footnotes":""},"class_list":["post-7877","page","type-page","status-publish","has-post-thumbnail","hentry"],"blocksy_meta":[],"_links":{"self":[{"href":"https:\/\/erasmus.cumhuriyet.edu.tr\/en\/wp-json\/wp\/v2\/pages\/7877","targetHints":{"allow":["GET"]}}],"collection":[{"href":"https:\/\/erasmus.cumhuriyet.edu.tr\/en\/wp-json\/wp\/v2\/pages"}],"about":[{"href":"https:\/\/erasmus.cumhuriyet.edu.tr\/en\/wp-json\/wp\/v2\/types\/page"}],"author":[{"embeddable":true,"href":"https:\/\/erasmus.cumhuriyet.edu.tr\/en\/wp-json\/wp\/v2\/users\/1"}],"replies":[{"embeddable":true,"href":"https:\/\/erasmus.cumhuriyet.edu.tr\/en\/wp-json\/wp\/v2\/comments?post=7877"}],"version-history":[{"count":16,"href":"https:\/\/erasmus.cumhuriyet.edu.tr\/en\/wp-json\/wp\/v2\/pages\/7877\/revisions"}],"predecessor-version":[{"id":8792,"href":"https:\/\/erasmus.cumhuriyet.edu.tr\/en\/wp-json\/wp\/v2\/pages\/7877\/revisions\/8792"}],"up":[{"embeddable":true,"href":"https:\/\/erasmus.cumhuriyet.edu.tr\/en\/wp-json\/wp\/v2\/pages\/5301"}],"wp:featuredmedia":[{"embeddable":true,"href":"https:\/\/erasmus.cumhuriyet.edu.tr\/en\/wp-json\/wp\/v2\/media\/8390"}],"wp:attachment":[{"href":"https:\/\/erasmus.cumhuriyet.edu.tr\/en\/wp-json\/wp\/v2\/media?parent=7877"}],"curies":[{"name":"wp","href":"https:\/\/api.w.org\/{rel}","templated":true}]}}