{"id":784,"date":"2022-09-02T02:08:10","date_gmt":"2022-09-01T23:08:10","guid":{"rendered":"https:\/\/erasmus.cumhuriyet.edu.tr\/?page_id=784"},"modified":"2026-01-09T04:17:06","modified_gmt":"2026-01-09T01:17:06","slug":"petition","status":"publish","type":"page","link":"https:\/\/erasmus.cumhuriyet.edu.tr\/en\/erasmus\/outgoing\/petition\/","title":{"rendered":"Erasmus+ Genel Ama\u00e7l\u0131 Dilek\u00e7e"},"content":{"rendered":"<p>\u00d6ncelikle talebinizi yaz\u0131l\u0131 olarak Erasmus+ Destek Sistemi \u00fczerinden iletti\u011finizden emin olunuz. Destek sistemi \u00fczerinden gelen yan\u0131ta itiraz olarak dilek\u00e7e yazabilirsiniz.<\/p>\n\n\n\n<div class=\"gspb_button_wrapper gspb_button-id-gsbp-402b701\" id=\"gspb_button-id-gsbp-402b701\"><a class=\"wp-block-greenshift-blocks-buttonbox gspb-buttonbox wp-element-button\" href=\"https:\/\/scu.erasmus.tr\/support\" target=\"_blank\" rel=\"noopener\"><span class=\"gspb-buttonbox-textwrap\"><span class=\"gspb-buttonbox-text\"><span class=\"gspb-buttonbox-title\">Erasmus+ Destek sistemi<\/span><\/span><\/span><\/a><\/div>\n\n\n\n<div class=\"wp-block-greenshift-blocks-infobox gspb_infoBox gspb_infoBox-id-gsbp-c02a7cb\" id=\"gspb_infoBox-id-gsbp-c02a7cb\"><div class=\"gs-box download_type icon_type\"><div class=\"gs-box-icon\"><svg class=\"\" style=\"display:inline-block;vertical-align:middle\" width=\"32\" height=\"32\" viewbox=\"0 0 1024 1024\" xmlns=\"http:\/\/www.w3.org\/2000\/svg\"><path style=\"fill:#565D66\" d=\"M512 16c-273.914 0-496 222.166-496 496 0 273.994 222.086 496 496 496s496-222.006 496-496c0-273.834-222.086-496-496-496zM512 912c-221.064 0-400-178.862-400-400 0-220.99 178.944-400 400-400 220.982 0 400 178.942 400 400 0 221.060-178.862 400-400 400zM512 236c46.392 0 84 37.608 84 84s-37.608 84-84 84-84-37.608-84-84 37.608-84 84-84zM624 744c0 13.254-10.746 24-24 24h-176c-13.254 0-24-10.746-24-24v-48c0-13.254 10.746-24 24-24h24v-128h-24c-13.254 0-24-10.746-24-24v-48c0-13.254 10.746-24 24-24h128c13.254 0 24 10.746 24 24v200h24c13.254 0 24 10.746 24 24v48z\"><\/path><\/svg><\/div><div class=\"gs-box-text\">\n<p><strong>3071 say\u0131l\u0131 Dilek\u00e7e Hakk\u0131n\u0131n Kullan\u0131lmas\u0131na Dair Kanun<\/strong><\/p>\n\n\n\n<p>Madde 7: \u201cT\u00fcrk vatanda\u015flar\u0131n\u0131n ve T\u00fcrkiye\u2019de ikamet eden yabanc\u0131lar\u0131n kendileri ve kamu ile ilgili dilek ve \u015fik\u00e2yetleri konusunda yetkili makamlara yapt\u0131klar\u0131 ba\u015fvurular\u0131n sonucu veya yap\u0131lmakta olan i\u015flemin safahat\u0131 hakk\u0131nda dilek\u00e7e sahiplerine en ge\u00e7 otuz g\u00fcn i\u00e7inde gerek\u00e7eli olarak cevap verilir. \u0130\u015flem safahat\u0131n\u0131n duyurulmas\u0131 halinde al\u0131nan sonu\u00e7 ayr\u0131ca bildirilir.\u201d<\/p>\n\n\n\n<p>\u0130lgili madde uyar\u0131nca dilek\u00e7elere 30 g\u00fcn i\u00e7erisinde cevap verilmektedir. Erasmus+ Destek Sistemi \u00fczerinden gelen yan\u0131ta itiraz Erasmus+ Destek Sistemi \u00fczerinden talebinizi ilettikten sonra gelen yan\u0131ta itiraz olarak genel ama\u00e7l\u0131 dilek\u00e7e yazabilirsiniz. \u0130lgili dilek\u00e7eler 3071 say\u0131l\u0131 kanuna uygun olmal\u0131d\u0131r. \u0130lgili kanuna uygun olmayan dilek\u00e7eler i\u015fleme al\u0131nmaz. Genel ama\u00e7l\u0131 dilek\u00e7e yazmak i\u00e7in\u00a0<a href=\"https:\/\/erasmus.cumhuriyet.edu.tr\/en\/erasmus\/outgoing\/petition\/write\/\">t\u0131klay\u0131n\u0131z<\/a>.<\/p>\n<\/div><\/div><\/div>","protected":false},"excerpt":{"rendered":"<p>\u00d6ncelikle talebinizi yaz\u0131l\u0131 olarak Erasmus+ Destek Sistemi \u00fczerinden iletti\u011finizden emin olunuz. Destek sistemi \u00fczerinden gelen yan\u0131ta itiraz olarak dilek\u00e7e yazabilirsiniz.<\/p>","protected":false},"author":1,"featured_media":0,"parent":241,"menu_order":0,"comment_status":"closed","ping_status":"closed","template":"","meta":{"_gspb_post_css":"#gspb_button-id-gsbp-402b701{display:flex;justify-content:flex-start}#gspb_button-id-gsbp-402b701 .gspb-buttonbox-text{display:flex;flex-direction:column}#gspb_button-id-gsbp-402b701>.gspb-buttonbox{box-sizing:border-box}.gs-box{padding:20px;border-left:5px solid transparent;margin-bottom:25px}.gs-box-text>p{margin-bottom:20px;margin-top:0}.gs-box-text>p:last-of-type{margin-bottom:0}.gs-box.download_type{color:#004085;background-color:#cce5ff;border-color:#b8daff}.gs-box.download_type svg{fill:#3a9aff}.gs-box.icon_type{display:flex}.gs-box.icon_type .gs-box-icon{width:28px;min-width:28px}.gs-box.icon_type .gs-box-text{flex-grow:1;margin:0 15px}#gspb_infoBox-id-gsbp-c02a7cb svg,#gspb_infoBox-id-gsbp-c02a7cb svg path,#gspb_infoBox-id-gsbp-c02a7cb svg:hover,#gspb_infoBox-id-gsbp-c02a7cb svg:hover path{fill:var(--theme-link-initial-color, currentColor)!important}#gspb_infoBox-id-gsbp-c02a7cb svg{margin:0!important}","footnotes":""},"class_list":["post-784","page","type-page","status-publish","hentry"],"blocksy_meta":[],"_links":{"self":[{"href":"https:\/\/erasmus.cumhuriyet.edu.tr\/en\/wp-json\/wp\/v2\/pages\/784","targetHints":{"allow":["GET"]}}],"collection":[{"href":"https:\/\/erasmus.cumhuriyet.edu.tr\/en\/wp-json\/wp\/v2\/pages"}],"about":[{"href":"https:\/\/erasmus.cumhuriyet.edu.tr\/en\/wp-json\/wp\/v2\/types\/page"}],"author":[{"embeddable":true,"href":"https:\/\/erasmus.cumhuriyet.edu.tr\/en\/wp-json\/wp\/v2\/users\/1"}],"replies":[{"embeddable":true,"href":"https:\/\/erasmus.cumhuriyet.edu.tr\/en\/wp-json\/wp\/v2\/comments?post=784"}],"version-history":[{"count":11,"href":"https:\/\/erasmus.cumhuriyet.edu.tr\/en\/wp-json\/wp\/v2\/pages\/784\/revisions"}],"predecessor-version":[{"id":8480,"href":"https:\/\/erasmus.cumhuriyet.edu.tr\/en\/wp-json\/wp\/v2\/pages\/784\/revisions\/8480"}],"up":[{"embeddable":true,"href":"https:\/\/erasmus.cumhuriyet.edu.tr\/en\/wp-json\/wp\/v2\/pages\/241"}],"wp:attachment":[{"href":"https:\/\/erasmus.cumhuriyet.edu.tr\/en\/wp-json\/wp\/v2\/media?parent=784"}],"curies":[{"name":"wp","href":"https:\/\/api.w.org\/{rel}","templated":true}]}}