{"id":7749,"date":"2025-08-07T01:49:01","date_gmt":"2025-08-06T22:49:01","guid":{"rendered":"https:\/\/erasmus.cumhuriyet.edu.tr\/?page_id=7749"},"modified":"2026-02-19T01:39:25","modified_gmt":"2026-02-18T22:39:25","slug":"campus","status":"publish","type":"page","link":"https:\/\/erasmus.cumhuriyet.edu.tr\/en\/incoming\/campus\/","title":{"rendered":"Campus &#038; District Shools"},"content":{"rendered":"<h4 class=\"wp-block-heading\" id=\"campus-district-schools\">The Campus<\/h4>\n\n\n\n<p>Sivas Cumhuriyet University is located only <strong data-start=\"329\" data-end=\"367\">5 km from the city center of Sivas<\/strong>, a historic city in central T\u00fcrkiye. The main campus covers an impressive area of approximately <strong data-start=\"464\" data-end=\"494\">2,720 acres<\/strong>, making it one of the <strong data-start=\"517\" data-end=\"563\">largest university campuses in the country<\/strong>. Thanks to frequent public buses operating every 5\u201310 minutes, students can reach the city center in about <strong data-start=\"671\" data-end=\"685\">15 minutes<\/strong>, ensuring easy access to urban facilities while enjoying the spacious and modern campus environment.<\/p>\n\n\n\n<p>The university hosts <strong data-start=\"840\" data-end=\"924\">18 faculties, 4 institutes, 18 schools \/ vocational schools, and 35 research centers<\/strong>, serving more than <strong data-start=\"944\" data-end=\"963\">50,000 students<\/strong>. Academic activities are supported by over <strong data-start=\"1007\" data-end=\"1031\">2259 academic staff<\/strong>. The <strong data-start=\"1037\" data-end=\"1056\">Central Library<\/strong>, with study halls and group rooms, together with faculty libraries and various<strong data-start=\"1128\" data-end=\"1156\"> computer laboratories<\/strong>, provide students with modern learning opportunities. With its advanced laboratories and research units, the campus offers a strong academic environment for both study and innovation.<\/p>\n\n\n\n<p>Life on campus goes beyond academic study. Students have access to <strong data-start=\"1444\" data-end=\"1518\">caf\u00e9s, restaurants, supermarkets, a health clinic, and cultural spaces<\/strong>. The university provides rich sports opportunities, including a <strong data-start=\"1583\" data-end=\"1738\">half-Olympic swimming pool, a large indoor sports hall, tennis courts, a football stadium, basketball and volleyball courts<\/strong>. These facilities encourage active student participation in sports and social activities.<\/p>\n\n\n\n<p>The central dining hall, with a seating capacity of <strong data-start=\"1919\" data-end=\"1937\">5,200 students<\/strong>, serves healthy meals, while more than 1,200 successful and low-income students benefit from free lunch every day. Such facilities ensure a supportive and inclusive student life on campus.<\/p>\n\n\n\n<p>Housing opportunities for Erasmus+ and international students are available both <strong data-start=\"2229\" data-end=\"2253\">on campus and nearby<\/strong>. The campus includes <strong data-start=\"2275\" data-end=\"2296\">state dormitories<\/strong> (with more than 2,700 beds for male and 10,000 beds for female students), a <strong data-start=\"2363\" data-end=\"2399\">student guesthouse with 100 beds<\/strong>, and university-managed accommodation options. In addition,<strong data-start=\"2460\" data-end=\"2479\">&nbsp;residences<\/strong> located just 2 km away, as well as private dormitories and apartments in the city center, offer alternative housing. The International Relations Office and <strong data-start=\"2636\" data-end=\"2654\">ESN Cumhuriyet<\/strong> provide guidance and support to help students find the most suitable accommodation during their stay.<\/p>\n\n\n\n<p>The <strong data-start=\"2806\" data-end=\"2840\">International Relations Office<\/strong> is located on campus and is the main contact point for incoming Erasmus+ students. Here, dedicated academic and administrative staff provide assistance on academic procedures, accommodation, and integration. The active <strong data-start=\"3059\" data-end=\"3103\">Erasmus Student Network (ESN Cumhuriyet)<\/strong> further enhances the student experience by organizing social, cultural, and orientation activities. Peer mentoring and buddy programs help Erasmus+ students adapt quickly to both the university and the city.<\/p>\n\n\n\n<p>With <strong data-start=\"3348\" data-end=\"3387\">35 research and application centers<\/strong>, including a <strong data-start=\"3401\" data-end=\"3424\">university hospital<\/strong>, Sivas Cumhuriyet University offers excellent opportunities for practical training and research collaboration. Students in medical and scientific fields especially benefit from these modern facilities. Combined with its extensive laboratories, libraries, and advanced technological infrastructure, the campus provides an ideal environment for learning, research, and international cooperation.<\/p>\n\n\n\n<p>Erasmus+ exchange students are enrolled in the relevant <strong data-start=\"215\" data-end=\"311\">faculties, institutes, and schools located on the main campus of Sivas Cumhuriyet University<\/strong>. Academic mobility activities, including coursework, examinations, and student support services, are carried out exclusively within the main campus area. Incoming Erasmus+ students are <strong data-start=\"497\" data-end=\"578\">not placed in academic units situated in the district towns of Sivas province<\/strong>, ensuring that all international participants benefit from the comprehensive facilities, academic resources, and social opportunities concentrated on the central campus. Please visit the <a href=\"https:\/\/erasmus.cumhuriyet.edu.tr\/en\/incoming\/campus\/\"><strong>Study Programmes<\/strong><\/a> page for a list of academic units in the main campus.<\/p>\n\n\n\n<div class=\"wp-block-greenshift-blocks-tabs gspb-tabs gspb_tabs-id-gsbp-5928333 gstabs-tabs\" data-autoplay=\"false\" data-autoplaytime=\"4\"><div class=\"t-btn-container\" role=\"tablist\"><button class=\"t-btn active\" aria-selected=\"true\" role=\"tab\" tabindex=\"0\" id=\"gspb-tab-item-btn-gsbp-5928333-0\" aria-controls=\"gspb-tab-item-content-gsbp-5928333-0\"><div class=\"tabtitlelabel\">Campus Map (Interactive)<\/div><\/button><button class=\"t-btn\" aria-selected=\"false\" role=\"tab\" tabindex=\"-1\" id=\"gspb-tab-item-btn-gsbp-5928333-1\" aria-controls=\"gspb-tab-item-content-gsbp-5928333-1\"><div class=\"tabtitlelabel\">Campus Map (Image)<\/div><\/button><button class=\"t-btn\" aria-selected=\"false\" role=\"tab\" tabindex=\"-1\" id=\"gspb-tab-item-btn-gsbp-5928333-2\" aria-controls=\"gspb-tab-item-content-gsbp-5928333-2\"><div class=\"tabtitlelabel\">Districts Map<\/div><\/button><\/div><div class=\"t-panel-container\"><div class=\"gswipertabs\"><div class=\"swiper-wrapper\">\n<div aria-labelledby=\"gspb-tab-item-btn-gsbp-5928333-0\" id=\"gspb-tab-item-content-gsbp-5928333-0\" role=\"tabpanel\" tabindex=\"0\" class=\"t-panel swiper-slide active\"><div class=\"wp-block-greenshift-blocks-tab\">\n<p><iframe loading=\"lazy\" src=\"https:\/\/www.google.com\/maps\/d\/embed?mid=1cbmkVFIW5KweuLLCp7kqd2guoTYycfI&amp;hl=en&amp;ehbc=2E312F\" width=\"100%\" height=\"600\"><\/iframe><\/p>\n<\/div><\/div>\n\n\n\n<div aria-labelledby=\"gspb-tab-item-btn-gsbp-5928333-1\" id=\"gspb-tab-item-content-gsbp-5928333-1\" role=\"tabpanel\" tabindex=\"0\" class=\"t-panel swiper-slide\"><div class=\"wp-block-greenshift-blocks-tab\">\n<figure class=\"wp-block-image size-large\"><img loading=\"lazy\" decoding=\"async\" width=\"1024\" height=\"724\" src=\"https:\/\/erasmus.cumhuriyet.edu.tr\/wp-content\/uploads\/yerleske_haritasi_Sayfa_1-1024x724.jpg\" alt=\"\" class=\"wp-image-8808\" srcset=\"https:\/\/erasmus.cumhuriyet.edu.tr\/wp-content\/uploads\/yerleske_haritasi_Sayfa_1-1024x724.jpg 1024w, https:\/\/erasmus.cumhuriyet.edu.tr\/wp-content\/uploads\/yerleske_haritasi_Sayfa_1-300x212.jpg 300w, https:\/\/erasmus.cumhuriyet.edu.tr\/wp-content\/uploads\/yerleske_haritasi_Sayfa_1-768x543.jpg 768w, https:\/\/erasmus.cumhuriyet.edu.tr\/wp-content\/uploads\/yerleske_haritasi_Sayfa_1-1536x1086.jpg 1536w, https:\/\/erasmus.cumhuriyet.edu.tr\/wp-content\/uploads\/yerleske_haritasi_Sayfa_1-2048x1448.jpg 2048w, https:\/\/erasmus.cumhuriyet.edu.tr\/wp-content\/uploads\/yerleske_haritasi_Sayfa_1-18x12.jpg 18w\" sizes=\"auto, (max-width: 1024px) 100vw, 1024px\" \/><\/figure>\n<\/div><\/div>\n\n\n\n<div aria-labelledby=\"gspb-tab-item-btn-gsbp-5928333-2\" id=\"gspb-tab-item-content-gsbp-5928333-2\" role=\"tabpanel\" tabindex=\"0\" class=\"t-panel swiper-slide\"><div class=\"wp-block-greenshift-blocks-tab\">\n<p class=\"has-text-align-right\" style=\"font-size:10px\"><img decoding=\"async\" src=\"https:\/\/erasmus.cumhuriyet.edu.tr\/wp-content\/uploads\/Sivas_districts.webp\" alt=\"\" width=\"100%\" height=\"100%\"><br>No machine-readable author provided. Rarelibra assumed (based on copyright claims). \u2013 No machine-readable source provided. Own work assumed (based on copyright claims)., Kamu Mal\u0131, https:\/\/commons.wikimedia.org\/w\/index.php?curid=1431781<\/p>\n<\/div><\/div>\n<\/div><\/div><\/div><\/div>\n\n\n\n<h4 class=\"wp-block-heading\" id=\"district-schools\"><br>District Schools<\/h4>\n\n\n\n<figure class=\"wp-block-table\"><table class=\"has-fixed-layout\"><thead><tr><th>District<\/th><th>School Name<\/th><th>Website<\/th><\/tr><\/thead><tbody><tr><td>Divri\u011fi<\/td><td>Divri\u011fi Nuri Demira\u011f Vocational School<\/td><td><a href=\"https:\/\/divrigimyo.cumhuriyet.edu.tr\/\" target=\"_blank\" rel=\"noreferrer noopener\">https:\/\/divrigimyo.cumhuriyet.edu.tr\/<\/a><\/td><\/tr><tr><td>Gemerek<\/td><td>Gemerek Vocational School<\/td><td><a href=\"https:\/\/gemerekmyo.cumhuriyet.edu.tr\/\" target=\"_blank\" rel=\"noreferrer noopener\">https:\/\/gemerekmyo.cumhuriyet.edu.tr\/<\/a><\/td><\/tr><tr><td>G\u00fcr\u00fcn<\/td><td>G\u00fcr\u00fcn Vocational School<\/td><td><a href=\"https:\/\/gurunmyo.cumhuriyet.edu.tr\/\" target=\"_blank\" rel=\"noreferrer noopener\">https:\/\/gurunmyo.cumhuriyet.edu.tr\/<\/a><\/td><\/tr><tr><td>Hafik<\/td><td>Hafik Kamer \u00d6rnek Vocational School<\/td><td><a href=\"https:\/\/hafikmyo.cumhuriyet.edu.tr\/\" target=\"_blank\" rel=\"noreferrer noopener\">https:\/\/hafikmyo.cumhuriyet.edu.tr\/<\/a><\/td><\/tr><tr><td>Imranli<\/td><td>Imranli Vocational School<\/td><td><a href=\"https:\/\/imranlimyo.cumhuriyet.edu.tr\/\" target=\"_blank\" rel=\"noreferrer noopener\">https:\/\/imranlimyo.cumhuriyet.edu.tr\/<\/a><\/td><\/tr><tr><td>Kangal<\/td><td>Kangal Vocational School<\/td><td><a href=\"https:\/\/kangalmyo.cumhuriyet.edu.tr\/\" target=\"_blank\" rel=\"noreferrer noopener\">https:\/\/kangalmyo.cumhuriyet.edu.tr\/<\/a><\/td><\/tr><tr><td>Koyulhisar<\/td><td>Koyulhisar Vocational School<\/td><td><a href=\"https:\/\/koyulhisarmyo.cumhuriyet.edu.tr\/\" target=\"_blank\" rel=\"noreferrer noopener\">https:\/\/koyulhisarmyo.cumhuriyet.edu.tr\/<\/a><\/td><\/tr><tr><td>Su\u015fehri<\/td><td>Su\u015fehri School of Health<\/td><td><a href=\"https:\/\/susehriyo.cumhuriyet.edu.tr\/\" target=\"_blank\" rel=\"noreferrer noopener\">https:\/\/susehriyo.cumhuriyet.edu.tr\/<\/a><\/td><\/tr><tr><td>Su\u015fehri<\/td><td>Su\u015fehri Timur Karabal Vocational School<\/td><td><a href=\"https:\/\/susehrimyo.cumhuriyet.edu.tr\/\" target=\"_blank\" rel=\"noreferrer noopener\">https:\/\/susehrimyo.cumhuriyet.edu.tr\/<\/a><\/td><\/tr><tr><td>\u015eark\u0131\u015fla<\/td><td>\u015eark\u0131\u015fla A\u015f\u0131k Veysel Vocational School<\/td><td><a href=\"https:\/\/sarkislamyo.cumhuriyet.edu.tr\/\" target=\"_blank\" rel=\"noreferrer noopener\">https:\/\/sarkislamyo.cumhuriyet.edu.tr\/<\/a><\/td><\/tr><tr><td>\u015eark\u0131\u015fla<\/td><td>\u015eark\u0131\u015fla School of Applied Sciences<\/td><td><a href=\"https:\/\/sarkislayo.cumhuriyet.edu.tr\/\" target=\"_blank\" rel=\"noreferrer noopener\">https:\/\/sarkislayo.cumhuriyet.edu.tr\/<\/a><\/td><\/tr><tr><td>Y\u0131ld\u0131zeli<\/td><td>Y\u0131ld\u0131zeli Vocational School<\/td><td><a href=\"https:\/\/yildizelimyo.cumhuriyet.edu.tr\/\" target=\"_blank\" rel=\"noreferrer noopener\">https:\/\/yildizelimyo.cumhuriyet.edu.tr\/<\/a><\/td><\/tr><tr><td>Zara<\/td><td>Zara Ahmet \u00c7uhadaro\u011flu Vocational School<\/td><td><a href=\"https:\/\/zaramyo.cumhuriyet.edu.tr\/\" target=\"_blank\" rel=\"noreferrer noopener\">https:\/\/zaramyo.cumhuriyet.edu.tr\/<\/a><\/td><\/tr><tr><td>Zara<\/td><td>Zara Veysel Dursun School of Applied Sciences<\/td><td><a href=\"https:\/\/zarayo.cumhuriyet.edu.tr\/\" target=\"_blank\" rel=\"noreferrer noopener\">https:\/\/zarayo.cumhuriyet.edu.tr\/<\/a><\/td><\/tr><\/tbody><\/table><\/figure>\n\n\n\n<h4 class=\"wp-block-heading\" id=\"divrigi-nuri-demirag-vocational-school\"><br>Campus Maps<\/h4>\n\n\n\n<div class=\"gspb_button_wrapper gspb_button-id-gsbp-fc8e00b\" id=\"gspb_button-id-gsbp-fc8e00b\"><a class=\"wp-block-greenshift-blocks-buttonbox gspb-buttonbox wp-element-button\" href=\"https:\/\/www.google.com\/maps\/d\/u\/0\/viewer?mid=1cbmkVFIW5KweuLLCp7kqd2guoTYycfI&amp;hl=en&amp;femb=1&amp;ll=39.70618557760133%2C37.02174108648566&amp;z=14\" target=\"_blank\" rel=\"noopener\"><span class=\"gspb-buttonbox-textwrap\"><span class=\"gspb-buttonbox-text\"><span class=\"gspb-buttonbox-title\">Campus Map (Google Maps)<\/span><\/span><\/span><\/a><\/div>\n\n\n\n<div class=\"gspb_button_wrapper gspb_button-id-gsbp-284db4d\" id=\"gspb_button-id-gsbp-284db4d\"><a class=\"wp-block-greenshift-blocks-buttonbox gspb-buttonbox wp-element-button\" href=\"https:\/\/erasmus.cumhuriyet.edu.tr\/wp-content\/uploads\/yerleske_haritasi_Sayfa_1-scaled.jpg\" target=\"_blank\" rel=\"noopener\"><span class=\"gspb-buttonbox-textwrap\"><span class=\"gspb-buttonbox-text\"><span class=\"gspb-buttonbox-title\">Campus Map (Image)<\/span><\/span><\/span><\/a><\/div>","protected":false},"excerpt":{"rendered":"<p>The Campus Sivas Cumhuriyet University is located only 5 km from the city center of Sivas, a historic city in central T\u00fcrkiye. The main campus covers an impressive area of approximately 2,720 acres, making it one of the largest university campuses in the country. Thanks to frequent public buses operating every 5\u201310 minutes, students can [&hellip;]<\/p>\n","protected":false},"author":1,"featured_media":8390,"parent":5301,"menu_order":0,"comment_status":"closed","ping_status":"closed","template":"","meta":{"_gspb_post_css":".gspb-tabs *{box-sizing: border-box !important}.t-btn-container{display:flex;flex-direction:row;width:100%;align-items:center;margin-bottom:-1px;flex-wrap:wrap}.t-btn-container .t-btn{background-origin: border-box;list-style:none;display:inline-flex;align-items:center;margin:0;padding:11px 24px;cursor:pointer;position:relative;transition:all .4s ease-in-out; font-size:20px}.t-btn-container .t-btn .tabsubtitle{font-size:70%;opacity:.7}.gstabs-tabs .t-btn{border:1px solid transparent;border-top-width:2px}.gstabs-tabs .t-btn:focus{outline:none;}.gstabs-tabs .t-btn.active{border-color:rgba(206,206,206,.4);border-bottom-color:#fff;background-color:#fff;color:#333}.t-panel-container .t-panel{opacity:0;overflow:hidden;display:none}.t-panel-container .t-panel.active{opacity:1;display:block!important}.t-panel-container{margin-bottom:25px;overflow:hidden; padding:30px}.gstabs-tabs .t-panel-container{border:1px solid rgba(206,206,206,.4);background-color:#fff}.t-btn-container ul{margin:0!important;padding:0!important}.gstabs-underline .t-btn-container .t-btn:after{position:absolute;bottom:0;left:0;content:'';height:3px;width:0;transition:width .5s,left .5s,right .5s;}.gstabs-underline .t-btn-container .t-btn.active:after{width:100%;left:0;right:0}.gstabs-pills .t-btn-container .t-btn{margin:0 10px;border:1px solid transparent}.gstabs-vertical{display:flex}.gstabs-vertical .t-btn-container{display:block;width:150px}.gstabs-vertical .t-btn-container .t-btn{margin-bottom:10px;width:150px; border:1px solid transparent}.gstabs-vertical .t-panel-container{flex-grow:1}.t-btn-container .t-btn .gs-image{flex-grow:inherit;}.t-btn-container .t-btn img{margin:0;height:25px;min-width:auto}@keyframes gcwidthleftright{0%{width:0%}100%{width:100%}}@keyframes gcslidefromtop{0%{transform:translateY(-10px);opacity:0}100%{transform:translateY(0);opacity:1}}@media (max-width: 575.98px){body .tabscroll .t-btn-container{overflow-x:scroll;flex-wrap:nowrap;scroll-behavior:smooth;scroll-snap-type:x mandatory;width: 100% !important;white-space: nowrap;display:block; padding-bottom:15px}.tabscroll .t-btn-container .t-btn{scroll-snap-align:start;white-space: nowrap;width: auto !important;margin-right: 10px;}.tabscroll .t-btn-container .t-btn.active{box-shadow:none!important}.gstabs-vertical{display:block !important}.gstabs-vertical .t-panel-container{margin-top:25px}.t-btn-container .t-btn{font-size:15px}}.gswipertabs{overflow:hidden}.t-panel-container .t-panel{width:100%}.t-panel-container p:last-of-type{margin-bottom:0}.gspb_tabs-id-gsbp-5928333 .t-btn-container{justify-content: left}.gspb_tabs-id-gsbp-5928333 > .t-btn-container > .t-btn{background-color: #f5f5f5}.gspb_tabs-id-gsbp-5928333 > .t-btn-container > .t-btn.active{background-color: #e5e5e5}.gspb_tabs-id-gsbp-5928333 .t-btn-container .t-btn{gap:10px}#gspb_button-id-gsbp-fc8e00b{display:flex; justify-content:flex-start;}#gspb_button-id-gsbp-fc8e00b .gspb-buttonbox-text{display:flex; flex-direction: column;}#gspb_button-id-gsbp-fc8e00b > .gspb-buttonbox{box-sizing:border-box}#gspb_button-id-gsbp-fc8e00b > .gspb-buttonbox{text-transform:none;}#gspb_button-id-gsbp-284db4d{display:flex; justify-content:flex-start;}#gspb_button-id-gsbp-284db4d .gspb-buttonbox-text{display:flex; flex-direction: column;}#gspb_button-id-gsbp-284db4d > .gspb-buttonbox{box-sizing:border-box}#gspb_button-id-gsbp-284db4d > .gspb-buttonbox{margin-top:0px;}#gspb_button-id-gsbp-284db4d > .gspb-buttonbox{text-transform:none;}","footnotes":""},"class_list":["post-7749","page","type-page","status-publish","has-post-thumbnail","hentry"],"blocksy_meta":[],"_links":{"self":[{"href":"https:\/\/erasmus.cumhuriyet.edu.tr\/en\/wp-json\/wp\/v2\/pages\/7749","targetHints":{"allow":["GET"]}}],"collection":[{"href":"https:\/\/erasmus.cumhuriyet.edu.tr\/en\/wp-json\/wp\/v2\/pages"}],"about":[{"href":"https:\/\/erasmus.cumhuriyet.edu.tr\/en\/wp-json\/wp\/v2\/types\/page"}],"author":[{"embeddable":true,"href":"https:\/\/erasmus.cumhuriyet.edu.tr\/en\/wp-json\/wp\/v2\/users\/1"}],"replies":[{"embeddable":true,"href":"https:\/\/erasmus.cumhuriyet.edu.tr\/en\/wp-json\/wp\/v2\/comments?post=7749"}],"version-history":[{"count":49,"href":"https:\/\/erasmus.cumhuriyet.edu.tr\/en\/wp-json\/wp\/v2\/pages\/7749\/revisions"}],"predecessor-version":[{"id":8811,"href":"https:\/\/erasmus.cumhuriyet.edu.tr\/en\/wp-json\/wp\/v2\/pages\/7749\/revisions\/8811"}],"up":[{"embeddable":true,"href":"https:\/\/erasmus.cumhuriyet.edu.tr\/en\/wp-json\/wp\/v2\/pages\/5301"}],"wp:featuredmedia":[{"embeddable":true,"href":"https:\/\/erasmus.cumhuriyet.edu.tr\/en\/wp-json\/wp\/v2\/media\/8390"}],"wp:attachment":[{"href":"https:\/\/erasmus.cumhuriyet.edu.tr\/en\/wp-json\/wp\/v2\/media?parent=7749"}],"curies":[{"name":"wp","href":"https:\/\/api.w.org\/{rel}","templated":true}]}}