{"id":7518,"date":"2025-07-23T02:28:57","date_gmt":"2025-07-22T23:28:57","guid":{"rendered":"https:\/\/erasmus.cumhuriyet.edu.tr\/?page_id=7518"},"modified":"2026-04-17T12:07:51","modified_gmt":"2026-04-17T09:07:51","slug":"factsheet","status":"publish","type":"page","link":"https:\/\/erasmus.cumhuriyet.edu.tr\/en\/incoming\/factsheet\/","title":{"rendered":"Factsheet"},"content":{"rendered":"\n<h4 class=\"wp-block-heading\" id=\"factsheet\">Erasmus+ Factsheet for the Academic Year: 2026-2027<\/h4>\n\n\n\n<figure class=\"wp-block-table\"><table class=\"has-fixed-layout\"><thead><tr><th colspan=\"2\">Contact Information<\/th><\/tr><\/thead><tbody><tr><td>University:<\/td><td>Sivas Cumhuriyet University<\/td><\/tr><tr><td>Erasmus Code:<\/td><td>TR SIVAS01<\/td><\/tr><tr><td>OID:<\/td><td>E10127100<\/td><\/tr><tr><td>PIC:<\/td><td>951238552<\/td><\/tr><tr><td>Responsible Unit:<\/td><td>International Relations Office Erasmus+ Institutional Coordinator<\/td><\/tr><tr><td>Institutional Coordinator:<\/td><td>Prof. Dr. Su\u0308leyman DE\u011e\u0130RMEN<\/td><\/tr><tr><td>KA131 Mobilities Coordinator:<\/td><td>Lect. Murat ERCAN<\/td><\/tr><tr><td>KA171 Mobilities Coordinator:<\/td><td>Lect. Emre SEVEN<\/td><\/tr><tr><td>E-Mail:<\/td><td>erasmus [at] cumhuriyet.edu.tr<\/td><\/tr><tr><td>Phone (Pbx &amp; WhatsApp):<\/td><td>+90 346 487 5160<\/td><\/tr><tr><td>Social Media:<\/td><td>\/scuerasmus<\/td><\/tr><tr><td>Full Address:<\/td><td>Yeni\u015fehir Mh. Cumhuriyet \u00dcniversitesi Yerle\u015fkesi Sk. No: 73 Uluslararas\u0131 \u0130li\u015fkiler Ofisi Erasmus+, 58140, Merkez\/Sivas T\u00dcRK\u0130YE (Republic of Tu\u0308rkiye)<\/td><\/tr><tr><td>City:<\/td><td>Sivas<\/td><\/tr><tr><td>Country:<\/td><td>T\u00fcrkiye (Republic of T\u00fcrkiye)<\/td><\/tr><tr><td>Website:<\/td><td><a href=\"https:\/\/erasmus.cumhuriyet.edu.tr\" target=\"_blank\" rel=\"noreferrer noopener\">https:\/\/erasmus.cumhuriyet.edu.tr<\/a><\/td><\/tr><tr><td>Incoming Erasmus+ Mobilities Portal:<\/td><td><a href=\"https:\/\/erasmus.cumhuriyet.edu.tr\/incoming\" target=\"_blank\" rel=\"noreferrer noopener\">https:\/\/erasmus.cumhuriyet.edu.tr\/incoming<\/a><\/td><\/tr><tr><td>Programmes &amp; Courses:<\/td><td><a href=\"https:\/\/erasmus.cumhuriyet.edu.tr\/incoming\/programmes\" target=\"_blank\" rel=\"noreferrer noopener\">https:\/\/erasmus.cumhuriyet.edu.tr\/incoming\/programmes<\/a><\/td><\/tr><tr><td>Courses Offered in English:<\/td><td><a href=\"https:\/\/erasmus.cumhuriyet.edu.tr\/incoming\/courses\" target=\"_blank\" rel=\"noreferrer noopener\">https:\/\/erasmus.cumhuriyet.edu.tr\/incoming\/courses<\/a><\/td><\/tr><\/tbody><\/table><\/figure>\n\n\n\n<figure class=\"wp-block-table\"><table class=\"has-fixed-layout\"><thead><tr><th colspan=\"2\">General Information<\/th><\/tr><\/thead><tbody><tr><td>Semester Dates:<\/td><td>1st Semester (Fall\/Winter): <strong>15 September \u2013 1 February<\/strong><br>2nd Semester (Spring\/Summer): <strong>15 February \u2013 30 June<\/strong><\/td><\/tr><tr><td colspan=\"2\"><a href=\"\/incoming\/calendar\" target=\"_blank\" rel=\"noreferrer noopener\">For the detailed academic calendar, please visit https:\/\/erasmus.cumhuriyet.edu.tr\/incoming\/calendar.<\/a><\/td><\/tr><tr><td>Language of Instruction:<\/td><td>Turkish (English courses are provided)<\/td><\/tr><tr><td colspan=\"2\"><a href=\"\/incoming\/courses\" target=\"_blank\" rel=\"noreferrer noopener\">For the courses provided in English language, please visit https:\/\/erasmus.cumhuriyet.edu.tr\/incoming\/courses.<\/a><\/td><\/tr><tr><td>Language Requirements:<\/td><td>B1 for students, B2 for staff in English\/Turkish<\/td><\/tr><tr><td>ECTS Load:<\/td><td>30 ECTS credits per semester. 1 ECTS = 30 hours of workload<\/td><\/tr><\/tbody><\/table><\/figure>\n\n\n\n<figure class=\"wp-block-table\"><table class=\"has-fixed-layout\"><thead><tr><th colspan=\"2\">Nomination Information<\/th><\/tr><\/thead><tbody><tr><td colspan=\"2\">The home university has to nominate the students or staff via e-mail. The e-mail has to be sent to<br>erasmus [at] cumhuriyet.edu.tr. A\ufb05er the student has been nominated and accepted by the receiving university, s\/he will receive an e-mail regarding the application and registration procedures.<\/td><\/tr><tr><td>Nomination Deadline:<\/td><td>Fall Semester: <strong>1st July<\/strong><br>Spring Semester: <strong>1st December<\/strong><\/td><\/tr><\/tbody><\/table><\/figure>\n\n\n\n<figure class=\"wp-block-table\"><table class=\"has-fixed-layout\"><thead><tr><th colspan=\"2\">Application Information<\/th><\/tr><\/thead><tbody><tr><td colspan=\"2\">The accepted student has to fill out the incoming mobilities information form and send the following documents a\ufb05er receiving an e-mail from the host university regarding the acceptance: 1. Learning Agreement, 2. Transcript of Records, 3. Passport Copy, 4. Biometric Photo, 5. Europass CV, 6. Motivation letter.<\/td><\/tr><tr><td>Application Deadline:<\/td><td>Fall Semester: <strong>1st July<\/strong><br>Spring Semester: <strong>1st December<\/strong><\/td><\/tr><tr><td>Application Form:<\/td><td>will be sent via e-mail to the nominee<\/td><\/tr><\/tbody><\/table><\/figure>\n\n\n\n<figure class=\"wp-block-table\"><table class=\"has-fixed-layout\"><thead><tr><th colspan=\"2\">Responsible Staff at the Erasmus+ Institutional Coordination Office<\/th><\/tr><\/thead><tbody><tr><td colspan=\"2\">Mobilities within Europe (Belgium, Bulgaria, Czechia, Denmark, Germany, Estonia, Ireland, Greece, Spain, France, Croatia, Italy, Cyprus, Latvia, Lithuania, Luxembourg, Hungary, Malta, Netherlands, Austria, Poland, Portugal, Romania, Slovenia, Slovakia, Finland, Sweden, North Macedonia, Serbia, Iceland, Liechtenstein, Norway) are EU Member countries and third countries associated to the programme; these countries are within the scope of Erasmus+ KA131. Countries that are not listed above are within the scope of Erasmus+ KA171.<\/td><\/tr><tr><td colspan=\"2\"><strong>Erasmus+ KA131 (EU Member States and Third Countries Associated to the Programme \/ EU Countries) Mobilities<\/strong><\/td><\/tr><tr><td>Responsible Person:<\/td><td>(Mr.) Lect. Murat ERCAN, M.A.<\/td><\/tr><tr><td>Contact for Nominations:<\/td><td>erasmus [at] cumhuriyet.edu.tr<\/td><\/tr><tr><td>Contact for Applications:<\/td><td>erasmus [at] cumhuriyet.edu.tr<\/td><\/tr><tr><td>Contact for IIAs (Agreements):<\/td><td>iia [at] cumhuriyet.edu.tr<\/td><\/tr><tr><td>Phone:<\/td><td>Secretary: +90 346 487 5160<br>Personal: +90 346 487 5164<\/td><\/tr><tr><td colspan=\"2\"><strong>Erasmus+ KA171 (Third Countries Not Associated to the Programme \/ Non-European Countries) Mobilities<\/strong><\/td><\/tr><tr><td>Responsible Person:<\/td><td>(Mr.) Lect. Emre SEVEN, M.A.<\/td><\/tr><tr><td>Contact for Nominations:<\/td><td>emreseven [at] cumhuriyet.edu.tr<\/td><\/tr><tr><td>Contact for Applications:<\/td><td>emreseven [at] cumhuriyet.edu.tr<\/td><\/tr><tr><td>Contact for IIAs (Agreements):<\/td><td>iia [at] cumhuriyet.edu.tr<\/td><\/tr><tr><td>Phone:<\/td><td>Secretary: +90 346 487 5160<br>Personal: +90 346 487 5165<\/td><\/tr><\/tbody><\/table><\/figure>\n\n\n\n<figure class=\"wp-block-table\"><table class=\"has-fixed-layout\"><thead><tr><th colspan=\"2\">Departmental Coordinators<\/th><\/tr><\/thead><tbody><tr><td colspan=\"2\"><a href=\"\/incoming\/coordinators\/\" target=\"_blank\" rel=\"noreferrer noopener\">To view the up-to-date information of the departmental coordinators, please visit<br>https:\/\/erasmus.cumhuriyet.edu.tr\/incoming\/coordinators\/.<\/a><\/td><\/tr><\/tbody><\/table><\/figure>\n\n\n\n<figure class=\"wp-block-table\"><table class=\"has-fixed-layout\"><thead><tr><th colspan=\"2\">EWP Integration<\/th><\/tr><\/thead><tbody><tr><td>System:<\/td><td>EWP Dashboard<\/td><\/tr><tr><td>OLA:<\/td><td>Yes<\/td><\/tr><tr><td>IIAM:<\/td><td>Yes<\/td><\/tr><\/tbody><\/table><\/figure>\n\n\n\n<h4 class=\"wp-block-heading\" id=\"factsheet-documents\">Factsheet Documents<\/h4>\n\n\n\n<div class=\"gspb_button_wrapper gspb_button-id-gsbp-e419d55\" id=\"gspb_button-id-gsbp-e419d55\"><a class=\"wp-block-greenshift-blocks-buttonbox gspb-buttonbox wp-element-button\" href=\"https:\/\/erasmus.cumhuriyet.edu.tr\/wp-content\/uploads\/Factsheet_26-27_TR-SIVAS01.pdf\" target=\"_blank\" rel=\"noopener\"><span class=\"gspb-buttonbox-textwrap\"><span class=\"gspb-buttonbox-text\"><span class=\"gspb-buttonbox-title\">2026-2027 Academic Year<\/span><\/span><\/span><\/a><\/div>\n","protected":false},"excerpt":{"rendered":"<p>Erasmus+ Factsheet for the Academic Year: 2026-2027 Contact Information University: Sivas Cumhuriyet University Erasmus Code: TR SIVAS01 OID: E10127100 PIC: 951238552 Responsible Unit: International Relations Office Erasmus+ Institutional Coordinator Institutional Coordinator: Prof. Dr. Su\u0308leyman DE\u011e\u0130RMEN KA131 Mobilities Coordinator: Lect. Murat ERCAN KA171 Mobilities Coordinator: Lect. Emre SEVEN E-Mail: erasmus [at] cumhuriyet.edu.tr Phone (Pbx &amp; WhatsApp): [&hellip;]<\/p>\n","protected":false},"author":1,"featured_media":8390,"parent":5301,"menu_order":0,"comment_status":"closed","ping_status":"closed","template":"","meta":{"_gspb_post_css":"#gspb_button-id-gsbp-e419d55{display:flex;justify-content:flex-start}#gspb_button-id-gsbp-e419d55 .gspb-buttonbox-text{display:flex;flex-direction:column}#gspb_button-id-gsbp-e419d55>.gspb-buttonbox{box-sizing:border-box;text-transform:none}","footnotes":""},"class_list":["post-7518","page","type-page","status-publish","has-post-thumbnail","hentry"],"blocksy_meta":[],"_links":{"self":[{"href":"https:\/\/erasmus.cumhuriyet.edu.tr\/en\/wp-json\/wp\/v2\/pages\/7518","targetHints":{"allow":["GET"]}}],"collection":[{"href":"https:\/\/erasmus.cumhuriyet.edu.tr\/en\/wp-json\/wp\/v2\/pages"}],"about":[{"href":"https:\/\/erasmus.cumhuriyet.edu.tr\/en\/wp-json\/wp\/v2\/types\/page"}],"author":[{"embeddable":true,"href":"https:\/\/erasmus.cumhuriyet.edu.tr\/en\/wp-json\/wp\/v2\/users\/1"}],"replies":[{"embeddable":true,"href":"https:\/\/erasmus.cumhuriyet.edu.tr\/en\/wp-json\/wp\/v2\/comments?post=7518"}],"version-history":[{"count":37,"href":"https:\/\/erasmus.cumhuriyet.edu.tr\/en\/wp-json\/wp\/v2\/pages\/7518\/revisions"}],"predecessor-version":[{"id":9058,"href":"https:\/\/erasmus.cumhuriyet.edu.tr\/en\/wp-json\/wp\/v2\/pages\/7518\/revisions\/9058"}],"up":[{"embeddable":true,"href":"https:\/\/erasmus.cumhuriyet.edu.tr\/en\/wp-json\/wp\/v2\/pages\/5301"}],"wp:featuredmedia":[{"embeddable":true,"href":"https:\/\/erasmus.cumhuriyet.edu.tr\/en\/wp-json\/wp\/v2\/media\/8390"}],"wp:attachment":[{"href":"https:\/\/erasmus.cumhuriyet.edu.tr\/en\/wp-json\/wp\/v2\/media?parent=7518"}],"curies":[{"name":"wp","href":"https:\/\/api.w.org\/{rel}","templated":true}]}}