{"id":7399,"date":"2025-07-21T05:25:53","date_gmt":"2025-07-21T02:25:53","guid":{"rendered":"https:\/\/erasmus.cumhuriyet.edu.tr\/?page_id=7399"},"modified":"2025-07-21T05:48:16","modified_gmt":"2025-07-21T02:48:16","slug":"office-hours","status":"publish","type":"page","link":"https:\/\/erasmus.cumhuriyet.edu.tr\/en\/office-hours\/","title":{"rendered":"Ofis G\u00f6r\u00fc\u015fme Saatleri &#038; Belge \u0130mzalama S\u00fcre\u00e7leri"},"content":{"rendered":"<h2>Ofis G\u00f6r\u00fc\u015fme Saatleri &#038; Belge \u0130mzalama S\u00fcre\u00e7leri<\/h2>\n<h3>Ofis G\u00f6r\u00fc\u015fme Saatleri<\/h3>\n<p>Koordinat\u00f6rl\u00fc\u011f\u00fcm\u00fcz hafta i\u00e7i mesai saatleri i\u00e7erisinde Erasmus+ program\u0131n\u0131n sa\u011fl\u0131kl\u0131 bir \u015fekilde y\u00fcr\u00fct\u00fclebilmesi ad\u0131na g\u00f6r\u00fc\u015fme saatleri i\u00e7erisinde randevu sistemi \u00fczerinden randevu al\u0131narak dan\u0131\u015fmanl\u0131k hizmeti vermektedir. Randevusuz dan\u0131\u015fmanl\u0131k hizmeti verilememektedir. L\u00fctfen sistem \u00fczerinden randevu al\u0131n\u0131z.<\/p>\n<p>            <a href=\"\/en\/appointment\/\" data-text=\"\"><br \/>\n                                            <svg aria-hidden=\"true\" viewbox=\"0 0 448 512\" xmlns=\"http:\/\/www.w3.org\/2000\/svg\"><path d=\"M400 64h-48V12c0-6.627-5.373-12-12-12h-40c-6.627 0-12 5.373-12 12v52H160V12c0-6.627-5.373-12-12-12h-40c-6.627 0-12 5.373-12 12v52H48C21.49 64 0 85.49 0 112v352c0 26.51 21.49 48 48 48h352c26.51 0 48-21.49 48-48V112c0-26.51-21.49-48-48-48zm-6 400H54a6 6 0 0 1-6-6V160h352v298a6 6 0 0 1-6 6zm-52.849-200.65L198.842 404.519c-4.705 4.667-12.303 4.637-16.971-.068l-75.091-75.699c-4.667-4.705-4.637-12.303.068-16.971l22.719-22.536c4.705-4.667 12.303-4.637 16.97.069l44.104 44.461 111.072-110.181c4.705-4.667 12.303-4.637 16.971.068l22.536 22.718c4.667 4.705 4.636 12.303-.069 16.97z\"><\/path><\/svg><br \/>\n                    Randevu Alma<br \/>\n\t                        <\/a><br \/>\n\t\t\t\t\t\t\t\t\t\t\t\tPazartesi<br \/>\n\t\t\t\t\t14:00-16:00<br \/>\n\t\t\t\t\t\t\t\t\t\t\t\tSal\u0131<br \/>\n\t\t\t\t\t14:00-16:00<br \/>\n\t\t\t\t\t\t\t\t\t\t\t\t\u00c7ar\u015famba<br \/>\n\t\t\t\t\t14:00-16:00<br \/>\n\t\t\t\t\t\t\t\t\t\t\t\tPer\u015fembe<br \/>\n\t\t\t\t\t14:00-16:00<br \/>\n\t\t\t\t\t\t\t\t\t\t\t\tCuma<br \/>\n\t\t\t\t\t14:00-16:00<br \/>\n\t\t\t\t\t\t\t\t\t\t\t\tCumartesi<br \/>\n\t\t\t\t\tKapal\u0131<br \/>\n\t\t\t\t\t\t\t\t\t\t\t\tPazar<br \/>\n\t\t\t\t\tKapal\u0131<br \/>\n\t\t\tBilgi<br \/>\n\t\t\t\t\t\t\tKoordinat\u00f6rl\u00fc\u011f\u00fcm\u00fcz resm\u00ee tatillerde kapal\u0131d\u0131r.<\/p>\n<h3>Belge \u0130mzalama S\u00fcre\u00e7leri<\/h3>\n<p>\u0130mzalanmas\u0131 gereken belgeler Koordinat\u00f6rl\u00fc\u011f\u00fcm\u00fcze Pazartesi-Per\u015fembe g\u00fcnleri aras\u0131nda teslim edilebilmektedir. \u0130mzal\u0131 belgeler Cuma g\u00fcnleri teslim al\u0131nabilmektedir.<\/p>\n<p>\t\t\t\t\t\t\t\t\t\t\t\tPazartesi<br \/>\n\t\t\t\t\tOfise Belge Teslimi<br \/>\n\t\t\t\t\t\t\t\t\t\t\t\tSal\u0131<br \/>\n\t\t\t\t\tOfise Belge Teslimi<br \/>\n\t\t\t\t\t\t\t\t\t\t\t\t\u00c7ar\u015famba<br \/>\n\t\t\t\t\tOfise Belge Teslimi<br \/>\n\t\t\t\t\t\t\t\t\t\t\t\tPer\u015fembe<br \/>\n\t\t\t\t\tOfise Belge Teslimi<br \/>\n\t\t\t\t\t\t\t\t\t\t\t\tCuma*<br \/>\n\t\t\t\t\t\u0130mzal\u0131 Belgenin Ofisten Al\u0131nmas\u0131<br \/>\n\t\t\tBilgi<br \/>\n\t\t\t\t\t\t\t* \u0130lgili haftan\u0131n Cuma g\u00fcn\u00fcn\u00fcn resmi tatile denk gelmesi halinde belge bir sonraki i\u015f g\u00fcn\u00fc teslim al\u0131nabilmektedir.<br \/>\n\t\t\tUyar\u0131<br \/>\n\t\t\t\t\t\t\tBelgenin 3. \u015fah\u0131slar taraf\u0131ndan teslim al\u0131nmas\u0131 durumunda vekalet istenmektedir. Belgeyi talep eden ki\u015finin sitemizin belgeler sayfas\u0131nda bulunan vekalet formunu imzalay\u0131p belgeyi teslim alacak ki\u015fiye vermelidir. Belgeyi teslim alacak ki\u015fi ilgili formu Koordinat\u00f6rl\u00fc\u011fe teslim etmelidir.<\/p>","protected":false},"excerpt":{"rendered":"<p>Ofis G\u00f6r\u00fc\u015fme Saatleri &#038; Belge \u0130mzalama S\u00fcre\u00e7leri Ofis G\u00f6r\u00fc\u015fme Saatleri Koordinat\u00f6rl\u00fc\u011f\u00fcm\u00fcz hafta i\u00e7i mesai saatleri i\u00e7erisinde Erasmus+ program\u0131n\u0131n sa\u011fl\u0131kl\u0131 bir \u015fekilde y\u00fcr\u00fct\u00fclebilmesi ad\u0131na g\u00f6r\u00fc\u015fme saatleri i\u00e7erisinde randevu sistemi \u00fczerinden randevu al\u0131narak dan\u0131\u015fmanl\u0131k hizmeti vermektedir. Randevusuz dan\u0131\u015fmanl\u0131k hizmeti verilememektedir. L\u00fctfen sistem \u00fczerinden randevu al\u0131n\u0131z. Randevu Alma Pazartesi 14:00-16:00 Sal\u0131 14:00-16:00 \u00c7ar\u015famba 14:00-16:00 Per\u015fembe 14:00-16:00 Cuma 14:00-16:00 [&hellip;]<\/p>\n","protected":false},"author":1,"featured_media":0,"parent":0,"menu_order":0,"comment_status":"closed","ping_status":"closed","template":"","meta":{"_gspb_post_css":"","footnotes":""},"class_list":["post-7399","page","type-page","status-publish","hentry"],"blocksy_meta":[],"_links":{"self":[{"href":"https:\/\/erasmus.cumhuriyet.edu.tr\/en\/wp-json\/wp\/v2\/pages\/7399","targetHints":{"allow":["GET"]}}],"collection":[{"href":"https:\/\/erasmus.cumhuriyet.edu.tr\/en\/wp-json\/wp\/v2\/pages"}],"about":[{"href":"https:\/\/erasmus.cumhuriyet.edu.tr\/en\/wp-json\/wp\/v2\/types\/page"}],"author":[{"embeddable":true,"href":"https:\/\/erasmus.cumhuriyet.edu.tr\/en\/wp-json\/wp\/v2\/users\/1"}],"replies":[{"embeddable":true,"href":"https:\/\/erasmus.cumhuriyet.edu.tr\/en\/wp-json\/wp\/v2\/comments?post=7399"}],"version-history":[{"count":10,"href":"https:\/\/erasmus.cumhuriyet.edu.tr\/en\/wp-json\/wp\/v2\/pages\/7399\/revisions"}],"predecessor-version":[{"id":7419,"href":"https:\/\/erasmus.cumhuriyet.edu.tr\/en\/wp-json\/wp\/v2\/pages\/7399\/revisions\/7419"}],"wp:attachment":[{"href":"https:\/\/erasmus.cumhuriyet.edu.tr\/en\/wp-json\/wp\/v2\/media?parent=7399"}],"curies":[{"name":"wp","href":"https:\/\/api.w.org\/{rel}","templated":true}]}}