{"id":6868,"date":"2025-06-30T08:05:40","date_gmt":"2025-06-30T05:05:40","guid":{"rendered":"https:\/\/erasmus.cumhuriyet.edu.tr\/?page_id=6868"},"modified":"2026-01-15T00:56:59","modified_gmt":"2026-01-14T21:56:59","slug":"bip","status":"publish","type":"page","link":"https:\/\/erasmus.cumhuriyet.edu.tr\/en\/bip\/","title":{"rendered":"Blended Intensive Programme (BIP)"},"content":{"rendered":"\n<p>[Karma yo\u011fun programlar] yenilik\u00e7i \u00f6\u011frenme ve \u00f6\u011fretme y\u00f6ntemlerinin, \u00e7evrim i\u00e7i i\u015f birli\u011finin de dahil oldu\u011fu k\u0131sa ve yo\u011fun programlard\u0131r. Bu programlar, \u00f6rne\u011fin Birle\u015fmi\u015f Milletler S\u00fcrd\u00fcr\u00fclebilir Kalk\u0131nma Ama\u00e7lar\u0131yla veya b\u00f6lgeler, \u015fehirler ya da \u015firketler taraf\u0131ndan belirlenen di\u011fer toplumsal sorunlarla ba\u011flant\u0131l\u0131 zorluklar\u0131n ele al\u0131nd\u0131\u011f\u0131, ulus\u00f6tesi ve disiplinleraras\u0131 ekiplerin birlikte \u00e7al\u0131\u015ft\u0131\u011f\u0131 sorun temelli \u00f6\u011frenme y\u00f6ntemlerini i\u00e7erebilir. Yo\u011fun program, kat\u0131l\u0131mc\u0131 y\u00fcksek\u00f6\u011fretim kurumlar\u0131 taraf\u0131ndan sunulan mevcut ders veya e\u011fitimlere k\u0131yasla katma de\u011fer sa\u011flamal\u0131d\u0131r ve \u00e7ok y\u0131ll\u0131 olarak da d\u00fczenlenebilir. Fiziksel hareketlili\u011fi sanal bir bile\u015fenle birle\u015ftiren yeni ve daha esnek hareketlilik bi\u00e7imlerini m\u00fcmk\u00fcn k\u0131lan bu harmanlanm\u0131\u015f yo\u011fun programlar, her kesimden, her alandan ve her \u00f6\u011frenim d\u00fczeyinden \u00f6\u011frenciyi kapsayacak \u015fekilde daha geni\u015f kitlelere ula\u015fmay\u0131 hedeflemektedir.<\/p>\n\n\n\n<p>Y\u00fcksek\u00f6\u011fretim kurumlar\u0131ndan olu\u015fan gruplar, \u00f6\u011frenciler ve personel i\u00e7in \u00f6\u011frenme, \u00f6\u011fretme ve e\u011fitim ama\u00e7l\u0131 k\u0131sa s\u00fcreli harmanlanm\u0131\u015f yo\u011fun programlar d\u00fczenleme f\u0131rsat\u0131na sahip olacaklard\u0131r. Bu harmanlanm\u0131\u015f yo\u011fun programlar kapsam\u0131nda, \u00f6\u011frenci ya da personel gruplar\u0131, zorunlu sanal bir bile\u015fen ile desteklenen k\u0131sa s\u00fcreli bir fiziksel hareketlilik ger\u00e7ekle\u015ftirecektir. S\u00f6z konusu sanal bile\u015fen, kat\u0131l\u0131mc\u0131lar\u0131n \u00e7evrim i\u00e7i ortamda e\u015fzamanl\u0131 olarak bir araya gelerek belirli g\u00f6revler \u00fczerinde ortakla\u015fa \u00e7al\u0131\u015fmas\u0131n\u0131 sa\u011flayacak, bu g\u00f6revler harmanlanm\u0131\u015f yo\u011fun program\u0131n bir par\u00e7as\u0131 olacak ve genel \u00f6\u011frenme \u00e7\u0131kt\u0131lar\u0131na katk\u0131 sa\u011flayacakt\u0131r.<\/p>\n\n\n\n<p class=\"has-text-align-right\">Kaynak: <a href=\"https:\/\/wikis.ec.europa.eu\/spaces\/NAITDOC\/pages\/95553249\/Blended+Intensive+Programmes\" target=\"_blank\" rel=\"noopener\">Avrupa Komisyonu<\/a>&nbsp;(\u0130ngilizce&#8217;den \u00e7evrilmi\u015ftir.)<\/p>\n\n\n\n<h4 class=\"wp-block-heading\" id=\"bip-ilanlari\">BIP \u0130lanlar\u0131<\/h4>\n\n\n\n<div class=\"wp-block-columns is-layout-flex wp-container-core-columns-is-layout-1a3f87fd wp-block-columns-is-layout-flex\" style=\"margin-top:0;margin-bottom:0;padding-top:0;padding-bottom:0\">\n<div class=\"wp-block-column has-palette-color-7-background-color has-background is-layout-flow wp-block-column-is-layout-flow\" style=\"border-top-left-radius:10px;border-top-right-radius:10px;border-bottom-left-radius:10px;border-bottom-right-radius:10px;padding-top:25px;padding-right:25px;padding-bottom:25px;padding-left:25px\">\n<h5 class=\"wp-block-heading\" id=\"news\">Giden Y\u00f6nl\u00fc \u0130lanlar<\/h5>\n\n\n<ul class=\"wp-block-latest-posts__list has-dates wp-block-latest-posts\"><li><a class=\"wp-block-latest-posts__post-title\" href=\"https:\/\/erasmus.cumhuriyet.edu.tr\/en\/2608-bip-stt-ilan-2025-ka131\/\">Erasmus+ Personel E\u011fitim Alma Hareketlili\u011fi Karma Yo\u011fun Program (BIP) \u0130lan\u0131 (2025 KA131) [\u0130lan No: 2608]<\/a><time datetime=\"2026-03-31T16:31:00+03:00\" class=\"wp-block-latest-posts__post-date\">31.03.2026<\/time><\/li>\n<li><a class=\"wp-block-latest-posts__post-title\" href=\"https:\/\/erasmus.cumhuriyet.edu.tr\/en\/2607-bip-sms-ilan-2025-ka131\/\">Erasmus+ \u00d6\u011frenci \u00d6\u011frenim Hareketlili\u011fi Karma Yo\u011fun Program (BIP) \u0130lan\u0131 (2025 KA131) [\u0130lan No: 2607]<\/a><time datetime=\"2026-03-31T16:30:00+03:00\" class=\"wp-block-latest-posts__post-date\">31.03.2026<\/time><\/li>\n<li><a class=\"wp-block-latest-posts__post-title\" href=\"https:\/\/erasmus.cumhuriyet.edu.tr\/en\/2604-2605-bip-sms-stt-sonuc-2024-ka131\/\">Erasmus+ \u00d6\u011frenci \u00d6\u011frenim ve Personel E\u011fitim Alma Hareketlili\u011fi Karma Yo\u011fun Program (BIP) De\u011ferlendirme Sonu\u00e7lar\u0131 (2024 KA131) [\u0130lan No: 2604, 2605]<\/a><time datetime=\"2026-03-14T13:29:26+03:00\" class=\"wp-block-latest-posts__post-date\">14.03.2026<\/time><\/li>\n<\/ul><\/div>\n\n\n\n<div class=\"wp-block-column has-palette-color-7-background-color has-background is-layout-flow wp-block-column-is-layout-flow\" style=\"border-top-left-radius:10px;border-top-right-radius:10px;border-bottom-left-radius:10px;border-bottom-right-radius:10px;padding-top:25px;padding-right:25px;padding-bottom:25px;padding-left:25px\">\n<h5 class=\"wp-block-heading\" id=\"events\">Gelen Y\u00f6nl\u00fc \u0130lanlar<\/h5>\n\n\n<ul class=\"wp-block-latest-posts__list has-dates wp-block-latest-posts\"><li><a class=\"wp-block-latest-posts__post-title\" href=\"https:\/\/erasmus.cumhuriyet.edu.tr\/en\/2515-incoming-stf-bip-2023-ka171\/\">Erasmus+ BIP Incoming Staff Mobility Call (2023 KA171) [Call No: 2515]<\/a><time datetime=\"2026-02-09T09:00:00+03:00\" class=\"wp-block-latest-posts__post-date\">09.02.2026<\/time><\/li>\n<li><a class=\"wp-block-latest-posts__post-title\" href=\"https:\/\/erasmus.cumhuriyet.edu.tr\/en\/bip-incoming-3\/\">BIP Call: Intercultural Awareness and Communication in Workplace 3<\/a><time datetime=\"2026-01-14T02:37:05+03:00\" class=\"wp-block-latest-posts__post-date\">14.01.2026<\/time><\/li>\n<li><a class=\"wp-block-latest-posts__post-title\" href=\"https:\/\/erasmus.cumhuriyet.edu.tr\/en\/bip-incoming-23\/\">BIP Call: Intercultural Awareness and Communication in Workplace<\/a><time datetime=\"2025-02-21T14:03:22+03:00\" class=\"wp-block-latest-posts__post-date\">21.02.2025<\/time><\/li>\n<\/ul><\/div>\n<\/div>\n\n\n\n<div style=\"height:20px\" aria-hidden=\"true\" class=\"wp-block-spacer\"><\/div>\n\n\n\n<h4 class=\"wp-block-heading\" id=\"duzenlenen-ve-katilim-saglanan-bipler\">D\u00fczenlenen ve Kat\u0131l\u0131m Sa\u011flanan BIPler<\/h4>\n\n\n\n<div class=\"wp-block-columns is-layout-flex wp-container-core-columns-is-layout-1a3f87fd wp-block-columns-is-layout-flex\" style=\"margin-top:0;margin-bottom:0;padding-top:0;padding-bottom:0\">\n<div class=\"wp-block-column has-palette-color-7-background-color has-background is-layout-flow wp-block-column-is-layout-flow\" style=\"border-top-left-radius:10px;border-top-right-radius:10px;border-bottom-left-radius:10px;border-bottom-right-radius:10px;padding-top:25px;padding-right:25px;padding-bottom:25px;padding-left:25px\">\n<h5 class=\"wp-block-heading\" id=\"news\">Koordint\u00f6r Kurum olarak D\u00fczenlenen<\/h5>\n\n\n\n<ul class=\"wp-block-list\">\n<li><a href=\"https:\/\/erasmus.cumhuriyet.edu.tr\/bip-incoming-23\/\" target=\"_blank\" rel=\"noopener\">[TR SIVAS01] 26-30.05.2025: Intercultural Awareness and Communication in Workplace 1<\/a><\/li>\n\n\n\n<li><a href=\"https:\/\/erasmus.cumhuriyet.edu.tr\/bip-incoming-23\/\" target=\"_blank\" rel=\"noopener\">[TR SIVAS01] 26-30.05.2025: Intercultural Awareness and Communication in Workplace 2<br><\/a><\/li>\n<\/ul>\n<\/div>\n\n\n\n<div class=\"wp-block-column has-palette-color-7-background-color has-background is-layout-flow wp-block-column-is-layout-flow\" style=\"border-top-left-radius:10px;border-top-right-radius:10px;border-bottom-left-radius:10px;border-bottom-right-radius:10px;padding-top:25px;padding-right:25px;padding-bottom:25px;padding-left:25px\">\n<h5 class=\"wp-block-heading\" id=\"events\">Ortak Kurum olarak Kat\u0131l\u0131m Sa\u011flanan<\/h5>\n\n\n\n<ul class=\"wp-block-list\">\n<li><a href=\"https:\/\/www.unich.it\/eventi\/bip-blended-intensive-programme\" target=\"_blank\" rel=\"noopener\">[I CHIETI01] 17-21.06.2024: The multidisciplinary role of Health Care Professionals in integrated care between hospital and territory<\/a><\/li>\n\n\n\n<li><a href=\"https:\/\/www.rtu.lv\/en\/liepaja\/studies-6\/erasmus--\/incoming-study-mobility\" target=\"_blank\" rel=\"noopener\">[LV LIEPAJA01] 15-19.09.2025: Common research &#8211; common progress \u2013 scientific networking in Europe<\/a><\/li>\n<\/ul>\n<\/div>\n<\/div>\n\n\n\n<h4 class=\"wp-block-heading\" id=\"biplere-katilmak-isteyen-birimler\">BIPlere Kat\u0131lmak \u0130steyen Birimler<\/h4>\n\n\n\n<p>Erasmus+ Karma Yo\u011fun Programlara (BIP) kat\u0131l\u0131m sa\u011flamak isteyen birimlerin Koordinat\u00f6rl\u00fc\u011f\u00fcm\u00fcz ile ileit\u015fime ge\u00e7mesi gerekmektedir. Erasmus+ program\u0131 alt\u0131nda d\u00fczenlenen BIPlere a\u015fa\u011f\u0131daki siteden eri\u015fim sa\u011flanabilir.<\/p>\n\n\n\n<div class=\"gspb_button_wrapper gspb_button-id-gsbp-feae0b2\" id=\"gspb_button-id-gsbp-feae0b2\"><a class=\"wp-block-greenshift-blocks-buttonbox gspb-buttonbox wp-element-button\" href=\"https:\/\/erasmusbip.org\/\" target=\"_blank\" rel=\"noopener\"><span class=\"gspb-buttonbox-textwrap\"><span class=\"gspb-buttonbox-text\"><span class=\"gspb-buttonbox-title\">ErasmusBIP<\/span><\/span><span class=\"gspb-buttonbox-icon\"><svg xmlns=\"http:\/\/www.w3.org\/2000\/svg\" style=\"width:5rem;height:5rem;margin:10px\" viewBox=\"0 0 24 24\">\n  <path fill-rule=\"evenodd\" d=\"M24 0v22.78h-2.87V4.9L2.03 24 0 21.97l19.1-19.1H1.26V0H24Z\"><\/path><\/svg><\/span><\/span><\/a><\/div>\n\n\n\n<div class=\"gspb_button_wrapper gspb_button-id-gsbp-292abc2\" id=\"gspb_button-id-gsbp-292abc2\"><a class=\"wp-block-greenshift-blocks-buttonbox gspb-buttonbox wp-element-button\" href=\"http:\/\/staffmobility.eu\/\" target=\"_blank\" rel=\"noopener\"><span class=\"gspb-buttonbox-textwrap\"><span class=\"gspb-buttonbox-text\"><span class=\"gspb-buttonbox-title\">iMotion<\/span><\/span><span class=\"gspb-buttonbox-icon\"><svg xmlns=\"http:\/\/www.w3.org\/2000\/svg\" style=\"width:5rem;height:5rem;margin:10px\" viewBox=\"0 0 24 24\">\n  <path fill-rule=\"evenodd\" d=\"M24 0v22.78h-2.87V4.9L2.03 24 0 21.97l19.1-19.1H1.26V0H24Z\"><\/path><\/svg><\/span><\/span><\/a><\/div>\n\n\n\n<h4 class=\"wp-block-heading\" id=\"bip-kurallari\">BIP Kurallar\u0131<\/h4>\n\n\n\n<ul class=\"wp-block-list\">\n<li>Fiziksel hareketlilik 5-30 g\u00fcn aras\u0131nda olmal\u0131d\u0131r.<\/li>\n\n\n\n<li>Zorunlu bir sanal bile\u015fen olmal\u0131d\u0131r.<\/li>\n\n\n\n<li>En az 3 AKTS tan\u0131mlanacak bir i\u015f y\u00fck\u00fc olmal\u0131d\u0131r.<\/li>\n\n\n\n<li>En az 3 AB \u00dcye \u00dclkeleri ve Programla \u0130li\u015fkili \u00dc\u00e7\u00fcnc\u00fc \u00dclkelerden 3 y\u00fcksek\u00f6\u011fretim kurumu yer almal\u0131d\u0131r. (Bu \u015fart\u0131 sa\u011flamak kayd\u0131yla ek olarak Programla \u0130li\u015fkili Olmayan \u00dc\u00e7\u00fcnc\u00fc \u00dclkelerdeki y\u00fcksek\u00f6\u011fretim kurumlar\u0131 da BIPe kat\u0131l\u0131mc\u0131 g\u00f6nderebilir.)<\/li>\n\n\n\n<li>En az 15 kat\u0131l\u0131mc\u0131 olmal\u0131d\u0131r. (\u00dcst s\u0131n\u0131r bulunmamakla birlikte Kurumsal Destek Hibesi (program kapsam\u0131nda ev sahibi \u00fclkeye seyahat eden) en fazla 20 kat\u0131l\u0131mc\u0131 i\u00e7in verilebilir.)\n<ul class=\"wp-block-list\">\n<li>Yerel kat\u0131l\u0131mc\u0131lar, program\u0131n y\u00fcr\u00fct\u00fclmesinde g\u00f6rev alan personel ve programla ili\u015fkili olmayan \u00fc\u00e7\u00fcnc\u00fc \u00fclkelerden gelen kat\u0131l\u0131mc\u0131lar bu say\u0131ya dahil edilmez.<\/li>\n<\/ul>\n<\/li>\n<\/ul>\n\n\n\n<p class=\"has-text-align-right\">Kaynak: 21-22.11.2023 tarihinde Afyon Kocatepe \u00dcniversitesi ev sahipli\u011finde d\u00fczenlenen ve T\u00fcrkiye Ulusal Ajans\u0131 taraf\u0131ndan koordine edilen KA131 Proje Y\u00f6netim Toplant\u0131s\u0131 &#8220;Karma Yo\u011fun Programlar&#8221; adl\u0131 powerpoint sunumu.<\/p>\n","protected":false},"excerpt":{"rendered":"<p>[Karma yo\u011fun programlar] yenilik\u00e7i \u00f6\u011frenme ve \u00f6\u011fretme y\u00f6ntemlerinin, \u00e7evrim i\u00e7i i\u015f birli\u011finin de dahil oldu\u011fu k\u0131sa ve yo\u011fun programlard\u0131r. Bu programlar, \u00f6rne\u011fin Birle\u015fmi\u015f Milletler S\u00fcrd\u00fcr\u00fclebilir Kalk\u0131nma Ama\u00e7lar\u0131yla veya b\u00f6lgeler, \u015fehirler ya da \u015firketler taraf\u0131ndan belirlenen di\u011fer toplumsal sorunlarla ba\u011flant\u0131l\u0131 zorluklar\u0131n ele al\u0131nd\u0131\u011f\u0131, ulus\u00f6tesi ve disiplinleraras\u0131 ekiplerin birlikte \u00e7al\u0131\u015ft\u0131\u011f\u0131 sorun temelli \u00f6\u011frenme y\u00f6ntemlerini i\u00e7erebilir. Yo\u011fun program, [&hellip;]<\/p>\n","protected":false},"author":1,"featured_media":8391,"parent":0,"menu_order":0,"comment_status":"closed","ping_status":"closed","template":"","meta":{"_gspb_post_css":"#gspb_button-id-gsbp-feae0b2 .gspb-buttonbox-text{display:flex;flex-direction:column}#gspb_button-id-gsbp-feae0b2>.gspb-buttonbox{box-sizing:border-box}#gspb_button-id-gsbp-292abc2>.gspb-buttonbox>.gspb-buttonbox-textwrap>.gspb-buttonbox-icon,#gspb_button-id-gsbp-feae0b2>.gspb-buttonbox>.gspb-buttonbox-textwrap>.gspb-buttonbox-icon{display:flex}#gspb_button-id-gsbp-feae0b2>.gspb-buttonbox .gspb-buttonbox-icon svg,#gspb_button-id-gsbp-feae0b2>.gspb-buttonbox .gspb-buttonbox-icon svg path{fill:var(--wp--preset--color--palette-color-2, var(--theme-palette-color-2, #24417C))!important}#gspb_button-id-gsbp-292abc2>.gspb-buttonbox:hover .gspb-buttonbox-icon svg,#gspb_button-id-gsbp-292abc2>.gspb-buttonbox:hover .gspb-buttonbox-icon svg path,#gspb_button-id-gsbp-feae0b2>.gspb-buttonbox:hover .gspb-buttonbox-icon svg,#gspb_button-id-gsbp-feae0b2>.gspb-buttonbox:hover .gspb-buttonbox-icon svg path{fill:#5181e0!important}#gspb_button-id-gsbp-feae0b2>.gspb-buttonbox>.gspb-buttonbox-textwrap{display:flex;flex-direction:row;align-items:center}#gspb_button-id-gsbp-feae0b2 .gspb-buttonbox-icon{margin-left:13px}#gspb_button-id-gsbp-feae0b2>.gspb-buttonbox .gspb-buttonbox-icon{transition:all .5s cubic-bezier(.42,0,.58,1)}#gspb_button-id-gsbp-feae0b2>.gspb-buttonbox{background-color:var(--wp--preset--color--palette-color-6, var(--theme-palette-color-6, #F3F5F7));text-transform:none;color:var(--wp--preset--color--palette-color-2, var(--theme-palette-color-2, #24417C))}#gspb_button-id-gsbp-feae0b2>.gspb-buttonbox:hover{background-color:var(--wp--preset--color--palette-color-7, var(--theme-palette-color-7, #F7FAFD))!important;color:#5181e0}#gspb_button-id-gsbp-feae0b2>.gspb-buttonbox,#gspb_button-id-gsbp-feae0b2>.gspb-buttonbox>.gspb_backgroundOverlay{border-top-left-radius:10px;border-top-right-radius:10px;border-bottom-right-radius:10px;border-bottom-left-radius:10px}#gspb_button-id-gsbp-292abc2,#gspb_button-id-gsbp-feae0b2{display:flex;justify-content:flex-start}#gspb_button-id-gsbp-292abc2 .gspb-buttonbox-text{display:flex;flex-direction:column}#gspb_button-id-gsbp-292abc2>.gspb-buttonbox{box-sizing:border-box}#gspb_button-id-gsbp-292abc2>.gspb-buttonbox .gspb-buttonbox-icon svg,#gspb_button-id-gsbp-feae0b2>.gspb-buttonbox .gspb-buttonbox-icon svg{height:10px!important;width:10px!important;min-width:10px!important;margin:0!important}#gspb_button-id-gsbp-292abc2>.gspb-buttonbox .gspb-buttonbox-icon svg,#gspb_button-id-gsbp-292abc2>.gspb-buttonbox .gspb-buttonbox-icon svg path{fill:var(--wp--preset--color--palette-color-2, var(--theme-palette-color-2, #24417C))!important}#gspb_button-id-gsbp-292abc2>.gspb-buttonbox>.gspb-buttonbox-textwrap{display:flex;flex-direction:row;align-items:center}#gspb_button-id-gsbp-292abc2 .gspb-buttonbox-icon{margin-left:13px}#gspb_button-id-gsbp-292abc2>.gspb-buttonbox .gspb-buttonbox-icon{transition:all .5s cubic-bezier(.42,0,.58,1)}#gspb_button-id-gsbp-292abc2>.gspb-buttonbox{background-color:var(--wp--preset--color--palette-color-6, var(--theme-palette-color-6, #F3F5F7));text-transform:none;color:var(--wp--preset--color--palette-color-2, var(--theme-palette-color-2, #24417C))}#gspb_button-id-gsbp-292abc2>.gspb-buttonbox:hover{background-color:var(--wp--preset--color--palette-color-7, var(--theme-palette-color-7, #F7FAFD))!important;color:#5181e0}#gspb_button-id-gsbp-292abc2>.gspb-buttonbox,#gspb_button-id-gsbp-292abc2>.gspb-buttonbox>.gspb_backgroundOverlay{border-top-left-radius:10px;border-top-right-radius:10px;border-bottom-right-radius:10px;border-bottom-left-radius:10px}","footnotes":""},"class_list":["post-6868","page","type-page","status-publish","has-post-thumbnail","hentry"],"blocksy_meta":[],"_links":{"self":[{"href":"https:\/\/erasmus.cumhuriyet.edu.tr\/en\/wp-json\/wp\/v2\/pages\/6868","targetHints":{"allow":["GET"]}}],"collection":[{"href":"https:\/\/erasmus.cumhuriyet.edu.tr\/en\/wp-json\/wp\/v2\/pages"}],"about":[{"href":"https:\/\/erasmus.cumhuriyet.edu.tr\/en\/wp-json\/wp\/v2\/types\/page"}],"author":[{"embeddable":true,"href":"https:\/\/erasmus.cumhuriyet.edu.tr\/en\/wp-json\/wp\/v2\/users\/1"}],"replies":[{"embeddable":true,"href":"https:\/\/erasmus.cumhuriyet.edu.tr\/en\/wp-json\/wp\/v2\/comments?post=6868"}],"version-history":[{"count":23,"href":"https:\/\/erasmus.cumhuriyet.edu.tr\/en\/wp-json\/wp\/v2\/pages\/6868\/revisions"}],"predecessor-version":[{"id":8610,"href":"https:\/\/erasmus.cumhuriyet.edu.tr\/en\/wp-json\/wp\/v2\/pages\/6868\/revisions\/8610"}],"wp:featuredmedia":[{"embeddable":true,"href":"https:\/\/erasmus.cumhuriyet.edu.tr\/en\/wp-json\/wp\/v2\/media\/8391"}],"wp:attachment":[{"href":"https:\/\/erasmus.cumhuriyet.edu.tr\/en\/wp-json\/wp\/v2\/media?parent=6868"}],"curies":[{"name":"wp","href":"https:\/\/api.w.org\/{rel}","templated":true}]}}