{"id":6830,"date":"2025-06-30T07:24:31","date_gmt":"2025-06-30T04:24:31","guid":{"rendered":"https:\/\/erasmus.cumhuriyet.edu.tr\/?page_id=6830"},"modified":"2025-06-30T07:57:54","modified_gmt":"2025-06-30T04:57:54","slug":"write","status":"publish","type":"page","link":"https:\/\/erasmus.cumhuriyet.edu.tr\/en\/erasmus\/outgoing\/petition\/write\/","title":{"rendered":"Genel Ama\u00e7l\u0131 Dilek\u00e7e \u0130letme"},"content":{"rendered":"<h1>Erasmus+ Genel Ama\u00e7l\u0131 Dilek\u00e7e<\/h1>\n\n<div class=\"wpcf7 no-js\" id=\"wpcf7-f787-o1\" lang=\"en-US\" dir=\"ltr\" data-wpcf7-id=\"787\">\n<div class=\"screen-reader-response\"><p role=\"status\" aria-live=\"polite\" aria-atomic=\"true\"><\/p> <ul><\/ul><\/div>\n<form action=\"\/en\/wp-json\/wp\/v2\/pages\/6830#wpcf7-f787-o1\" method=\"post\" class=\"wpcf7-form init cf7mls-no-scroll cf7mls-auto-return-first-step cf7mls-no-moving-animation\" aria-label=\"Contact form\" novalidate=\"novalidate\" data-status=\"init\">\n<fieldset class=\"hidden-fields-container\"><input type=\"hidden\" name=\"_wpcf7\" value=\"787\" \/><input type=\"hidden\" name=\"_wpcf7_version\" value=\"6.1.5\" \/><input type=\"hidden\" name=\"_wpcf7_locale\" value=\"en_US\" \/><input type=\"hidden\" name=\"_wpcf7_unit_tag\" value=\"wpcf7-f787-o1\" \/><input type=\"hidden\" name=\"_wpcf7_container_post\" value=\"0\" \/><input type=\"hidden\" name=\"_wpcf7_posted_data_hash\" value=\"\" \/><input type=\"hidden\" name=\"_wpcf7cf_hidden_group_fields\" value=\"[]\" \/><input type=\"hidden\" name=\"_wpcf7cf_hidden_groups\" value=\"[]\" \/><input type=\"hidden\" name=\"_wpcf7cf_visible_groups\" value=\"[]\" \/><input type=\"hidden\" name=\"_wpcf7cf_repeaters\" value=\"[]\" \/><input type=\"hidden\" name=\"_wpcf7cf_steps\" value=\"{}\" \/><input type=\"hidden\" name=\"_wpcf7cf_options\" value=\"{&quot;form_id&quot;:787,&quot;conditions&quot;:[{&quot;then_field&quot;:&quot;ogrenci_no&quot;,&quot;and_rules&quot;:[{&quot;if_field&quot;:&quot;ogr_per&quot;,&quot;operator&quot;:&quot;equals&quot;,&quot;if_value&quot;:&quot;\\u00d6\\u011eRENC\\u0130&quot;}]},{&quot;then_field&quot;:&quot;personel_unvan&quot;,&quot;and_rules&quot;:[{&quot;if_field&quot;:&quot;ogr_per&quot;,&quot;operator&quot;:&quot;equals&quot;,&quot;if_value&quot;:&quot;PERSONEL&quot;}]},{&quot;then_field&quot;:&quot;ek_popup&quot;,&quot;and_rules&quot;:[{&quot;if_field&quot;:&quot;ekvarmi&quot;,&quot;operator&quot;:&quot;equals&quot;,&quot;if_value&quot;:&quot;EVET&quot;}]}],&quot;settings&quot;:{&quot;animation&quot;:&quot;yes&quot;,&quot;animation_intime&quot;:200,&quot;animation_outtime&quot;:200,&quot;conditions_ui&quot;:&quot;normal&quot;,&quot;notice_dismissed&quot;:false,&quot;notice_dismissed_update-cf7-6.1.5&quot;:true}}\" \/><input type=\"hidden\" name=\"_wpcf7dtx_version\" value=\"5.0.5\" \/>\n<\/fieldset>\n<p><label> <b>T.C. K\u0130ML\u0130K NO \/ YABANCI K\u0130ML\u0130K NO*<\/b><br \/>\n<span class=\"wpcf7-form-control-wrap\" data-name=\"tckn\"><input class=\"wpcf7-form-control wpcf7-number wpcf7-validates-as-required wpcf7-validates-as-number form-control\" min=\"10000000000\" max=\"99999999999\" aria-required=\"true\" aria-invalid=\"false\" placeholder=\"L\u00fctfen 11 haneli kimlik numaran\u0131z\u0131 yaz\u0131n\u0131z\" value=\"\" type=\"number\" name=\"tckn\" \/><\/span> <\/label>\n<\/p>\n<p><label> <b>AD*<\/b><br \/>\n<span class=\"wpcf7-form-control-wrap\" data-name=\"first-name\"><input size=\"40\" maxlength=\"400\" class=\"wpcf7-form-control wpcf7-text wpcf7-validates-as-required form-control\" aria-required=\"true\" aria-invalid=\"false\" placeholder=\"L\u00fctfen ad\u0131n\u0131z\u0131 (varsa ikinci ad\u0131n\u0131z\u0131 da) yaz\u0131n\u0131z\" value=\"\" type=\"text\" name=\"first-name\" \/><\/span> <\/label>\n<\/p>\n<p><label> <b>SOYAD*<\/b><br \/>\n<span class=\"wpcf7-form-control-wrap\" data-name=\"sur-name\"><input size=\"40\" maxlength=\"400\" class=\"wpcf7-form-control wpcf7-text wpcf7-validates-as-required form-control\" aria-required=\"true\" aria-invalid=\"false\" placeholder=\"L\u00fctfen soyad\u0131n\u0131z\u0131 yaz\u0131n\u0131z\" value=\"\" type=\"text\" name=\"sur-name\" \/><\/span> <\/label>\n<\/p>\n<p><label> <b>\u00d6\u011eRENC\u0130 M\u0130S\u0130N\u0130Z PERSONEL M\u0130?*<\/b><\/label><br \/>\n<span class=\"wpcf7-form-control-wrap\" data-name=\"ogr_per\"><span class=\"wpcf7-form-control wpcf7-radio form-check\"><span class=\"wpcf7-list-item first\"><label><input type=\"radio\" name=\"ogr_per\" value=\"\u00d6\u011eRENC\u0130\" \/><span class=\"wpcf7-list-item-label\">\u00d6\u011eRENC\u0130<\/span><\/label><\/span><span class=\"wpcf7-list-item last\"><label><input type=\"radio\" name=\"ogr_per\" value=\"PERSONEL\" \/><span class=\"wpcf7-list-item-label\">PERSONEL<\/span><\/label><\/span><\/span><\/span>\n<\/p>\n<div data-id=\"ogrenci_no\" data-orig_data_id=\"ogrenci_no\" data-clear_on_hide class=\"\" data-class=\"wpcf7cf_group\">\n\t<p><label> <b>\u00d6\u011eRENC\u0130 NO*<\/b><br \/>\n<span class=\"wpcf7-form-control-wrap\" data-name=\"std-no\"><input class=\"wpcf7-form-control wpcf7-number wpcf7-validates-as-required wpcf7-validates-as-number form-control\" min=\"1000000000\" max=\"99999999999\" aria-required=\"true\" aria-invalid=\"false\" placeholder=\"L\u00fctfen \u00f6\u011frenci numaran\u0131z\u0131 yaz\u0131n\u0131z\" value=\"\" type=\"number\" name=\"std-no\" \/><\/span> <\/label>\n\t<\/p>\n<\/div>\n<div data-id=\"personel_unvan\" data-orig_data_id=\"personel_unvan\" data-clear_on_hide class=\"\" data-class=\"wpcf7cf_group\">\n\t<p><label> <b>UNVAN*<\/b><br \/>\n<span class=\"wpcf7-form-control-wrap\" data-name=\"unvan\"><select class=\"wpcf7-form-control wpcf7-select wpcf7-validates-as-required form-select\" aria-required=\"true\" aria-invalid=\"false\" name=\"unvan\"><option value=\"\">&#8212;Please choose an option&#8212;<\/option><option value=\"Ara\u015ft\u0131rma G\u00f6revlisi\">Ara\u015ft\u0131rma G\u00f6revlisi<\/option><option value=\"Ara\u015ft\u0131rma G\u00f6revlisi Doktor\">Ara\u015ft\u0131rma G\u00f6revlisi Doktor<\/option><option value=\"\u00d6\u011fretim G\u00f6revlisi\">\u00d6\u011fretim G\u00f6revlisi<\/option><option value=\"\u00d6\u011fretim G\u00f6revlisi Doktor\">\u00d6\u011fretim G\u00f6revlisi Doktor<\/option><option value=\"Doktor \u00d6\u011fretim \u00dcyesi\">Doktor \u00d6\u011fretim \u00dcyesi<\/option><option value=\"Do\u00e7ent\">Do\u00e7ent<\/option><option value=\"Do\u00e7ent Doktor\">Do\u00e7ent Doktor<\/option><option value=\"Profes\u00f6r\">Profes\u00f6r<\/option><option value=\"Profes\u00f6r Doktor\">Profes\u00f6r Doktor<\/option><option value=\"\u0130dari Personel\">\u0130dari Personel<\/option><\/select><\/span> <\/label>\n\t<\/p>\n<\/div>\n<p><label> <b>B\u0130R\u0130M<\/b> (ENST\u0130T\u00dc\/FAK\u00dcLTE\/MYO\/YO)<b>*<\/b><br \/>\n<span class=\"wpcf7-form-control-wrap\" data-name=\"unit\"><input size=\"40\" maxlength=\"400\" class=\"wpcf7-form-control wpcf7-text wpcf7-validates-as-required form-control\" aria-required=\"true\" aria-invalid=\"false\" placeholder=\"L\u00fctfen biriminizi yaz\u0131n\u0131z\" value=\"\" type=\"text\" name=\"unit\" \/><\/span> <\/label>\n<\/p>\n<p><label> <b>B\u00d6L\u00dcM*<\/b><br \/>\n<span class=\"wpcf7-form-control-wrap\" data-name=\"dept\"><input size=\"40\" maxlength=\"400\" class=\"wpcf7-form-control wpcf7-text wpcf7-validates-as-required form-control\" aria-required=\"true\" aria-invalid=\"false\" placeholder=\"L\u00fctfen b\u00f6l\u00fcm\u00fcn\u00fcz\u00fc yaz\u0131n\u0131z\" value=\"\" type=\"text\" name=\"dept\" \/><\/span> <\/label>\n<\/p>\n<p><label> <b>TELEFON NO*<\/b><br \/>\n<span class=\"wpcf7-form-control-wrap\" data-name=\"telno\"><input size=\"40\" maxlength=\"400\" class=\"wpcf7-form-control wpcf7-tel wpcf7-validates-as-required wpcf7-text wpcf7-validates-as-tel form-control\" aria-required=\"true\" aria-invalid=\"false\" placeholder=\"5XXXXXXXXX\" value=\"\" type=\"tel\" name=\"telno\" \/><\/span><\/label>\n<\/p>\n<p><label> <b>E-POSTA ADRES\u0130*<\/b><br \/>\n<span class=\"wpcf7-form-control-wrap\" data-name=\"uni-mail\"><input size=\"40\" maxlength=\"400\" class=\"wpcf7-form-control wpcf7-email wpcf7-validates-as-required wpcf7-text wpcf7-validates-as-email form-control\" aria-required=\"true\" aria-invalid=\"false\" placeholder=\"L\u00fctfen aktif olarak kulland\u0131\u011f\u0131n\u0131z bir e-posta adresi yaz\u0131n\u0131z\" value=\"\" type=\"email\" name=\"uni-mail\" \/><\/span> <\/label>\n<\/p>\n<p><label> <b>ADRES*<\/b><br \/>\n<span class=\"wpcf7-form-control-wrap\" data-name=\"address\"><input size=\"40\" maxlength=\"400\" class=\"wpcf7-form-control wpcf7-text wpcf7-validates-as-required form-control\" aria-required=\"true\" aria-invalid=\"false\" placeholder=\"L\u00fctfen yaz\u0131\u015fma adresinizi yaz\u0131n\u0131z\" value=\"\" type=\"text\" name=\"address\" \/><\/span> <\/label>\n<\/p>\n<p><label> <b>KONU*<\/b><br \/>\n<span class=\"wpcf7-form-control-wrap\" data-name=\"topic\"><input size=\"40\" maxlength=\"400\" class=\"wpcf7-form-control wpcf7-text wpcf7-validates-as-required form-control\" aria-required=\"true\" aria-invalid=\"false\" placeholder=\"L\u00fctfen konu ile ilgili genel bir ba\u015fl\u0131k yaz\u0131n\u0131z\" value=\"\" type=\"text\" name=\"topic\" \/><\/span> <\/label>\n<\/p>\n<p><label> <b>B\u0130R\u0130M<\/b> (Dilek\u00e7enin g\u00f6nderilece\u011fi birim)<b>*<\/b><br \/>\n<span class=\"wpcf7-form-control-wrap\" data-name=\"ounit\"><select class=\"wpcf7-form-control wpcf7-select wpcf7-validates-as-required form-select\" aria-required=\"true\" aria-invalid=\"false\" name=\"ounit\"><option value=\"\">&#8212;Please choose an option&#8212;<\/option><option value=\"KA131 SMS - Avrupa i\u00e7i Giden \u00d6\u011frenci \u00d6\u011frenim Hareketlili\u011fi Birimi\">KA131 SMS - Avrupa i\u00e7i Giden \u00d6\u011frenci \u00d6\u011frenim Hareketlili\u011fi Birimi<\/option><option value=\"KA131 SMP - Avrupa i\u00e7i Giden \u00d6\u011frenci Staj Hareketlili\u011fi Birimi\">KA131 SMP - Avrupa i\u00e7i Giden \u00d6\u011frenci Staj Hareketlili\u011fi Birimi<\/option><option value=\"KA131 STA_STT - Avrupa i\u00e7i Giden Personel Hareketlilikleri Birimi\">KA131 STA_STT - Avrupa i\u00e7i Giden Personel Hareketlilikleri Birimi<\/option><option value=\"KA171 - Avrupa d\u0131\u015f\u0131 Giden \u00d6\u011frenci ve Personel Hareketlilikleri Birimi\">KA171 - Avrupa d\u0131\u015f\u0131 Giden \u00d6\u011frenci ve Personel Hareketlilikleri Birimi<\/option><option value=\"Genel &amp; Di\u011fer Konular\">Genel &amp; Di\u011fer Konular<\/option><option value=\"\u0130\u015eKUR Gen\u00e7lik Program\u0131\">\u0130\u015eKUR Gen\u00e7lik Program\u0131<\/option><\/select><\/span> <\/label>\n<\/p>\n<p><label> <b>\u0130\u00c7ER\u0130K*<\/b><br \/>\n<span class=\"wpcf7-form-control-wrap\" data-name=\"content\"><textarea cols=\"40\" rows=\"10\" maxlength=\"2000\" class=\"wpcf7-form-control wpcf7-textarea form-control\" aria-invalid=\"false\" placeholder=\"L\u00fctfen dilek\u00e7enizin i\u00e7eri\u011fini (istek\/\u015fikayet\/\u00f6neri) yaz\u0131n\u0131z\" name=\"content\"><\/textarea><\/span> <\/label>\n<\/p>\n<p><label> <b>EK OLARAK DOSYA EKLEYECEK M\u0130S\u0130N\u0130Z?<\/b><\/label><br \/>\n<span class=\"wpcf7-form-control-wrap\" data-name=\"ekvarmi\"><span class=\"wpcf7-form-control wpcf7-radio form-check\"><span class=\"wpcf7-list-item first\"><label><input type=\"radio\" name=\"ekvarmi\" value=\"EVET\" \/><span class=\"wpcf7-list-item-label\">EVET<\/span><\/label><\/span><span class=\"wpcf7-list-item last\"><label><input type=\"radio\" name=\"ekvarmi\" value=\"HAYIR\" checked=\"checked\" \/><span class=\"wpcf7-list-item-label\">HAYIR<\/span><\/label><\/span><\/span><\/span>\n<\/p>\n<div data-id=\"ek_popup\" data-orig_data_id=\"ek_popup\" data-clear_on_hide class=\"\" data-class=\"wpcf7cf_group\">\n\t<p><label> <b>EKLER<\/b><br \/>\n<span class=\"wpcf7-form-control-wrap\" data-name=\"ekler\"><input size=\"40\" class=\"wpcf7-form-control wpcf7-drag-n-drop-file d-none\" aria-invalid=\"false\" type=\"file\" multiple=\"multiple\" data-name=\"ekler\" data-limit=\"2097152\" data-min=\"0\" data-max=\"2\" data-id=\"787\" data-version=\"free version 1.3.9.6\" accept=\".\" \/><\/span><\/label><br \/>\n<span><i>Azami dosya boyutu: 2 MB'dir. Bu boyutun \u00fczerindeki dosyalar\u0131n boyutunu k\u00fc\u00e7\u00fclt\u00fcp y\u00fckleyiniz.<\/i><\/span>\n\t<\/p>\n<\/div>\n<p><label> <b>KVKK<\/b><br \/>\n<span class=\"wpcf7-form-control-wrap\" data-name=\"kvkk\"><span class=\"wpcf7-form-control wpcf7-acceptance\"><span class=\"wpcf7-list-item\"><label><input type=\"checkbox\" name=\"kvkk\" value=\"1\" aria-invalid=\"false\" \/><span class=\"wpcf7-list-item-label\">6698 Say\u0131l\u0131 Ki\u015fisel Verilerin Korunmas\u0131 Kanunu kapsam\u0131ndaki verilerimin <a href=\"\/kvkk\" target=\"_blank\">A\u00e7\u0131k R\u0131za Metni<\/a>nde belirtildi\u011fi \u015fekilde i\u015flenmesini onayl\u0131yorum.<\/span><\/label><\/span><\/span><\/span><\/label>\n<\/p>\n<span class=\"wpcf7-form-control-wrap signdate\" data-name=\"signdate\"><input type=\"hidden\" name=\"signdate\" class=\"wpcf7-form-control wpcf7-hidden wpcf7dtx wpcf7dtx-hidden\" aria-invalid=\"false\" value=\"13\/04\/2026\"><\/span>\n<p><label><b>\u0130MZA<\/b><\/label>\n<\/p>\n<p><div class=\"wpcf7-form-control-signature-global-wrap wpcf7-form-control-wrap\" data-field-id=\"sign\">\n\t\t\t\t<div class=\"wpcf7-form-control-signature-wrap\" style=\"width:300px;height:200px;\">\n\t\t\t\t\t<div class=\"wpcf7-form-control-signature-body\">\n\t\t\t\t\t\t<canvas data-color=\"#0000FF\" data-background=\"#FFFFFF\" id=\"wpcf7_sign_signature\" class=\"sign border\"><\/canvas>\n\t\t\t\t\t<\/div>\n\t\t\t\t<\/div>\n\t\t\t\t<div class=\"wpcf7-form-control-clear-wrap\">\n\t\t\t\t\t<input id=\"wpcf7_sign_clear\" type=\"button\" value=\"Clear\"\/>\n\t\t\t\t<\/div>\n\t\t\t<\/div>\n\t\t\t<span class=\"wpcf7-form-control-wrap wpcf7-form-control-signature-input-wrap sign\">\n\t\t\t\t  <input aria-required=\"true\" aria-invalid=\"false\" value=\"\" type=\"hidden\" name=\"sign\" id=\"wpcf7_input_sign\" class=\"wpcf7-form-control wpcf7-signature\" \/><input type=\"hidden\" name=\"sign-attachment\" id=\"wpcf7_input_sign_attachment\" class=\"wpcf7-form-control wpcf7-signature\" \/><input type=\"hidden\" name=\"sign-inline\" id=\"wpcf7_input_sign_inline\" class=\"wpcf7-form-control wpcf7-signature\" \/>\n\t\t\t\t\n\t\t\t<\/span>\n\t\t\t<span><i>L\u00fctfen fare veya dokunmatik ekran yard\u0131m\u0131yla yukar\u0131daki alana imzan\u0131z\u0131 at\u0131n\u0131z. \u0130mzay\u0131 silmek i\u00e7in CLEAR butonuna t\u0131klayabilirsiniz. \u0130mza g\u00f6r\u00fcnm\u00fcyor ise CLEAR butonuna t\u0131klay\u0131p yeniden imza at\u0131n\u0131z.<\/i><\/span>\n<\/p>\n<p><label><b>G\u00fcvenlik Do\u011frulamas\u0131<\/b><\/label>\n<\/p>\n<div class=\"wpcf7-turnstile cf-turnstile\" data-sitekey=\"0x4AAAAAACLdUHLrCkA1jjVy\" data-response-field-name=\"_wpcf7_turnstile_response\" data-theme=\"light\" data-language=\"en\"><\/div>\n<p>&nbsp;\n<\/p>\n<p><input class=\"wpcf7-form-control wpcf7-submit has-spinner btn btn-theme\" type=\"submit\" value=\"G\u00f6nder\" \/>\n<\/p><div class=\"wpcf7-response-output\" aria-hidden=\"true\"><\/div>\n<\/form>\n<\/div>\n\n","protected":false},"excerpt":{"rendered":"<p>Erasmus+ Genel Ama\u00e7l\u0131 Dilek\u00e7e<\/p>","protected":false},"author":1,"featured_media":0,"parent":784,"menu_order":0,"comment_status":"closed","ping_status":"closed","template":"","meta":{"_gspb_post_css":"","footnotes":""},"class_list":["post-6830","page","type-page","status-publish","hentry"],"blocksy_meta":[],"_links":{"self":[{"href":"https:\/\/erasmus.cumhuriyet.edu.tr\/en\/wp-json\/wp\/v2\/pages\/6830","targetHints":{"allow":["GET"]}}],"collection":[{"href":"https:\/\/erasmus.cumhuriyet.edu.tr\/en\/wp-json\/wp\/v2\/pages"}],"about":[{"href":"https:\/\/erasmus.cumhuriyet.edu.tr\/en\/wp-json\/wp\/v2\/types\/page"}],"author":[{"embeddable":true,"href":"https:\/\/erasmus.cumhuriyet.edu.tr\/en\/wp-json\/wp\/v2\/users\/1"}],"replies":[{"embeddable":true,"href":"https:\/\/erasmus.cumhuriyet.edu.tr\/en\/wp-json\/wp\/v2\/comments?post=6830"}],"version-history":[{"count":19,"href":"https:\/\/erasmus.cumhuriyet.edu.tr\/en\/wp-json\/wp\/v2\/pages\/6830\/revisions"}],"predecessor-version":[{"id":6861,"href":"https:\/\/erasmus.cumhuriyet.edu.tr\/en\/wp-json\/wp\/v2\/pages\/6830\/revisions\/6861"}],"up":[{"embeddable":true,"href":"https:\/\/erasmus.cumhuriyet.edu.tr\/en\/wp-json\/wp\/v2\/pages\/784"}],"wp:attachment":[{"href":"https:\/\/erasmus.cumhuriyet.edu.tr\/en\/wp-json\/wp\/v2\/media?parent=6830"}],"curies":[{"name":"wp","href":"https:\/\/api.w.org\/{rel}","templated":true}]}}