{"id":6345,"date":"2025-06-06T20:11:11","date_gmt":"2025-06-06T17:11:11","guid":{"rendered":"https:\/\/erasmus.cumhuriyet.edu.tr\/?page_id=6345"},"modified":"2025-07-21T05:48:22","modified_gmt":"2025-07-21T02:48:22","slug":"appointment","status":"publish","type":"page","link":"https:\/\/erasmus.cumhuriyet.edu.tr\/en\/appointment\/","title":{"rendered":"Randevu Alma"},"content":{"rendered":"<h2>Randevu Alma<\/h2>\n<p>Koordinat\u00f6rl\u00fc\u011f\u00fcm\u00fcz dan\u0131\u015fmanl\u0131k hizmeti g\u00f6r\u00fc\u015fme saatleri i\u00e7erisinde randevu ile yap\u0131lmaktad\u0131r. Personel \u0130zin Listesi ba\u015fl\u0131\u011f\u0131 alt\u0131nda izinli olan personelin yerine bakacak personel belirtilmektedir. Randevu al\u0131rken izinli bir personelin vermi\u015f oldu\u011fu hizmeti yerine bakacak personele randevu alarak dan\u0131\u015fmanl\u0131k hizmetini alabilirsiniz.<\/p>\n<p>            <a href=\"\/en\/office-hours\/\" data-text=\"\"><br \/>\n                                            <svg aria-hidden=\"true\" viewbox=\"0 0 512 512\" xmlns=\"http:\/\/www.w3.org\/2000\/svg\"><path d=\"M256 8C119 8 8 119 8 256s111 248 248 248 248-111 248-248S393 8 256 8zm0 448c-110.5 0-200-89.5-200-200S145.5 56 256 56s200 89.5 200 200-89.5 200-200 200zm61.8-104.4l-84.9-61.7c-3.1-2.3-4.9-5.9-4.9-9.7V116c0-6.6 5.4-12 12-12h32c6.6 0 12 5.4 12 12v141.7l66.8 48.6c5.4 3.9 6.5 11.4 2.6 16.8L334.6 349c-3.9 5.3-11.4 6.5-16.8 2.6z\"><\/path><\/svg><br \/>\n                    G\u00f6r\u00fc\u015fme Saatleri<br \/>\n\t                        <\/a><\/p>\n<h3>Personel \u0130zin Listesi<\/h3>\n<p>\t\t\t<iframe src=\"https:\/\/docs.google.com\/spreadsheets\/d\/e\/2PACX-1vSfivPoPdUlpUja-bwmIlLKrJudz3KCi_yz7yme-DyAtfLWnW7eu0CkC7kMwqhwRu3vk3MVb2u2QUJt\/pubhtml?widget=true&amp;headers=false\" height=\"375px\"><\/iframe>\t\t<\/p>\n<h3>Randevu Sistemine Eri\u015fim<\/h3>\n<p>Randevu sistemine a\u015fa\u011f\u0131daki butona t\u0131klayarak eri\u015febilirsiniz.<\/p>\n<p>\t\t\tDikkat!<br \/>\n\t\t\t\t\t\t\tAlm\u0131\u015f oldu\u011funuz randevunun stat\u00fcs\u00fc \u00f6nce <b>Onay Bekliyor<\/b> olarak g\u00f6r\u00fcnmekte ve taraf\u0131n\u0131za bunu belirten bir e-posta g\u00f6nderilmektedir. Randevunuz onayland\u0131ktan sonra e-posta adresinize onay iletisi otomatik olarak g\u00f6nderilecektir.<br \/>\n            <a href=\"https:\/\/scu.erasmus.tr\/appointment\/index.php\/\" target=\"_blank\" data-text=\"\"><br \/>\n                                            <svg aria-hidden=\"true\" viewbox=\"0 0 448 512\" xmlns=\"http:\/\/www.w3.org\/2000\/svg\"><path d=\"M400 64h-48V12c0-6.627-5.373-12-12-12h-40c-6.627 0-12 5.373-12 12v52H160V12c0-6.627-5.373-12-12-12h-40c-6.627 0-12 5.373-12 12v52H48C21.49 64 0 85.49 0 112v352c0 26.51 21.49 48 48 48h352c26.51 0 48-21.49 48-48V112c0-26.51-21.49-48-48-48zm-6 400H54a6 6 0 0 1-6-6V160h352v298a6 6 0 0 1-6 6zm-52.849-200.65L198.842 404.519c-4.705 4.667-12.303 4.637-16.971-.068l-75.091-75.699c-4.667-4.705-4.637-12.303.068-16.971l22.719-22.536c4.705-4.667 12.303-4.637 16.97.069l44.104 44.461 111.072-110.181c4.705-4.667 12.303-4.637 16.971.068l22.536 22.718c4.667 4.705 4.636 12.303-.069 16.97z\"><\/path><\/svg><br \/>\n                    Randevu Al<br \/>\n\t                        <\/a><\/p>","protected":false},"excerpt":{"rendered":"<p>Randevu Alma Koordinat\u00f6rl\u00fc\u011f\u00fcm\u00fcz dan\u0131\u015fmanl\u0131k hizmeti g\u00f6r\u00fc\u015fme saatleri i\u00e7erisinde randevu ile yap\u0131lmaktad\u0131r. Personel \u0130zin Listesi ba\u015fl\u0131\u011f\u0131 alt\u0131nda izinli olan personelin yerine bakacak personel belirtilmektedir. Randevu al\u0131rken izinli bir personelin vermi\u015f oldu\u011fu hizmeti yerine bakacak personele randevu alarak dan\u0131\u015fmanl\u0131k hizmetini alabilirsiniz. G\u00f6r\u00fc\u015fme Saatleri Personel \u0130zin Listesi Randevu Sistemine Eri\u015fim Randevu sistemine a\u015fa\u011f\u0131daki butona t\u0131klayarak eri\u015febilirsiniz. Dikkat! Alm\u0131\u015f [&hellip;]<\/p>\n","protected":false},"author":1,"featured_media":0,"parent":0,"menu_order":0,"comment_status":"closed","ping_status":"closed","template":"","meta":{"_gspb_post_css":"","footnotes":""},"class_list":["post-6345","page","type-page","status-publish","hentry"],"blocksy_meta":[],"_links":{"self":[{"href":"https:\/\/erasmus.cumhuriyet.edu.tr\/en\/wp-json\/wp\/v2\/pages\/6345","targetHints":{"allow":["GET"]}}],"collection":[{"href":"https:\/\/erasmus.cumhuriyet.edu.tr\/en\/wp-json\/wp\/v2\/pages"}],"about":[{"href":"https:\/\/erasmus.cumhuriyet.edu.tr\/en\/wp-json\/wp\/v2\/types\/page"}],"author":[{"embeddable":true,"href":"https:\/\/erasmus.cumhuriyet.edu.tr\/en\/wp-json\/wp\/v2\/users\/1"}],"replies":[{"embeddable":true,"href":"https:\/\/erasmus.cumhuriyet.edu.tr\/en\/wp-json\/wp\/v2\/comments?post=6345"}],"version-history":[{"count":30,"href":"https:\/\/erasmus.cumhuriyet.edu.tr\/en\/wp-json\/wp\/v2\/pages\/6345\/revisions"}],"predecessor-version":[{"id":7422,"href":"https:\/\/erasmus.cumhuriyet.edu.tr\/en\/wp-json\/wp\/v2\/pages\/6345\/revisions\/7422"}],"wp:attachment":[{"href":"https:\/\/erasmus.cumhuriyet.edu.tr\/en\/wp-json\/wp\/v2\/media?parent=6345"}],"curies":[{"name":"wp","href":"https:\/\/api.w.org\/{rel}","templated":true}]}}