{"id":423,"date":"2022-08-08T09:55:54","date_gmt":"2022-08-08T09:55:54","guid":{"rendered":"https:\/\/erasmus.cumhuriyet.edu.tr\/?page_id=423"},"modified":"2026-02-14T20:39:44","modified_gmt":"2026-02-14T17:39:44","slug":"erasmus","status":"publish","type":"page","link":"https:\/\/erasmus.cumhuriyet.edu.tr\/en\/erasmus\/","title":{"rendered":"Erasmus+"},"content":{"rendered":"<h4 id=\"gspb_heading-id-gsbp-903c2e9\" class=\"gspb_heading gspb_heading-id-gsbp-903c2e9\">Erasmus+ Nedir?<\/h4>\n\n\n\n<p>Erasmus+ Program\u0131 Avrupa Birli\u011finin e\u011fitim, gen\u00e7lik ve spor alanlar\u0131ndaki hibe program\u0131d\u0131r. Yurt d\u0131\u015f\u0131nda e\u011fitim, \u00f6\u011fretim, staj, profesyonel geli\u015fim, yayg\u0131n \u00f6\u011frenme temelli gen\u00e7lik aktiviteleri ile kurumlar aras\u0131ndaki i\u015fbirliklerini desteklemektedir.<\/p>\n\n\n\n<p>Erasmus+ 2021-2027 y\u0131llar\u0131 aras\u0131nda uygulanan e\u011fitim, gen\u00e7lik ve spor alanlar\u0131n\u0131 kapsayan Avrupa Birli\u011finin hibe program\u0131d\u0131r. Erasmus+ Program\u0131 ile ki\u015filere, ya\u015f ve e\u011fitim ge\u00e7mi\u015flerine bak\u0131lmaks\u0131z\u0131n yeni beceriler kazand\u0131r\u0131lmas\u0131, onlar\u0131n ki\u015fisel geli\u015fimlerinin g\u00fc\u00e7lendirilmesi ve istihdam olanaklar\u0131n\u0131n art\u0131r\u0131lmas\u0131 ama\u00e7lanmaktad\u0131r. Erasmus+ Program\u0131n\u0131n 2021-2027 y\u0131llar\u0131 i\u00e7in t\u00fcm Avrupa\u2019daki b\u00fct\u00e7esi 28,4 Milyar Avro\u2019dur.<\/p>\n\n\n\n<p>Erasmus+ Program\u0131 kapsam\u0131nda desteklenen faaliyetler temel olarak 3 Ana Eylem (Key Action, KA) ve 1 \u00d6zel Eylem alt\u0131nda toplanmaktad\u0131r.<\/p>\n\n\n\n<ul class=\"wp-block-list\">\n<li><strong>KA1: Bireylerin \u00d6\u011frenme Hareketlili\u011fi<\/strong>\n<ul class=\"wp-block-list\">\n<li><strong>Y\u00fcksek\u00f6\u011fretim \u00d6\u011frenci ve Personeline Y\u00f6nelik Hareketlilik Projesi<\/strong>\n<ul class=\"wp-block-list\">\n<li><strong>KA131: AB \u00dcye \u00dclkeleri ve Programla \u0130li\u015fkili \u00dc\u00e7\u00fcnc\u00fc \u00dclkeler (Avrupa i\u00e7i)<\/strong>\n<ul class=\"wp-block-list\">\n<li><strong>Student Mobility<\/strong><\/li>\n\n\n\n<li><strong>Staff Mobility<\/strong><\/li>\n<\/ul>\n<\/li>\n\n\n\n<li><strong>KA171:Programla \u0130li\u015fkili Olmayan \u00dc\u00e7\u00fcnc\u00fc \u00dclkeler (Avrupa d\u0131\u015f\u0131)<\/strong>\n<ul class=\"wp-block-list\">\n<li><strong>Student Mobility<\/strong><\/li>\n\n\n\n<li><strong>Staff Mobility<\/strong><\/li>\n<\/ul>\n<\/li>\n<\/ul>\n<\/li>\n<\/ul>\n<\/li>\n\n\n\n<li>KA2: Kurum ve Kurulu\u015flar aras\u0131nda \u0130\u015fbirli\u011fi<\/li>\n\n\n\n<li>KA3: Politika geli\u015fimi ve \u0130\u015fbirli\u011fine Destek<\/li>\n\n\n\n<li>Jean Monnet<\/li>\n<\/ul>\n\n\n\n<div class=\"wp-block-greenshift-blocks-image gspb_image gspb_image-id-gsbp-f3532be gssimglightbox\" id=\"gspb_image-id-gsbp-f3532be\"><img data-src=\"https:\/\/erasmus.cumhuriyet.edu.tr\/wp-content\/uploads\/2026-erasmus-programme-ua-scaled.png\" alt=\"\" loading=\"lazy\" class=\"lazyload\" width=\"2560\" height=\"1305\"\/><\/div>\n\n\n\n<div class=\"wp-block-greenshift-blocks-video gs-video youtube gspb_video-id-gsbp-608585b\" id=\"gs-video-gsbp-608585b\"><div class=\"gs-video-wrapper\" itemscope><iframe class=\"gs-video-element\" data-src=\"https:\/\/www.youtube.com\/watch?v=EL4mPrWbKxM\" data-provider=\"youtube\" data-autoplay=\"false\" data-playsinline=\"false\" data-controls=\"true\" data-loop=\"false\" data-mute=\"false\" data-overlay=\"false\" data-lightbox=\"false\" data-modestbranding=\"true\" data-suggested=\"false\" frameborder=\"0\" allowfullscreen><\/iframe><\/div><\/div>\n\n\n\n<div class=\"wp-block-greenshift-blocks-video gs-video youtube gspb_video-id-gsbp-5d92ccf\" id=\"gs-video-gsbp-5d92ccf\"><div class=\"gs-video-wrapper\" itemscope><iframe class=\"gs-video-element\" data-src=\"https:\/\/www.youtube.com\/watch?v=gmdwrNu96Do\" data-provider=\"youtube\" data-autoplay=\"false\" data-playsinline=\"false\" data-controls=\"true\" data-loop=\"false\" data-mute=\"false\" data-overlay=\"false\" data-lightbox=\"false\" data-modestbranding=\"true\" data-suggested=\"false\" frameborder=\"0\" allowfullscreen><\/iframe><\/div><\/div>\n\n\n\n<h4 id=\"gspb_heading-id-gsbp-ab7f880\" class=\"gspb_heading gspb_heading-id-gsbp-ab7f880\">Tarih\u00e7e<\/h4>\n\n\n\n<ul class=\"wp-block-list\">\n<li>1981-1986: Pilot \u00f6\u011frenci de\u011fi\u015fimi<\/li>\n\n\n\n<li>17.06.1987: 11 \u00dclke (Bel\u00e7ika, Danimarka, Almanya, Yunanistan, Fransa, \u0130rlanda, \u0130talya, Hollanda, Portekiz, \u0130spanya ve Birle\u015fik Krall\u0131k) aras\u0131nda Erasmus program\u0131n\u0131n ba\u015flamas\u0131<\/li>\n\n\n\n<li>1988: L\u00fcksemburg ile ilk de\u011fi\u015fim<\/li>\n\n\n\n<li>1992: 6 EFTA \u00fclkesi ile ilk de\u011fi\u015fim (Avusturya, Finlandiya, \u0130zlanda, Norve\u00e7, \u0130sve\u00e7 ve \u0130svi\u00e7re)<\/li>\n\n\n\n<li>1994: Lihten\u015ftayn ile ilk de\u011fi\u015fim<\/li>\n\n\n\n<li>1994-1999: Erasmus program\u0131, Soktrates program\u0131 alt\u0131nda hizmet vermeye devam etti<\/li>\n\n\n\n<li>1998: 6 Orta ve Do\u011fu Avrupa \u00fclkesi ile ilk de\u011fi\u015fim (GKRY, \u00c7ek Cumhuriyeti, Macaristan, Polonya, Romanya ve Slovakya)<\/li>\n\n\n\n<li>1999: 5 Orta ve Do\u011fu Avrupa \u00fclkesi ile ilk de\u011fi\u015fim (Bulgaristan, Estonya, Letonya, Litvanya ve Slovenya)<\/li>\n\n\n\n<li><strong>1999: Helsinki Zirvesi\u2019nde T\u00fcrkiye\u2019nin Avrupa Birli\u011fi\u2019ne adayl\u0131k s\u00fcrecinin ba\u015flamas\u0131 ile topluluk programlar\u0131ndan yararlanmaya ba\u015flam\u0131\u015ft\u0131r.<\/strong><\/li>\n\n\n\n<li>2000: Malta ile ilk de\u011fi\u015fim<\/li>\n\n\n\n<li>2000-2006: Sokrates Program\u0131, Sokrates II program\u0131 olarak devam etti<\/li>\n\n\n\n<li>2002: 1 milyonuncu Erasmus \u00f6\u011frencisi<\/li>\n\n\n\n<li><strong>2002: T\u00fcrkiye\u2019nin AB programlar\u0131ndan yararlanmas\u0131n\u0131 sa\u011flayacak olan ve taraflarca 26 \u015eubat 2002 tarihinde imzalanm\u0131\u015f bulunan \u00c7er\u00e7eve Anla\u015fmay\u0131 onaylayan 4763 say\u0131l\u0131 Kanun da TBMM taraf\u0131ndan g\u00f6r\u00fc\u015f\u00fclerek uygun bulunmu\u015fve 28 Haziran 2002 tarihli Resmi Gazetede yay\u0131nlanarak y\u00fcr\u00fcrl\u00fc\u011fe girmi\u015ftir. Anla\u015fman\u0131n i\u00e7eri\u011fi ve dayand\u0131\u011f\u0131 Bakanlar Kurulu Karar\u0131 ise imzalar\u0131n tamamlanmas\u0131ndan sonra 1 Eyl\u00fcl 2002 tarihli Resmi Gazetede yay\u0131nlanm\u0131\u015ft\u0131r.<\/strong><\/li>\n\n\n\n<li><strong>2002: T\u00fcrkiye\u2019de \u201cUlusal Ajans\u201d g\u00f6revini \u00fcstlenmek \u00fczere Ocak 2002 tarihinde Bakanlar Kurulu Karar\u0131 ile Devlet Planlama Te\u015fkilat\u0131 b\u00fcnyesinde Avrupa Birli\u011fi E\u011fitim ve Gen\u00e7lik Programlar\u0131 Daire Ba\u015fkanl\u0131\u011f\u0131 kurulmu\u015ftur.<\/strong><\/li>\n\n\n\n<li><strong>2003: Avrupa Birli\u011fi E\u011fitim ve Gen\u00e7lik Programlar\u0131 Merkezi Ba\u015fkanl\u0131\u011f\u0131 (T\u00fcrkiye Ulusal Ajans\u0131), 6 A\u011fustos 2003 tarihli, 25191 say\u0131l\u0131 Resmi Gazete\u2019de yay\u0131mlanan 540 say\u0131l\u0131 Devlet Planlama Te\u015fkilat\u0131 Kurulu\u015f ve G\u00f6revleri Hakk\u0131nda KHK\u2019da De\u011fi\u015fiklik Yap\u0131lmas\u0131 Hakk\u0131nda 4968 say\u0131l\u0131 Kanunla kurulmu\u015f olup t\u00fczel ki\u015fili\u011fi haiz, idar\u00ee ve mal\u00ee \u00f6zerkli\u011fe sahip bir kurulu\u015ftur. Ba\u015fkanl\u0131k 2011 y\u0131l\u0131nda 634 say\u0131l\u0131 KHK ile Avrupa Birli\u011fi Bakanl\u0131\u011f\u0131n\u0131n ilgili kurulu\u015fu olmu\u015ftur.<\/strong><\/li>\n\n\n\n<li><strong>2003: T\u00fcrkiye\u2019de pilot \u00fcniversiteler belirlenerek Erasmus program\u0131 uygulanmaya ba\u015fland\u0131<\/strong><\/li>\n\n\n\n<li><strong>2004 :T\u00fcrkiye ile ilk de\u011fi\u015fim<\/strong><\/li>\n\n\n\n<li>2007-2013: Sokrates ve Leonardo da Vinci Programlar\u0131 Ya\u015fam Boyu \u00d6\u011frenme Program\u0131 (LLP) olarak devam etti<\/li>\n\n\n\n<li>2009: H\u0131rvatistanile ilk de\u011fi\u015fim ve 2 milyonuncu Erasmus \u00f6\u011frencisi<\/li>\n\n\n\n<li>2012\/2013: \u00dc\u00e7 milyonuncu Erasmus \u00f6\u011frencisi<\/li>\n\n\n\n<li>2014: Yeni ERASMUS+ Program\u0131\u2019n\u0131n ba\u015flamas\u0131 ve Makedonya ile ilk de\u011fi\u015fim<\/li>\n\n\n\n<li>2014-2020: Erasmus+ Program\u0131n\u0131n 1. yedi y\u0131ll\u0131k program d\u00f6nemi<\/li>\n\n\n\n<li><strong>2018: Ba\u015fkanl\u0131k 2018 y\u0131l\u0131nda 4 no\u2019lu Cumhurba\u015fkanl\u0131\u011f\u0131 Kararnamesi ile D\u0131\u015fi\u015fleri Bakanl\u0131\u011f\u0131\u2019n\u0131n ba\u011fl\u0131 kurulu\u015fu olan Avrupa Birli\u011fi Ba\u015fkanl\u0131\u011f\u0131\u2019n\u0131n ilgili kurulu\u015fu olmu\u015ftur.<\/strong><\/li>\n\n\n\n<li>2021-2027: Erasmus+ Program\u0131n\u0131n 2. yedi y\u0131ll\u0131k program d\u00f6nemi<\/li>\n<\/ul>","protected":false},"excerpt":{"rendered":"<p>Erasmus+ Program\u0131 Avrupa Birli\u011finin e\u011fitim, gen\u00e7lik ve spor alanlar\u0131ndaki hibe program\u0131d\u0131r. Yurt d\u0131\u015f\u0131nda e\u011fitim, \u00f6\u011fretim, staj, profesyonel geli\u015fim, yayg\u0131n \u00f6\u011frenme temelli gen\u00e7lik aktiviteleri ile kurumlar aras\u0131ndaki i\u015fbirliklerini desteklemektedir. Erasmus+ 2021-2027 y\u0131llar\u0131 aras\u0131nda uygulanan e\u011fitim, gen\u00e7lik ve spor alanlar\u0131n\u0131 kapsayan Avrupa Birli\u011finin hibe program\u0131d\u0131r. Erasmus+ Program\u0131 ile ki\u015filere, ya\u015f ve e\u011fitim ge\u00e7mi\u015flerine bak\u0131lmaks\u0131z\u0131n yeni beceriler kazand\u0131r\u0131lmas\u0131, [&hellip;]<\/p>\n","protected":false},"author":1,"featured_media":8390,"parent":0,"menu_order":0,"comment_status":"closed","ping_status":"closed","template":"","meta":{"_gspb_post_css":"#gspb_image-id-gsbp-f3532be img{vertical-align:top;display:inline-block;box-sizing:border-box;max-width:100%;height:auto}body.gspb-bodyfront img.lazyload{opacity:0;visibility:hidden}body.gspb-bodyfront img.lazyloaded,body.gspb-bodyfront img.lazyloading{opacity:1;transition:opacity 500ms ease-in}.gs-video video{display:block}.gs-video-overlay:hover .gs-play-icon{opacity:1}.gs-video{position:relative}.gs-video-wrapper{position:relative;height:inherit;max-width:100%}.gs-video-header{text-align:center}.gs-video-header .gs-video-header-title{font-size:24px;line-height:1.3;font-weight:700;margin:0 0 15px}.gs-video-header .gs-video-header-description{font-size:16px;line-height:1.5;margin:0 0 25px}.gs-video .gs-video-element,.gs-video .gs-video-wrapper iframe{width:100%;height:100%;object-fit:cover;border:0}.gs-video .gs-video-wrapper iframe{aspect-ratio:16\/9;display:block}.gs-video-overlay{position:absolute;left:0;top:0;width:100%;height:100%;z-index:3;background-color:rgba(0,0,0,.1);background-size:cover;background-position:center;background-repeat:no-repeat;cursor:pointer}.gs-video-overlay .gs-overlay-color{position:absolute;left:0;top:0;width:100%;height:100%;z-index:2}.gs-video-popup .slbContentOuter{width:100%;max-width:1000px}.gs-video-popup .slbContentOuter .slbContent iframe,.gs-video-popup .slbContentOuter .slbContent video{width:100%;height:100%;object-fit:cover}.gs-video-popup .slbContentOuter .slbContent iframe{aspect-ratio:16\/9}.gs-video-popup .slbCloseBtn{font-size:30px;width:40px;height:40px;line-height:40px;right:0;top:-50px}","footnotes":""},"class_list":["post-423","page","type-page","status-publish","has-post-thumbnail","hentry"],"blocksy_meta":[],"_links":{"self":[{"href":"https:\/\/erasmus.cumhuriyet.edu.tr\/en\/wp-json\/wp\/v2\/pages\/423","targetHints":{"allow":["GET"]}}],"collection":[{"href":"https:\/\/erasmus.cumhuriyet.edu.tr\/en\/wp-json\/wp\/v2\/pages"}],"about":[{"href":"https:\/\/erasmus.cumhuriyet.edu.tr\/en\/wp-json\/wp\/v2\/types\/page"}],"author":[{"embeddable":true,"href":"https:\/\/erasmus.cumhuriyet.edu.tr\/en\/wp-json\/wp\/v2\/users\/1"}],"replies":[{"embeddable":true,"href":"https:\/\/erasmus.cumhuriyet.edu.tr\/en\/wp-json\/wp\/v2\/comments?post=423"}],"version-history":[{"count":188,"href":"https:\/\/erasmus.cumhuriyet.edu.tr\/en\/wp-json\/wp\/v2\/pages\/423\/revisions"}],"predecessor-version":[{"id":8770,"href":"https:\/\/erasmus.cumhuriyet.edu.tr\/en\/wp-json\/wp\/v2\/pages\/423\/revisions\/8770"}],"wp:featuredmedia":[{"embeddable":true,"href":"https:\/\/erasmus.cumhuriyet.edu.tr\/en\/wp-json\/wp\/v2\/media\/8390"}],"wp:attachment":[{"href":"https:\/\/erasmus.cumhuriyet.edu.tr\/en\/wp-json\/wp\/v2\/media?parent=423"}],"curies":[{"name":"wp","href":"https:\/\/api.w.org\/{rel}","templated":true}]}}