{"id":3912,"date":"2024-06-03T00:28:25","date_gmt":"2024-06-02T21:28:25","guid":{"rendered":"https:\/\/erasmus.cumhuriyet.edu.tr\/?page_id=3912"},"modified":"2026-01-09T04:14:19","modified_gmt":"2026-01-09T01:14:19","slug":"whatsapp","status":"publish","type":"page","link":"https:\/\/erasmus.cumhuriyet.edu.tr\/en\/contact\/whatsapp\/","title":{"rendered":"WhatsApp \u0130leti\u015fim Hatt\u0131"},"content":{"rendered":"<div class=\"wp-block-greenshift-blocks-infobox gspb_infoBox gspb_infoBox-id-gsbp-f9fd2e3\" id=\"gspb_infoBox-id-gsbp-f9fd2e3\"><div class=\"gs-box download_type icon_type\"><div class=\"gs-box-icon\"><svg class=\"\" style=\"display:inline-block;vertical-align:middle\" width=\"32\" height=\"32\" viewbox=\"0 0 1024 1024\" xmlns=\"http:\/\/www.w3.org\/2000\/svg\"><path style=\"fill:#565D66\" d=\"M512 16c-273.914 0-496 222.166-496 496 0 273.994 222.086 496 496 496s496-222.006 496-496c0-273.834-222.086-496-496-496zM512 912c-221.064 0-400-178.862-400-400 0-220.99 178.944-400 400-400 220.982 0 400 178.942 400 400 0 221.060-178.862 400-400 400zM512 236c46.392 0 84 37.608 84 84s-37.608 84-84 84-84-37.608-84-84 37.608-84 84-84zM624 744c0 13.254-10.746 24-24 24h-176c-13.254 0-24-10.746-24-24v-48c0-13.254 10.746-24 24-24h24v-128h-24c-13.254 0-24-10.746-24-24v-48c0-13.254 10.746-24 24-24h128c13.254 0 24 10.746 24 24v200h24c13.254 0 24 10.746 24 24v48z\"><\/path><\/svg><\/div><div class=\"gs-box-text\">\n<p><strong>Dikkat!<\/strong><\/p>\n\n\n\n<p>WhatsApp ileti\u015fim hatt\u0131 yaln\u0131zca Uluslararas\u0131 \u0130li\u015fkiler Ofisi ve Erasmus+ Kurum Koordinat\u00f6rl\u00fc\u011f\u00fcn\u00fcn sorumluluk alan\u0131 \u00e7er\u00e7evesinde kullan\u0131lmaktad\u0131r. Hizmet verilen alanlar: De\u011fi\u015fim programlar\u0131 (Erasmus+, Mevlana, Farabi, Orhun, Memorandum of Understanding vd.)<\/p>\n<\/div><\/div><\/div>\n\n\n\n<div class=\"wp-block-greenshift-blocks-infobox gspb_infoBox gspb_infoBox-id-gsbp-139179d\" id=\"gspb_infoBox-id-gsbp-139179d\"><div class=\"gs-box notice_type icon_type\"><div class=\"gs-box-icon\"><svg x=\"0px\" y=\"0px\" viewbox=\"0 0 486.463 486.463\"> <g> <g> <path d=\"M243.225,333.382c-13.6,0-25,11.4-25,25s11.4,25,25,25c13.1,0,25-11.4,24.4-24.4 C268.225,344.682,256.925,333.382,243.225,333.382z\"><\/path> <path d=\"M474.625,421.982c15.7-27.1,15.8-59.4,0.2-86.4l-156.6-271.2c-15.5-27.3-43.5-43.5-74.9-43.5s-59.4,16.3-74.9,43.4 l-156.8,271.5c-15.6,27.3-15.5,59.8,0.3,86.9c15.6,26.8,43.5,42.9,74.7,42.9h312.8 C430.725,465.582,458.825,449.282,474.625,421.982z M440.625,402.382c-8.7,15-24.1,23.9-41.3,23.9h-312.8 c-17,0-32.3-8.7-40.8-23.4c-8.6-14.9-8.7-32.7-0.1-47.7l156.8-271.4c8.5-14.9,23.7-23.7,40.9-23.7c17.1,0,32.4,8.9,40.9,23.8 l156.7,271.4C449.325,369.882,449.225,387.482,440.625,402.382z\"><\/path> <path d=\"M237.025,157.882c-11.9,3.4-19.3,14.2-19.3,27.3c0.6,7.9,1.1,15.9,1.7,23.8c1.7,30.1,3.4,59.6,5.1,89.7 c0.6,10.2,8.5,17.6,18.7,17.6c10.2,0,18.2-7.9,18.7-18.2c0-6.2,0-11.9,0.6-18.2c1.1-19.3,2.3-38.6,3.4-57.9 c0.6-12.5,1.7-25,2.3-37.5c0-4.5-0.6-8.5-2.3-12.5C260.825,160.782,248.925,155.082,237.025,157.882z\"><\/path> <\/g> <\/g> <\/svg><\/div><div class=\"gs-box-text\">\n<p><strong>UYARI!<\/strong><\/p>\n\n\n\n<p>Uluslararas\u0131 \u00f6\u011frenci kay\u0131tlar\u0131 (Yabanc\u0131 \u00d6\u011frenci S\u0131nav\u0131 (Y\u00d6S)) i\u00e7in Uluslararas\u0131 \u00d6\u011frenci Koordinat\u00f6rl\u00fc\u011f\u00fc ile ileti\u015fime ge\u00e7ilmelidir. Koordinat\u00f6rl\u00fc\u011f\u00fcm\u00fcz uluslararas\u0131 \u00f6\u011frenci kay\u0131tlar\u0131ndan sorumlu de\u011fildir.<\/p>\n\n\n\n<p>Birimimiz yaln\u0131zca Erasmus+ De\u011fi\u015fim Program\u0131ndan sorumludur. \u00dcniversitemizde tam zamanl\u0131 olarak uluslararas\u0131 \u00f6\u011frenci kontenjan\u0131 kapsam\u0131nda ba\u015fvuru yapmak isteyen yabanc\u0131 uytuklu \u00f6\u011frencilerin Uluslararas\u0131 \u00d6\u011frenci Koordinat\u00f6rl\u00fc\u011f\u00fc ile ileti\u015fime ge\u00e7mesi gerekmektedir. Birimimize bu konuda g\u00f6nderilen mesajlar yan\u0131tlanmayacakt\u0131r.<\/p>\n<\/div><\/div><\/div>\n\n\n\n<div class=\"gspb_button_wrapper gspb_button-id-gsbp-ac6e41e\" id=\"gspb_button-id-gsbp-ac6e41e\"><a class=\"wp-block-greenshift-blocks-buttonbox gspb-buttonbox wp-element-button\" href=\"https:\/\/wa.me\/903464875160\" target=\"_blank\" rel=\"noopener\"><span class=\"gspb-buttonbox-textwrap\"><span class=\"gspb-buttonbox-text\"><span class=\"gspb-buttonbox-title\">WhatsApp hatt\u0131na ula\u015fmak i\u00e7in t\u0131klay\u0131n\u0131z<\/span><\/span><\/span><\/a><\/div>","protected":false},"excerpt":{"rendered":"","protected":false},"author":1,"featured_media":0,"parent":77,"menu_order":0,"comment_status":"closed","ping_status":"closed","template":"","meta":{"_gspb_post_css":".gs-box{padding:20px;border-left:5px solid transparent;margin-bottom:25px}.gs-box-text>p{margin-bottom:20px;margin-top:0}.gs-box-text>p:last-of-type{margin-bottom:0}.gs-box.download_type{color:#004085;background-color:#cce5ff;border-color:#b8daff}.gs-box.download_type svg{fill:#3a9aff}#gspb_infoBox-id-gsbp-f9fd2e3 svg,#gspb_infoBox-id-gsbp-f9fd2e3 svg path,#gspb_infoBox-id-gsbp-f9fd2e3 svg:hover,#gspb_infoBox-id-gsbp-f9fd2e3 svg:hover path{fill:var(--theme-link-initial-color, currentColor)!important}#gspb_infoBox-id-gsbp-f9fd2e3 svg{margin:0!important}.gs-box.notice_type{color:#856404;background-color:#fff3cd;border-color:#ffeeba}.gs-box.notice_type svg{fill:#f7a000}.gs-box.icon_type{display:flex}.gs-box.icon_type .gs-box-icon{width:28px;min-width:28px}.gs-box.icon_type .gs-box-text{flex-grow:1;margin:0 15px}#gspb_button-id-gsbp-ac6e41e{display:flex;justify-content:flex-start}#gspb_button-id-gsbp-ac6e41e .gspb-buttonbox-text{display:flex;flex-direction:column}#gspb_button-id-gsbp-ac6e41e>.gspb-buttonbox{box-sizing:border-box}","footnotes":""},"class_list":["post-3912","page","type-page","status-publish","hentry"],"blocksy_meta":[],"_links":{"self":[{"href":"https:\/\/erasmus.cumhuriyet.edu.tr\/en\/wp-json\/wp\/v2\/pages\/3912","targetHints":{"allow":["GET"]}}],"collection":[{"href":"https:\/\/erasmus.cumhuriyet.edu.tr\/en\/wp-json\/wp\/v2\/pages"}],"about":[{"href":"https:\/\/erasmus.cumhuriyet.edu.tr\/en\/wp-json\/wp\/v2\/types\/page"}],"author":[{"embeddable":true,"href":"https:\/\/erasmus.cumhuriyet.edu.tr\/en\/wp-json\/wp\/v2\/users\/1"}],"replies":[{"embeddable":true,"href":"https:\/\/erasmus.cumhuriyet.edu.tr\/en\/wp-json\/wp\/v2\/comments?post=3912"}],"version-history":[{"count":9,"href":"https:\/\/erasmus.cumhuriyet.edu.tr\/en\/wp-json\/wp\/v2\/pages\/3912\/revisions"}],"predecessor-version":[{"id":8478,"href":"https:\/\/erasmus.cumhuriyet.edu.tr\/en\/wp-json\/wp\/v2\/pages\/3912\/revisions\/8478"}],"up":[{"embeddable":true,"href":"https:\/\/erasmus.cumhuriyet.edu.tr\/en\/wp-json\/wp\/v2\/pages\/77"}],"wp:attachment":[{"href":"https:\/\/erasmus.cumhuriyet.edu.tr\/en\/wp-json\/wp\/v2\/media?parent=3912"}],"curies":[{"name":"wp","href":"https:\/\/api.w.org\/{rel}","templated":true}]}}