{"id":3324,"date":"2023-09-21T13:26:05","date_gmt":"2023-09-21T10:26:05","guid":{"rendered":"https:\/\/erasmus.cumhuriyet.edu.tr\/?page_id=3324"},"modified":"2026-01-08T23:18:24","modified_gmt":"2026-01-08T20:18:24","slug":"erasmus-days","status":"publish","type":"page","link":"https:\/\/erasmus.cumhuriyet.edu.tr\/en\/erasmus\/erasmus-days\/","title":{"rendered":"ErasmusDays"},"content":{"rendered":"<p>[vc_row][vc_column][vc_single_image image=&#8221;4202&#8243; img_size=&#8221;full&#8221; alignment=&#8221;center&#8221;][vc_column_text]14-19 Ekim 2024 tarihleri aras\u0131nda ErasmusDay Etkinlikleri kapsam\u0131nda d\u00fczenlenen etkinliklere a\u015fa\u011f\u0131dan ula\u015f\u0131labilir. Etkinliklerle ilgili foto\u011fraflar instagram hesab\u0131m\u0131zda payla\u015f\u0131lmaktad\u0131r.[\/vc_column_text][vc_row_inner][vc_column_inner width=&#8221;1\/4&#8243;][vc_single_image image=&#8221;4206&#8243; img_size=&#8221;medium&#8221; alignment=&#8221;center&#8221;][\/vc_column_inner][vc_column_inner width=&#8221;3\/4&#8243;][vc_column_text]<a href=\"https:\/\/www.erasmusdays.eu\/event\/esn-cumhuriyet\/\" target=\"_blank\" rel=\"noopener\">Informational Booth Activity<\/a><br \/>\n<a href=\"https:\/\/www.erasmusdays.eu\/event\/esn-cumhuriyet-2\/\" target=\"_blank\" rel=\"noopener\">Peer Meeting<\/a><br \/>\n<a href=\"https:\/\/www.erasmusdays.eu\/event\/esn-cumhuriyet-3\/\" target=\"_blank\" rel=\"noopener\">Volleyball Tournament<\/a><br \/>\n<a href=\"https:\/\/www.erasmusdays.eu\/event\/sivas-cumhuriyet-universitesi\/\" target=\"_blank\" rel=\"noopener\">Photo Challenge<\/a><br \/>\n<a href=\"https:\/\/www.erasmusdays.eu\/event\/sivas-cumhuriyet-universitesi-2\/\" target=\"_blank\" rel=\"noopener\">Piano Concert<\/a><br \/>\n<a href=\"https:\/\/www.erasmusdays.eu\/event\/sivas-cumhuriyet-universitesi-3\/\" target=\"_blank\" rel=\"noopener\">Erasmus+ Introductory Meeting for Higher Education Sector<\/a><br \/>\n<a href=\"https:\/\/www.erasmusdays.eu\/event\/sivas-cumhuriyet-universitesi-4\/\" target=\"_blank\" rel=\"noopener\">Erasmus+ Introductory Meeting for Higher Education Sector<\/a><br \/>\n<a href=\"https:\/\/www.erasmusdays.eu\/event\/sivas-cumhuriyet-universitesi-5\/\" target=\"_blank\" rel=\"noopener\">Taste of T\u00fcrkiye &#8211; International Lunch Event<\/a>[\/vc_column_text][\/vc_column_inner][\/vc_row_inner][vc_custom_heading text=&#8221;Previous Events&#8221; use_theme_fonts=&#8221;yes&#8221;][vc_btn title=&#8221;Erasmus Days 2023&#8243; style=&#8221;flat&#8221; color=&#8221;info&#8221; link=&#8221;url:https%3A%2F%2Ferasmus.cumhuriyet.edu.tr%2Ferasmus%2Ferasmus-days%2Ferasmus-days-2023&#8243;][\/vc_column][\/vc_row]<\/p>\n","protected":false},"excerpt":{"rendered":"<p>[vc_row][vc_column][vc_single_image image=&#8221;4202&#8243; img_size=&#8221;full&#8221; alignment=&#8221;center&#8221;][vc_column_text]14-19 Ekim 2024 tarihleri aras\u0131nda ErasmusDay Etkinlikleri kapsam\u0131nda d\u00fczenlenen etkinliklere a\u015fa\u011f\u0131dan ula\u015f\u0131labilir. Etkinliklerle ilgili foto\u011fraflar instagram hesab\u0131m\u0131zda payla\u015f\u0131lmaktad\u0131r.[\/vc_column_text][vc_row_inner][vc_column_inner width=&#8221;1\/4&#8243;][vc_single_image image=&#8221;4206&#8243; img_size=&#8221;medium&#8221; alignment=&#8221;center&#8221;][\/vc_column_inner][vc_column_inner width=&#8221;3\/4&#8243;][vc_column_text]Informational Booth Activity Peer Meeting Volleyball Tournament Photo Challenge Piano Concert Erasmus+ Introductory Meeting for Higher Education Sector Erasmus+ Introductory Meeting for Higher Education Sector Taste of T\u00fcrkiye &#8211; International [&hellip;]<\/p>\n","protected":false},"author":1,"featured_media":8393,"parent":423,"menu_order":0,"comment_status":"closed","ping_status":"closed","template":"","meta":{"_gspb_post_css":"","footnotes":""},"class_list":["post-3324","page","type-page","status-publish","has-post-thumbnail","hentry"],"blocksy_meta":[],"_links":{"self":[{"href":"https:\/\/erasmus.cumhuriyet.edu.tr\/en\/wp-json\/wp\/v2\/pages\/3324","targetHints":{"allow":["GET"]}}],"collection":[{"href":"https:\/\/erasmus.cumhuriyet.edu.tr\/en\/wp-json\/wp\/v2\/pages"}],"about":[{"href":"https:\/\/erasmus.cumhuriyet.edu.tr\/en\/wp-json\/wp\/v2\/types\/page"}],"author":[{"embeddable":true,"href":"https:\/\/erasmus.cumhuriyet.edu.tr\/en\/wp-json\/wp\/v2\/users\/1"}],"replies":[{"embeddable":true,"href":"https:\/\/erasmus.cumhuriyet.edu.tr\/en\/wp-json\/wp\/v2\/comments?post=3324"}],"version-history":[{"count":28,"href":"https:\/\/erasmus.cumhuriyet.edu.tr\/en\/wp-json\/wp\/v2\/pages\/3324\/revisions"}],"predecessor-version":[{"id":5827,"href":"https:\/\/erasmus.cumhuriyet.edu.tr\/en\/wp-json\/wp\/v2\/pages\/3324\/revisions\/5827"}],"up":[{"embeddable":true,"href":"https:\/\/erasmus.cumhuriyet.edu.tr\/en\/wp-json\/wp\/v2\/pages\/423"}],"wp:featuredmedia":[{"embeddable":true,"href":"https:\/\/erasmus.cumhuriyet.edu.tr\/en\/wp-json\/wp\/v2\/media\/8393"}],"wp:attachment":[{"href":"https:\/\/erasmus.cumhuriyet.edu.tr\/en\/wp-json\/wp\/v2\/media?parent=3324"}],"curies":[{"name":"wp","href":"https:\/\/api.w.org\/{rel}","templated":true}]}}