{"id":3237,"date":"2023-09-05T20:48:14","date_gmt":"2023-09-05T17:48:14","guid":{"rendered":"https:\/\/erasmus.cumhuriyet.edu.tr\/?page_id=3237"},"modified":"2026-01-15T12:29:56","modified_gmt":"2026-01-15T09:29:56","slug":"ka131-smp-la-after","status":"publish","type":"page","link":"https:\/\/erasmus.cumhuriyet.edu.tr\/en\/erasmus\/outgoing\/student\/docs\/ka131-smp-la-after\/","title":{"rendered":"Erasmus+ KA131\/KA171 \u00d6\u011frenci Staj Hareketlili\u011fi \u00d6\u011frenim Anla\u015fmas\u0131 Hareketlilik Sonras\u0131 K\u0131sm\u0131"},"content":{"rendered":"\n<div class=\"wp-block-greenshift-blocks-infobox gspb_infoBox gspb_infoBox-id-gsbp-6d5478b\" id=\"gspb_infoBox-id-gsbp-6d5478b\"><div class=\"gs-box notice_type icon_type\"><div class=\"gs-box-icon\"><svg x=\"0px\" y=\"0px\" viewBox=\"0 0 486.463 486.463\"> <g> <g> <path d=\"M243.225,333.382c-13.6,0-25,11.4-25,25s11.4,25,25,25c13.1,0,25-11.4,24.4-24.4 C268.225,344.682,256.925,333.382,243.225,333.382z\"><\/path> <path d=\"M474.625,421.982c15.7-27.1,15.8-59.4,0.2-86.4l-156.6-271.2c-15.5-27.3-43.5-43.5-74.9-43.5s-59.4,16.3-74.9,43.4 l-156.8,271.5c-15.6,27.3-15.5,59.8,0.3,86.9c15.6,26.8,43.5,42.9,74.7,42.9h312.8 C430.725,465.582,458.825,449.282,474.625,421.982z M440.625,402.382c-8.7,15-24.1,23.9-41.3,23.9h-312.8 c-17,0-32.3-8.7-40.8-23.4c-8.6-14.9-8.7-32.7-0.1-47.7l156.8-271.4c8.5-14.9,23.7-23.7,40.9-23.7c17.1,0,32.4,8.9,40.9,23.8 l156.7,271.4C449.325,369.882,449.225,387.482,440.625,402.382z\"><\/path> <path d=\"M237.025,157.882c-11.9,3.4-19.3,14.2-19.3,27.3c0.6,7.9,1.1,15.9,1.7,23.8c1.7,30.1,3.4,59.6,5.1,89.7 c0.6,10.2,8.5,17.6,18.7,17.6c10.2,0,18.2-7.9,18.7-18.2c0-6.2,0-11.9,0.6-18.2c1.1-19.3,2.3-38.6,3.4-57.9 c0.6-12.5,1.7-25,2.3-37.5c0-4.5-0.6-8.5-2.3-12.5C260.825,160.782,248.925,155.082,237.025,157.882z\"><\/path> <\/g> <\/g> <\/svg><\/div><div class=\"gs-box-text\">\n<p><strong>Dikkat!<br><\/strong>T\u00fcm alanlar \u0130NG\u0130L\u0130ZCE dilinde doldurulmal\u0131d\u0131r. T\u00fcrk\u00e7e doldurulan formlar ge\u00e7ersizdir.<\/p>\n<\/div><\/div><\/div>\n\n\n\n<div class=\"wpcf7 no-js\" id=\"wpcf7-f3239-o1\" lang=\"tr-TR\" dir=\"ltr\" data-wpcf7-id=\"3239\">\n<div class=\"screen-reader-response\"><p role=\"status\" aria-live=\"polite\" aria-atomic=\"true\"><\/p> <ul><\/ul><\/div>\n<form action=\"\/en\/wp-json\/wp\/v2\/pages\/3237#wpcf7-f3239-o1\" method=\"post\" class=\"wpcf7-form init cf7mls-no-scroll cf7mls-auto-return-first-step cf7mls-no-moving-animation\" aria-label=\"\u0130leti\u015fim Formu\" novalidate=\"novalidate\" data-status=\"init\">\n<fieldset class=\"hidden-fields-container\"><input type=\"hidden\" name=\"_wpcf7\" value=\"3239\" \/><input type=\"hidden\" name=\"_wpcf7_version\" value=\"6.1.5\" \/><input type=\"hidden\" name=\"_wpcf7_locale\" value=\"tr_TR\" \/><input type=\"hidden\" name=\"_wpcf7_unit_tag\" value=\"wpcf7-f3239-o1\" \/><input type=\"hidden\" name=\"_wpcf7_container_post\" value=\"0\" \/><input type=\"hidden\" name=\"_wpcf7_posted_data_hash\" value=\"\" \/><input type=\"hidden\" name=\"_wpcf7cf_hidden_group_fields\" value=\"[]\" \/><input type=\"hidden\" name=\"_wpcf7cf_hidden_groups\" value=\"[]\" \/><input type=\"hidden\" name=\"_wpcf7cf_visible_groups\" value=\"[]\" \/><input type=\"hidden\" name=\"_wpcf7cf_repeaters\" value=\"[]\" \/><input type=\"hidden\" name=\"_wpcf7cf_steps\" value=\"{}\" \/><input type=\"hidden\" name=\"_wpcf7cf_options\" value=\"{&quot;form_id&quot;:3239,&quot;conditions&quot;:[{&quot;then_field&quot;:&quot;-1&quot;,&quot;and_rules&quot;:[{&quot;if_field&quot;:&quot;-1&quot;,&quot;operator&quot;:&quot;equals&quot;,&quot;if_value&quot;:&quot;B\\u00f6l\\u00fcm\\u00fcmde zorunlu staj uygulamas\\u0131 bulunmaktad\\u0131r.&quot;}]},{&quot;then_field&quot;:&quot;-1&quot;,&quot;and_rules&quot;:[{&quot;if_field&quot;:&quot;-1&quot;,&quot;operator&quot;:&quot;equals&quot;,&quot;if_value&quot;:&quot;B\\u00f6l\\u00fcm\\u00fcmde zorunlu staj uygulamas\\u0131 bulunmamaktad\\u0131r.&quot;}]},{&quot;then_field&quot;:&quot;-1&quot;,&quot;and_rules&quot;:[{&quot;if_field&quot;:&quot;-1&quot;,&quot;operator&quot;:&quot;equals&quot;,&quot;if_value&quot;:&quot;Yeni mezun oldum\\\/mezun olduktan sonra staj hareketlili\\u011fi ger\\u00e7ekle\\u015ftirece\\u011fim.&quot;}]}],&quot;settings&quot;:{&quot;animation&quot;:&quot;yes&quot;,&quot;animation_intime&quot;:200,&quot;animation_outtime&quot;:200,&quot;conditions_ui&quot;:&quot;normal&quot;,&quot;notice_dismissed&quot;:false,&quot;repeater_remove_button&quot;:&quot;bottom&quot;,&quot;notice_dismissed_update-cf7-6.1.5&quot;:true}}\" \/><input type=\"hidden\" name=\"_wpcf7dtx_version\" value=\"5.0.5\" \/>\n<\/fieldset>\n<div class=\"fieldset-cf7mls-wrapper\" data-transition-effects><fieldset class=\"fieldset-cf7mls cf7mls_current_fs\"><div class=\"progress\" style=\"height:35px;margin-bottom:35px;\">\n\t<div class=\"progress-bar progress-bar-info\" role=\"progressbar\" aria-valuenow=\"50\" aria-valuemin=\"0\" aria-valuemax=\"100\" style=\"width:25%;\">\n\t\t<p>1\/4\n\t\t<\/p>\n\t<\/div>\n<\/div>\n<h2>STAJYERE A\u0130T B\u0130LG\u0130LER\n<\/h2>\n<p><label> Ad\u0131n\u0131z<br \/>\n<span class=\"wpcf7-form-control-wrap\" data-name=\"first-name\"><input size=\"40\" maxlength=\"400\" class=\"wpcf7-form-control wpcf7-text wpcf7-validates-as-required\" aria-required=\"true\" aria-invalid=\"false\" placeholder=\"First Name (As it is written on the ID\/Passport)\" value=\"\" type=\"text\" name=\"first-name\" \/><\/span> <\/label>\n<\/p>\n<p><label> Soyad\u0131n\u0131z<br \/>\n<span class=\"wpcf7-form-control-wrap\" data-name=\"sur-name\"><input size=\"40\" maxlength=\"400\" class=\"wpcf7-form-control wpcf7-text wpcf7-validates-as-required\" aria-required=\"true\" aria-invalid=\"false\" placeholder=\"Surname (Family Name) (As it is written on the ID\/Passport)\" value=\"\" type=\"text\" name=\"sur-name\" \/><\/span> <\/label>\n<\/p>\n<p><label> T.C.\/Yabanc\u0131 Kimlik Numaras\u0131<br \/>\n<span class=\"wpcf7-form-control-wrap\" data-name=\"tckn\"><input size=\"40\" maxlength=\"400\" class=\"wpcf7-form-control wpcf7-text wpcf7-validates-as-required\" aria-required=\"true\" aria-invalid=\"false\" placeholder=\"Turkish\/Foreigners ID Number\" value=\"\" type=\"text\" name=\"tckn\" \/><\/span> <\/label>\n<\/p>\n<p><label> \u00d6\u011frenci Numaras\u0131<br \/>\n<span class=\"wpcf7-form-control-wrap\" data-name=\"ogrno\"><input size=\"40\" maxlength=\"400\" class=\"wpcf7-form-control wpcf7-text wpcf7-validates-as-required\" aria-required=\"true\" aria-invalid=\"false\" placeholder=\"Student ID Number\" value=\"\" type=\"text\" name=\"ogrno\" \/><\/span> <\/label>\n<\/p>\n<p><label> E-Posta Adresi<br \/>\n<span class=\"wpcf7-form-control-wrap\" data-name=\"email\"><input size=\"40\" maxlength=\"400\" class=\"wpcf7-form-control wpcf7-email wpcf7-validates-as-required wpcf7-text wpcf7-validates-as-email\" aria-required=\"true\" aria-invalid=\"false\" placeholder=\"E-Mail Address\" value=\"\" type=\"email\" name=\"email\" \/><\/span> <\/label><div class=\"cf7mls-btns \"><button type=\"button\" class=\"cf7mls_next cf7mls_btn action-button\" name=\"cf7mls_next\" id=\"cf7mls-next-btn-cf7mls_step-1\" style=\" \">\u0130leri<img decoding=\"async\" src=\"https:\/\/erasmus.cumhuriyet.edu.tr\/wp-content\/plugins\/cf7-multi-step\/assets\/frontend\/img\/loader.svg\" alt=\"Step Loading\" data-lazy-src=\"https:\/\/erasmus.cumhuriyet.edu.tr\/wp-content\/plugins\/cf7-multi-step\/assets\/frontend\/img\/loader.svg\" style=\"display: none;\" \/><\/button><\/div><p><\/p><\/fieldset><fieldset class=\"fieldset-cf7mls\">\n<\/p>\n<div class=\"progress\" style=\"height:35px;margin-bottom:35px;\">\n\t<div class=\"progress-bar progress-bar-info\" role=\"progressbar\" aria-valuenow=\"50\" aria-valuemin=\"0\" aria-valuemax=\"100\" style=\"width:50%;\">\n\t\t<p>2\/4\n\t\t<\/p>\n\t<\/div>\n<\/div>\n<h2>M\u0130SAF\u0130R EDEN (KABUL EDEN) KURUM B\u0130LG\u0130LER\u0130\n<\/h2>\n<p><label> Kurum Ad\u0131<br \/>\n<span class=\"wpcf7-form-control-wrap\" data-name=\"receiving-name\"><input size=\"40\" maxlength=\"400\" class=\"wpcf7-form-control wpcf7-text wpcf7-validates-as-required\" aria-required=\"true\" aria-invalid=\"false\" placeholder=\"Name of Receiving Institution\" value=\"\" type=\"text\" name=\"receiving-name\" \/><\/span> <\/label>\n<\/p>\n<p><label> Kurum Sekt\u00f6r\u00fc<br \/>\n<span class=\"wpcf7-form-control-wrap\" data-name=\"receiving-sector\"><input size=\"40\" maxlength=\"400\" class=\"wpcf7-form-control wpcf7-text wpcf7-validates-as-required\" aria-required=\"true\" aria-invalid=\"false\" placeholder=\"Sector of Receiving Institution\" value=\"\" type=\"text\" name=\"receiving-sector\" \/><\/span> <\/label>\n<\/p>\n<p><label> Kurum Adresi<br \/>\n<span class=\"wpcf7-form-control-wrap\" data-name=\"receiving-address\"><input size=\"40\" maxlength=\"400\" class=\"wpcf7-form-control wpcf7-text wpcf7-validates-as-required\" aria-required=\"true\" aria-invalid=\"false\" placeholder=\"Address of Receiving Institution\" value=\"\" type=\"text\" name=\"receiving-address\" \/><\/span> <\/label>\n<\/p>\n<p><label> Kurumun Bulundu\u011fu \u00dclke<br \/>\n<span class=\"wpcf7-form-control-wrap\" data-name=\"receiving-country\"><input size=\"40\" maxlength=\"400\" class=\"wpcf7-form-control wpcf7-text wpcf7-validates-as-required\" aria-required=\"true\" aria-invalid=\"false\" placeholder=\"Country of Receiving Institution\" value=\"\" type=\"text\" name=\"receiving-country\" \/><\/span> <\/label>\n<\/p>\n<p><label> Kurum A\u011f Sitesi<br \/>\n<span class=\"wpcf7-form-control-wrap\" data-name=\"receiving-web\"><input size=\"40\" maxlength=\"400\" class=\"wpcf7-form-control wpcf7-text wpcf7-validates-as-required\" aria-required=\"true\" aria-invalid=\"false\" placeholder=\"Website of Receiving Institution (\u00d6rn\/Ex: https:\/\/erasmus.net.tr)\" value=\"\" type=\"text\" name=\"receiving-web\" \/><\/span> <\/label>\n<\/p>\n<p><label> Kurum E-Posta Adresi<br \/>\n<span class=\"wpcf7-form-control-wrap\" data-name=\"receiving-email\"><input size=\"40\" maxlength=\"400\" class=\"wpcf7-form-control wpcf7-email wpcf7-validates-as-required wpcf7-text wpcf7-validates-as-email\" aria-required=\"true\" aria-invalid=\"false\" placeholder=\"E-Mail Address of Receiving Institution (\u00d6rn\/Ex: email@institutionname.com)\" value=\"\" type=\"email\" name=\"receiving-email\" \/><\/span> <\/label>\n<\/p>\n<p><label> Kurum Telefon Numaras\u0131<br \/>\n<span class=\"wpcf7-form-control-wrap\" data-name=\"receiving-phone\"><input size=\"40\" maxlength=\"400\" class=\"wpcf7-form-control wpcf7-text wpcf7-validates-as-required\" aria-required=\"true\" aria-invalid=\"false\" placeholder=\"Phone number of Receiving Institution (\u00d6rn\/Ex: +49XXXXXXXXXX)\" value=\"\" type=\"text\" name=\"receiving-phone\" \/><\/span> <\/label><div class=\"cf7mls-btns \"><button type=\"button\" class=\"cf7mls_back action-button\" name=\"cf7mls_back\" id=\"cf7mls-back-btn-cf7mls_step-2\" style=\" \">Geri<\/button><button type=\"button\" class=\"cf7mls_next cf7mls_btn action-button\" name=\"cf7mls_next\" id=\"cf7mls-next-btn-cf7mls_step-2\" style=\" \">\u0130leri<img decoding=\"async\" src=\"https:\/\/erasmus.cumhuriyet.edu.tr\/wp-content\/plugins\/cf7-multi-step\/assets\/frontend\/img\/loader.svg\" alt=\"Step Loading\" data-lazy-src=\"https:\/\/erasmus.cumhuriyet.edu.tr\/wp-content\/plugins\/cf7-multi-step\/assets\/frontend\/img\/loader.svg\" style=\"display: none;\" \/><\/button><\/div><p><\/p><\/fieldset><fieldset class=\"fieldset-cf7mls\">\n<\/p>\n<div class=\"progress\" style=\"height:35px;margin-bottom:35px;\">\n\t<div class=\"progress-bar progress-bar-info\" role=\"progressbar\" aria-valuenow=\"50\" aria-valuemin=\"0\" aria-valuemax=\"100\" style=\"width:75%;\">\n\t\t<p>3\/4\n\t\t<\/p>\n\t<\/div>\n<\/div>\n<h2>STAJ FAAL\u0130YET\u0130NE \u0130L\u0130\u015eK\u0130N B\u0130LG\u0130LER\n<\/h2>\n<p><label style=\"font-weight:bold;\"> Akademik Y\u0131l<br \/>\n<span class=\"wpcf7-form-control-wrap\" data-name=\"sending-acyear\"><select class=\"wpcf7-form-control wpcf7-select wpcf7-validates-as-required\" aria-required=\"true\" aria-invalid=\"false\" name=\"sending-acyear\"><option value=\"2023-2024\">2023-2024<\/option><option value=\"2024-2025\">2024-2025<\/option><option value=\"2025-2026\">2025-2026<\/option><option value=\"2026-2027\">2026-2027<\/option><option value=\"2027-2028\">2027-2028<\/option><option value=\"2028-2029\">2028-2029<\/option><\/select><\/span><\/label>\n<\/p>\n<p><label style=\"font-weight:bold;\">Hareketlilik Ba\u015flang\u0131\u00e7 Tarihi (g\u00fcn\/ay\/y\u0131l)<br \/>\n<span class=\"wpcf7-form-control-wrap\" data-name=\"mob-start\"><input size=\"40\" maxlength=\"400\" class=\"wpcf7-form-control wpcf7-text wpcf7-validates-as-required\" aria-required=\"true\" aria-invalid=\"false\" placeholder=\"Start date of the physical component (\u00d6rn\/Ex: 01\/06\/2022)\" value=\"\" type=\"text\" name=\"mob-start\" \/><\/span><\/label>\n<\/p>\n<p><label style=\"font-weight:bold;\">Hareketlilik Biti\u015f Tarihi (g\u00fcn\/ay\/y\u0131l)<br \/>\n<span class=\"wpcf7-form-control-wrap\" data-name=\"mob-end\"><input size=\"40\" maxlength=\"400\" class=\"wpcf7-form-control wpcf7-text wpcf7-validates-as-required\" aria-required=\"true\" aria-invalid=\"false\" placeholder=\"End date of the physical component (\u00d6rn\/Ex: 01\/09\/2022)\" value=\"\" type=\"text\" name=\"mob-end\" \/><\/span><\/label>\n<\/p>\n<p><label style=\"font-weight:bold;\"> Varsa Sanal Hareketlilik Ba\u015flang\u0131\u00e7 Tarihi <span style=\"color:red\">(BO\u015e BIRAKINIZ)<\/span><br \/>\n<span class=\"wpcf7-form-control-wrap\" data-name=\"mob-virtual-start\"><input size=\"40\" maxlength=\"400\" class=\"wpcf7-form-control wpcf7-text\" aria-invalid=\"false\" placeholder=\"If applicable, start date of the virtual component\" value=\"\" type=\"text\" name=\"mob-virtual-start\" \/><\/span><\/label>\n<\/p>\n<p><label style=\"font-weight:bold;\"> Varsa Sanal Hareketlilik Ba\u015flang\u0131\u00e7 Tarihi <span style=\"color:red\">(BO\u015e BIRAKINIZ)<\/span><br \/>\n<span class=\"wpcf7-form-control-wrap\" data-name=\"mob-virtual-end\"><input size=\"40\" maxlength=\"400\" class=\"wpcf7-form-control wpcf7-text\" aria-invalid=\"false\" placeholder=\"If applicable, end date of the virtual component\" value=\"\" type=\"text\" name=\"mob-virtual-end\" \/><\/span><\/label>\n<\/p>\n<p><label> Staj Ad\u0131\/Ba\u015fl\u0131\u011f\u0131\/Konusu<br \/>\n<span class=\"wpcf7-form-control-wrap\" data-name=\"smp-title\"><input size=\"40\" maxlength=\"100\" minlength=\"50\" class=\"wpcf7-form-control wpcf7-text wpcf7-validates-as-required\" aria-required=\"true\" aria-invalid=\"false\" placeholder=\"Traineeship Title (\u00d6rn\/Ex: Traineeship on the Internationalisation of the Erasmus+ Programme)\" value=\"\" type=\"text\" name=\"smp-title\" \/><\/span> <\/label>\n<\/p>\n<p><label> Staj Faaliyetinde Ger\u00e7ekle\u015ftirilen Etkinlikler Dahil Staj\u0131n Detayl\u0131 Program\u0131 (varsa sanal hareketlilik dahil)<br \/>\n<span class=\"wpcf7-form-control-wrap\" data-name=\"smp-programme\"><textarea cols=\"40\" rows=\"10\" maxlength=\"2000\" class=\"wpcf7-form-control wpcf7-textarea wpcf7-validates-as-required\" aria-required=\"true\" aria-invalid=\"false\" placeholder=\"Detailed programme of the traineeship period including tasks carried out by the trainee (including the virtual component, ifapplicable)\" name=\"smp-programme\"><\/textarea><\/span> <\/label>\n<\/p>\n<p><label> Staj Sonunda Edinilen Bilgi, Beceri (Teorik ve Pratik) ve Yeterlilikler (\u00d6\u011frenme \u00c7\u0131kt\u0131lar\u0131)<br \/>\n<span class=\"wpcf7-form-control-wrap\" data-name=\"smp-outcomes\"><textarea cols=\"40\" rows=\"10\" maxlength=\"600\" minlength=\"200\" class=\"wpcf7-form-control wpcf7-textarea wpcf7-validates-as-required\" aria-required=\"true\" aria-invalid=\"false\" placeholder=\"Knowledge, skills (intellectual and practical) and competences acquired (achieved learning outcomes)\" name=\"smp-outcomes\"><\/textarea><\/span> <\/label>\n<\/p>\n<p><label> Stajyerin De\u011ferlendirilmesi<br \/>\n<span class=\"wpcf7-form-control-wrap\" data-name=\"smp-evaluation\"><textarea cols=\"40\" rows=\"10\" maxlength=\"600\" minlength=\"200\" class=\"wpcf7-form-control wpcf7-textarea wpcf7-validates-as-required\" aria-required=\"true\" aria-invalid=\"false\" placeholder=\"Evaluation of the trainee\" name=\"smp-evaluation\"><\/textarea><\/span> <\/label><div class=\"cf7mls-btns \"><button type=\"button\" class=\"cf7mls_back action-button\" name=\"cf7mls_back\" id=\"cf7mls-back-btn-cf7mls_step-3\" style=\" \">Geri<\/button><button type=\"button\" class=\"cf7mls_next cf7mls_btn action-button\" name=\"cf7mls_next\" id=\"cf7mls-next-btn-cf7mls_step-3\" style=\" \">\u0130leri<img decoding=\"async\" src=\"https:\/\/erasmus.cumhuriyet.edu.tr\/wp-content\/plugins\/cf7-multi-step\/assets\/frontend\/img\/loader.svg\" alt=\"Step Loading\" data-lazy-src=\"https:\/\/erasmus.cumhuriyet.edu.tr\/wp-content\/plugins\/cf7-multi-step\/assets\/frontend\/img\/loader.svg\" style=\"display: none;\" \/><\/button><\/div><p><\/p><\/fieldset><fieldset class=\"fieldset-cf7mls\">\n<\/p>\n<div class=\"progress\" style=\"height:35px;margin-bottom:35px;\">\n\t<div class=\"progress-bar progress-bar-info\" role=\"progressbar\" aria-valuenow=\"50\" aria-valuemin=\"0\" aria-valuemax=\"100\" style=\"width:99%;\">\n\t\t<p>4\/4\n\t\t<\/p>\n\t<\/div>\n<\/div>\n<h2>KVKK & ONAY\n<\/h2>\n<p><span class=\"wpcf7-form-control-wrap\" data-name=\"kvkk\"><span class=\"wpcf7-form-control wpcf7-acceptance\"><span class=\"wpcf7-list-item\"><label><input type=\"checkbox\" name=\"kvkk\" value=\"1\" aria-invalid=\"false\" \/><span class=\"wpcf7-list-item-label\">6698 Say\u0131l\u0131 Ki\u015fisel Verilerin Korunmas\u0131 Kanunu kapsam\u0131ndaki verilerimin <a href=\"\/kvkk\" target=\"_blank\">A\u00e7\u0131k R\u0131za Metninde belirtildi\u011fi \u015fekilde i\u015flenmesini onayl\u0131yorum.<\/a><\/span><\/label><\/span><\/span><\/span>\n<\/p>\n<span class=\"wpcf7-form-control-wrap signdate\" data-name=\"signdate\"><input type=\"hidden\" name=\"signdate\" class=\"wpcf7-form-control wpcf7-hidden wpcf7dtx wpcf7dtx-hidden\" aria-invalid=\"false\" value=\"09\/05\/2026\"><\/span>\n<p><label style=\"font-weight:bold;\">ONAY<\/label>\n<\/p>\n<p><span class=\"wpcf7-form-control-wrap\" data-name=\"ilgilipersoneliledoldurma\"><span class=\"wpcf7-form-control wpcf7-acceptance\"><span class=\"wpcf7-list-item\"><label><input type=\"checkbox\" name=\"ilgilipersoneliledoldurma\" value=\"1\" aria-invalid=\"false\" \/><span class=\"wpcf7-list-item-label\">Bu formu staj faaliyetinin ger\u00e7ekle\u015ftirildi\u011fi kurumun ilgili personelinin yard\u0131m\u0131yla doldurdu\u011fumu kabul ederim.<\/span><\/label><\/span><\/span><\/span>\n<\/p>\n<p><span class=\"wpcf7-form-control-wrap\" data-name=\"ilgilipersoneleimzalatma\"><span class=\"wpcf7-form-control wpcf7-acceptance\"><span class=\"wpcf7-list-item\"><label><input type=\"checkbox\" name=\"ilgilipersoneleimzalatma\" value=\"1\" aria-invalid=\"false\" \/><span class=\"wpcf7-list-item-label\">Bu formun staj faaliyetinin ger\u00e7ekle\u015ftirildi\u011fi kurumun ilgili personeli taraf\u0131ndan ad soyad, tarih, imza ve ka\u015fe alanlar\u0131n\u0131n doldurulmas\u0131 gerekti\u011fini biliyorum.<\/span><\/label><\/span><\/span><\/span>\n<\/p>\n<p><span class=\"wpcf7-form-control-wrap\" data-name=\"taahhut\"><span class=\"wpcf7-form-control wpcf7-acceptance\"><span class=\"wpcf7-list-item\"><label><input type=\"checkbox\" name=\"taahhut\" value=\"1\" aria-invalid=\"false\" \/><span class=\"wpcf7-list-item-label\">Bu formun tamamlanm\u0131\u015f halinin \u0131slak imzal\u0131 ve ka\u015feli olarak Erasmus+ Kurum Koordinat\u00f6rl\u00fc\u011f\u00fcne teslim etmem gerekti\u011fini, teslim etmemem halinde hareketlili\u011fimin ge\u00e7ersiz say\u0131laca\u011f\u0131n\u0131 ve T.C. D\u0131\u015fi\u015fleri Bakanl\u0131\u011f\u0131 Avrupa Birli\u011fi Ba\u015fkanl\u0131\u011f\u0131 Avrupa Birli\u011fi E\u011fitim ve Gen\u00e7lik Programlar\u0131 Merkezi Ba\u015fkanl\u0131\u011f\u0131n\u0131n belirledi\u011fi h\u00fck\u00fcm ve ilgili di\u011fer mevzuat \u00e7er\u00e7evesinde hakk\u0131mda i\u015flem yap\u0131laca\u011f\u0131 pe\u015finen kabul ederim. Bu durumun taraf\u0131ma yap\u0131lan\/yap\u0131lacak olan hibe \u00f6demesinde kesintiye u\u011frayabilece\u011fini veya taraf\u0131ma yap\u0131lan hibe \u00f6demesinin Erasmus+ Kurum Koordinat\u00f6rl\u00fc\u011f\u00fcne iade etmem gerekti\u011finin fark\u0131nday\u0131m. Hibe \u00f6demesini iade etmemem halinde hakk\u0131mda yasal i\u015flem ba\u015flat\u0131laca\u011f\u0131n\u0131 kabul ederim.<\/span><\/label><\/span><\/span><\/span>\n<\/p>\n<div class=\"wpcf7-turnstile cf-turnstile\" data-sitekey=\"0x4AAAAAACLdUHLrCkA1jjVy\" data-response-field-name=\"_wpcf7_turnstile_response\" data-theme=\"light\" data-language=\"en\"><\/div>\n<p>&nbsp;\n<\/p>\n<p><input class=\"wpcf7-form-control wpcf7-submit has-spinner\" type=\"submit\" value=\"G\u00f6nder\" \/><div class=\"cf7mls-btns cf7mls-btns-last-step\"><button type=\"button\" class=\"cf7mls_back action-button\" name=\"cf7mls_back\" id=\"cf7mls-back-btn-cf7mls_step-4\" style=\" \">Geri<\/button><button type=\"button\" style=\"display: none;\" class=\"cf7mls_next cf7mls_btn action-button\" name=\"cf7mls_next\" id=\"cf7mls-next-btn-cf7mls_step-4\" style=\" \"><img decoding=\"async\" src=\"https:\/\/erasmus.cumhuriyet.edu.tr\/wp-content\/plugins\/cf7-multi-step\/assets\/frontend\/img\/loader.svg\" alt=\"Step Loading\" data-lazy-src=\"https:\/\/erasmus.cumhuriyet.edu.tr\/wp-content\/plugins\/cf7-multi-step\/assets\/frontend\/img\/loader.svg\" style=\"display: none;\" \/><\/button>\n<\/p><\/fieldset><\/div><div class=\"wpcf7-response-output\" aria-hidden=\"true\"><\/div>\n<\/form>\n<\/div>\n\n","protected":false},"excerpt":{"rendered":"","protected":false},"author":1,"featured_media":0,"parent":1150,"menu_order":0,"comment_status":"closed","ping_status":"closed","template":"","meta":{"_gspb_post_css":".gs-box{padding:20px;border-left:5px solid transparent;margin-bottom:25px}.gs-box-text>p{margin-bottom:20px;margin-top:0}.gs-box-text>p:last-of-type{margin-bottom:0}.gs-box.notice_type{color:#856404;background-color:#fff3cd;border-color:#ffeeba}.gs-box.notice_type svg{fill:#f7a000}.gs-box.icon_type{display:flex}.gs-box.icon_type .gs-box-icon{width:28px;min-width:28px}.gs-box.icon_type .gs-box-text{flex-grow:1;margin:0 15px}","footnotes":""},"class_list":["post-3237","page","type-page","status-publish","hentry"],"blocksy_meta":[],"_links":{"self":[{"href":"https:\/\/erasmus.cumhuriyet.edu.tr\/en\/wp-json\/wp\/v2\/pages\/3237","targetHints":{"allow":["GET"]}}],"collection":[{"href":"https:\/\/erasmus.cumhuriyet.edu.tr\/en\/wp-json\/wp\/v2\/pages"}],"about":[{"href":"https:\/\/erasmus.cumhuriyet.edu.tr\/en\/wp-json\/wp\/v2\/types\/page"}],"author":[{"embeddable":true,"href":"https:\/\/erasmus.cumhuriyet.edu.tr\/en\/wp-json\/wp\/v2\/users\/1"}],"replies":[{"embeddable":true,"href":"https:\/\/erasmus.cumhuriyet.edu.tr\/en\/wp-json\/wp\/v2\/comments?post=3237"}],"version-history":[{"count":5,"href":"https:\/\/erasmus.cumhuriyet.edu.tr\/en\/wp-json\/wp\/v2\/pages\/3237\/revisions"}],"predecessor-version":[{"id":8635,"href":"https:\/\/erasmus.cumhuriyet.edu.tr\/en\/wp-json\/wp\/v2\/pages\/3237\/revisions\/8635"}],"up":[{"embeddable":true,"href":"https:\/\/erasmus.cumhuriyet.edu.tr\/en\/wp-json\/wp\/v2\/pages\/1150"}],"wp:attachment":[{"href":"https:\/\/erasmus.cumhuriyet.edu.tr\/en\/wp-json\/wp\/v2\/media?parent=3237"}],"curies":[{"name":"wp","href":"https:\/\/api.w.org\/{rel}","templated":true}]}}