{"id":3113,"date":"2023-08-21T20:33:38","date_gmt":"2023-08-21T17:33:38","guid":{"rendered":"https:\/\/erasmus.cumhuriyet.edu.tr\/?page_id=3113"},"modified":"2026-01-09T04:09:06","modified_gmt":"2026-01-09T01:09:06","slug":"phonebook","status":"publish","type":"page","link":"https:\/\/erasmus.cumhuriyet.edu.tr\/en\/phonebook\/","title":{"rendered":"Phonebook"},"content":{"rendered":"<p>21.08.2023 tarihi itibariyle telefon numaralar\u0131m\u0131z g\u00fcncellenmi\u015ftir. G\u00fcncel telefon numaralar\u0131na a\u015fa\u011f\u0131daki listeden ula\u015fabilirsiniz.<\/p>\n\n\n\n<div class=\"wp-block-greenshift-blocks-infobox gspb_infoBox gspb_infoBox-id-gsbp-894a608\" id=\"gspb_infoBox-id-gsbp-894a608\"><div class=\"gs-box download_type icon_type\"><div class=\"gs-box-icon\"><svg class=\"\" style=\"display:inline-block;vertical-align:middle\" width=\"32\" height=\"32\" viewbox=\"0 0 1024 1024\" xmlns=\"http:\/\/www.w3.org\/2000\/svg\"><path style=\"fill:#565D66\" d=\"M512 16c-273.914 0-496 222.166-496 496 0 273.994 222.086 496 496 496s496-222.006 496-496c0-273.834-222.086-496-496-496zM512 912c-221.064 0-400-178.862-400-400 0-220.99 178.944-400 400-400 220.982 0 400 178.942 400 400 0 221.060-178.862 400-400 400zM512 236c46.392 0 84 37.608 84 84s-37.608 84-84 84-84-37.608-84-84 37.608-84 84-84zM624 744c0 13.254-10.746 24-24 24h-176c-13.254 0-24-10.746-24-24v-48c0-13.254 10.746-24 24-24h24v-128h-24c-13.254 0-24-10.746-24-24v-48c0-13.254 10.746-24 24-24h128c13.254 0 24 10.746 24 24v200h24c13.254 0 24 10.746 24 24v48z\"><\/path><\/svg><\/div><div class=\"gs-box-text\">\n<p>Genel konular i\u00e7in birim sekreterli\u011fini arayabilirsiniz.<\/p>\n<\/div><\/div><\/div>\n\n\n\n<div id=\"footable_parent_3112\"\n         class=\"footable_parent ninja_table_wrapper loading_ninja_table wp_table_data_press_parent semantic_ui\">\n                <table data-ninja_table_instance=\"ninja_table_instance_0\" data-footable_id=\"3112\" data-filter-delay=\"1000\" aria-label=\"Telefon Numaralar\u0131\"            id=\"footable_3112\"\n           data-unique_identifier=\"ninja_table_unique_id_2516957793_3112\"\n           class=\"foo-table ninja_footable foo_table_3112 ninja_table_unique_id_2516957793_3112 ui table  ninja_search_right nt_type_ajax_table selectable striped compact vertical_centered  footable-paging-right ninja_table_search_disabled\">\n                <colgroup>\n                            <col class=\"ninja_column_0\">\n                            <col class=\"ninja_column_1\">\n                            <col class=\"ninja_column_2\">\n                            <col class=\"ninja_column_3\">\n                            <col class=\"ninja_column_4\">\n                    <\/colgroup>\n            <\/table>\n    \n    \n    \n<\/div>","protected":false},"excerpt":{"rendered":"<p>21.08.2023 tarihi itibariyle telefon numaralar\u0131m\u0131z g\u00fcncellenmi\u015ftir. G\u00fcncel telefon numaralar\u0131na a\u015fa\u011f\u0131daki listeden ula\u015fabilirsiniz.<\/p>","protected":false},"author":1,"featured_media":8339,"parent":0,"menu_order":0,"comment_status":"closed","ping_status":"closed","template":"","meta":{"_gspb_post_css":".gs-box{padding:20px;border-left:5px solid transparent;margin-bottom:25px}.gs-box-text>p{margin-bottom:20px;margin-top:0}.gs-box-text>p:last-of-type{margin-bottom:0}.gs-box.download_type{color:#004085;background-color:#cce5ff;border-color:#b8daff}.gs-box.download_type svg{fill:#3a9aff}.gs-box.icon_type{display:flex}.gs-box.icon_type .gs-box-icon{width:28px;min-width:28px}.gs-box.icon_type .gs-box-text{flex-grow:1;margin:0 15px}#gspb_infoBox-id-gsbp-894a608 svg,#gspb_infoBox-id-gsbp-894a608 svg path,#gspb_infoBox-id-gsbp-894a608 svg:hover,#gspb_infoBox-id-gsbp-894a608 svg:hover path{fill:var(--theme-link-initial-color, currentColor)!important}#gspb_infoBox-id-gsbp-894a608 svg{margin:0!important}","footnotes":""},"class_list":["post-3113","page","type-page","status-publish","has-post-thumbnail","hentry"],"blocksy_meta":[],"_links":{"self":[{"href":"https:\/\/erasmus.cumhuriyet.edu.tr\/en\/wp-json\/wp\/v2\/pages\/3113","targetHints":{"allow":["GET"]}}],"collection":[{"href":"https:\/\/erasmus.cumhuriyet.edu.tr\/en\/wp-json\/wp\/v2\/pages"}],"about":[{"href":"https:\/\/erasmus.cumhuriyet.edu.tr\/en\/wp-json\/wp\/v2\/types\/page"}],"author":[{"embeddable":true,"href":"https:\/\/erasmus.cumhuriyet.edu.tr\/en\/wp-json\/wp\/v2\/users\/1"}],"replies":[{"embeddable":true,"href":"https:\/\/erasmus.cumhuriyet.edu.tr\/en\/wp-json\/wp\/v2\/comments?post=3113"}],"version-history":[{"count":23,"href":"https:\/\/erasmus.cumhuriyet.edu.tr\/en\/wp-json\/wp\/v2\/pages\/3113\/revisions"}],"predecessor-version":[{"id":8474,"href":"https:\/\/erasmus.cumhuriyet.edu.tr\/en\/wp-json\/wp\/v2\/pages\/3113\/revisions\/8474"}],"wp:featuredmedia":[{"embeddable":true,"href":"https:\/\/erasmus.cumhuriyet.edu.tr\/en\/wp-json\/wp\/v2\/media\/8339"}],"wp:attachment":[{"href":"https:\/\/erasmus.cumhuriyet.edu.tr\/en\/wp-json\/wp\/v2\/media?parent=3113"}],"curies":[{"name":"wp","href":"https:\/\/api.w.org\/{rel}","templated":true}]}}