{"id":2810,"date":"2023-05-23T23:17:36","date_gmt":"2023-05-23T20:17:36","guid":{"rendered":"https:\/\/erasmus.cumhuriyet.edu.tr\/?page_id=2810"},"modified":"2026-04-03T06:43:14","modified_gmt":"2026-04-03T03:43:14","slug":"quality","status":"publish","type":"page","link":"https:\/\/erasmus.cumhuriyet.edu.tr\/en\/quality\/","title":{"rendered":"Kalite G\u00fcvencesi"},"content":{"rendered":"<div class=\"wp-block-greenshift-blocks-tabs gspb-tabs gspb_tabs-id-gsbp-5b3b955 gstabs-tabs\" data-autoplay=\"false\" data-autoplaytime=\"4\"><div class=\"t-btn-container\" role=\"tablist\"><button class=\"t-btn active\" aria-selected=\"true\" role=\"tab\" tabindex=\"0\" id=\"gspb-tab-item-btn-gsbp-5b3b955-0\" aria-controls=\"gspb-tab-item-content-gsbp-5b3b955-0\"><div class=\"tabtitlelabel\">Kalite Politikas\u0131<\/div><\/button><button class=\"t-btn\" aria-selected=\"false\" role=\"tab\" tabindex=\"-1\" id=\"gspb-tab-item-btn-gsbp-5b3b955-1\" aria-controls=\"gspb-tab-item-content-gsbp-5b3b955-1\"><div class=\"tabtitlelabel\">Misyon<\/div><\/button><button class=\"t-btn\" aria-selected=\"false\" role=\"tab\" tabindex=\"-1\" id=\"gspb-tab-item-btn-gsbp-5b3b955-2\" aria-controls=\"gspb-tab-item-content-gsbp-5b3b955-2\"><div class=\"tabtitlelabel\">Vizyon<\/div><\/button><button class=\"t-btn\" aria-selected=\"false\" role=\"tab\" tabindex=\"-1\" id=\"gspb-tab-item-btn-gsbp-5b3b955-3\" aria-controls=\"gspb-tab-item-content-gsbp-5b3b955-3\"><div class=\"tabtitlelabel\">Kalite Komisyonu<\/div><\/button><button class=\"t-btn\" aria-selected=\"false\" role=\"tab\" tabindex=\"-1\" id=\"gspb-tab-item-btn-gsbp-5b3b955-4\" aria-controls=\"gspb-tab-item-content-gsbp-5b3b955-4\"><div class=\"tabtitlelabel\">G\u00f6rev Tan\u0131mlar\u0131<\/div><\/button><button class=\"t-btn\" aria-selected=\"false\" role=\"tab\" tabindex=\"-1\" id=\"gspb-tab-item-btn-gsbp-5b3b955-5\" aria-controls=\"gspb-tab-item-content-gsbp-5b3b955-5\"><div class=\"tabtitlelabel\">\u0130\u015f Ak\u0131\u015f \u015eemalar\u0131<\/div><\/button><button class=\"t-btn\" aria-selected=\"false\" role=\"tab\" tabindex=\"-1\" id=\"gspb-tab-item-btn-gsbp-5b3b955-6\" aria-controls=\"gspb-tab-item-content-gsbp-5b3b955-6\"><div class=\"tabtitlelabel\">Organisation Scheme<\/div><\/button><button class=\"t-btn\" aria-selected=\"false\" role=\"tab\" tabindex=\"-1\" id=\"gspb-tab-item-btn-gsbp-5b3b955-7\" aria-controls=\"gspb-tab-item-content-gsbp-5b3b955-7\"><div class=\"tabtitlelabel\">Payda\u015flar<\/div><\/button><button class=\"t-btn\" aria-selected=\"false\" role=\"tab\" tabindex=\"-1\" id=\"gspb-tab-item-btn-gsbp-5b3b955-8\" aria-controls=\"gspb-tab-item-content-gsbp-5b3b955-8\"><div class=\"tabtitlelabel\">Anketler<\/div><\/button><\/div><div class=\"t-panel-container\"><div class=\"gswipertabs\"><div class=\"swiper-wrapper\">\n<div aria-labelledby=\"gspb-tab-item-btn-gsbp-5b3b955-0\" id=\"gspb-tab-item-content-gsbp-5b3b955-0\" role=\"tabpanel\" tabindex=\"0\" class=\"t-panel swiper-slide active\"><div class=\"wp-block-greenshift-blocks-tab\">\n<p>Ofisimiz, \u00dcniversitemizin uluslararas\u0131la\u015fma stratejisi \u00e7er\u00e7evesinde, de\u011fi\u015fim programlar\u0131n\u0131n etkinli\u011fini art\u0131rmay\u0131, kat\u0131l\u0131mc\u0131 say\u0131s\u0131n\u0131 y\u00fckseltmeyi, s\u00fcre\u00e7leri s\u00fcrekli olarak iyile\u015ftirmeyi ve \u00fcniversitemizin uluslararas\u0131 alandaki tan\u0131n\u0131rl\u0131\u011f\u0131n\u0131 g\u00fc\u00e7lendirmeyi ama\u00e7layan politikalar geli\u015ftirmektedir.<\/p>\n\n\n\n<p>Bu do\u011frultuda; \u00f6\u011frenci geri bildirimleri, anketler ve izleme raporlar\u0131 gibi \u00e7e\u015fitli veri toplama y\u00f6ntemlerinden yararlan\u0131larak ofisin s\u00fcre\u00e7leri sistematik bir \u015fekilde de\u011ferlendirilmekte ve elde edilen bulgular \u0131\u015f\u0131\u011f\u0131nda gerekli iyile\u015ftirmeler\u00a0yap\u0131lmaktad\u0131r.<\/p>\n<\/div><\/div>\n\n\n\n<div aria-labelledby=\"gspb-tab-item-btn-gsbp-5b3b955-1\" id=\"gspb-tab-item-content-gsbp-5b3b955-1\" role=\"tabpanel\" tabindex=\"0\" class=\"t-panel swiper-slide\"><div class=\"wp-block-greenshift-blocks-tab\">\n<p>To ensure the realization of international student and personnel exchange programs in line with the internationalization strategy and objectives of our university and to develop activities for the international recognition of our university.<\/p>\n\n\n\n<p>In this context,<\/p>\n\n\n\n<ul class=\"wp-block-list\">\n<li>Farkl\u0131 \u00fclkelerdeki y\u00fcksek\u00f6\u011fretim kurumlar\u0131 ile kurumlar aras\u0131 anla\u015fmalar imzalamak,<\/li>\n\n\n\n<li>\u00d6\u011frenci ve personelimizin Erasmus program\u0131 hakk\u0131nda bilgi sahibi olmas\u0131 i\u00e7in tan\u0131t\u0131m ve bilgilendirme toplant\u0131lar\u0131 d\u00fczenlemek ve birimlerin d\u00fczenledi\u011fi toplant\u0131lara destek sa\u011flamak,<\/li>\n\n\n\n<li>Uluslararas\u0131 \u00f6\u011frenci ve personel say\u0131s\u0131n\u0131 art\u0131rmak \u00fczere stratejiler geli\u015ftirmek ve faaliyetlerde bulunmak,<\/li>\n\n\n\n<li>\u00dcniversitemizin Bologna s\u00fcrecine uygun bir e\u011fitim-\u00f6\u011fretim modeline sahip olabilmesi i\u00e7in akademik birimler ile i\u015fbirli\u011fi yapmak,<\/li>\n\n\n\n<li>Avrupa Komisyonu\u2019nun sa\u011flad\u0131\u011f\u0131 fon imkanlar\u0131ndan yararlanmak i\u00e7in \u00fcniversite ad\u0131na projeler haz\u0131rlamak,<\/li>\n\n\n\n<li>Ortak kurumlar\u0131m\u0131z\u0131n kat\u0131l\u0131m\u0131yla Uluslararas\u0131 tan\u0131t\u0131m g\u00fcnleri ve \u00dcniversitemizin tan\u0131t\u0131m\u0131 i\u00e7in ortak \u00fclke ve kurumlar\u0131m\u0131z\u0131n d\u00fczenledi\u011fi uluslararas\u0131 etkinliklere d\u00fczenli olarak kat\u0131l\u0131m g\u00f6stermek,<\/li>\n\n\n\n<li>Farkl\u0131 \u00fclkelerde ortak diploma programlar\u0131 d\u00fczenlemek i\u00e7in gerekli olan uluslararas\u0131 ba\u011flant\u0131lar\u0131 sa\u011flamak.<\/li>\n<\/ul>\n<\/div><\/div>\n\n\n\n<div aria-labelledby=\"gspb-tab-item-btn-gsbp-5b3b955-2\" id=\"gspb-tab-item-content-gsbp-5b3b955-2\" role=\"tabpanel\" tabindex=\"0\" class=\"t-panel swiper-slide\"><div class=\"wp-block-greenshift-blocks-tab\">\n<p>To ensure that our university is a global university with quality partnerships in all parts of the world, a world-class education structure and a multicultural understanding.<\/p>\n<\/div><\/div>\n\n\n\n<div aria-labelledby=\"gspb-tab-item-btn-gsbp-5b3b955-3\" id=\"gspb-tab-item-content-gsbp-5b3b955-3\" role=\"tabpanel\" tabindex=\"0\" class=\"t-panel swiper-slide\"><div class=\"wp-block-greenshift-blocks-tab\">\n<div id=\"footable_parent_4305\"\n         class=\"footable_parent ninja_table_wrapper loading_ninja_table wp_table_data_press_parent semantic_ui\">\n                <table data-ninja_table_instance=\"ninja_table_instance_0\" data-footable_id=\"4305\" data-filter-delay=\"1000\" aria-label=\"Kalite Komisyonu\"            id=\"footable_4305\"\n           data-unique_identifier=\"ninja_table_unique_id_1867648251_4305\"\n           class=\"foo-table ninja_footable foo_table_4305 ninja_table_unique_id_1867648251_4305 ui table  ninja_search_right nt_type_ajax_table selectable striped compact vertical_centered  footable-paging-right ninja_table_search_disabled\">\n                <colgroup>\n                            <col class=\"ninja_column_0\">\n                            <col class=\"ninja_column_1\">\n                            <col class=\"ninja_column_2\">\n                    <\/colgroup>\n            <\/table>\n    \n    \n    \n<\/div>\n\n<\/div><\/div>\n\n\n\n<div aria-labelledby=\"gspb-tab-item-btn-gsbp-5b3b955-4\" id=\"gspb-tab-item-content-gsbp-5b3b955-4\" role=\"tabpanel\" tabindex=\"0\" class=\"t-panel swiper-slide\"><div class=\"wp-block-greenshift-blocks-tab\">\n<div id=\"footable_parent_5259\"\n         class=\"footable_parent ninja_table_wrapper loading_ninja_table wp_table_data_press_parent semantic_ui\">\n                <table data-ninja_table_instance=\"ninja_table_instance_1\" data-footable_id=\"5259\" data-filter-delay=\"1000\" aria-label=\"Kalite G\u00f6rev Tan\u0131mlar\u0131\"            id=\"footable_5259\"\n           data-unique_identifier=\"ninja_table_unique_id_3099726971_5259\"\n           class=\"foo-table ninja_footable foo_table_5259 ninja_table_unique_id_3099726971_5259 ui table  nt_type_ajax_table selectable striped compact vertical_centered  footable-paging-right ninja_table_search_disabled\">\n                <colgroup>\n                            <col class=\"ninja_column_0\">\n                            <col class=\"ninja_column_1\">\n                            <col class=\"ninja_column_2\">\n                            <col class=\"ninja_column_3\">\n                    <\/colgroup>\n            <\/table>\n    \n    \n    \n<\/div>\n\n<\/div><\/div>\n\n\n\n<div aria-labelledby=\"gspb-tab-item-btn-gsbp-5b3b955-5\" id=\"gspb-tab-item-content-gsbp-5b3b955-5\" role=\"tabpanel\" tabindex=\"0\" class=\"t-panel swiper-slide\"><div class=\"wp-block-greenshift-blocks-tab\">\n<ul class=\"wp-block-list\">\n<li><a href=\"https:\/\/erasmus.cumhuriyet.edu.tr\/wp-content\/uploads\/out-sms-akis.pdf\" target=\"_blank\" rel=\"noreferrer noopener\">Giden Y\u00f6nl\u00fc \u00d6\u011frenci \u00d6\u011frenim Hareketlili\u011fi \u0130\u015f Ak\u0131\u015f \u015eemas\u0131<\/a><\/li>\n\n\n\n<li><a href=\"https:\/\/erasmus.cumhuriyet.edu.tr\/wp-content\/uploads\/out-smp-akis.pdf\" target=\"_blank\" rel=\"noreferrer noopener\">Giden Y\u00f6nl\u00fc \u00d6\u011frenci Staj Hareketlili\u011fi \u0130\u015f Ak\u0131\u015f \u015eemas\u0131<\/a><\/li>\n\n\n\n<li><a href=\"https:\/\/erasmus.cumhuriyet.edu.tr\/wp-content\/uploads\/out-stf-akis.pdf\" target=\"_blank\" rel=\"noreferrer noopener\">Giden Y\u00f6nl\u00fc Personel Hareketlilikleri \u0130\u015f Ak\u0131\u015f \u015eemas\u0131<\/a><\/li>\n<\/ul>\n<\/div><\/div>\n\n\n\n<div aria-labelledby=\"gspb-tab-item-btn-gsbp-5b3b955-6\" id=\"gspb-tab-item-content-gsbp-5b3b955-6\" role=\"tabpanel\" tabindex=\"0\" class=\"t-panel swiper-slide\"><div class=\"wp-block-greenshift-blocks-tab\">\n<ul class=\"wp-block-list\">\n<li><a href=\"https:\/\/erasmus.cumhuriyet.edu.tr\/en\/organisation-chart\/\" target=\"_blank\" rel=\"noreferrer noopener\">Organisation Scheme<\/a><\/li>\n<\/ul>\n<\/div><\/div>\n\n\n\n<div aria-labelledby=\"gspb-tab-item-btn-gsbp-5b3b955-7\" id=\"gspb-tab-item-content-gsbp-5b3b955-7\" role=\"tabpanel\" tabindex=\"0\" class=\"t-panel swiper-slide\"><div class=\"wp-block-greenshift-blocks-tab\">\n<h5 id=\"gspb_heading-id-gsbp-bf99daa\" class=\"gspb_heading gspb_heading-id-gsbp-bf99daa\">\u0130\u00e7 Payda\u015flar<\/h5>\n\n\n\n<ul class=\"wp-block-list\">\n<li>Rekt\u00f6rl\u00fck<\/li>\n\n\n\n<li>Genel Sekreterlik<\/li>\n\n\n\n<li>Akademik Birimler<\/li>\n\n\n\n<li>Daire Ba\u015fkanl\u0131klar\u0131<\/li>\n\n\n\n<li>Matbaa<\/li>\n\n\n\n<li>Bask\u0131 Grafik Birimi<\/li>\n\n\n\n<li>Uzaktan E\u011fitim Merkezi<\/li>\n\n\n\n<li>De\u011fi\u015fim Programlar\u0131 Yabanc\u0131 Dil S\u0131nav\u0131 Koordinat\u00f6rl\u00fc\u011f\u00fc<\/li>\n\n\n\n<li>Akademik ve \u0130dari Personel<\/li>\n\n\n\n<li>\u00d6\u011frenciler<\/li>\n\n\n\n<li>Uluslararas\u0131 \u00d6\u011frenci Koordinat\u00f6rl\u00fc\u011f\u00fc<\/li>\n<\/ul>\n\n\n\n<h5 id=\"gspb_heading-id-gsbp-071a0f4\" class=\"gspb_heading gspb_heading-id-gsbp-071a0f4\">D\u0131\u015f Payda\u015flar<\/h5>\n\n\n\n<ul class=\"wp-block-list\">\n<li>T.C. D\u0131\u015fi\u015fleri Bakanl\u0131\u011f\u0131 Avrupa Birli\u011fi Ba\u015fkanl\u0131\u011f\u0131 Avrupa Birli\u011fi E\u011fitim ve Gen\u00e7lik Programlar\u0131 Merkezi Ba\u015fkanl\u0131\u011f\u0131<\/li>\n\n\n\n<li>Avrupa Komisyonu (European Commission)<\/li>\n\n\n\n<li>Erasmus \u00d6\u011frenci A\u011f\u0131<\/li>\n\n\n\n<li>G\u00f6\u00e7 \u0130daresi<\/li>\n\n\n\n<li>Konsorsiyum Ortaklar\u0131<\/li>\n\n\n\n<li>\u00dcniversiteler<\/li>\n\n\n\n<li>SGK<\/li>\n\n\n\n<li>Teknokent<\/li>\n\n\n\n<li>\u0130l N\u00fcfus ve Vatanda\u015fl\u0131k M\u00fcd\u00fcrl\u00fc\u011f\u00fc<\/li>\n\n\n\n<li>Sivas Valili\u011fi AB ve Proje Ofisi<\/li>\n\n\n\n<li>STSO AB Bilgi Merkezi<\/li>\n\n\n\n<li>Kurumlararas\u0131 Anla\u015fmalar\u0131n Bulundu\u011fu Yurt d\u0131\u015f\u0131ndaki \u00dcniversiteler<\/li>\n<\/ul>\n<\/div><\/div>\n\n\n\n<div aria-labelledby=\"gspb-tab-item-btn-gsbp-5b3b955-8\" id=\"gspb-tab-item-content-gsbp-5b3b955-8\" role=\"tabpanel\" tabindex=\"0\" class=\"t-panel swiper-slide\"><div class=\"wp-block-greenshift-blocks-tab\">\n<ul class=\"wp-block-list\">\n<li><a href=\"https:\/\/forms.office.com\/r\/1thUsgxgxA\" target=\"_blank\" rel=\"noreferrer noopener\">Payda\u015f Memnuniyet Anketi<\/a><\/li>\n\n\n\n<li><a href=\"https:\/\/forms.office.com\/r\/bqxpg8XqWH\" target=\"_blank\" rel=\"noreferrer noopener\">Payda\u015f \u00d6neri Anketi<\/a><\/li>\n\n\n\n<li><a href=\"https:\/\/forms.office.com\/r\/FHyNB0MBKK\" target=\"_blank\" rel=\"noreferrer noopener\">Hareketlilik Kat\u0131l\u0131mc\u0131s\u0131 De\u011ferlendirme Anketi<\/a><\/li>\n<\/ul>\n<\/div><\/div>\n<\/div><\/div><\/div><\/div>","protected":false},"excerpt":{"rendered":"","protected":false},"author":1,"featured_media":8451,"parent":0,"menu_order":0,"comment_status":"closed","ping_status":"closed","template":"","meta":{"_gspb_post_css":".gspb-tabs *{box-sizing: border-box !important}.t-btn-container{display:flex;flex-direction:row;width:100%;align-items:center;margin-bottom:-1px;flex-wrap:wrap}.t-btn-container .t-btn{background-origin: border-box;list-style:none;display:inline-flex;align-items:center;margin:0;padding:11px 24px;cursor:pointer;position:relative;transition:all .4s ease-in-out; font-size:20px}.t-btn-container .t-btn .tabsubtitle{font-size:70%;opacity:.7}.gstabs-tabs .t-btn{border:1px solid transparent;border-top-width:2px}.gstabs-tabs .t-btn:focus{outline:none;}.gstabs-tabs .t-btn.active{border-color:rgba(206,206,206,.4);border-bottom-color:#fff;background-color:#fff;color:#333}.t-panel-container .t-panel{opacity:0;overflow:hidden;display:none}.t-panel-container .t-panel.active{opacity:1;display:block!important}.t-panel-container{margin-bottom:25px;overflow:hidden; padding:30px}.gstabs-tabs .t-panel-container{border:1px solid rgba(206,206,206,.4);background-color:#fff}.t-btn-container ul{margin:0!important;padding:0!important}.gstabs-underline .t-btn-container .t-btn:after{position:absolute;bottom:0;left:0;content:'';height:3px;width:0;transition:width .5s,left .5s,right .5s;}.gstabs-underline .t-btn-container .t-btn.active:after{width:100%;left:0;right:0}.gstabs-pills .t-btn-container .t-btn{margin:0 10px;border:1px solid transparent}.gstabs-vertical{display:flex}.gstabs-vertical .t-btn-container{display:block;width:150px}.gstabs-vertical .t-btn-container .t-btn{margin-bottom:10px;width:150px; border:1px solid transparent}.gstabs-vertical .t-panel-container{flex-grow:1}.t-btn-container .t-btn .gs-image{flex-grow:inherit;}.t-btn-container .t-btn img{margin:0;height:25px;min-width:auto}@keyframes gcwidthleftright{0%{width:0%}100%{width:100%}}@keyframes gcslidefromtop{0%{transform:translateY(-10px);opacity:0}100%{transform:translateY(0);opacity:1}}@media (max-width: 575.98px){body .tabscroll .t-btn-container{overflow-x:scroll;flex-wrap:nowrap;scroll-behavior:smooth;scroll-snap-type:x mandatory;width: 100% !important;white-space: nowrap;display:block; padding-bottom:15px}.tabscroll .t-btn-container .t-btn{scroll-snap-align:start;white-space: nowrap;width: auto !important;margin-right: 10px;}.tabscroll .t-btn-container .t-btn.active{box-shadow:none!important}.gstabs-vertical{display:block !important}.gstabs-vertical .t-panel-container{margin-top:25px}.t-btn-container .t-btn{font-size:15px}}.gswipertabs{overflow:hidden}.t-panel-container .t-panel{width:100%}.t-panel-container p:last-of-type{margin-bottom:0}.gspb_tabs-id-gsbp-5b3b955 .t-btn-container{justify-content: left}.gspb_tabs-id-gsbp-5b3b955 > .t-btn-container > .t-btn{background-color: #f5f5f5}.gspb_tabs-id-gsbp-5b3b955 > .t-btn-container > .t-btn.active{background-color: #e5e5e5}.gspb_tabs-id-gsbp-5b3b955.gspb-tabs> .t-btn-container > .t-btn{border-top-left-radius:0px;border-top-right-radius:0px;border-bottom-right-radius:0px;border-bottom-left-radius:0px;}.gspb_tabs-id-gsbp-5b3b955.gspb-tabs> .t-btn-container > .t-btn{border-style:solid;border-width:1px;border-color:var(--wp--preset--color--border, #00000012);}@media(min-width:768px){.gspb_tabs-id-gsbp-5b3b955 .t-btn-container .t-btn{justify-content:center; flex-grow:1}}.tabtitlelabel{flex-grow:1}.gspb_tabs-id-gsbp-5b3b955 .t-btn-container .t-btn{gap:10px}","footnotes":""},"class_list":["post-2810","page","type-page","status-publish","has-post-thumbnail","hentry"],"blocksy_meta":[],"_links":{"self":[{"href":"https:\/\/erasmus.cumhuriyet.edu.tr\/en\/wp-json\/wp\/v2\/pages\/2810","targetHints":{"allow":["GET"]}}],"collection":[{"href":"https:\/\/erasmus.cumhuriyet.edu.tr\/en\/wp-json\/wp\/v2\/pages"}],"about":[{"href":"https:\/\/erasmus.cumhuriyet.edu.tr\/en\/wp-json\/wp\/v2\/types\/page"}],"author":[{"embeddable":true,"href":"https:\/\/erasmus.cumhuriyet.edu.tr\/en\/wp-json\/wp\/v2\/users\/1"}],"replies":[{"embeddable":true,"href":"https:\/\/erasmus.cumhuriyet.edu.tr\/en\/wp-json\/wp\/v2\/comments?post=2810"}],"version-history":[{"count":20,"href":"https:\/\/erasmus.cumhuriyet.edu.tr\/en\/wp-json\/wp\/v2\/pages\/2810\/revisions"}],"predecessor-version":[{"id":9002,"href":"https:\/\/erasmus.cumhuriyet.edu.tr\/en\/wp-json\/wp\/v2\/pages\/2810\/revisions\/9002"}],"wp:featuredmedia":[{"embeddable":true,"href":"https:\/\/erasmus.cumhuriyet.edu.tr\/en\/wp-json\/wp\/v2\/media\/8451"}],"wp:attachment":[{"href":"https:\/\/erasmus.cumhuriyet.edu.tr\/en\/wp-json\/wp\/v2\/media?parent=2810"}],"curies":[{"name":"wp","href":"https:\/\/api.w.org\/{rel}","templated":true}]}}