{"id":2736,"date":"2023-04-25T16:49:16","date_gmt":"2023-04-25T13:49:16","guid":{"rendered":"https:\/\/erasmus.cumhuriyet.edu.tr\/?page_id=2736"},"modified":"2026-01-08T23:36:01","modified_gmt":"2026-01-08T20:36:01","slug":"esc","status":"publish","type":"page","link":"https:\/\/erasmus.cumhuriyet.edu.tr\/en\/esc\/","title":{"rendered":"ESC"},"content":{"rendered":"<h1>Avrupa Dayan\u0131\u015fma Program\u0131 (ESC)<\/h1>\n<p>Avrupa Dayan\u0131\u015fma Program\u0131 (European Solidarity Corps (ESC)), 18-30 ya\u015f aras\u0131 gen\u00e7lerin toplum yarar\u0131na projelerde g\u00f6n\u00fcll\u00fc olarak yer almalar\u0131n\u0131 ve dayan\u0131\u015fma ruhunu g\u00fc\u00e7lendirmelerini ama\u00e7layan Avrupa Birli\u011fi destekli bir programd\u0131r. ESC, gen\u00e7lerin sosyal sorumluluk kazanmalar\u0131n\u0131, farkl\u0131 k\u00fclt\u00fcrlerle etkile\u015fimde bulunarak ki\u015fisel ve mesleki geli\u015fimlerini art\u0131rmalar\u0131n\u0131 hedefler. G\u00f6n\u00fcll\u00fcl\u00fck, dayan\u0131\u015fma projeleri ve insani yard\u0131m gibi \u00e7e\u015fitli faaliyet alanlar\u0131n\u0131 kapsayan program, gen\u00e7lere hem yurt i\u00e7inde hem de yurt d\u0131\u015f\u0131nda belirli s\u00fcrelerle projelere kat\u0131lma imk\u00e2n\u0131 sunar. Kat\u0131l\u0131mc\u0131lar\u0131n masraflar\u0131 (konaklama, yemek, ula\u015f\u0131m, sigorta vb.) Avrupa Birli\u011fi taraf\u0131ndan kar\u015f\u0131lan\u0131r ve program sonunda gen\u00e7lere deneyimlerini belgeleyen bir Youthpass sertifikas\u0131 verilir.<\/p>\n<h2>Y\u00fcr\u00fct\u00fclen\/Tamamlanan Projeler<\/h2>\n<p>Kurumumuz b\u00fcnyesinde y\u00fcr\u00fct\u00fclen ve tamamlanan ESC projeleri:<\/p>\n<table id=\"eael-data-table-c7d93e8\">\n<thead>\n<tr>\n<th id=\"\" colspan=\"\">\n\t\t\t\t\t\t\t\t\t\t\t\t\t\tType<\/th>\n<th id=\"\" colspan=\"\">\n\t\t\t\t\t\t\t\t\t\t\t\t\t\tKod<\/th>\n<th id=\"\" colspan=\"\">\n\t\t\t\t\t\t\t\t\t\t\t\t\t\tBirim\/GR Grup<\/th>\n<th id=\"\" colspan=\"\">\n\t\t\t\t\t\t\t\t\t\t\t\t\t\tFirst Name<\/th>\n<th id=\"\" colspan=\"\">\n\t\t\t\t\t\t\t\t\t\t\t\t\t\tHibe<\/th>\n<\/tr>\n<\/thead>\n<tbody>\n<tr>\n<td colspan=\"\" rowspan=\"\" id=\"\">\n\t\t\t\t\t\t\t\t\t\t\t\t\tESC11\n\t\t\t\t\t\t\t\t\t\t\t<\/td>\n<td colspan=\"\" rowspan=\"\" id=\"\">\n\t\t\t\t\t\t\t\t\t\t\t\t\t2020-2-TR01-ESC11-095352\n\t\t\t\t\t\t\t\t\t\t\t<\/td>\n<td colspan=\"\" rowspan=\"\" id=\"\">\n\t\t\t\t\t\t\t\t\t\t\t\t\tSivas Cumhuriyet University\n\t\t\t\t\t\t\t\t\t\t\t<\/td>\n<td colspan=\"\" rowspan=\"\" id=\"\">\n\t\t\t\t\t\t\t\t\t\t\t\t\tBirlikte Daha G\u00fc\u00e7l\u00fcy\u00fcz\n\t\t\t\t\t\t\t\t\t\t\t<\/td>\n<td colspan=\"\" rowspan=\"\" id=\"\">\n\t\t\t\t\t\t\t\t\t\t\t\t\t\u20ac16.410\n\t\t\t\t\t\t\t\t\t\t\t<\/td>\n<\/tr>\n<tr>\n<td colspan=\"\" rowspan=\"\" id=\"\">\n\t\t\t\t\t\t\t\t\t\t\t\t\tESC11\n\t\t\t\t\t\t\t\t\t\t\t<\/td>\n<td colspan=\"\" rowspan=\"\" id=\"\">\n\t\t\t\t\t\t\t\t\t\t\t\t\t2020-3-TR01-ESC11-096626\n\t\t\t\t\t\t\t\t\t\t\t<\/td>\n<td colspan=\"\" rowspan=\"\" id=\"\">\n\t\t\t\t\t\t\t\t\t\t\t\t\tSivas Cumhuriyet University\n\t\t\t\t\t\t\t\t\t\t\t<\/td>\n<td colspan=\"\" rowspan=\"\" id=\"\">\n\t\t\t\t\t\t\t\t\t\t\t\t\tTime2Move\n\t\t\t\t\t\t\t\t\t\t\t<\/td>\n<td colspan=\"\" rowspan=\"\" id=\"\">\n\t\t\t\t\t\t\t\t\t\t\t\t\t\u20ac26.630\n\t\t\t\t\t\t\t\t\t\t\t<\/td>\n<\/tr>\n<tr>\n<td colspan=\"\" rowspan=\"\" id=\"\">\n\t\t\t\t\t\t\t\t\t\t\t\t\tESC30\n\t\t\t\t\t\t\t\t\t\t\t<\/td>\n<td colspan=\"\" rowspan=\"\" id=\"\">\n\t\t\t\t\t\t\t\t\t\t\t\t\t2023-1-TR01-ESC30-SOL-000134341\n\t\t\t\t\t\t\t\t\t\t\t<\/td>\n<td colspan=\"\" rowspan=\"\" id=\"\">\n\t\t\t\t\t\t\t\t\t\t\t\t\tESN Cumhuriyet\n\t\t\t\t\t\t\t\t\t\t\t<\/td>\n<td colspan=\"\" rowspan=\"\" id=\"\">\n\t\t\t\t\t\t\t\t\t\t\t\t\tBilin\u00e7li Gen\u00e7lik Sa\u011flam Gelecek!\n\t\t\t\t\t\t\t\t\t\t\t<\/td>\n<td colspan=\"\" rowspan=\"\" id=\"\">\n\t\t\t\t\t\t\t\t\t\t\t\t\t\u20ac8.028\n\t\t\t\t\t\t\t\t\t\t\t<\/td>\n<\/tr>\n<\/tbody>\n<\/table>\n<p>GR Grup: Gayriresmi gen\u00e7lik grubu<\/p>","protected":false},"excerpt":{"rendered":"<p>Avrupa Dayan\u0131\u015fma Program\u0131 (ESC) Avrupa Dayan\u0131\u015fma Program\u0131 (European Solidarity Corps (ESC)), 18-30 ya\u015f aras\u0131 gen\u00e7lerin toplum yarar\u0131na projelerde g\u00f6n\u00fcll\u00fc olarak yer almalar\u0131n\u0131 ve dayan\u0131\u015fma ruhunu g\u00fc\u00e7lendirmelerini ama\u00e7layan Avrupa Birli\u011fi destekli bir programd\u0131r. ESC, gen\u00e7lerin sosyal sorumluluk kazanmalar\u0131n\u0131, farkl\u0131 k\u00fclt\u00fcrlerle etkile\u015fimde bulunarak ki\u015fisel ve mesleki geli\u015fimlerini art\u0131rmalar\u0131n\u0131 hedefler. G\u00f6n\u00fcll\u00fcl\u00fck, dayan\u0131\u015fma projeleri ve insani yard\u0131m gibi \u00e7e\u015fitli [&hellip;]<\/p>\n","protected":false},"author":1,"featured_media":8389,"parent":0,"menu_order":0,"comment_status":"closed","ping_status":"closed","template":"","meta":{"_gspb_post_css":"","footnotes":""},"class_list":["post-2736","page","type-page","status-publish","has-post-thumbnail","hentry"],"blocksy_meta":[],"_links":{"self":[{"href":"https:\/\/erasmus.cumhuriyet.edu.tr\/en\/wp-json\/wp\/v2\/pages\/2736","targetHints":{"allow":["GET"]}}],"collection":[{"href":"https:\/\/erasmus.cumhuriyet.edu.tr\/en\/wp-json\/wp\/v2\/pages"}],"about":[{"href":"https:\/\/erasmus.cumhuriyet.edu.tr\/en\/wp-json\/wp\/v2\/types\/page"}],"author":[{"embeddable":true,"href":"https:\/\/erasmus.cumhuriyet.edu.tr\/en\/wp-json\/wp\/v2\/users\/1"}],"replies":[{"embeddable":true,"href":"https:\/\/erasmus.cumhuriyet.edu.tr\/en\/wp-json\/wp\/v2\/comments?post=2736"}],"version-history":[{"count":20,"href":"https:\/\/erasmus.cumhuriyet.edu.tr\/en\/wp-json\/wp\/v2\/pages\/2736\/revisions"}],"predecessor-version":[{"id":6921,"href":"https:\/\/erasmus.cumhuriyet.edu.tr\/en\/wp-json\/wp\/v2\/pages\/2736\/revisions\/6921"}],"wp:featuredmedia":[{"embeddable":true,"href":"https:\/\/erasmus.cumhuriyet.edu.tr\/en\/wp-json\/wp\/v2\/media\/8389"}],"wp:attachment":[{"href":"https:\/\/erasmus.cumhuriyet.edu.tr\/en\/wp-json\/wp\/v2\/media?parent=2736"}],"curies":[{"name":"wp","href":"https:\/\/api.w.org\/{rel}","templated":true}]}}