{"id":2701,"date":"2023-04-20T09:41:27","date_gmt":"2023-04-20T06:41:27","guid":{"rendered":"https:\/\/erasmus.cumhuriyet.edu.tr\/?page_id=2701"},"modified":"2026-01-15T12:22:13","modified_gmt":"2026-01-15T09:22:13","slug":"ka131-std-ytb-declaration","status":"publish","type":"page","link":"https:\/\/erasmus.cumhuriyet.edu.tr\/en\/erasmus\/outgoing\/student\/docs\/ka131-std-ytb-declaration\/","title":{"rendered":"Erasmus+ T\u00fcrkiye Burslar\u0131 Bursiyeri Beyannamesi"},"content":{"rendered":"<div class=\"wpcf7 no-js\" id=\"wpcf7-f2699-o1\" lang=\"en-US\" dir=\"ltr\" data-wpcf7-id=\"2699\">\n<div class=\"screen-reader-response\"><p role=\"status\" aria-live=\"polite\" aria-atomic=\"true\"><\/p> <ul><\/ul><\/div>\n<form action=\"\/en\/wp-json\/wp\/v2\/pages\/2701#wpcf7-f2699-o1\" method=\"post\" class=\"wpcf7-form init cf7mls-no-scroll cf7mls-auto-return-first-step cf7mls-no-moving-animation\" aria-label=\"Contact form\" novalidate=\"novalidate\" data-status=\"init\" data-trp-original-action=\"\/en\/wp-json\/wp\/v2\/pages\/2701#wpcf7-f2699-o1\">\n<fieldset class=\"hidden-fields-container\"><input type=\"hidden\" name=\"_wpcf7\" value=\"2699\" \/><input type=\"hidden\" name=\"_wpcf7_version\" value=\"6.1.5\" \/><input type=\"hidden\" name=\"_wpcf7_locale\" value=\"en_US\" \/><input type=\"hidden\" name=\"_wpcf7_unit_tag\" value=\"wpcf7-f2699-o1\" \/><input type=\"hidden\" name=\"_wpcf7_container_post\" value=\"0\" \/><input type=\"hidden\" name=\"_wpcf7_posted_data_hash\" value=\"\" \/><input type=\"hidden\" name=\"_wpcf7cf_hidden_group_fields\" value=\"[]\" \/><input type=\"hidden\" name=\"_wpcf7cf_hidden_groups\" value=\"[]\" \/><input type=\"hidden\" name=\"_wpcf7cf_visible_groups\" value=\"[]\" \/><input type=\"hidden\" name=\"_wpcf7cf_repeaters\" value=\"[]\" \/><input type=\"hidden\" name=\"_wpcf7cf_steps\" value=\"{}\" \/><input type=\"hidden\" name=\"_wpcf7cf_options\" value=\"{&quot;form_id&quot;:2699,&quot;conditions&quot;:[],&quot;settings&quot;:{&quot;animation&quot;:&quot;yes&quot;,&quot;animation_intime&quot;:200,&quot;animation_outtime&quot;:200,&quot;conditions_ui&quot;:&quot;normal&quot;,&quot;notice_dismissed&quot;:false,&quot;notice_dismissed_update-cf7-6.1.5&quot;:true}}\" \/><input type=\"hidden\" name=\"_wpcf7dtx_version\" value=\"5.0.5\" \/>\n<\/fieldset>\n<p><label> <b>T.C. K\u0130ML\u0130K NO \/ YABANCI K\u0130ML\u0130K NO*<\/b><br \/>\n<span class=\"wpcf7-form-control-wrap\" data-name=\"tckn\"><input class=\"wpcf7-form-control wpcf7-number wpcf7-validates-as-required wpcf7-validates-as-number\" min=\"10000000000\" max=\"99999999999\" aria-required=\"true\" aria-invalid=\"false\" placeholder=\"L\u00fctfen 11 haneli kimlik numaran\u0131z\u0131 yaz\u0131n\u0131z\" value=\"\" type=\"number\" name=\"tckn\" \/><\/span> <\/label>\n<\/p>\n<p><label> <b>AD*<\/b><br \/>\n<span class=\"wpcf7-form-control-wrap\" data-name=\"first-name\"><input size=\"40\" maxlength=\"400\" class=\"wpcf7-form-control wpcf7-text wpcf7-validates-as-required\" aria-required=\"true\" aria-invalid=\"false\" placeholder=\"L\u00fctfen ad\u0131n\u0131z\u0131 (varsa ikinci ad\u0131n\u0131z\u0131 da) yaz\u0131n\u0131z\" value=\"\" type=\"text\" name=\"first-name\" \/><\/span> <\/label>\n<\/p>\n<p><label> <b>SOYAD*<\/b><br \/>\n<span class=\"wpcf7-form-control-wrap\" data-name=\"sur-name\"><input size=\"40\" maxlength=\"400\" class=\"wpcf7-form-control wpcf7-text wpcf7-validates-as-required\" aria-required=\"true\" aria-invalid=\"false\" placeholder=\"L\u00fctfen soyad\u0131n\u0131z\u0131 yaz\u0131n\u0131z\" value=\"\" type=\"text\" name=\"sur-name\" \/><\/span> <\/label>\n<\/p>\n<p><label> <b>\u00d6\u011eRENC\u0130 NO*<\/b><br \/>\n<span class=\"wpcf7-form-control-wrap\" data-name=\"std-no\"><input class=\"wpcf7-form-control wpcf7-number wpcf7-validates-as-required wpcf7-validates-as-number\" min=\"1000000000\" max=\"99999999999\" aria-required=\"true\" aria-invalid=\"false\" placeholder=\"L\u00fctfen \u00f6\u011frenci numaran\u0131z\u0131 yaz\u0131n\u0131z\" value=\"\" type=\"number\" name=\"std-no\" \/><\/span> <\/label>\n<\/p>\n<p><label> <b>B\u0130R\u0130M<\/b> (ENST\u0130T\u00dc\/FAK\u00dcLTE\/MYO\/YO)<b>*<\/b><br \/>\n<span class=\"wpcf7-form-control-wrap\" data-name=\"unit\"><input size=\"40\" maxlength=\"400\" class=\"wpcf7-form-control wpcf7-text wpcf7-validates-as-required\" aria-required=\"true\" aria-invalid=\"false\" placeholder=\"L\u00fctfen biriminizi yaz\u0131n\u0131z\" value=\"\" type=\"text\" name=\"unit\" \/><\/span> <\/label>\n<\/p>\n<p><label> <b>B\u00d6L\u00dcM*<\/b><br \/>\n<span class=\"wpcf7-form-control-wrap\" data-name=\"dept\"><input size=\"40\" maxlength=\"400\" class=\"wpcf7-form-control wpcf7-text wpcf7-validates-as-required\" aria-required=\"true\" aria-invalid=\"false\" placeholder=\"L\u00fctfen b\u00f6l\u00fcm\u00fcn\u00fcz\u00fc yaz\u0131n\u0131z\" value=\"\" type=\"text\" name=\"dept\" \/><\/span> <\/label>\n<\/p>\n<p><label> <b>TELEFON NO*<\/b><br \/>\n<span class=\"wpcf7-form-control-wrap\" data-name=\"telno\"><input size=\"40\" maxlength=\"400\" class=\"wpcf7-form-control wpcf7-tel wpcf7-validates-as-required wpcf7-text wpcf7-validates-as-tel\" aria-required=\"true\" aria-invalid=\"false\" placeholder=\"5XXXXXXXXX\" value=\"\" type=\"tel\" name=\"telno\" \/><\/span><\/label>\n<\/p>\n<p><label> <b>E-POSTA ADRES\u0130*<\/b><br \/>\n<span class=\"wpcf7-form-control-wrap\" data-name=\"uni-mail\"><input size=\"40\" maxlength=\"400\" class=\"wpcf7-form-control wpcf7-email wpcf7-validates-as-required wpcf7-text wpcf7-validates-as-email\" aria-required=\"true\" aria-invalid=\"false\" placeholder=\"L\u00fctfen aktif olarak kulland\u0131\u011f\u0131n\u0131z bir e-posta adresi yaz\u0131n\u0131z\" value=\"\" type=\"email\" name=\"uni-mail\" \/><\/span> <\/label>\n<\/p>\n<p><label> <b>ADRES*<\/b><br \/>\n<span class=\"wpcf7-form-control-wrap\" data-name=\"address\"><input size=\"40\" maxlength=\"400\" class=\"wpcf7-form-control wpcf7-text wpcf7-validates-as-required\" aria-required=\"true\" aria-invalid=\"false\" placeholder=\"L\u00fctfen yaz\u0131\u015fma adresinizi yaz\u0131n\u0131z\" value=\"\" type=\"text\" name=\"address\" \/><\/span> <\/label>\n<\/p>\n<p><label> <b>KONU*<\/b><br \/>\n<span class=\"wpcf7-form-control-wrap\" data-name=\"topic\"><select class=\"wpcf7-form-control wpcf7-select wpcf7-validates-as-required\" aria-required=\"true\" aria-invalid=\"false\" name=\"topic\"><option value=\"Erasmus+ \u00d6\u011frenci Hareketlili\u011fi T\u00fcrkiye Burslar\u0131 Bursiyeri Beyannamesi\">Erasmus+ \u00d6\u011frenci Hareketlili\u011fi T\u00fcrkiye Burslar\u0131 Bursiyeri Beyannamesi<\/option><\/select><\/span> <\/label>\n<\/p>\n<p><label> <b>B\u0130R\u0130M<\/b> (Dilek\u00e7enin g\u00f6nderilece\u011fi birim)<b>*<\/b><br \/>\n<span class=\"wpcf7-form-control-wrap\" data-name=\"ounit\"><select class=\"wpcf7-form-control wpcf7-select wpcf7-validates-as-required\" aria-required=\"true\" aria-invalid=\"false\" name=\"ounit\"><option value=\"KA131 \u00d6\u011frenci \u00d6\u011frenim Hareketlili\u011fi Birimi\">KA131 \u00d6\u011frenci \u00d6\u011frenim Hareketlili\u011fi Birimi<\/option><option value=\"KA131 \u00d6\u011frenci Staj Hareketlili\u011fi Birimi\">KA131 \u00d6\u011frenci Staj Hareketlili\u011fi Birimi<\/option><\/select><\/span> <\/label>\n<\/p>\n<p><label> <b>\u0130\u00c7ER\u0130K*<\/b><br \/>\n<span>\u0130lgi: Yurtd\u0131\u015f\u0131 T\u00fcrkler ve Akraba Topluluklar Ba\u015fkanl\u0131\u011f\u0131 T\u00fcrkiye Burslar\u0131 Bursluluk \u0130\u015flemleri Y\u00f6nergesinin 23. Maddesinin 3. F\u0131kras\u0131<br \/>\nErasmus+ hareketlili\u011fimi ger\u00e7ekle\u015ftirmem durumunda kabul belgesini Yurtd\u0131\u015f\u0131 T\u00fcrkler ve Akraba Topluluklar Ba\u015fkanl\u0131\u011f\u0131na 15 g\u00fcn i\u00e7inde iletmem gerekti\u011fini, en fazla bir yar\u0131y\u0131l faaliyette bulanabilece\u011fimi, T\u00fcrkiye Burslar\u0131 bursumun bursluluk s\u00fcresinden say\u0131l\u0131p dondurulaca\u011f\u0131n\u0131 biliyorum. Sivas Cumhuriyet \u00dcniversitesi Uluslararas\u0131 \u0130li\u015fkiler Ofisi Erasmus+ Kurum Koordinat\u00f6rl\u00fc\u011f\u00fcn\u00fcn Yurtd\u0131\u015f\u0131 T\u00fcrkler ve Akraba Topluluklar Ba\u015fkanl\u0131\u011f\u0131na herhangi bir bilgi veya belge iletme y\u00fck\u00fcml\u00fcl\u00fc\u011f\u00fcn\u00fcn bulunmad\u0131\u011f\u0131n\u0131 biliyorum ve ilgili kuruma durumum hakk\u0131nda taraf\u0131mca bilgi verilmesi gerekti\u011finin fark\u0131nday\u0131m. \u0130lgili kuruma s\u00fcresi i\u00e7inde bilgi verece\u011fimi kabul ediyor, bilgi vermemem veya ge\u00e7 bilgi vermem durumunda do\u011facak olan ma\u011fduriyetleri pe\u015finen kabul ediyorum.<br \/>\nYukar\u0131da belirtilen hususlar\u0131 okudum, anlad\u0131m, kabul, beyan ve taahh\u00fct ediyorum.<br \/>\n<\/span><\/label>\n<\/p>\n<p><label> <b>KVKK<\/b><br \/>\n<span class=\"wpcf7-form-control-wrap\" data-name=\"kvkk\"><span class=\"wpcf7-form-control wpcf7-acceptance\"><span class=\"wpcf7-list-item\"><label><input type=\"checkbox\" name=\"kvkk\" value=\"1\" aria-invalid=\"false\" \/><span class=\"wpcf7-list-item-label\">6698 Say\u0131l\u0131 Ki\u015fisel Verilerin Korunmas\u0131 Kanunu kapsam\u0131ndaki verilerimin <a href=\"\/en\/kvkk\/\" target=\"_blank\">A\u00e7\u0131k R\u0131za Metni<\/a>nde belirtildi\u011fi \u015fekilde i\u015flenmesini onayl\u0131yorum.<\/span><\/label><\/span><\/span><\/span><\/label>\n<\/p>\n<span class=\"wpcf7-form-control-wrap signdate\" data-name=\"signdate\"><input type=\"hidden\" name=\"signdate\" class=\"wpcf7-form-control wpcf7-hidden wpcf7dtx wpcf7dtx-hidden\" aria-invalid=\"false\" value=\"21\/04\/2026\"><\/span>\n<p><label><b>\u0130MZA<\/b><\/label>\n<\/p>\n<p><div class=\"wpcf7-form-control-signature-global-wrap wpcf7-form-control-wrap\" data-field-id=\"sign\">\n\t\t\t\t<div class=\"wpcf7-form-control-signature-wrap\" style=\"width:300px;height:200px;\">\n\t\t\t\t\t<div class=\"wpcf7-form-control-signature-body\">\n\t\t\t\t\t\t<canvas data-color=\"#0000FF\" data-background=\"#FFFFFF\" id=\"wpcf7_sign_signature\" class=\"sign border\"><\/canvas>\n\t\t\t\t\t<\/div>\n\t\t\t\t<\/div>\n\t\t\t\t<div class=\"wpcf7-form-control-clear-wrap\">\n\t\t\t\t\t<input id=\"wpcf7_sign_clear\" type=\"button\" value=\"Clear\"\/>\n\t\t\t\t<\/div>\n\t\t\t<\/div>\n\t\t\t<span class=\"wpcf7-form-control-wrap wpcf7-form-control-signature-input-wrap sign\">\n\t\t\t\t  <input aria-required=\"true\" aria-invalid=\"false\" value=\"\" type=\"hidden\" name=\"sign\" id=\"wpcf7_input_sign\" class=\"wpcf7-form-control wpcf7-signature\" \/><input type=\"hidden\" name=\"sign-attachment\" id=\"wpcf7_input_sign_attachment\" class=\"wpcf7-form-control wpcf7-signature\" \/><input type=\"hidden\" name=\"sign-inline\" id=\"wpcf7_input_sign_inline\" class=\"wpcf7-form-control wpcf7-signature\" \/>\n\t\t\t\t\n\t\t\t<\/span>\n\t\t\t<span><i>L\u00fctfen fare veya dokunmatik ekran yard\u0131m\u0131yla yukar\u0131daki alana imzan\u0131z\u0131 at\u0131n\u0131z. \u0130mzay\u0131 silmek i\u00e7in CLEAR butonuna t\u0131klayabilirsiniz. \u0130mza g\u00f6r\u00fcnm\u00fcyor ise CLEAR butonuna t\u0131klay\u0131p yeniden imza at\u0131n\u0131z.<\/i><\/span>\n<\/p>\n<p><label><b>G\u00fcvenlik Do\u011frulamas\u0131<\/b><\/label>\n<\/p>\n<div class=\"wpcf7-turnstile cf-turnstile\" data-sitekey=\"0x4AAAAAACLdUHLrCkA1jjVy\" data-response-field-name=\"_wpcf7_turnstile_response\" data-theme=\"light\" data-language=\"en\"><\/div>\n<p>&nbsp;\n<\/p>\n<p><input class=\"wpcf7-form-control wpcf7-submit has-spinner\" type=\"submit\" value=\"G\u00f6nder\" \/>\n<\/p><div class=\"wpcf7-response-output\" aria-hidden=\"true\"><\/div>\n<input type=\"hidden\" name=\"trp-form-language\" value=\"en\"\/><\/form>\n<\/div>","protected":false},"excerpt":{"rendered":"","protected":false},"author":1,"featured_media":0,"parent":1150,"menu_order":0,"comment_status":"closed","ping_status":"closed","template":"","meta":{"_gspb_post_css":"","footnotes":""},"class_list":["post-2701","page","type-page","status-publish","hentry"],"blocksy_meta":[],"_links":{"self":[{"href":"https:\/\/erasmus.cumhuriyet.edu.tr\/en\/wp-json\/wp\/v2\/pages\/2701","targetHints":{"allow":["GET"]}}],"collection":[{"href":"https:\/\/erasmus.cumhuriyet.edu.tr\/en\/wp-json\/wp\/v2\/pages"}],"about":[{"href":"https:\/\/erasmus.cumhuriyet.edu.tr\/en\/wp-json\/wp\/v2\/types\/page"}],"author":[{"embeddable":true,"href":"https:\/\/erasmus.cumhuriyet.edu.tr\/en\/wp-json\/wp\/v2\/users\/1"}],"replies":[{"embeddable":true,"href":"https:\/\/erasmus.cumhuriyet.edu.tr\/en\/wp-json\/wp\/v2\/comments?post=2701"}],"version-history":[{"count":3,"href":"https:\/\/erasmus.cumhuriyet.edu.tr\/en\/wp-json\/wp\/v2\/pages\/2701\/revisions"}],"predecessor-version":[{"id":8632,"href":"https:\/\/erasmus.cumhuriyet.edu.tr\/en\/wp-json\/wp\/v2\/pages\/2701\/revisions\/8632"}],"up":[{"embeddable":true,"href":"https:\/\/erasmus.cumhuriyet.edu.tr\/en\/wp-json\/wp\/v2\/pages\/1150"}],"wp:attachment":[{"href":"https:\/\/erasmus.cumhuriyet.edu.tr\/en\/wp-json\/wp\/v2\/media?parent=2701"}],"curies":[{"name":"wp","href":"https:\/\/api.w.org\/{rel}","templated":true}]}}