{"id":2674,"date":"2023-04-10T22:59:52","date_gmt":"2023-04-10T19:59:52","guid":{"rendered":"https:\/\/erasmus.cumhuriyet.edu.tr\/?page_id=2674"},"modified":"2026-01-15T12:20:18","modified_gmt":"2026-01-15T09:20:18","slug":"ka131-sms-commitment","status":"publish","type":"page","link":"https:\/\/erasmus.cumhuriyet.edu.tr\/en\/erasmus\/outgoing\/student\/docs\/ka131-sms-commitment\/","title":{"rendered":"Erasmus+ \u00d6\u011frenci \u00d6\u011frenim Hareketlili\u011fi Taahh\u00fctname"},"content":{"rendered":"<div class=\"wp-block-greenshift-blocks-infobox gspb_infoBox gspb_infoBox-id-gsbp-6d5478b\" id=\"gspb_infoBox-id-gsbp-6d5478b\"><div class=\"gs-box notice_type icon_type\"><div class=\"gs-box-icon\"><svg x=\"0px\" y=\"0px\" viewbox=\"0 0 486.463 486.463\"> <g> <g> <path d=\"M243.225,333.382c-13.6,0-25,11.4-25,25s11.4,25,25,25c13.1,0,25-11.4,24.4-24.4 C268.225,344.682,256.925,333.382,243.225,333.382z\"><\/path> <path d=\"M474.625,421.982c15.7-27.1,15.8-59.4,0.2-86.4l-156.6-271.2c-15.5-27.3-43.5-43.5-74.9-43.5s-59.4,16.3-74.9,43.4 l-156.8,271.5c-15.6,27.3-15.5,59.8,0.3,86.9c15.6,26.8,43.5,42.9,74.7,42.9h312.8 C430.725,465.582,458.825,449.282,474.625,421.982z M440.625,402.382c-8.7,15-24.1,23.9-41.3,23.9h-312.8 c-17,0-32.3-8.7-40.8-23.4c-8.6-14.9-8.7-32.7-0.1-47.7l156.8-271.4c8.5-14.9,23.7-23.7,40.9-23.7c17.1,0,32.4,8.9,40.9,23.8 l156.7,271.4C449.325,369.882,449.225,387.482,440.625,402.382z\"><\/path> <path d=\"M237.025,157.882c-11.9,3.4-19.3,14.2-19.3,27.3c0.6,7.9,1.1,15.9,1.7,23.8c1.7,30.1,3.4,59.6,5.1,89.7 c0.6,10.2,8.5,17.6,18.7,17.6c10.2,0,18.2-7.9,18.7-18.2c0-6.2,0-11.9,0.6-18.2c1.1-19.3,2.3-38.6,3.4-57.9 c0.6-12.5,1.7-25,2.3-37.5c0-4.5-0.6-8.5-2.3-12.5C260.825,160.782,248.925,155.082,237.025,157.882z\"><\/path> <\/g> <\/g> <\/svg><\/div><div class=\"gs-box-text\">\n<p>Bu belge TURNAPortale y\u00fcklendikten sonra yazd\u0131r\u0131l\u0131p \u0131slak imzal\u0131 olarak Koordinat\u00f6rl\u00fc\u011fe teslim edilmelidir.<\/p>\n<\/div><\/div><\/div>\n\n\n\n<div class=\"wpcf7 no-js\" id=\"wpcf7-f2675-o1\" lang=\"en-US\" dir=\"ltr\" data-wpcf7-id=\"2675\">\n<div class=\"screen-reader-response\"><p role=\"status\" aria-live=\"polite\" aria-atomic=\"true\"><\/p> <ul><\/ul><\/div>\n<form action=\"\/en\/wp-json\/wp\/v2\/pages\/2674#wpcf7-f2675-o1\" method=\"post\" class=\"wpcf7-form init cf7mls-no-scroll cf7mls-auto-return-first-step cf7mls-no-moving-animation\" aria-label=\"Contact form\" novalidate=\"novalidate\" data-status=\"init\" data-trp-original-action=\"\/en\/wp-json\/wp\/v2\/pages\/2674#wpcf7-f2675-o1\">\n<fieldset class=\"hidden-fields-container\"><input type=\"hidden\" name=\"_wpcf7\" value=\"2675\" \/><input type=\"hidden\" name=\"_wpcf7_version\" value=\"6.1.5\" \/><input type=\"hidden\" name=\"_wpcf7_locale\" value=\"en_US\" \/><input type=\"hidden\" name=\"_wpcf7_unit_tag\" value=\"wpcf7-f2675-o1\" \/><input type=\"hidden\" name=\"_wpcf7_container_post\" value=\"0\" \/><input type=\"hidden\" name=\"_wpcf7_posted_data_hash\" value=\"\" \/><input type=\"hidden\" name=\"_wpcf7cf_hidden_group_fields\" value=\"[]\" \/><input type=\"hidden\" name=\"_wpcf7cf_hidden_groups\" value=\"[]\" \/><input type=\"hidden\" name=\"_wpcf7cf_visible_groups\" value=\"[]\" \/><input type=\"hidden\" name=\"_wpcf7cf_repeaters\" value=\"[]\" \/><input type=\"hidden\" name=\"_wpcf7cf_steps\" value=\"{}\" \/><input type=\"hidden\" name=\"_wpcf7cf_options\" value=\"{&quot;form_id&quot;:2675,&quot;conditions&quot;:[],&quot;settings&quot;:{&quot;animation&quot;:&quot;yes&quot;,&quot;animation_intime&quot;:200,&quot;animation_outtime&quot;:200,&quot;conditions_ui&quot;:&quot;normal&quot;,&quot;notice_dismissed&quot;:false,&quot;notice_dismissed_update-cf7-6.1.5&quot;:true}}\" \/><input type=\"hidden\" name=\"_wpcf7dtx_version\" value=\"5.0.5\" \/>\n<\/fieldset>\n<p><label> <b>T.C. K\u0130ML\u0130K NO \/ YABANCI K\u0130ML\u0130K NO*<\/b><br \/>\n<span class=\"wpcf7-form-control-wrap\" data-name=\"tckn\"><input class=\"wpcf7-form-control wpcf7-number wpcf7-validates-as-required wpcf7-validates-as-number\" min=\"10000000000\" max=\"99999999999\" aria-required=\"true\" aria-invalid=\"false\" placeholder=\"L\u00fctfen 11 haneli kimlik numaran\u0131z\u0131 yaz\u0131n\u0131z\" value=\"\" type=\"number\" name=\"tckn\" \/><\/span> <\/label>\n<\/p>\n<p><label> <b>AD*<\/b><br \/>\n<span class=\"wpcf7-form-control-wrap\" data-name=\"first-name\"><input size=\"40\" maxlength=\"400\" class=\"wpcf7-form-control wpcf7-text wpcf7-validates-as-required\" aria-required=\"true\" aria-invalid=\"false\" placeholder=\"L\u00fctfen ad\u0131n\u0131z\u0131 (varsa ikinci ad\u0131n\u0131z\u0131 da) yaz\u0131n\u0131z\" value=\"\" type=\"text\" name=\"first-name\" \/><\/span> <\/label>\n<\/p>\n<p><label> <b>SOYAD*<\/b><br \/>\n<span class=\"wpcf7-form-control-wrap\" data-name=\"sur-name\"><input size=\"40\" maxlength=\"400\" class=\"wpcf7-form-control wpcf7-text wpcf7-validates-as-required\" aria-required=\"true\" aria-invalid=\"false\" placeholder=\"L\u00fctfen soyad\u0131n\u0131z\u0131 yaz\u0131n\u0131z\" value=\"\" type=\"text\" name=\"sur-name\" \/><\/span> <\/label>\n<\/p>\n<p><label> <b>\u00d6\u011eRENC\u0130 NO*<\/b><br \/>\n<span class=\"wpcf7-form-control-wrap\" data-name=\"std-no\"><input class=\"wpcf7-form-control wpcf7-number wpcf7-validates-as-required wpcf7-validates-as-number\" min=\"1000000000\" max=\"99999999999\" aria-required=\"true\" aria-invalid=\"false\" placeholder=\"L\u00fctfen \u00f6\u011frenci numaran\u0131z\u0131 yaz\u0131n\u0131z\" value=\"\" type=\"number\" name=\"std-no\" \/><\/span> <\/label>\n<\/p>\n<p><label> <b>B\u0130R\u0130M<\/b> (ENST\u0130T\u00dc\/FAK\u00dcLTE\/MYO\/YO)<b>*<\/b><br \/>\n<span class=\"wpcf7-form-control-wrap\" data-name=\"unit\"><input size=\"40\" maxlength=\"400\" class=\"wpcf7-form-control wpcf7-text wpcf7-validates-as-required\" aria-required=\"true\" aria-invalid=\"false\" placeholder=\"L\u00fctfen biriminizi yaz\u0131n\u0131z\" value=\"\" type=\"text\" name=\"unit\" \/><\/span> <\/label>\n<\/p>\n<p><label> <b>B\u00d6L\u00dcM*<\/b><br \/>\n<span class=\"wpcf7-form-control-wrap\" data-name=\"dept\"><input size=\"40\" maxlength=\"400\" class=\"wpcf7-form-control wpcf7-text wpcf7-validates-as-required\" aria-required=\"true\" aria-invalid=\"false\" placeholder=\"L\u00fctfen b\u00f6l\u00fcm\u00fcn\u00fcz\u00fc yaz\u0131n\u0131z\" value=\"\" type=\"text\" name=\"dept\" \/><\/span> <\/label>\n<\/p>\n<p><label> <b>TELEFON NO*<\/b><br \/>\n<span class=\"wpcf7-form-control-wrap\" data-name=\"telno\"><input size=\"40\" maxlength=\"400\" class=\"wpcf7-form-control wpcf7-tel wpcf7-validates-as-required wpcf7-text wpcf7-validates-as-tel\" aria-required=\"true\" aria-invalid=\"false\" placeholder=\"5XXXXXXXXX\" value=\"\" type=\"tel\" name=\"telno\" \/><\/span><\/label>\n<\/p>\n<p><label> <b>E-POSTA ADRES\u0130*<\/b><br \/>\n<span class=\"wpcf7-form-control-wrap\" data-name=\"uni-mail\"><input size=\"40\" maxlength=\"400\" class=\"wpcf7-form-control wpcf7-email wpcf7-validates-as-required wpcf7-text wpcf7-validates-as-email\" aria-required=\"true\" aria-invalid=\"false\" placeholder=\"L\u00fctfen aktif olarak kulland\u0131\u011f\u0131n\u0131z bir e-posta adresi yaz\u0131n\u0131z\" value=\"\" type=\"email\" name=\"uni-mail\" \/><\/span> <\/label>\n<\/p>\n<p><label> <b>ADRES*<\/b><br \/>\n<span class=\"wpcf7-form-control-wrap\" data-name=\"address\"><input size=\"40\" maxlength=\"400\" class=\"wpcf7-form-control wpcf7-text wpcf7-validates-as-required\" aria-required=\"true\" aria-invalid=\"false\" placeholder=\"L\u00fctfen yaz\u0131\u015fma adresinizi yaz\u0131n\u0131z\" value=\"\" type=\"text\" name=\"address\" \/><\/span> <\/label>\n<\/p>\n<p><label> <b>KONU*<\/b><br \/>\n<span class=\"wpcf7-form-control-wrap\" data-name=\"topic\"><select class=\"wpcf7-form-control wpcf7-select wpcf7-validates-as-required\" aria-required=\"true\" aria-invalid=\"false\" name=\"topic\"><option value=\"Erasmus+ \u00d6\u011frenci \u00d6\u011frenim Hareketlili\u011fi Taahh\u00fctname\">Erasmus+ \u00d6\u011frenci \u00d6\u011frenim Hareketlili\u011fi Taahh\u00fctname<\/option><\/select><\/span> <\/label>\n<\/p>\n<p><label> <b>B\u0130R\u0130M<\/b> (Dilek\u00e7enin g\u00f6nderilece\u011fi birim)<b>*<\/b><br \/>\n<span class=\"wpcf7-form-control-wrap\" data-name=\"ounit\"><select class=\"wpcf7-form-control wpcf7-select wpcf7-validates-as-required\" aria-required=\"true\" aria-invalid=\"false\" name=\"ounit\"><option value=\"KA131 \u00d6\u011frenci \u00d6\u011frenim Hareketlili\u011fi Birimi\">KA131 \u00d6\u011frenci \u00d6\u011frenim Hareketlili\u011fi Birimi<\/option><\/select><\/span> <\/label>\n<\/p>\n<p><label> <b>\u0130\u00c7ER\u0130K*<\/b><br \/>\n<span>\u0130lgi: T.C. D\u0131\u015fi\u015fleri Bakanl\u0131\u011f\u0131 Avrupa Birli\u011fi Ba\u015fkanl\u0131\u011f\u0131 AB E\u011fitim ve Gen\u00e7lik Programlar\u0131 Merkezi Ba\u015fkanl\u0131\u011f\u0131n\u0131n (T\u00fcrkiye Ulusal Ajans\u0131) 01.05.2022 tarihinde yay\u0131nlam\u0131\u015f oldu\u011fu Erasmus+ 2022 S\u00f6zle\u015fme D\u00f6nemi KA131 Y\u00fcksek\u00f6\u011fretim Kurumlar\u0131 i\u00e7in El Kitab\u0131n\u0131n \u201cHibelerde Kesinti Yap\u0131lmas\u0131\u201d Ba\u015fl\u0131\u011f\u0131<br \/>\n\u0130lgi mevzuatta belirtilen hususlar Sivas Cumhuriyet \u00dcniversitesi Uluslararas\u0131 \u0130li\u015fkiler Ofisi Erasmus+ Kurum Koordinat\u00f6rl\u00fc\u011f\u00fcn\u00fcn resmi internet sitesi \u00fczerinden duyurulmu\u015f ve hangi ko\u015fullarda hibeden kesinti yap\u0131laca\u011f\u0131 konusunda ayr\u0131nt\u0131l\u0131 a\u00e7\u0131klama yap\u0131lm\u0131\u015ft\u0131r. Yurtd\u0131\u015f\u0131nda bulundu\u011fum s\u00fcre i\u00e7erisinde derslere devam etmedi\u011fim, s\u0131navlara kat\u0131l\u0131m sa\u011flamad\u0131\u011f\u0131m ve\/veya \u00f6\u011frenci olarak yerine getirmekle y\u00fck\u00fcml\u00fc oldu\u011fum sorumluluklar\u0131 yerine getirmedi\u011fimin tespiti halinde ve bu durumun belgelendirilmesi durumunda \u00f6\u011frenci \u00f6\u011frenim hareketlili\u011fi faaliyet s\u00fcresi i\u00e7in hesaplanan toplam hibenin %20\u2019sinin hi\u00e7bir \u015fekilde \u00f6denmeyece\u011finin bilincindeyim. Taraf\u0131ma \u00f6denecek olan\/\u00f6denen hibenin kesintisinin %20\u2019nin \u00fczerine \u00e7\u0131kar\u0131lmas\u0131 karar\u0131n\u0131n Sivas Cumhuriyet \u00dcniversitesinin takdirinde oldu\u011funun fark\u0131nday\u0131m. \u00d6\u011frenim Anla\u015fmas\u0131nda belirtilen derslerin (toplam AKTS say\u0131s\u0131n\u0131n) en az \u00fc\u00e7te ikisinden ba\u015far\u0131l\u0131 say\u0131lmamam durumunda hareketlili\u011fimin ba\u015far\u0131s\u0131z olarak de\u011ferlendirilece\u011fini kabul ediyorum. Derslere devam etti\u011fim ve s\u0131navlara kat\u0131l\u0131m sa\u011flad\u0131\u011f\u0131m halde faaliyetimi ba\u015far\u0131s\u0131z olarak tamamlamam durumunda hibenin tamam\u0131n\u0131n geri \u00f6denmesi\/iade edilmesi veya toplam hibeden %5\u2019ten az olmamak kayd\u0131yla Sivas Cumhuriyet \u00dcniversitesinin belirleyece\u011fi oranda kesinti yap\u0131lmas\u0131 gerekti\u011finin fark\u0131nday\u0131m. Sivas Cumhuriyet \u00dcniversitesi taraf\u0131ndan belirlenen ve\/veya hak kazanm\u0131\u015f oldu\u011fum ilan\u0131n ilan metninde belirtilen tarihe kadar teslim etmem gereken hareketlili\u011fin ger\u00e7ekle\u015ftirildi\u011fini kan\u0131tlayan belgeleri Erasmus+ Kurum Koordinat\u00f6rl\u00fc\u011f\u00fcne iletmemem durumunda hibenin hareketlilik sonras\u0131 yat\u0131r\u0131lacak olan %20\u2019lik tutar\u0131n taraf\u0131ma \u00f6denmeyece\u011fini ve hareketlili\u011fimin ge\u00e7ersiz say\u0131l\u0131p daha \u00f6nce \u00f6denen tutar\u0131n iade etmem gerekti\u011fini biliyorum. \u0130ade edilmesi gereken hibeyi iade etmedi\u011fim veya etmeyi reddetti\u011fim durumda hakk\u0131mda ilgili mevzuat uyar\u0131nca yasal i\u015flem ba\u015flat\u0131laca\u011f\u0131n\u0131n fark\u0131nday\u0131m.<br \/>\nYukar\u0131da belirtilen hususlar\u0131 okudum, anlad\u0131m, kabul, beyan ve taahh\u00fct ediyorum.<br \/>\n<\/span><\/label>\n<\/p>\n<p><label> <b>KVKK<\/b><br \/>\n<span class=\"wpcf7-form-control-wrap\" data-name=\"kvkk\"><span class=\"wpcf7-form-control wpcf7-acceptance\"><span class=\"wpcf7-list-item\"><label><input type=\"checkbox\" name=\"kvkk\" value=\"1\" aria-invalid=\"false\" \/><span class=\"wpcf7-list-item-label\">6698 Say\u0131l\u0131 Ki\u015fisel Verilerin Korunmas\u0131 Kanunu kapsam\u0131ndaki verilerimin <a href=\"\/en\/kvkk\/\" target=\"_blank\">A\u00e7\u0131k R\u0131za Metni<\/a>nde belirtildi\u011fi \u015fekilde i\u015flenmesini onayl\u0131yorum.<\/span><\/label><\/span><\/span><\/span><\/label>\n<\/p>\n<span class=\"wpcf7-form-control-wrap signdate\" data-name=\"signdate\"><input type=\"hidden\" name=\"signdate\" class=\"wpcf7-form-control wpcf7-hidden wpcf7dtx wpcf7dtx-hidden\" aria-invalid=\"false\" value=\"18\/04\/2026\"><\/span>\n<p><label><b>\u0130MZA<\/b><\/label>\n<\/p>\n<p><div class=\"wpcf7-form-control-signature-global-wrap wpcf7-form-control-wrap\" data-field-id=\"sign\">\n\t\t\t\t<div class=\"wpcf7-form-control-signature-wrap\" style=\"width:300px;height:200px;\">\n\t\t\t\t\t<div class=\"wpcf7-form-control-signature-body\">\n\t\t\t\t\t\t<canvas data-color=\"#0000FF\" data-background=\"#FFFFFF\" id=\"wpcf7_sign_signature\" class=\"sign border\"><\/canvas>\n\t\t\t\t\t<\/div>\n\t\t\t\t<\/div>\n\t\t\t\t<div class=\"wpcf7-form-control-clear-wrap\">\n\t\t\t\t\t<input id=\"wpcf7_sign_clear\" type=\"button\" value=\"Clear\"\/>\n\t\t\t\t<\/div>\n\t\t\t<\/div>\n\t\t\t<span class=\"wpcf7-form-control-wrap wpcf7-form-control-signature-input-wrap sign\">\n\t\t\t\t  <input aria-required=\"true\" aria-invalid=\"false\" value=\"\" type=\"hidden\" name=\"sign\" id=\"wpcf7_input_sign\" class=\"wpcf7-form-control wpcf7-signature\" \/><input type=\"hidden\" name=\"sign-attachment\" id=\"wpcf7_input_sign_attachment\" class=\"wpcf7-form-control wpcf7-signature\" \/><input type=\"hidden\" name=\"sign-inline\" id=\"wpcf7_input_sign_inline\" class=\"wpcf7-form-control wpcf7-signature\" \/>\n\t\t\t\t\n\t\t\t<\/span>\n\t\t\t<span><i>L\u00fctfen fare veya dokunmatik ekran yard\u0131m\u0131yla yukar\u0131daki alana imzan\u0131z\u0131 at\u0131n\u0131z. \u0130mzay\u0131 silmek i\u00e7in CLEAR butonuna t\u0131klayabilirsiniz. \u0130mza g\u00f6r\u00fcnm\u00fcyor ise CLEAR butonuna t\u0131klay\u0131p yeniden imza at\u0131n\u0131z.<\/i><\/span>\n<\/p>\n<p><label><b>G\u00fcvenlik Do\u011frulamas\u0131<\/b><\/label>\n<\/p>\n<div class=\"wpcf7-turnstile cf-turnstile\" data-sitekey=\"0x4AAAAAACLdUHLrCkA1jjVy\" data-response-field-name=\"_wpcf7_turnstile_response\" data-theme=\"light\" data-language=\"en\"><\/div>\n<p>&nbsp;\n<\/p>\n<p><input class=\"wpcf7-form-control wpcf7-submit has-spinner\" type=\"submit\" value=\"G\u00f6nder\" \/>\n<\/p><div class=\"wpcf7-response-output\" aria-hidden=\"true\"><\/div>\n<input type=\"hidden\" name=\"trp-form-language\" value=\"en\"\/><\/form>\n<\/div>","protected":false},"excerpt":{"rendered":"","protected":false},"author":1,"featured_media":0,"parent":1150,"menu_order":0,"comment_status":"closed","ping_status":"closed","template":"","meta":{"_gspb_post_css":".gs-box{padding:20px;border-left:5px solid transparent;margin-bottom:25px}.gs-box-text>p{margin-bottom:20px;margin-top:0}.gs-box-text>p:last-of-type{margin-bottom:0}.gs-box.notice_type{color:#856404;background-color:#fff3cd;border-color:#ffeeba}.gs-box.notice_type svg{fill:#f7a000}.gs-box.icon_type{display:flex}.gs-box.icon_type .gs-box-icon{width:28px;min-width:28px}.gs-box.icon_type .gs-box-text{flex-grow:1;margin:0 15px}","footnotes":""},"class_list":["post-2674","page","type-page","status-publish","hentry"],"blocksy_meta":[],"_links":{"self":[{"href":"https:\/\/erasmus.cumhuriyet.edu.tr\/en\/wp-json\/wp\/v2\/pages\/2674","targetHints":{"allow":["GET"]}}],"collection":[{"href":"https:\/\/erasmus.cumhuriyet.edu.tr\/en\/wp-json\/wp\/v2\/pages"}],"about":[{"href":"https:\/\/erasmus.cumhuriyet.edu.tr\/en\/wp-json\/wp\/v2\/types\/page"}],"author":[{"embeddable":true,"href":"https:\/\/erasmus.cumhuriyet.edu.tr\/en\/wp-json\/wp\/v2\/users\/1"}],"replies":[{"embeddable":true,"href":"https:\/\/erasmus.cumhuriyet.edu.tr\/en\/wp-json\/wp\/v2\/comments?post=2674"}],"version-history":[{"count":2,"href":"https:\/\/erasmus.cumhuriyet.edu.tr\/en\/wp-json\/wp\/v2\/pages\/2674\/revisions"}],"predecessor-version":[{"id":8630,"href":"https:\/\/erasmus.cumhuriyet.edu.tr\/en\/wp-json\/wp\/v2\/pages\/2674\/revisions\/8630"}],"up":[{"embeddable":true,"href":"https:\/\/erasmus.cumhuriyet.edu.tr\/en\/wp-json\/wp\/v2\/pages\/1150"}],"wp:attachment":[{"href":"https:\/\/erasmus.cumhuriyet.edu.tr\/en\/wp-json\/wp\/v2\/media?parent=2674"}],"curies":[{"name":"wp","href":"https:\/\/api.w.org\/{rel}","templated":true}]}}