{"id":2642,"date":"2023-04-09T08:06:41","date_gmt":"2023-04-09T05:06:41","guid":{"rendered":"https:\/\/erasmus.cumhuriyet.edu.tr\/?page_id=2642"},"modified":"2023-04-09T08:11:37","modified_gmt":"2023-04-09T05:11:37","slug":"infopack","status":"publish","type":"page","link":"https:\/\/erasmus.cumhuriyet.edu.tr\/en\/erasmus\/outgoing\/infopack\/","title":{"rendered":"Erasmus+ Ba\u015fvuran Bilgi Paketi"},"content":{"rendered":"<p>[vc_row][vc_column width=&#8221;1\/6&#8243; css=&#8221;.vc_custom_1679356192354{margin-top: 0px !important;margin-right: 0px !important;margin-bottom: 0px !important;margin-left: 0px !important;border-top-width: 0px !important;border-right-width: 1px !important;border-bottom-width: 0px !important;border-left-width: 0px !important;padding-top: 0px !important;padding-right: 5px !important;padding-bottom: 0px !important;padding-left: 0px !important;border-left-color: #dedede !important;border-left-style: solid !important;border-right-color: #dedede !important;border-right-style: solid !important;border-top-color: #dedede !important;border-top-style: solid !important;border-bottom-color: #dedede !important;border-bottom-style: solid !important;}&#8221;][vc_btn title=&#8221;Erasmus+&#8221; style=&#8221;flat&#8221; shape=&#8221;square&#8221; color=&#8221;black&#8221; size=&#8221;sm&#8221; align=&#8221;left&#8221; button_block=&#8221;true&#8221; link=&#8221;url:%2Ferasmus%2F&#8221; css=&#8221;.vc_custom_1679356274217{margin-top: 0px !important;margin-bottom: 5px !important;}&#8221;][vc_btn title=&#8221;\u00d6\u011frenci Hareketlili\u011fi&#8221; style=&#8221;flat&#8221; shape=&#8221;square&#8221; color=&#8221;primary&#8221; size=&#8221;sm&#8221; align=&#8221;left&#8221; button_block=&#8221;true&#8221; link=&#8221;url:%2Ferasmus%2Foutgoing%2Fstudent%2F&#8221; css=&#8221;.vc_custom_1679351775465{margin-top: 0px !important;margin-bottom: 5px !important;}&#8221;][vc_btn title=&#8221;\u00d6\u011frenim Hareketlili\u011fi&#8221; style=&#8221;flat&#8221; shape=&#8221;square&#8221; color=&#8221;info&#8221; size=&#8221;sm&#8221; align=&#8221;left&#8221; button_block=&#8221;true&#8221; link=&#8221;url:%2Ferasmus%2Foutgoing%2Fstudent%2F%23sms&#8221; css=&#8221;.vc_custom_1679351785283{margin-top: 0px !important;margin-bottom: 5px !important;margin-left: 20px !important;}&#8221;][vc_btn title=&#8221;Staj Hareketlili\u011fi&#8221; style=&#8221;flat&#8221; shape=&#8221;square&#8221; color=&#8221;info&#8221; size=&#8221;sm&#8221; align=&#8221;left&#8221; button_block=&#8221;true&#8221; link=&#8221;url:%2Ferasmus%2Foutgoing%2Fstudent%2F%23smp&#8221; css=&#8221;.vc_custom_1679351796554{margin-top: 0px !important;margin-bottom: 5px !important;margin-left: 20px !important;}&#8221;][vc_btn title=&#8221;Belgeler&#8221; style=&#8221;flat&#8221; shape=&#8221;square&#8221; color=&#8221;warning&#8221; size=&#8221;sm&#8221; align=&#8221;left&#8221; button_block=&#8221;true&#8221; link=&#8221;url:%2Ferasmus%2Foutgoing%2Fstudent%2Fdocs&#8221; css=&#8221;.vc_custom_1679351944810{margin-top: 0px !important;margin-bottom: 5px !important;margin-left: 20px !important;}&#8221;][vc_btn title=&#8221;Personel Hareketlili\u011fi&#8221; style=&#8221;flat&#8221; shape=&#8221;square&#8221; color=&#8221;primary&#8221; size=&#8221;sm&#8221; align=&#8221;left&#8221; button_block=&#8221;true&#8221; link=&#8221;url:%2Ferasmus%2Foutgoing%2Fstaff%2F&#8221; css=&#8221;.vc_custom_1679351808225{margin-top: 0px !important;margin-bottom: 5px !important;}&#8221;][vc_btn title=&#8221;Ders Verme Hareketlili\u011fi&#8221; style=&#8221;flat&#8221; shape=&#8221;square&#8221; color=&#8221;info&#8221; size=&#8221;sm&#8221; align=&#8221;left&#8221; button_block=&#8221;true&#8221; link=&#8221;url:%2Ferasmus%2Foutgoing%2Fstaff%2F%23sta&#8221; css=&#8221;.vc_custom_1679351846375{margin-top: 0px !important;margin-bottom: 5px !important;margin-left: 20px !important;}&#8221;][vc_btn title=&#8221;E\u011fitim Alma Hareketlili\u011fi&#8221; style=&#8221;flat&#8221; shape=&#8221;square&#8221; color=&#8221;info&#8221; size=&#8221;sm&#8221; align=&#8221;left&#8221; button_block=&#8221;true&#8221; link=&#8221;url:%2Ferasmus%2Foutgoing%2Fstaff%2F%23stt&#8221; css=&#8221;.vc_custom_1679351838145{margin-top: 0px !important;margin-bottom: 5px !important;margin-left: 20px !important;}&#8221;][vc_btn title=&#8221;Belgeler&#8221; style=&#8221;flat&#8221; shape=&#8221;square&#8221; color=&#8221;warning&#8221; size=&#8221;sm&#8221; align=&#8221;left&#8221; button_block=&#8221;true&#8221; link=&#8221;url:%2Ferasmus%2Foutgoing%2Fstaff%2Fdocs&#8221; css=&#8221;.vc_custom_1679351957415{margin-top: 0px !important;margin-bottom: 5px !important;margin-left: 20px !important;}&#8221;][vc_btn title=&#8221;Ba\u015fvuran Bilgi Paketi&#8221; style=&#8221;flat&#8221; shape=&#8221;square&#8221; color=&#8221;primary&#8221; size=&#8221;sm&#8221; align=&#8221;left&#8221; button_block=&#8221;true&#8221; link=&#8221;url:%2Ferasmus%2Foutgoing%2Finfopack&#8221; css=&#8221;.vc_custom_1681015043902{margin-top: 0px !important;margin-bottom: 5px !important;}&#8221;][vc_btn title=&#8221;Hareketlilik Takvimi&#8221; style=&#8221;flat&#8221; shape=&#8221;square&#8221; color=&#8221;primary&#8221; size=&#8221;sm&#8221; align=&#8221;left&#8221; button_block=&#8221;true&#8221; link=&#8221;url:%2Ferasmus%2Fcalendar&#8221; css=&#8221;.vc_custom_1680995862368{margin-top: 0px !important;margin-bottom: 5px !important;}&#8221;][vc_btn title=&#8221;Birim Koordinat\u00f6rleri&#8221; style=&#8221;flat&#8221; shape=&#8221;square&#8221; color=&#8221;primary&#8221; size=&#8221;sm&#8221; align=&#8221;left&#8221; button_block=&#8221;true&#8221; link=&#8221;url:%2Ferasmus%2Fdepartmental-coordinators&#8221; css=&#8221;.vc_custom_1679352094703{margin-top: 0px !important;margin-bottom: 5px !important;}&#8221;][vc_btn title=&#8221;Anla\u015fmalar&#8221; style=&#8221;flat&#8221; shape=&#8221;square&#8221; color=&#8221;primary&#8221; size=&#8221;sm&#8221; align=&#8221;left&#8221; button_block=&#8221;true&#8221; link=&#8221;url:%2Fpartners&#8221; css=&#8221;.vc_custom_1679352266758{margin-top: 0px !important;margin-bottom: 5px !important;}&#8221;][vc_btn title=&#8221;ISCED Kodlar\u0131&#8221; style=&#8221;flat&#8221; shape=&#8221;square&#8221; color=&#8221;primary&#8221; size=&#8221;sm&#8221; align=&#8221;left&#8221; button_block=&#8221;true&#8221; link=&#8221;url:%2Ferasmus%2Fisced-codes&#8221; css=&#8221;.vc_custom_1679352132235{margin-top: 0px !important;margin-bottom: 5px !important;}&#8221;][vc_btn title=&#8221;ESC&#8221; style=&#8221;flat&#8221; shape=&#8221;square&#8221; color=&#8221;primary&#8221; size=&#8221;sm&#8221; align=&#8221;left&#8221; button_block=&#8221;true&#8221; link=&#8221;url:%2Fesc&#8221; css=&#8221;.vc_custom_1679355809739{margin-top: 0px !important;margin-bottom: 5px !important;}&#8221;][vc_btn title=&#8221;ESN&#8221; style=&#8221;flat&#8221; shape=&#8221;square&#8221; color=&#8221;primary&#8221; size=&#8221;sm&#8221; align=&#8221;left&#8221; button_block=&#8221;true&#8221; link=&#8221;url:%2Ferasmus%2Fesn&#8221; css=&#8221;.vc_custom_1679355593191{margin-top: 0px !important;margin-bottom: 5px !important;}&#8221;][vc_btn title=&#8221;Erasmus Club&#8221; style=&#8221;flat&#8221; shape=&#8221;square&#8221; color=&#8221;primary&#8221; size=&#8221;sm&#8221; align=&#8221;left&#8221; button_block=&#8221;true&#8221; link=&#8221;url:%2Ferasmus%2Ferasmus-club&#8221; css=&#8221;.vc_custom_1679355612510{margin-top: 0px !important;margin-bottom: 5px !important;}&#8221;][vc_btn title=&#8221;T\u00fcm Belgeler&#8221; style=&#8221;flat&#8221; shape=&#8221;square&#8221; color=&#8221;primary&#8221; size=&#8221;sm&#8221; align=&#8221;left&#8221; button_block=&#8221;true&#8221; link=&#8221;url:%2Ferasmus%2Foutgoing%2Fdocs&#8221; css=&#8221;.vc_custom_1679351996385{margin-top: 0px !important;margin-bottom: 5px !important;}&#8221;][vc_btn title=&#8221;Gelen Y\u00f6nl\u00fc Hareketlilikler&#8221; style=&#8221;flat&#8221; shape=&#8221;square&#8221; color=&#8221;violet&#8221; size=&#8221;sm&#8221; align=&#8221;left&#8221; button_block=&#8221;true&#8221; link=&#8221;url:%2Ferasmus%2Fincoming&#8221; css=&#8221;.vc_custom_1680996562931{margin-top: 0px !important;margin-bottom: 0px !important;}&#8221;][\/vc_column][vc_column width=&#8221;5\/6&#8243;][vc_custom_heading text=&#8221;Erasmus+ Giden Y\u00f6nl\u00fc Hareketlilikler Bilgi Paketi&#8221; use_theme_fonts=&#8221;yes&#8221;][vc_btn title=&#8221;\u00d6\u011frenci Bilgi Paketi&#8221; style=&#8221;flat&#8221; color=&#8221;danger&#8221; align=&#8221;center&#8221; i_icon_fontawesome=&#8221;fas fa-graduation-cap&#8221; button_block=&#8221;true&#8221; add_icon=&#8221;true&#8221; link=&#8221;url:%2Ferasmus%2Foutgoing%2Fstudent%2Finfopack%2F&#8221;][vc_btn title=&#8221;Personel Bilgi Paketi&#8221; style=&#8221;flat&#8221; color=&#8221;violet&#8221; align=&#8221;center&#8221; i_icon_fontawesome=&#8221;fas fa-graduation-cap&#8221; button_block=&#8221;true&#8221; add_icon=&#8221;true&#8221; link=&#8221;url:%2Ferasmus%2Foutgoing%2Fstaff%2Finfopack%2F&#8221;][vc_btn title=&#8221;Birim Koordinat\u00f6r\u00fc Bilgi Paketi&#8221; style=&#8221;flat&#8221; color=&#8221;mulled-wine&#8221; align=&#8221;center&#8221; i_icon_fontawesome=&#8221;fas fa-graduation-cap&#8221; button_block=&#8221;true&#8221; add_icon=&#8221;true&#8221; link=&#8221;url:%2Ferasmus%2Fdepartmental-coordinators%2Finfopack%2F&#8221;][\/vc_column][\/vc_row]<\/p>\n","protected":false},"excerpt":{"rendered":"<p>[vc_row][vc_column width=&#8221;1\/6&#8243; css=&#8221;.vc_custom_1679356192354{margin-top: 0px !important;margin-right: 0px !important;margin-bottom: 0px !important;margin-left: 0px !important;border-top-width: 0px !important;border-right-width: 1px !important;border-bottom-width: 0px !important;border-left-width: 0px !important;padding-top: 0px !important;padding-right: 5px !important;padding-bottom: 0px !important;padding-left: 0px !important;border-left-color: #dedede !important;border-left-style: solid !important;border-right-color: #dedede !important;border-right-style: solid !important;border-top-color: #dedede !important;border-top-style: solid !important;border-bottom-color: #dedede !important;border-bottom-style: solid !important;}&#8221;][vc_btn title=&#8221;Erasmus+&#8221; style=&#8221;flat&#8221; shape=&#8221;square&#8221; color=&#8221;black&#8221; size=&#8221;sm&#8221; align=&#8221;left&#8221; button_block=&#8221;true&#8221; link=&#8221;url:%2Ferasmus%2F&#8221; css=&#8221;.vc_custom_1679356274217{margin-top: 0px !important;margin-bottom: 5px [&hellip;]<\/p>\n","protected":false},"author":1,"featured_media":0,"parent":241,"menu_order":0,"comment_status":"closed","ping_status":"closed","template":"","meta":{"_gspb_post_css":"","footnotes":""},"class_list":["post-2642","page","type-page","status-publish","hentry"],"blocksy_meta":[],"_links":{"self":[{"href":"https:\/\/erasmus.cumhuriyet.edu.tr\/en\/wp-json\/wp\/v2\/pages\/2642","targetHints":{"allow":["GET"]}}],"collection":[{"href":"https:\/\/erasmus.cumhuriyet.edu.tr\/en\/wp-json\/wp\/v2\/pages"}],"about":[{"href":"https:\/\/erasmus.cumhuriyet.edu.tr\/en\/wp-json\/wp\/v2\/types\/page"}],"author":[{"embeddable":true,"href":"https:\/\/erasmus.cumhuriyet.edu.tr\/en\/wp-json\/wp\/v2\/users\/1"}],"replies":[{"embeddable":true,"href":"https:\/\/erasmus.cumhuriyet.edu.tr\/en\/wp-json\/wp\/v2\/comments?post=2642"}],"version-history":[{"count":5,"href":"https:\/\/erasmus.cumhuriyet.edu.tr\/en\/wp-json\/wp\/v2\/pages\/2642\/revisions"}],"predecessor-version":[{"id":2647,"href":"https:\/\/erasmus.cumhuriyet.edu.tr\/en\/wp-json\/wp\/v2\/pages\/2642\/revisions\/2647"}],"up":[{"embeddable":true,"href":"https:\/\/erasmus.cumhuriyet.edu.tr\/en\/wp-json\/wp\/v2\/pages\/241"}],"wp:attachment":[{"href":"https:\/\/erasmus.cumhuriyet.edu.tr\/en\/wp-json\/wp\/v2\/media?parent=2642"}],"curies":[{"name":"wp","href":"https:\/\/api.w.org\/{rel}","templated":true}]}}