{"id":2589,"date":"2023-04-09T02:15:14","date_gmt":"2023-04-08T23:15:14","guid":{"rendered":"https:\/\/erasmus.cumhuriyet.edu.tr\/?page_id=2589"},"modified":"2026-01-15T00:15:45","modified_gmt":"2026-01-14T21:15:45","slug":"calendar","status":"publish","type":"page","link":"https:\/\/erasmus.cumhuriyet.edu.tr\/en\/erasmus\/calendar\/","title":{"rendered":"Erasmus+ Ba\u015fvuru Takvimi"},"content":{"rendered":"<div class=\"wp-block-blocksy-query\" data-id=\"bafba400\"><div class=\"ct-posts-block\" data-prefix=\"blog\"><div class=\"entries\" data-archive=\"default\" data-layout=\"simple\" data-cards=\"boxed\"><article class=\"entry-card post-7711 post type-post status-publish format-standard hentry category-erasmus category-calendar\" data-reveal=\"bottom:no\"><div class=\"card-content\"><h2 class=\"entry-title\"><a href=\"https:\/\/erasmus.cumhuriyet.edu.tr\/en\/2025-2026-takvim\/\" rel=\"bookmark\">2025-2026 E\u011fitim-\u00d6\u011fretim Y\u0131l\u0131 Erasmus+ Program\u0131 \u0130lanlar\u0131 Ba\u015fvuru Takvimi<\/a><\/h2><ul class=\"entry-meta\" data-type=\"icons:none\" data-id=\"Sfe-ZN\" ><li class=\"meta-date\" itemprop=\"datePublished\"><svg width=\"13\" height=\"13\" viewbox=\"0 0 15 15\"><path d=\"M7.5,0C3.4,0,0,3.4,0,7.5S3.4,15,7.5,15S15,11.6,15,7.5S11.6,0,7.5,0z M7.5,13.6c-3.4,0-6.1-2.8-6.1-6.1c0-3.4,2.8-6.1,6.1-6.1c3.4,0,6.1,2.8,6.1,6.1C13.6,10.9,10.9,13.6,7.5,13.6z M10.8,9.2c-0.1,0.2-0.4,0.4-0.6,0.4c-0.1,0-0.2,0-0.3-0.1L7.2,8.1C7,8,6.8,7.8,6.8,7.5V4c0-0.4,0.3-0.7,0.7-0.7S8.2,3.6,8.2,4v3.1l2.4,1.2C10.9,8.4,11,8.8,10.8,9.2z\"\/><\/svg><time class=\"ct-meta-element-date\" datetime=\"2025-08-05T09:45:56+03:00\">05.08.2025<\/time><\/li><li class=\"meta-categories\" data-type=\"pill\"><svg width=\"13\" height=\"13\" viewbox=\"0 0 15 15\"><path d=\"M14.4,1.2H0.6C0.3,1.2,0,1.5,0,1.9V5c0,0.3,0.3,0.6,0.6,0.6h0.6v7.5c0,0.3,0.3,0.6,0.6,0.6h11.2c0.3,0,0.6-0.3,0.6-0.6V5.6h0.6C14.7,5.6,15,5.3,15,5V1.9C15,1.5,14.7,1.2,14.4,1.2z M12.5,12.5h-10V5.6h10V12.5z M13.8,4.4H1.2V2.5h12.5V4.4z M5.6,7.5c0-0.3,0.3-0.6,0.6-0.6h2.5c0.3,0,0.6,0.3,0.6,0.6S9.1,8.1,8.8,8.1H6.2C5.9,8.1,5.6,7.8,5.6,7.5z\"\/><\/svg><a href=\"https:\/\/erasmus.cumhuriyet.edu.tr\/en\/category\/calls\/erasmus\/\" rel=\"tag\" class=\"ct-term-41\">Erasmus+<\/a><a href=\"https:\/\/erasmus.cumhuriyet.edu.tr\/en\/category\/calls\/erasmus\/calendar\/\" rel=\"tag\" class=\"ct-term-90\">Takvim<\/a><\/li><\/ul><\/div><\/article><article class=\"entry-card post-4014 post type-post status-publish format-standard hentry category-erasmus category-calendar\" data-reveal=\"bottom:no\"><div class=\"card-content\"><h2 class=\"entry-title\"><a href=\"https:\/\/erasmus.cumhuriyet.edu.tr\/en\/2024-2025-takvim\/\" rel=\"bookmark\">2024-2025 E\u011fitim-\u00d6\u011fretim Y\u0131l\u0131 Erasmus+ Ba\u015fvuru \u0130lan Takvimi<\/a><\/h2><ul class=\"entry-meta\" data-type=\"icons:none\" data-id=\"Sfe-ZN\" ><li class=\"meta-date\" itemprop=\"datePublished\"><svg width=\"13\" height=\"13\" viewbox=\"0 0 15 15\"><path d=\"M7.5,0C3.4,0,0,3.4,0,7.5S3.4,15,7.5,15S15,11.6,15,7.5S11.6,0,7.5,0z M7.5,13.6c-3.4,0-6.1-2.8-6.1-6.1c0-3.4,2.8-6.1,6.1-6.1c3.4,0,6.1,2.8,6.1,6.1C13.6,10.9,10.9,13.6,7.5,13.6z M10.8,9.2c-0.1,0.2-0.4,0.4-0.6,0.4c-0.1,0-0.2,0-0.3-0.1L7.2,8.1C7,8,6.8,7.8,6.8,7.5V4c0-0.4,0.3-0.7,0.7-0.7S8.2,3.6,8.2,4v3.1l2.4,1.2C10.9,8.4,11,8.8,10.8,9.2z\"\/><\/svg><time class=\"ct-meta-element-date\" datetime=\"2024-09-01T09:00:30+03:00\">01.09.2024<\/time><\/li><li class=\"meta-categories\" data-type=\"pill\"><svg width=\"13\" height=\"13\" viewbox=\"0 0 15 15\"><path d=\"M14.4,1.2H0.6C0.3,1.2,0,1.5,0,1.9V5c0,0.3,0.3,0.6,0.6,0.6h0.6v7.5c0,0.3,0.3,0.6,0.6,0.6h11.2c0.3,0,0.6-0.3,0.6-0.6V5.6h0.6C14.7,5.6,15,5.3,15,5V1.9C15,1.5,14.7,1.2,14.4,1.2z M12.5,12.5h-10V5.6h10V12.5z M13.8,4.4H1.2V2.5h12.5V4.4z M5.6,7.5c0-0.3,0.3-0.6,0.6-0.6h2.5c0.3,0,0.6,0.3,0.6,0.6S9.1,8.1,8.8,8.1H6.2C5.9,8.1,5.6,7.8,5.6,7.5z\"\/><\/svg><a href=\"https:\/\/erasmus.cumhuriyet.edu.tr\/en\/category\/calls\/erasmus\/\" rel=\"tag\" class=\"ct-term-41\">Erasmus+<\/a><a href=\"https:\/\/erasmus.cumhuriyet.edu.tr\/en\/category\/calls\/erasmus\/calendar\/\" rel=\"tag\" class=\"ct-term-90\">Takvim<\/a><\/li><\/ul><\/div><\/article><article class=\"entry-card post-2978 post type-post status-publish format-standard hentry category-erasmus category-calendar\" data-reveal=\"bottom:no\"><div class=\"card-content\"><h2 class=\"entry-title\"><a href=\"https:\/\/erasmus.cumhuriyet.edu.tr\/en\/2023-2024-egitim-ogretim-yili-erasmus-hareketliligi-takvimi\/\" rel=\"bookmark\">2023-2024 E\u011fitim-\u00d6\u011fretim Y\u0131l\u0131 Erasmus+ Hareketlili\u011fi Takvimi<\/a><\/h2><ul class=\"entry-meta\" data-type=\"icons:none\" data-id=\"Sfe-ZN\" ><li class=\"meta-date\" itemprop=\"datePublished\"><svg width=\"13\" height=\"13\" viewbox=\"0 0 15 15\"><path d=\"M7.5,0C3.4,0,0,3.4,0,7.5S3.4,15,7.5,15S15,11.6,15,7.5S11.6,0,7.5,0z M7.5,13.6c-3.4,0-6.1-2.8-6.1-6.1c0-3.4,2.8-6.1,6.1-6.1c3.4,0,6.1,2.8,6.1,6.1C13.6,10.9,10.9,13.6,7.5,13.6z M10.8,9.2c-0.1,0.2-0.4,0.4-0.6,0.4c-0.1,0-0.2,0-0.3-0.1L7.2,8.1C7,8,6.8,7.8,6.8,7.5V4c0-0.4,0.3-0.7,0.7-0.7S8.2,3.6,8.2,4v3.1l2.4,1.2C10.9,8.4,11,8.8,10.8,9.2z\"\/><\/svg><time class=\"ct-meta-element-date\" datetime=\"2023-08-09T15:50:02+03:00\">09.08.2023<\/time><\/li><li class=\"meta-categories\" data-type=\"pill\"><svg width=\"13\" height=\"13\" viewbox=\"0 0 15 15\"><path d=\"M14.4,1.2H0.6C0.3,1.2,0,1.5,0,1.9V5c0,0.3,0.3,0.6,0.6,0.6h0.6v7.5c0,0.3,0.3,0.6,0.6,0.6h11.2c0.3,0,0.6-0.3,0.6-0.6V5.6h0.6C14.7,5.6,15,5.3,15,5V1.9C15,1.5,14.7,1.2,14.4,1.2z M12.5,12.5h-10V5.6h10V12.5z M13.8,4.4H1.2V2.5h12.5V4.4z M5.6,7.5c0-0.3,0.3-0.6,0.6-0.6h2.5c0.3,0,0.6,0.3,0.6,0.6S9.1,8.1,8.8,8.1H6.2C5.9,8.1,5.6,7.8,5.6,7.5z\"\/><\/svg><a href=\"https:\/\/erasmus.cumhuriyet.edu.tr\/en\/category\/calls\/erasmus\/\" rel=\"tag\" class=\"ct-term-41\">Erasmus+<\/a><a href=\"https:\/\/erasmus.cumhuriyet.edu.tr\/en\/category\/calls\/erasmus\/calendar\/\" rel=\"tag\" class=\"ct-term-90\">Takvim<\/a><\/li><\/ul><\/div><\/article><article class=\"entry-card post-1543 post type-post status-publish format-standard hentry category-erasmus category-calendar\" data-reveal=\"bottom:no\"><div class=\"card-content\"><h2 class=\"entry-title\"><a href=\"https:\/\/erasmus.cumhuriyet.edu.tr\/en\/2022-2023-egitim-ogretim-yili-erasmus-hareketliligi-takvimi\/\" rel=\"bookmark\">2022-2023 E\u011fitim-\u00d6\u011fretim Y\u0131l\u0131 Erasmus+ Hareketlili\u011fi Takvimi<\/a><\/h2><ul class=\"entry-meta\" data-type=\"icons:none\" data-id=\"Sfe-ZN\" ><li class=\"meta-date\" itemprop=\"datePublished\"><svg width=\"13\" height=\"13\" viewbox=\"0 0 15 15\"><path d=\"M7.5,0C3.4,0,0,3.4,0,7.5S3.4,15,7.5,15S15,11.6,15,7.5S11.6,0,7.5,0z M7.5,13.6c-3.4,0-6.1-2.8-6.1-6.1c0-3.4,2.8-6.1,6.1-6.1c3.4,0,6.1,2.8,6.1,6.1C13.6,10.9,10.9,13.6,7.5,13.6z M10.8,9.2c-0.1,0.2-0.4,0.4-0.6,0.4c-0.1,0-0.2,0-0.3-0.1L7.2,8.1C7,8,6.8,7.8,6.8,7.5V4c0-0.4,0.3-0.7,0.7-0.7S8.2,3.6,8.2,4v3.1l2.4,1.2C10.9,8.4,11,8.8,10.8,9.2z\"\/><\/svg><time class=\"ct-meta-element-date\" datetime=\"2022-09-01T10:00:39+03:00\">01.09.2022<\/time><\/li><li class=\"meta-categories\" data-type=\"pill\"><svg width=\"13\" height=\"13\" viewbox=\"0 0 15 15\"><path d=\"M14.4,1.2H0.6C0.3,1.2,0,1.5,0,1.9V5c0,0.3,0.3,0.6,0.6,0.6h0.6v7.5c0,0.3,0.3,0.6,0.6,0.6h11.2c0.3,0,0.6-0.3,0.6-0.6V5.6h0.6C14.7,5.6,15,5.3,15,5V1.9C15,1.5,14.7,1.2,14.4,1.2z M12.5,12.5h-10V5.6h10V12.5z M13.8,4.4H1.2V2.5h12.5V4.4z M5.6,7.5c0-0.3,0.3-0.6,0.6-0.6h2.5c0.3,0,0.6,0.3,0.6,0.6S9.1,8.1,8.8,8.1H6.2C5.9,8.1,5.6,7.8,5.6,7.5z\"\/><\/svg><a href=\"https:\/\/erasmus.cumhuriyet.edu.tr\/en\/category\/calls\/erasmus\/\" rel=\"tag\" class=\"ct-term-41\">Erasmus+<\/a><a href=\"https:\/\/erasmus.cumhuriyet.edu.tr\/en\/category\/calls\/erasmus\/calendar\/\" rel=\"tag\" class=\"ct-term-90\">Takvim<\/a><\/li><\/ul><\/div><\/article><\/div><\/div><\/div>","protected":false},"excerpt":{"rendered":"","protected":false},"author":1,"featured_media":0,"parent":423,"menu_order":0,"comment_status":"closed","ping_status":"closed","template":"","meta":{"_gspb_post_css":"","footnotes":""},"class_list":["post-2589","page","type-page","status-publish","hentry"],"blocksy_meta":[],"_links":{"self":[{"href":"https:\/\/erasmus.cumhuriyet.edu.tr\/en\/wp-json\/wp\/v2\/pages\/2589","targetHints":{"allow":["GET"]}}],"collection":[{"href":"https:\/\/erasmus.cumhuriyet.edu.tr\/en\/wp-json\/wp\/v2\/pages"}],"about":[{"href":"https:\/\/erasmus.cumhuriyet.edu.tr\/en\/wp-json\/wp\/v2\/types\/page"}],"author":[{"embeddable":true,"href":"https:\/\/erasmus.cumhuriyet.edu.tr\/en\/wp-json\/wp\/v2\/users\/1"}],"replies":[{"embeddable":true,"href":"https:\/\/erasmus.cumhuriyet.edu.tr\/en\/wp-json\/wp\/v2\/comments?post=2589"}],"version-history":[{"count":16,"href":"https:\/\/erasmus.cumhuriyet.edu.tr\/en\/wp-json\/wp\/v2\/pages\/2589\/revisions"}],"predecessor-version":[{"id":8599,"href":"https:\/\/erasmus.cumhuriyet.edu.tr\/en\/wp-json\/wp\/v2\/pages\/2589\/revisions\/8599"}],"up":[{"embeddable":true,"href":"https:\/\/erasmus.cumhuriyet.edu.tr\/en\/wp-json\/wp\/v2\/pages\/423"}],"wp:attachment":[{"href":"https:\/\/erasmus.cumhuriyet.edu.tr\/en\/wp-json\/wp\/v2\/media?parent=2589"}],"curies":[{"name":"wp","href":"https:\/\/api.w.org\/{rel}","templated":true}]}}