{"id":244,"date":"2022-06-21T18:31:50","date_gmt":"2022-06-21T18:31:50","guid":{"rendered":"https:\/\/erasmus.cumhuriyet.edu.tr\/?page_id=244"},"modified":"2026-01-17T23:20:45","modified_gmt":"2026-01-17T20:20:45","slug":"partners","status":"publish","type":"page","link":"https:\/\/erasmus.cumhuriyet.edu.tr\/en\/partners\/","title":{"rendered":"Partners"},"content":{"rendered":"<h2 id=\"gspb_heading-id-gsbp-3f18696\" class=\"gspb_heading gspb_heading-id-gsbp-3f18696\">Erasmus+ Kurumlar aras\u0131 Anla\u015fmalar (IIAs)<\/h2>\n\n\n\n<div class=\"wp-block-greenshift-blocks-tabs gspb-tabs gspb_tabs-id-gsbp-15a867d gstabs-tabs\" data-autoplay=\"false\" data-autoplaytime=\"4\"><div class=\"t-btn-container\" role=\"tablist\"><button class=\"t-btn active\" aria-selected=\"true\" role=\"tab\" tabindex=\"0\" id=\"gspb-tab-item-btn-gsbp-15a867d-0\" aria-controls=\"gspb-tab-item-content-gsbp-15a867d-0\"><div class=\"tabtitlelabel\">Erasmus+ KA131<\/div><\/button><button class=\"t-btn\" aria-selected=\"false\" role=\"tab\" tabindex=\"-1\" id=\"gspb-tab-item-btn-gsbp-15a867d-1\" aria-controls=\"gspb-tab-item-content-gsbp-15a867d-1\"><div class=\"tabtitlelabel\">Erasmus+ KA171<\/div><\/button><\/div><div class=\"t-panel-container\"><div class=\"gswipertabs\"><div class=\"swiper-wrapper\">\n<div aria-labelledby=\"gspb-tab-item-btn-gsbp-15a867d-0\" id=\"gspb-tab-item-content-gsbp-15a867d-0\" role=\"tabpanel\" tabindex=\"0\" class=\"t-panel swiper-slide active\"><div class=\"wp-block-greenshift-blocks-tab\">\n<h4 id=\"gspb_heading-id-gsbp-6cffcad\" class=\"gspb_heading gspb_heading-id-gsbp-6cffcad\">AB \u00dcye \u00dclkeleri ile Programla \u0130li\u015fkili \u00dc\u00e7\u00fcnc\u00fc \u00dclkeler<\/h4>\n\n\n\n<div id=\"footable_parent_921\"\n         class=\"footable_parent ninja_table_wrapper loading_ninja_table wp_table_data_press_parent semantic_ui\">\n                <table data-ninja_table_instance=\"ninja_table_instance_0\" data-footable_id=\"921\" data-filter-delay=\"1000\" aria-label=\"KA131 IIAs\"            id=\"footable_921\"\n           data-unique_identifier=\"ninja_table_unique_id_2070784690_921\"\n           class=\"foo-table ninja_footable foo_table_921 ninja_table_unique_id_2070784690_921 ui table  ninja_search_right nt_type_ajax_table selectable celled striped compact vertical_centered  footable-paging-right\">\n                <colgroup>\n                            <col class=\"ninja_column_0\">\n                            <col class=\"ninja_column_1\">\n                            <col class=\"ninja_column_2\">\n                            <col class=\"ninja_column_3\">\n                            <col class=\"ninja_column_4\">\n                            <col class=\"ninja_column_5\">\n                            <col class=\"ninja_column_6\">\n                            <col class=\"ninja_column_7\">\n                            <col class=\"ninja_column_8\">\n                            <col class=\"ninja_column_9\">\n                            <col class=\"ninja_column_10\">\n                            <col class=\"ninja_column_11\">\n                            <col class=\"ninja_column_12 hidden\">\n                            <col class=\"ninja_column_13\">\n                            <col class=\"ninja_column_14\">\n                            <col class=\"ninja_column_15\">\n                            <col class=\"ninja_column_16\">\n                    <\/colgroup>\n            <\/table>\n    \n    \n    \n<\/div>\n\n<\/div><\/div>\n\n\n\n<div aria-labelledby=\"gspb-tab-item-btn-gsbp-15a867d-1\" id=\"gspb-tab-item-content-gsbp-15a867d-1\" role=\"tabpanel\" tabindex=\"0\" class=\"t-panel swiper-slide\"><div class=\"wp-block-greenshift-blocks-tab\">\n<h4 id=\"gspb_heading-id-gsbp-e599b22\" class=\"gspb_heading gspb_heading-id-gsbp-e599b22\">Programla \u0130li\u015fkili Olmayan \u00dc\u00e7\u00fcnc\u00fc \u00dclkeler<\/h4>\n\n\n\n<div id=\"footable_parent_924\"\n         class=\"footable_parent ninja_table_wrapper loading_ninja_table wp_table_data_press_parent semantic_ui\">\n                <table data-ninja_table_instance=\"ninja_table_instance_1\" data-footable_id=\"924\" data-filter-delay=\"1000\" aria-label=\"KA171 IIAs\"            id=\"footable_924\"\n           data-unique_identifier=\"ninja_table_unique_id_3755660425_924\"\n           class=\"foo-table ninja_footable foo_table_924 ninja_table_unique_id_3755660425_924 ui table  nt_type_ajax_table selectable striped compact vertical_centered  footable-paging-right\">\n                <colgroup>\n                            <col class=\"ninja_column_0\">\n                            <col class=\"ninja_column_1\">\n                            <col class=\"ninja_column_2\">\n                            <col class=\"ninja_column_3\">\n                            <col class=\"ninja_column_4\">\n                            <col class=\"ninja_column_5\">\n                            <col class=\"ninja_column_6\">\n                            <col class=\"ninja_column_7\">\n                            <col class=\"ninja_column_8\">\n                            <col class=\"ninja_column_9\">\n                            <col class=\"ninja_column_10\">\n                            <col class=\"ninja_column_11\">\n                    <\/colgroup>\n            <\/table>\n    \n    \n    \n<\/div>\n\n<\/div><\/div>\n<\/div><\/div><\/div><\/div>\n\n\n\n<div class=\"wp-block-greenshift-blocks-infobox gspb_infoBox gspb_infoBox-id-gsbp-f90e076\" id=\"gspb_infoBox-id-gsbp-f90e076\"><div class=\"gs-box info_type icon_type\"><div class=\"gs-box-icon\"><svg x=\"0px\" y=\"0px\" viewbox=\"0 0 512 512\"> <g><g> <path d=\"M256,0C114.497,0,0,114.507,0,256c0,141.503,114.507,256,256,256c141.503,0,256-114.507,256-256 C512,114.497,397.492,0,256,0z M256,472c-119.393,0-216-96.615-216-216c0-119.393,96.615-216,216-216 c119.393,0,216,96.615,216,216C472,375.393,375.384,472,256,472z\"><\/path> <\/g> <\/g> <g> <g> <path d=\"M256,214.33c-11.046,0-20,8.954-20,20v128.793c0,11.046,8.954,20,20,20s20-8.955,20-20.001V234.33 C276,223.284,267.046,214.33,256,214.33z\"><\/path> <\/g> <\/g> <g> <g> <circle cx=\"256\" cy=\"162.84\" r=\"27\"><\/circle> <\/g> <\/g> <\/svg><\/div><div class=\"gs-box-text\">\n<p><strong>ECHE:<\/strong>&nbsp;\u00dcniversitenin Erasmus kodu<br><strong>ISCED:<\/strong>&nbsp;\u0130lgili \u00fcniversite ile anla\u015fma yap\u0131lan e\u011fitim alan\u0131. (Anla\u015fma, ISCED kodunun geni\u015f veya dar alanda yap\u0131lmas\u0131 durumunda DEPT s\u00fctununda bulunan t\u00fcm b\u00f6l\u00fcmleri kapsamayabilir ve ilgili \u00fcniversite o b\u00f6l\u00fcmden \u00f6\u011frenci kabul etmeyi reddedebilir.)<br><strong>DEPT:<\/strong>&nbsp;ISCED koduna g\u00f6re anla\u015fmaya dahil olan b\u00f6l\u00fcmler. (Anla\u015fma, ISCED kodunun geni\u015f veya dar alanda yap\u0131lmas\u0131 durumunda DEPT s\u00fctununda bulunan t\u00fcm b\u00f6l\u00fcmleri kapsamayabilir ve ilgili \u00fcniversite o b\u00f6l\u00fcmden \u00f6\u011frenci kabul etmeyi reddedebilir.)<br><strong>SMS:<\/strong>&nbsp;\u00d6\u011frenci \u00d6\u011frenim Hareketlili\u011fi<br><strong>STA:<\/strong>&nbsp;Personel Ders Verme Hareketlili\u011fi<br><strong>Q:<\/strong>&nbsp;Kontenjan<br><strong>D:<\/strong>&nbsp;S\u00fcre (SMS: Ay, STA: G\u00fcn)<br><strong>O:<\/strong>&nbsp;Ortak Kontenjan (Anla\u015fmada bulunan t\u00fcm e\u011fitim alanlar\u0131na tek bir ortak kontenjan verildi\u011fi ifade eder.)<br><strong>EQF:<\/strong>&nbsp;\u00d6\u011frenim kademesi (5: \u00d6nlisans, 6: Lisans, 7: Y\u00fcksek Lisans, 8: Doktora, B: Karma Hareketlilik)<br><strong>LANG:<\/strong>&nbsp;Anla\u015fma dili<br><strong>WWW:<\/strong>&nbsp;\u00dcniversitenin internet sitesi<br><strong>DESC:<\/strong>&nbsp;A\u00e7\u0131klama<br><strong>A:<\/strong>&nbsp;\u0130lgili \u00fcniversite uluslararas\u0131 ge\u00e7erli bir dil sertifikas\u0131 talep etmektedir.<br><strong>B:<\/strong>&nbsp;\u0130lgili \u00fcniversite \u00e7evrim i\u00e7i m\u00fclakat yapmaktad\u0131r.<br>Erasmus+ KA171 Tablo A\u00e7\u0131klamas\u0131<br><strong>OID:<\/strong>&nbsp;Kurum kodu<br><strong>ISCED:<\/strong>&nbsp;\u0130lgili \u00fcniversite ile anla\u015fma yap\u0131lan e\u011fitim alan\u0131. (Anla\u015fma, ISCED kodunun geni\u015f veya dar alanda yap\u0131lmas\u0131 durumunda DEPT s\u00fctununda bulunan t\u00fcm b\u00f6l\u00fcmleri kapsamayabilir ve ilgili \u00fcniversite o b\u00f6l\u00fcmden \u00f6\u011frenci kabul etmeyi reddedebilir.)<br><strong>DEPT:<\/strong>&nbsp;ISCED koduna g\u00f6re anla\u015fmaya dahil olan b\u00f6l\u00fcmlere ISCED Kodlar\u0131 sayfas\u0131ndan b\u00f6l\u00fcm\u00fcn\u00fcz\u00fc aratarak ula\u015fabilirsiniz.<br><strong>SMS:<\/strong>&nbsp;\u00d6\u011frenci \u00d6\u011frenim Hareketlili\u011fi (Faaliyet s\u00fcresi 1 veya 2 akademik d\u00f6nemdir. Ayr\u0131nt\u0131lar ilgili ilan\u0131n duyurusu yap\u0131lmas\u0131 durumunda belirtilmektedir.)<br><strong>SMP:<\/strong>&nbsp;\u00d6\u011frenci Staj Hareketlili\u011fi (Faaliyet s\u00fcresi ve ayr\u0131nt\u0131lar ilgili ilan\u0131n duyurusu yap\u0131lmas\u0131 durumunda belirtilmektedir.)<br><strong>STA:<\/strong>&nbsp;Personel Ders Verme Hareketlili\u011fi Kontenjan\u0131 (Faaliyet s\u00fcresi 5 g\u00fcnd\u00fcr. Ayr\u0131nt\u0131lar ilgili ilan\u0131n duyurusu yap\u0131lmas\u0131 durumunda belirtilmektedir.)<br><strong>STT:<\/strong>&nbsp;Personel E\u011fitim Alma Hareketlili\u011fi (Faaliyet s\u00fcresi 5 g\u00fcnd\u00fcr. Ayr\u0131nt\u0131lar ilgili ilan\u0131n duyurusu yap\u0131lmas\u0131 durumunda belirtilmektedir.)<br><strong>LANG:<\/strong>&nbsp;Anla\u015fma dili<br><strong>TBA:<\/strong>&nbsp;To be announced (Daha sonra ilan edilecektir.)<\/p>\n<\/div><\/div><\/div>\n\n\n\n<div class=\"wp-block-greenshift-blocks-infobox gspb_infoBox gspb_infoBox-id-gsbp-ab06550\" id=\"gspb_infoBox-id-gsbp-ab06550\"><div class=\"gs-box notice_type icon_type\"><div class=\"gs-box-icon\"><svg x=\"0px\" y=\"0px\" viewbox=\"0 0 486.463 486.463\"> <g> <g> <path d=\"M243.225,333.382c-13.6,0-25,11.4-25,25s11.4,25,25,25c13.1,0,25-11.4,24.4-24.4 C268.225,344.682,256.925,333.382,243.225,333.382z\"><\/path> <path d=\"M474.625,421.982c15.7-27.1,15.8-59.4,0.2-86.4l-156.6-271.2c-15.5-27.3-43.5-43.5-74.9-43.5s-59.4,16.3-74.9,43.4 l-156.8,271.5c-15.6,27.3-15.5,59.8,0.3,86.9c15.6,26.8,43.5,42.9,74.7,42.9h312.8 C430.725,465.582,458.825,449.282,474.625,421.982z M440.625,402.382c-8.7,15-24.1,23.9-41.3,23.9h-312.8 c-17,0-32.3-8.7-40.8-23.4c-8.6-14.9-8.7-32.7-0.1-47.7l156.8-271.4c8.5-14.9,23.7-23.7,40.9-23.7c17.1,0,32.4,8.9,40.9,23.8 l156.7,271.4C449.325,369.882,449.225,387.482,440.625,402.382z\"><\/path> <path d=\"M237.025,157.882c-11.9,3.4-19.3,14.2-19.3,27.3c0.6,7.9,1.1,15.9,1.7,23.8c1.7,30.1,3.4,59.6,5.1,89.7 c0.6,10.2,8.5,17.6,18.7,17.6c10.2,0,18.2-7.9,18.7-18.2c0-6.2,0-11.9,0.6-18.2c1.1-19.3,2.3-38.6,3.4-57.9 c0.6-12.5,1.7-25,2.3-37.5c0-4.5-0.6-8.5-2.3-12.5C260.825,160.782,248.925,155.082,237.025,157.882z\"><\/path> <\/g> <\/g> <\/svg><\/div><div class=\"gs-box-text\">\n<p>* Bilgi ama\u00e7l\u0131d\u0131r resmi bir h\u00fckm\u00fc bulunmamaktad\u0131r. Bu listede g\u00f6sterilen veri ile Erasmus+ Kurum Koordinat\u00f6rl\u00fc\u011f\u00fc ve EWP verisinin uyu\u015fmamas\u0131 durumunda Koordinat\u00f6rl\u00fck ve EWP verisi esas al\u0131n\u0131r.<br>* Bu sayfada yer alan kontenjan kurumlar aras\u0131 anla\u015fma kontenjan\u0131n\u0131 ve azami hareketlilik say\u0131s\u0131n\u0131 belirtmektedir. \u0130lan hibe kontenjan\u0131 farkl\u0131 oldu\u011fundan her ilan\u0131n hibe kontenjan\u0131 farkl\u0131l\u0131k g\u00f6stermektedir. \u0130lgili ba\u015fvuru d\u00f6neminde yay\u0131mlanan ilandaki kontenjan baz al\u0131nmakta, adaylar\u0131n ilanlarda belirtilen kontenjan\u0131 dikkate almas\u0131 gerekmektedir.<\/p>\n<\/div><\/div><\/div>\n\n\n\n<div class=\"wp-block-greenshift-blocks-infobox gspb_infoBox gspb_infoBox-id-gsbp-7c98712\" id=\"gspb_infoBox-id-gsbp-7c98712\"><div class=\"gs-box info_type icon_type\"><div class=\"gs-box-icon\"><svg x=\"0px\" y=\"0px\" viewbox=\"0 0 512 512\"> <g><g> <path d=\"M256,0C114.497,0,0,114.507,0,256c0,141.503,114.507,256,256,256c141.503,0,256-114.507,256-256 C512,114.497,397.492,0,256,0z M256,472c-119.393,0-216-96.615-216-216c0-119.393,96.615-216,216-216 c119.393,0,216,96.615,216,216C472,375.393,375.384,472,256,472z\"><\/path> <\/g> <\/g> <g> <g> <path d=\"M256,214.33c-11.046,0-20,8.954-20,20v128.793c0,11.046,8.954,20,20,20s20-8.955,20-20.001V234.33 C276,223.284,267.046,214.33,256,214.33z\"><\/path> <\/g> <\/g> <g> <g> <circle cx=\"256\" cy=\"162.84\" r=\"27\"><\/circle> <\/g> <\/g> <\/svg><\/div><div class=\"gs-box-text\">\n<p>\u00dcniversiteler aras\u0131 \u0130kili \u0130\u015fbirli\u011fi (Memorandum of Understanding), Orhun, Mevlana ve Farabi De\u011fi\u015fim Programlar\u0131n\u0131n anla\u015fmalar\u0131&nbsp;<a href=\"https:\/\/international.cumhuriyet.edu.tr\/partners\/\" target=\"_blank\" rel=\"noreferrer noopener\">International Relations Office<\/a>nin internet sitesinde yer almaktad\u0131r.<\/p>\n<\/div><\/div><\/div>\n\n\n\n<div class=\"wp-block-greenshift-blocks-infobox gspb_infoBox gspb_infoBox-id-gsbp-20069cf\" id=\"gspb_infoBox-id-gsbp-20069cf\"><div class=\"gs-box update_type\"><div class=\"gs-box-icon\"><\/div><div class=\"gs-box-text\">\n<p>Bu sayfa 17.01.2026 23.20 tarihinde g\u00fcncellenmi\u015ftir.<\/p>\n<\/div><\/div><\/div>","protected":false},"excerpt":{"rendered":"","protected":false},"author":1,"featured_media":8329,"parent":0,"menu_order":0,"comment_status":"closed","ping_status":"closed","template":"","meta":{"_gspb_post_css":".gspb-tabs *{box-sizing: border-box !important}.t-btn-container{display:flex;flex-direction:row;width:100%;align-items:center;margin-bottom:-1px;flex-wrap:wrap}.t-btn-container .t-btn{background-origin: border-box;list-style:none;display:inline-flex;align-items:center;margin:0;padding:11px 24px;cursor:pointer;position:relative;transition:all .4s ease-in-out; font-size:20px}.t-btn-container .t-btn .tabsubtitle{font-size:70%;opacity:.7}.gstabs-tabs .t-btn{border:1px solid transparent;border-top-width:2px}.gstabs-tabs .t-btn:focus{outline:none;}.gstabs-tabs .t-btn.active{border-color:rgba(206,206,206,.4);border-bottom-color:#fff;background-color:#fff;color:#333}.t-panel-container .t-panel{opacity:0;overflow:hidden;display:none}.t-panel-container .t-panel.active{opacity:1;display:block!important}.t-panel-container{margin-bottom:25px;overflow:hidden; padding:30px}.gstabs-tabs .t-panel-container{border:1px solid rgba(206,206,206,.4);background-color:#fff}.t-btn-container ul{margin:0!important;padding:0!important}.gstabs-underline .t-btn-container .t-btn:after{position:absolute;bottom:0;left:0;content:'';height:3px;width:0;transition:width .5s,left .5s,right .5s;}.gstabs-underline .t-btn-container .t-btn.active:after{width:100%;left:0;right:0}.gstabs-pills .t-btn-container .t-btn{margin:0 10px;border:1px solid transparent}.gstabs-vertical{display:flex}.gstabs-vertical .t-btn-container{display:block;width:150px}.gstabs-vertical .t-btn-container .t-btn{margin-bottom:10px;width:150px; border:1px solid transparent}.gstabs-vertical .t-panel-container{flex-grow:1}.t-btn-container .t-btn .gs-image{flex-grow:inherit;}.t-btn-container .t-btn img{margin:0;height:25px;min-width:auto}@keyframes gcwidthleftright{0%{width:0%}100%{width:100%}}@keyframes gcslidefromtop{0%{transform:translateY(-10px);opacity:0}100%{transform:translateY(0);opacity:1}}@media (max-width: 575.98px){body .tabscroll .t-btn-container{overflow-x:scroll;flex-wrap:nowrap;scroll-behavior:smooth;scroll-snap-type:x mandatory;width: 100% !important;white-space: nowrap;display:block; padding-bottom:15px}.tabscroll .t-btn-container .t-btn{scroll-snap-align:start;white-space: nowrap;width: auto !important;margin-right: 10px;}.tabscroll .t-btn-container .t-btn.active{box-shadow:none!important}.gstabs-vertical{display:block !important}.gstabs-vertical .t-panel-container{margin-top:25px}.t-btn-container .t-btn{font-size:15px}}.gswipertabs{overflow:hidden}.t-panel-container .t-panel{width:100%}.t-panel-container p:last-of-type{margin-bottom:0}.gspb_tabs-id-gsbp-15a867d .t-btn-container{justify-content: left}.gspb_tabs-id-gsbp-15a867d > .t-btn-container > .t-btn{background-color: #f5f5f5}.gspb_tabs-id-gsbp-15a867d > .t-btn-container > .t-btn.active{background-color: #e5e5e5}.gspb_tabs-id-gsbp-15a867d .t-btn-container .t-btn{gap:10px}.gs-box{padding:20px;border-left:5px solid transparent;margin-bottom:25px}.gs-box-text > p{margin-bottom: 20px;margin-top:0}.gs-box-text > p:last-of-type{margin-bottom:0}.gs-box.info_type{color:#155724;background-color:#d4edda;border-color:#c3e6cb}.gs-box.info_type svg{fill:#30a030}.gs-box.icon_type{display:flex}.gs-box.icon_type .gs-box-icon{width:28px;min-width:28px}.gs-box.icon_type .gs-box-text{flex-grow:1;margin:0 15px}.gs-box{padding:20px;border-left:5px solid transparent;margin-bottom:25px}.gs-box-text > p{margin-bottom: 20px;margin-top:0}.gs-box-text > p:last-of-type{margin-bottom:0}.gs-box.notice_type{color:#856404;background-color:#fff3cd;border-color:#ffeeba}.gs-box.notice_type svg{fill:#f7a000}.gs-box.icon_type{display:flex}.gs-box.icon_type .gs-box-icon{width:28px;min-width:28px}.gs-box.icon_type .gs-box-text{flex-grow:1;margin:0 15px}.gs-box{padding:20px;border-left:5px solid transparent;margin-bottom:25px}.gs-box-text > p{margin-bottom: 20px;margin-top:0}.gs-box-text > p:last-of-type{margin-bottom:0}.gs-box.info_type{color:#155724;background-color:#d4edda;border-color:#c3e6cb}.gs-box.info_type svg{fill:#30a030}.gs-box.icon_type{display:flex}.gs-box.icon_type .gs-box-icon{width:28px;min-width:28px}.gs-box.icon_type .gs-box-text{flex-grow:1;margin:0 15px}.gs-box{padding:20px;border-left:5px solid transparent;margin-bottom:25px}.gs-box-text > p{margin-bottom: 20px;margin-top:0}.gs-box-text > p:last-of-type{margin-bottom:0}.gs-box.update_type{color:#004458;background-color:#d9edf7;border:1px solid #bce8f1}","footnotes":""},"class_list":["post-244","page","type-page","status-publish","has-post-thumbnail","hentry"],"blocksy_meta":{"page_structure_type":"type-4","styles_descriptor":{"styles":{"desktop":"","tablet":"","mobile":""},"google_fonts":[],"version":6}},"_links":{"self":[{"href":"https:\/\/erasmus.cumhuriyet.edu.tr\/en\/wp-json\/wp\/v2\/pages\/244","targetHints":{"allow":["GET"]}}],"collection":[{"href":"https:\/\/erasmus.cumhuriyet.edu.tr\/en\/wp-json\/wp\/v2\/pages"}],"about":[{"href":"https:\/\/erasmus.cumhuriyet.edu.tr\/en\/wp-json\/wp\/v2\/types\/page"}],"author":[{"embeddable":true,"href":"https:\/\/erasmus.cumhuriyet.edu.tr\/en\/wp-json\/wp\/v2\/users\/1"}],"replies":[{"embeddable":true,"href":"https:\/\/erasmus.cumhuriyet.edu.tr\/en\/wp-json\/wp\/v2\/comments?post=244"}],"version-history":[{"count":54,"href":"https:\/\/erasmus.cumhuriyet.edu.tr\/en\/wp-json\/wp\/v2\/pages\/244\/revisions"}],"predecessor-version":[{"id":8663,"href":"https:\/\/erasmus.cumhuriyet.edu.tr\/en\/wp-json\/wp\/v2\/pages\/244\/revisions\/8663"}],"wp:featuredmedia":[{"embeddable":true,"href":"https:\/\/erasmus.cumhuriyet.edu.tr\/en\/wp-json\/wp\/v2\/media\/8329"}],"wp:attachment":[{"href":"https:\/\/erasmus.cumhuriyet.edu.tr\/en\/wp-json\/wp\/v2\/media?parent=244"}],"curies":[{"name":"wp","href":"https:\/\/api.w.org\/{rel}","templated":true}]}}