{"id":241,"date":"2022-06-10T06:47:47","date_gmt":"2022-06-10T03:47:47","guid":{"rendered":"https:\/\/erasmus.cumhuriyet.edu.tr\/?page_id=241"},"modified":"2023-03-21T03:01:39","modified_gmt":"2023-03-21T00:01:39","slug":"outgoing","status":"publish","type":"page","link":"https:\/\/erasmus.cumhuriyet.edu.tr\/en\/erasmus\/outgoing\/","title":{"rendered":"Erasmus+ Giden Y\u00f6nl\u00fc Hareketlilikler"},"content":{"rendered":"<p>[vc_row][vc_column width=&#8221;1\/6&#8243; css=&#8221;.vc_custom_1679356192354{margin-top: 0px !important;margin-right: 0px !important;margin-bottom: 0px !important;margin-left: 0px !important;border-top-width: 0px !important;border-right-width: 1px !important;border-bottom-width: 0px !important;border-left-width: 0px !important;padding-top: 0px !important;padding-right: 5px !important;padding-bottom: 0px !important;padding-left: 0px !important;border-left-color: #dedede !important;border-left-style: solid !important;border-right-color: #dedede !important;border-right-style: solid !important;border-top-color: #dedede !important;border-top-style: solid !important;border-bottom-color: #dedede !important;border-bottom-style: solid !important;}&#8221;][vc_btn title=&#8221;Erasmus+&#8221; style=&#8221;flat&#8221; shape=&#8221;square&#8221; color=&#8221;black&#8221; size=&#8221;sm&#8221; align=&#8221;left&#8221; button_block=&#8221;true&#8221; link=&#8221;url:%2Ferasmus%2F&#8221; css=&#8221;.vc_custom_1679356274217{margin-top: 0px !important;margin-bottom: 5px !important;}&#8221;][vc_btn title=&#8221;\u00d6\u011frenci Hareketlili\u011fi&#8221; style=&#8221;flat&#8221; shape=&#8221;square&#8221; color=&#8221;primary&#8221; size=&#8221;sm&#8221; align=&#8221;left&#8221; button_block=&#8221;true&#8221; link=&#8221;url:%2Ferasmus%2Foutgoing%2Fstudent%2F&#8221; css=&#8221;.vc_custom_1679351775465{margin-top: 0px !important;margin-bottom: 5px !important;}&#8221;][vc_btn title=&#8221;\u00d6\u011frenim Hareketlili\u011fi&#8221; style=&#8221;flat&#8221; shape=&#8221;square&#8221; color=&#8221;info&#8221; size=&#8221;sm&#8221; align=&#8221;left&#8221; button_block=&#8221;true&#8221; link=&#8221;url:%2Ferasmus%2Foutgoing%2Fstudent%2F%23sms&#8221; css=&#8221;.vc_custom_1679351785283{margin-top: 0px !important;margin-bottom: 5px !important;margin-left: 20px !important;}&#8221;][vc_btn title=&#8221;Staj Hareketlili\u011fi&#8221; style=&#8221;flat&#8221; shape=&#8221;square&#8221; color=&#8221;info&#8221; size=&#8221;sm&#8221; align=&#8221;left&#8221; button_block=&#8221;true&#8221; link=&#8221;url:%2Ferasmus%2Foutgoing%2Fstudent%2F%23smp&#8221; css=&#8221;.vc_custom_1679351796554{margin-top: 0px !important;margin-bottom: 5px !important;margin-left: 20px !important;}&#8221;][vc_btn title=&#8221;Belgeler&#8221; style=&#8221;flat&#8221; shape=&#8221;square&#8221; color=&#8221;warning&#8221; size=&#8221;sm&#8221; align=&#8221;left&#8221; button_block=&#8221;true&#8221; link=&#8221;url:%2Ferasmus%2Foutgoing%2Fstudent%2Fdocs&#8221; css=&#8221;.vc_custom_1679351944810{margin-top: 0px !important;margin-bottom: 5px !important;margin-left: 20px !important;}&#8221;][vc_btn title=&#8221;Personel Hareketlili\u011fi&#8221; style=&#8221;flat&#8221; shape=&#8221;square&#8221; color=&#8221;primary&#8221; size=&#8221;sm&#8221; align=&#8221;left&#8221; button_block=&#8221;true&#8221; link=&#8221;url:%2Ferasmus%2Foutgoing%2Fstaff%2F&#8221; css=&#8221;.vc_custom_1679351808225{margin-top: 0px !important;margin-bottom: 5px !important;}&#8221;][vc_btn title=&#8221;Ders Verme Hareketlili\u011fi&#8221; style=&#8221;flat&#8221; shape=&#8221;square&#8221; color=&#8221;info&#8221; size=&#8221;sm&#8221; align=&#8221;left&#8221; button_block=&#8221;true&#8221; link=&#8221;url:%2Ferasmus%2Foutgoing%2Fstaff%2F%23sta&#8221; css=&#8221;.vc_custom_1679351846375{margin-top: 0px !important;margin-bottom: 5px !important;margin-left: 20px !important;}&#8221;][vc_btn title=&#8221;E\u011fitim Alma Hareketlili\u011fi&#8221; style=&#8221;flat&#8221; shape=&#8221;square&#8221; color=&#8221;info&#8221; size=&#8221;sm&#8221; align=&#8221;left&#8221; button_block=&#8221;true&#8221; link=&#8221;url:%2Ferasmus%2Foutgoing%2Fstaff%2F%23stt&#8221; css=&#8221;.vc_custom_1679351838145{margin-top: 0px !important;margin-bottom: 5px !important;margin-left: 20px !important;}&#8221;][vc_btn title=&#8221;Belgeler&#8221; style=&#8221;flat&#8221; shape=&#8221;square&#8221; color=&#8221;warning&#8221; size=&#8221;sm&#8221; align=&#8221;left&#8221; button_block=&#8221;true&#8221; link=&#8221;url:%2Ferasmus%2Foutgoing%2Fstaff%2Fdocs&#8221; css=&#8221;.vc_custom_1679351957415{margin-top: 0px !important;margin-bottom: 5px !important;margin-left: 20px !important;}&#8221;][vc_btn title=&#8221;Hareketlilik Takvimi&#8221; style=&#8221;flat&#8221; shape=&#8221;square&#8221; color=&#8221;primary&#8221; size=&#8221;sm&#8221; align=&#8221;left&#8221; button_block=&#8221;true&#8221; link=&#8221;url:%2Fcategory%2Fcalendar&#8221; css=&#8221;.vc_custom_1679352173056{margin-top: 0px !important;margin-bottom: 5px !important;}&#8221;][vc_btn title=&#8221;Birim Koordinat\u00f6rleri&#8221; style=&#8221;flat&#8221; shape=&#8221;square&#8221; color=&#8221;primary&#8221; size=&#8221;sm&#8221; align=&#8221;left&#8221; button_block=&#8221;true&#8221; link=&#8221;url:%2Ferasmus%2Fdepartmental-coordinators&#8221; css=&#8221;.vc_custom_1679352094703{margin-top: 0px !important;margin-bottom: 5px !important;}&#8221;][vc_btn title=&#8221;Anla\u015fmalar&#8221; style=&#8221;flat&#8221; shape=&#8221;square&#8221; color=&#8221;primary&#8221; size=&#8221;sm&#8221; align=&#8221;left&#8221; button_block=&#8221;true&#8221; link=&#8221;url:%2Fpartners&#8221; css=&#8221;.vc_custom_1679352266758{margin-top: 0px !important;margin-bottom: 5px !important;}&#8221;][vc_btn title=&#8221;ISCED Kodlar\u0131&#8221; style=&#8221;flat&#8221; shape=&#8221;square&#8221; color=&#8221;primary&#8221; size=&#8221;sm&#8221; align=&#8221;left&#8221; button_block=&#8221;true&#8221; link=&#8221;url:%2Ferasmus%2Fisced-codes&#8221; css=&#8221;.vc_custom_1679352132235{margin-top: 0px !important;margin-bottom: 5px !important;}&#8221;][vc_btn title=&#8221;ESC&#8221; style=&#8221;flat&#8221; shape=&#8221;square&#8221; color=&#8221;primary&#8221; size=&#8221;sm&#8221; align=&#8221;left&#8221; button_block=&#8221;true&#8221; link=&#8221;url:%2Fesc&#8221; css=&#8221;.vc_custom_1679355809739{margin-top: 0px !important;margin-bottom: 5px !important;}&#8221;][vc_btn title=&#8221;ESN&#8221; style=&#8221;flat&#8221; shape=&#8221;square&#8221; color=&#8221;primary&#8221; size=&#8221;sm&#8221; align=&#8221;left&#8221; button_block=&#8221;true&#8221; link=&#8221;url:%2Ferasmus%2Fesn&#8221; css=&#8221;.vc_custom_1679355593191{margin-top: 0px !important;margin-bottom: 5px !important;}&#8221;][vc_btn title=&#8221;Erasmus Club&#8221; style=&#8221;flat&#8221; shape=&#8221;square&#8221; color=&#8221;primary&#8221; size=&#8221;sm&#8221; align=&#8221;left&#8221; button_block=&#8221;true&#8221; link=&#8221;url:%2Ferasmus%2Ferasmus-club&#8221; css=&#8221;.vc_custom_1679355612510{margin-top: 0px !important;margin-bottom: 5px !important;}&#8221;][vc_btn title=&#8221;T\u00fcm Belgeler&#8221; style=&#8221;flat&#8221; shape=&#8221;square&#8221; color=&#8221;primary&#8221; size=&#8221;sm&#8221; align=&#8221;left&#8221; button_block=&#8221;true&#8221; link=&#8221;url:%2Ferasmus%2Foutgoing%2Fdocs&#8221; css=&#8221;.vc_custom_1679351996385{margin-top: 0px !important;margin-bottom: 5px !important;}&#8221;][vc_btn title=&#8221;Gelen Y\u00f6nl\u00fc Hareketlilikler&#8221; style=&#8221;flat&#8221; shape=&#8221;square&#8221; color=&#8221;violet&#8221; size=&#8221;sm&#8221; align=&#8221;left&#8221; button_block=&#8221;true&#8221; link=&#8221;url:%2Fincoming&#8221; css=&#8221;.vc_custom_1679356126702{margin-top: 0px !important;margin-bottom: 0px !important;}&#8221;][\/vc_column][vc_column width=&#8221;5\/6&#8243;][vc_single_image image=&#8221;2292&#8243; img_size=&#8221;medium&#8221; alignment=&#8221;center&#8221;][vc_custom_heading text=&#8221;Erasmus+ Nedir?&#8221; use_theme_fonts=&#8221;yes&#8221;][vc_column_text]Erasmus+ Program\u0131 Avrupa Birli\u011finin e\u011fitim, gen\u00e7lik ve spor alanlar\u0131ndaki hibe program\u0131d\u0131r. Yurt d\u0131\u015f\u0131nda e\u011fitim, \u00f6\u011fretim, staj, profesyonel geli\u015fim, yayg\u0131n \u00f6\u011frenme temelli gen\u00e7lik aktiviteleri ile kurumlar aras\u0131ndaki i\u015fbirliklerini desteklemektedir.<\/p>\n<p>Erasmus+ 2021-2027 y\u0131llar\u0131 aras\u0131nda uygulanan e\u011fitim, gen\u00e7lik ve spor alanlar\u0131n\u0131 kapsayan Avrupa Birli\u011finin hibe program\u0131d\u0131r. Erasmus+ Program\u0131 ile ki\u015filere, ya\u015f ve e\u011fitim ge\u00e7mi\u015flerine bak\u0131lmaks\u0131z\u0131n yeni beceriler kazand\u0131r\u0131lmas\u0131, onlar\u0131n ki\u015fisel geli\u015fimlerinin g\u00fc\u00e7lendirilmesi ve istihdam olanaklar\u0131n\u0131n art\u0131r\u0131lmas\u0131 ama\u00e7lanmaktad\u0131r. Erasmus+ Program\u0131n\u0131n 2021-2027 y\u0131llar\u0131 i\u00e7in t\u00fcm Avrupa&#8217;daki b\u00fct\u00e7esi 28,4 Milyar Avro&#8217;dur.<\/p>\n<p>Erasmus+ Program\u0131 kapsam\u0131nda desteklenen faaliyetler temel olarak 3 Ana Eylem (Key Action, KA) ve 1 \u00d6zel Eylem alt\u0131nda toplanmaktad\u0131r.<\/p>\n<ul>\n<li><strong>KA1: Bireylerin \u00d6\u011frenme Hareketlili\u011fi<\/strong>\n<ul>\n<li><strong>Y\u00fcksek\u00f6\u011fretim \u00d6\u011frenci ve Personeline Y\u00f6nelik Hareketlilik Projesi<\/strong>\n<ul>\n<li><strong>KA131: AB \u00dcye \u00dclkeleri ve Programla \u0130li\u015fkili \u00dc\u00e7\u00fcnc\u00fc \u00dclkeler (Avrupa i\u00e7i)<\/strong>\n<ul>\n<li><strong>\u00d6\u011frenci Hareketlili\u011fi<\/strong><\/li>\n<li><strong>Personel Hareketlili\u011fi<\/strong><\/li>\n<\/ul>\n<\/li>\n<li><strong>KA171:Programla \u0130li\u015fkili Olmayan \u00dc\u00e7\u00fcnc\u00fc \u00dclkeler (Avrupa d\u0131\u015f\u0131)<\/strong>\n<ul>\n<li><strong>\u00d6\u011frenci Hareketlili\u011fi<\/strong><\/li>\n<li><strong>Personel Hareketlili\u011fi<\/strong><\/li>\n<\/ul>\n<\/li>\n<\/ul>\n<\/li>\n<\/ul>\n<\/li>\n<li>KA2: Kurum ve Kurulu\u015flar aras\u0131nda \u0130\u015fbirli\u011fi<\/li>\n<li>KA3: Politika geli\u015fimi ve \u0130\u015fbirli\u011fine Destek<\/li>\n<li>Jean Monnet<\/li>\n<\/ul>\n<p>[\/vc_column_text][vc_row_inner][vc_column_inner width=&#8221;1\/2&#8243;][vc_video link=&#8221;https:\/\/www.youtube.com\/watch?v=EL4mPrWbKxM&#8221; el_width=&#8221;80&#8243; align=&#8221;center&#8221;][\/vc_column_inner][vc_column_inner width=&#8221;1\/2&#8243;][vc_video link=&#8221;https:\/\/www.youtube.com\/watch?v=gmdwrNu96Do&#8221; el_width=&#8221;80&#8243; align=&#8221;center&#8221;][\/vc_column_inner][\/vc_row_inner][\/vc_column][\/vc_row]<\/p>\n","protected":false},"excerpt":{"rendered":"<p>[vc_row][vc_column width=&#8221;1\/6&#8243; css=&#8221;.vc_custom_1679356192354{margin-top: 0px !important;margin-right: 0px !important;margin-bottom: 0px !important;margin-left: 0px !important;border-top-width: 0px !important;border-right-width: 1px !important;border-bottom-width: 0px !important;border-left-width: 0px !important;padding-top: 0px !important;padding-right: 5px !important;padding-bottom: 0px !important;padding-left: 0px !important;border-left-color: #dedede !important;border-left-style: solid !important;border-right-color: #dedede !important;border-right-style: solid !important;border-top-color: #dedede !important;border-top-style: solid !important;border-bottom-color: #dedede !important;border-bottom-style: solid !important;}&#8221;][vc_btn title=&#8221;Erasmus+&#8221; style=&#8221;flat&#8221; shape=&#8221;square&#8221; color=&#8221;black&#8221; size=&#8221;sm&#8221; align=&#8221;left&#8221; button_block=&#8221;true&#8221; link=&#8221;url:%2Ferasmus%2F&#8221; css=&#8221;.vc_custom_1679356274217{margin-top: 0px !important;margin-bottom: 5px [&hellip;]<\/p>\n","protected":false},"author":1,"featured_media":0,"parent":423,"menu_order":0,"comment_status":"closed","ping_status":"closed","template":"","meta":{"_gspb_post_css":"","footnotes":""},"class_list":["post-241","page","type-page","status-publish","hentry"],"blocksy_meta":[],"_links":{"self":[{"href":"https:\/\/erasmus.cumhuriyet.edu.tr\/en\/wp-json\/wp\/v2\/pages\/241","targetHints":{"allow":["GET"]}}],"collection":[{"href":"https:\/\/erasmus.cumhuriyet.edu.tr\/en\/wp-json\/wp\/v2\/pages"}],"about":[{"href":"https:\/\/erasmus.cumhuriyet.edu.tr\/en\/wp-json\/wp\/v2\/types\/page"}],"author":[{"embeddable":true,"href":"https:\/\/erasmus.cumhuriyet.edu.tr\/en\/wp-json\/wp\/v2\/users\/1"}],"replies":[{"embeddable":true,"href":"https:\/\/erasmus.cumhuriyet.edu.tr\/en\/wp-json\/wp\/v2\/comments?post=241"}],"version-history":[{"count":29,"href":"https:\/\/erasmus.cumhuriyet.edu.tr\/en\/wp-json\/wp\/v2\/pages\/241\/revisions"}],"predecessor-version":[{"id":2318,"href":"https:\/\/erasmus.cumhuriyet.edu.tr\/en\/wp-json\/wp\/v2\/pages\/241\/revisions\/2318"}],"up":[{"embeddable":true,"href":"https:\/\/erasmus.cumhuriyet.edu.tr\/en\/wp-json\/wp\/v2\/pages\/423"}],"wp:attachment":[{"href":"https:\/\/erasmus.cumhuriyet.edu.tr\/en\/wp-json\/wp\/v2\/media?parent=241"}],"curies":[{"name":"wp","href":"https:\/\/api.w.org\/{rel}","templated":true}]}}