{"id":2387,"date":"2023-03-26T02:28:24","date_gmt":"2023-03-25T23:28:24","guid":{"rendered":"https:\/\/erasmus.cumhuriyet.edu.tr\/?page_id=2387"},"modified":"2026-01-15T11:24:49","modified_gmt":"2026-01-15T08:24:49","slug":"ka131-smp-appform","status":"publish","type":"page","link":"https:\/\/erasmus.cumhuriyet.edu.tr\/en\/erasmus\/outgoing\/student\/docs\/ka131-smp-appform\/","title":{"rendered":"Erasmus+ KA131\/KA171 \u00d6\u011frenci Staj Hareketlili\u011fi Ba\u015fvuru Formu"},"content":{"rendered":"<div class=\"wp-block-greenshift-blocks-infobox gspb_infoBox gspb_infoBox-id-gsbp-6d5478b\" id=\"gspb_infoBox-id-gsbp-6d5478b\"><div class=\"gs-box notice_type icon_type\"><div class=\"gs-box-icon\"><svg x=\"0px\" y=\"0px\" viewbox=\"0 0 486.463 486.463\"> <g> <g> <path d=\"M243.225,333.382c-13.6,0-25,11.4-25,25s11.4,25,25,25c13.1,0,25-11.4,24.4-24.4 C268.225,344.682,256.925,333.382,243.225,333.382z\"><\/path> <path d=\"M474.625,421.982c15.7-27.1,15.8-59.4,0.2-86.4l-156.6-271.2c-15.5-27.3-43.5-43.5-74.9-43.5s-59.4,16.3-74.9,43.4 l-156.8,271.5c-15.6,27.3-15.5,59.8,0.3,86.9c15.6,26.8,43.5,42.9,74.7,42.9h312.8 C430.725,465.582,458.825,449.282,474.625,421.982z M440.625,402.382c-8.7,15-24.1,23.9-41.3,23.9h-312.8 c-17,0-32.3-8.7-40.8-23.4c-8.6-14.9-8.7-32.7-0.1-47.7l156.8-271.4c8.5-14.9,23.7-23.7,40.9-23.7c17.1,0,32.4,8.9,40.9,23.8 l156.7,271.4C449.325,369.882,449.225,387.482,440.625,402.382z\"><\/path> <path d=\"M237.025,157.882c-11.9,3.4-19.3,14.2-19.3,27.3c0.6,7.9,1.1,15.9,1.7,23.8c1.7,30.1,3.4,59.6,5.1,89.7 c0.6,10.2,8.5,17.6,18.7,17.6c10.2,0,18.2-7.9,18.7-18.2c0-6.2,0-11.9,0.6-18.2c1.1-19.3,2.3-38.6,3.4-57.9 c0.6-12.5,1.7-25,2.3-37.5c0-4.5-0.6-8.5-2.3-12.5C260.825,160.782,248.925,155.082,237.025,157.882z\"><\/path> <\/g> <\/g> <\/svg><\/div><div class=\"gs-box-text\">\n<p><strong>Dikkat!<br><\/strong>T\u00fcm alanlar \u0130NG\u0130L\u0130ZCE dilinde doldurulmal\u0131d\u0131r. T\u00fcrk\u00e7e doldurulan formlar ge\u00e7ersizdir.<\/p>\n<\/div><\/div><\/div>\n\n\n\n<div class=\"wpcf7 no-js\" id=\"wpcf7-f2386-o1\" lang=\"tr-TR\" dir=\"ltr\" data-wpcf7-id=\"2386\">\n<div class=\"screen-reader-response\"><p role=\"status\" aria-live=\"polite\" aria-atomic=\"true\"><\/p> <ul><\/ul><\/div>\n<form action=\"\/en\/wp-json\/wp\/v2\/pages\/2387#wpcf7-f2386-o1\" method=\"post\" class=\"wpcf7-form init cf7mls-no-scroll cf7mls-auto-return-first-step cf7mls-no-moving-animation\" aria-label=\"\u0130leti\u015fim Formu\" novalidate=\"novalidate\" data-status=\"init\" data-trp-original-action=\"\/en\/wp-json\/wp\/v2\/pages\/2387#wpcf7-f2386-o1\">\n<fieldset class=\"hidden-fields-container\"><input type=\"hidden\" name=\"_wpcf7\" value=\"2386\" \/><input type=\"hidden\" name=\"_wpcf7_version\" value=\"6.1.5\" \/><input type=\"hidden\" name=\"_wpcf7_locale\" value=\"tr_TR\" \/><input type=\"hidden\" name=\"_wpcf7_unit_tag\" value=\"wpcf7-f2386-o1\" \/><input type=\"hidden\" name=\"_wpcf7_container_post\" value=\"0\" \/><input type=\"hidden\" name=\"_wpcf7_posted_data_hash\" value=\"\" \/><input type=\"hidden\" name=\"_wpcf7cf_hidden_group_fields\" value=\"[]\" \/><input type=\"hidden\" name=\"_wpcf7cf_hidden_groups\" value=\"[]\" \/><input type=\"hidden\" name=\"_wpcf7cf_visible_groups\" value=\"[]\" \/><input type=\"hidden\" name=\"_wpcf7cf_repeaters\" value=\"[]\" \/><input type=\"hidden\" name=\"_wpcf7cf_steps\" value=\"{}\" \/><input type=\"hidden\" name=\"_wpcf7cf_options\" value=\"{&quot;form_id&quot;:2386,&quot;conditions&quot;:[],&quot;settings&quot;:{&quot;animation&quot;:&quot;yes&quot;,&quot;animation_intime&quot;:200,&quot;animation_outtime&quot;:200,&quot;conditions_ui&quot;:&quot;normal&quot;,&quot;notice_dismissed&quot;:false,&quot;notice_dismissed_update-cf7-6.1.5&quot;:true}}\" \/><input type=\"hidden\" name=\"_wpcf7dtx_version\" value=\"5.0.5\" \/>\n<\/fieldset>\n<div class=\"fieldset-cf7mls-wrapper\" data-transition-effects><fieldset class=\"fieldset-cf7mls cf7mls_current_fs\"><div class=\"progress\" style=\"height:35px;margin-bottom:35px;\">\n\t<div class=\"progress-bar progress-bar-info\" role=\"progressbar\" aria-valuenow=\"50\" aria-valuemin=\"0\" aria-valuemax=\"100\" style=\"width:20%;\">\n\t\t<p>A\u015fama (Step) 1\/5\n\t\t<\/p>\n\t<\/div>\n<\/div>\n<h2>K\u0130\u015e\u0130SEL B\u0130LG\u0130LER\n<\/h2>\n<p><label> Ad\u0131n\u0131z<br \/>\n<span class=\"wpcf7-form-control-wrap\" data-name=\"first-name\"><input size=\"40\" maxlength=\"400\" class=\"wpcf7-form-control wpcf7-text wpcf7-validates-as-required\" aria-required=\"true\" aria-invalid=\"false\" placeholder=\"First Name (As it is written on the ID\/Passport)\" value=\"\" type=\"text\" name=\"first-name\" \/><\/span> <\/label>\n<\/p>\n<p><label> Soyad\u0131n\u0131z<br \/>\n<span class=\"wpcf7-form-control-wrap\" data-name=\"sur-name\"><input size=\"40\" maxlength=\"400\" class=\"wpcf7-form-control wpcf7-text wpcf7-validates-as-required\" aria-required=\"true\" aria-invalid=\"false\" placeholder=\"Surname (Family Name) (As it is written on the ID\/Passport)\" value=\"\" type=\"text\" name=\"sur-name\" \/><\/span> <\/label>\n<\/p>\n<p><label> T.C.\/Yabanc\u0131 Kimlik Numaras\u0131<br \/>\n<span class=\"wpcf7-form-control-wrap\" data-name=\"tckn\"><input size=\"40\" maxlength=\"400\" class=\"wpcf7-form-control wpcf7-text wpcf7-validates-as-required\" aria-required=\"true\" aria-invalid=\"false\" placeholder=\"Turkish\/Foreigners ID Number\" value=\"\" type=\"text\" name=\"tckn\" \/><\/span> <\/label>\n<\/p>\n<p><label> Pasaport Numaras\u0131<br \/>\n<span class=\"wpcf7-form-control-wrap\" data-name=\"passport\"><input size=\"40\" maxlength=\"400\" class=\"wpcf7-form-control wpcf7-text\" aria-invalid=\"false\" placeholder=\"Passport Number\" value=\"\" type=\"text\" name=\"passport\" \/><\/span> <\/label>\n<\/p>\n<p><label> Pasaport Verili\u015f Tarihi<br \/>\n<span class=\"wpcf7-form-control-wrap\" data-name=\"passport-start\"><input class=\"wpcf7-form-control wpcf7-date wpcf7-validates-as-date\" aria-invalid=\"false\" placeholder=\"Passport Issue Date\" value=\"\" type=\"date\" name=\"passport-start\" \/><\/span> <\/label>\n<\/p>\n<p><label> Pasaport Son Ge\u00e7erlilik Tarihi<br \/>\n<span class=\"wpcf7-form-control-wrap\" data-name=\"passport-end\"><input class=\"wpcf7-form-control wpcf7-date wpcf7-validates-as-date\" aria-invalid=\"false\" placeholder=\"Passport Expiry Date\" value=\"\" type=\"date\" name=\"passport-end\" \/><\/span> <\/label>\n<\/p>\n<p><label> Do\u011fum Tarihi<br \/>\n<span class=\"wpcf7-form-control-wrap\" data-name=\"dt\"><input class=\"wpcf7-form-control wpcf7-date wpcf7-validates-as-required wpcf7-validates-as-date\" aria-required=\"true\" aria-invalid=\"false\" value=\"\" type=\"date\" name=\"dt\" \/><\/span> <\/label>\n<\/p>\n<p><label> Do\u011fum Yeri<br \/>\n<span class=\"wpcf7-form-control-wrap\" data-name=\"dy\"><input size=\"40\" maxlength=\"400\" class=\"wpcf7-form-control wpcf7-text wpcf7-validates-as-required\" aria-required=\"true\" aria-invalid=\"false\" placeholder=\"Place of Birth (As it is written on the ID\/Passport)\" value=\"\" type=\"text\" name=\"dy\" \/><\/span> <\/label>\n<\/p>\n<p><label> Cinsiyet<br \/>\n<span class=\"wpcf7-form-control-wrap\" data-name=\"sex\"><select class=\"wpcf7-form-control wpcf7-select wpcf7-validates-as-required\" aria-required=\"true\" aria-invalid=\"false\" name=\"sex\"><option value=\"\">&#8212;L\u00fctfen bir se\u00e7enek se\u00e7in&#8212;<\/option><option value=\"Erkek\">Erkek<\/option><option value=\"Kad\u0131n\">Kad\u0131n<\/option><option value=\"Belirtilmemi\u015f\">Belirtilmemi\u015f<\/option><\/select><\/span> <\/label>\n<\/p>\n<p><label> Uyruk<br \/>\n<span class=\"wpcf7-form-control-wrap\" data-name=\"nationality\"><input size=\"40\" maxlength=\"400\" class=\"wpcf7-form-control wpcf7-text wpcf7-validates-as-required\" aria-required=\"true\" aria-invalid=\"false\" placeholder=\"The nationality of the applicant (e.g. Turkish)\" value=\"\" type=\"text\" name=\"nationality\" \/><\/span> <\/label>\n<\/p>\n<p><label> Ev Adresi<br \/>\n<span class=\"wpcf7-form-control-wrap\" data-name=\"adres\"><input size=\"40\" maxlength=\"400\" class=\"wpcf7-form-control wpcf7-text wpcf7-validates-as-required\" aria-required=\"true\" aria-invalid=\"false\" placeholder=\"Home Address\" value=\"\" type=\"text\" name=\"adres\" \/><\/span> <\/label>\n<\/p>\n<p><label> E-Posta Adresi<br \/>\n<span class=\"wpcf7-form-control-wrap\" data-name=\"email\"><input size=\"40\" maxlength=\"400\" class=\"wpcf7-form-control wpcf7-email wpcf7-validates-as-required wpcf7-text wpcf7-validates-as-email\" aria-required=\"true\" aria-invalid=\"false\" placeholder=\"E-Mail Address\" value=\"\" type=\"email\" name=\"email\" \/><\/span> <\/label>\n<\/p>\n<p><label> Telefon No<br \/>\n<span class=\"wpcf7-form-control-wrap\" data-name=\"phoneno\"><input size=\"40\" maxlength=\"400\" class=\"wpcf7-form-control wpcf7-tel wpcf7-validates-as-required wpcf7-text wpcf7-validates-as-tel\" aria-required=\"true\" aria-invalid=\"false\" placeholder=\"Phone Number\" value=\"\" type=\"tel\" name=\"phoneno\" \/><\/span> <\/label>\n<\/p>\n<p><label> Vesikal\u0131k Foto\u011fraf <span style=\"color:red\">(35mm x 45mm boyutlar\u0131nda vesikal\u0131k olmal\u0131d\u0131r)<\/span><br \/>\n<span class=\"wpcf7-form-control-wrap\" data-name=\"ppic\"><input size=\"40\" class=\"wpcf7-form-control wpcf7-drag-n-drop-file d-none\" aria-required=\"true\" aria-invalid=\"false\" type=\"file\" multiple=\"multiple\" data-name=\"ppic\" data-type=\"jpg|jpeg|png\" data-limit=\"2097152\" data-min=\"1\" data-max=\"1\" data-id=\"2386\" data-version=\"free version 1.3.9.7\" accept=\".jpg, .jpeg, .png\" \/><\/span> <\/label><div class=\"cf7mls-btns\"><button type=\"button\" class=\"cf7mls_next cf7mls_btn action-button\" name=\"cf7mls_next\" id=\"cf7mls-next-btn-cf7mls_step-1\" style=\" \">\u0130leri<img decoding=\"async\" src=\"https:\/\/erasmus.cumhuriyet.edu.tr\/wp-content\/plugins\/cf7-multi-step\/assets\/frontend\/img\/loader.svg\" alt=\"Step Loading\" data-lazy-src=\"https:\/\/erasmus.cumhuriyet.edu.tr\/wp-content\/plugins\/cf7-multi-step\/assets\/frontend\/img\/loader.svg\" style=\"display: none;\" \/><\/button><\/div><p><\/p><\/fieldset><fieldset class=\"fieldset-cf7mls\">\n<\/p>\n<div class=\"progress\" style=\"height:35px;margin-bottom:35px;\">\n\t<div class=\"progress-bar progress-bar-info\" role=\"progressbar\" aria-valuenow=\"50\" aria-valuemin=\"0\" aria-valuemax=\"100\" style=\"width:40%;\">\n\t\t<p>A\u015fama (Step) 2\/5\n\t\t<\/p>\n\t<\/div>\n<\/div>\n<h2>YABANCI D\u0130L B\u0130LG\u0130LER\u0130\n<\/h2>\n<p><label> \u0130ngilizce Seviyesi<br \/>\n<span class=\"wpcf7-form-control-wrap\" data-name=\"lang\"><select class=\"wpcf7-form-control wpcf7-select wpcf7-validates-as-required\" aria-required=\"true\" aria-invalid=\"false\" name=\"lang\"><option value=\"\">&#8212;L\u00fctfen bir se\u00e7enek se\u00e7in&#8212;<\/option><option value=\"A1\">A1<\/option><option value=\"A2\">A2<\/option><option value=\"B1\">B1<\/option><option value=\"B2\">B2<\/option><option value=\"C1\">C1<\/option><option value=\"C2\">C2<\/option><\/select><\/span> <\/label>\n<\/p>\n<p><label> (Varsa) Di\u011fer Dil Ad\u0131<br \/>\n<span class=\"wpcf7-form-control-wrap\" data-name=\"lang2\"><input size=\"40\" maxlength=\"400\" class=\"wpcf7-form-control wpcf7-text\" aria-invalid=\"false\" placeholder=\"Second Language Name (if present)\" value=\"\" type=\"text\" name=\"lang2\" \/><\/span> <\/label>\n<\/p>\n<p><label> (Varsa) Di\u011fer Dil Seviyesi<br \/>\n<span class=\"wpcf7-form-control-wrap\" data-name=\"lang2level\"><select class=\"wpcf7-form-control wpcf7-select\" aria-invalid=\"false\" name=\"lang2level\"><option value=\"\">&#8212;L\u00fctfen bir se\u00e7enek se\u00e7in&#8212;<\/option><option value=\"A1\">A1<\/option><option value=\"A2\">A2<\/option><option value=\"B1\">B1<\/option><option value=\"B2\">B2<\/option><option value=\"C1\">C1<\/option><option value=\"C2\">C2<\/option><\/select><\/span> <\/label><div class=\"cf7mls-btns\"><button type=\"button\" class=\"cf7mls_back action-button\" name=\"cf7mls_back\" id=\"cf7mls-back-btn-cf7mls_step-2\" style=\" \">Back<\/button><button type=\"button\" class=\"cf7mls_next cf7mls_btn action-button\" name=\"cf7mls_next\" id=\"cf7mls-next-btn-cf7mls_step-2\" style=\" \">Next<img decoding=\"async\" src=\"https:\/\/erasmus.cumhuriyet.edu.tr\/wp-content\/plugins\/cf7-multi-step\/assets\/frontend\/img\/loader.svg\" alt=\"Step Loading\" data-lazy-src=\"https:\/\/erasmus.cumhuriyet.edu.tr\/wp-content\/plugins\/cf7-multi-step\/assets\/frontend\/img\/loader.svg\" style=\"display: none;\" \/><\/button><\/div><p><\/p><\/fieldset><fieldset class=\"fieldset-cf7mls\">\n<\/p>\n<div class=\"progress\" style=\"height:35px;margin-bottom:35px;\">\n\t<div class=\"progress-bar progress-bar-info\" role=\"progressbar\" aria-valuenow=\"50\" aria-valuemin=\"0\" aria-valuemax=\"100\" style=\"width:60%;\">\n\t\t<p>A\u015fama (Step) 3\/5\n\t\t<\/p>\n\t<\/div>\n<\/div>\n<h2>EV SAH\u0130B\u0130 (G\u00d6NDEREN) KURUM B\u0130LG\u0130LER\u0130\n<\/h2>\n<p><label> Akademik Y\u0131l<br \/>\n<span class=\"wpcf7-form-control-wrap\" data-name=\"sending-acyear\"><select class=\"wpcf7-form-control wpcf7-select wpcf7-validates-as-required\" aria-required=\"true\" aria-invalid=\"false\" name=\"sending-acyear\"><option value=\"\">&#8212;L\u00fctfen bir se\u00e7enek se\u00e7in&#8212;<\/option><option value=\"2022-2023\">2022-2023<\/option><option value=\"2023-2024\">2023-2024<\/option><option value=\"2024-2025\">2024-2025<\/option><option value=\"2025-2026\">2025-2026<\/option><option value=\"2026-2027\">2026-2027<\/option><option value=\"2027-2028\">2027-2028<\/option><option value=\"2028-2029\">2028-2029<\/option><\/select><\/span> <\/label>\n<\/p>\n<p><label> Kurum Ad\u0131<br \/>\n<span class=\"wpcf7-form-control-wrap\" data-name=\"sending-name\"><select class=\"wpcf7-form-control wpcf7-select wpcf7-validates-as-required\" aria-required=\"true\" aria-invalid=\"false\" name=\"sending-name\"><option value=\"Sivas Cumhuriyet University (TR SIVAS01)\">Sivas Cumhuriyet University (TR SIVAS01)<\/option><\/select><\/span> <\/label>\n<\/p>\n<p><label> Kurum Adresi<br \/>\n<span class=\"wpcf7-form-control-wrap\" data-name=\"sending-address\"><select class=\"wpcf7-form-control wpcf7-select wpcf7-validates-as-required\" aria-required=\"true\" aria-invalid=\"false\" name=\"sending-address\"><option value=\"Yeni\u015fehir Mh. Cumhuriyet \u00dcniversitesi Yerle\u015fkesi Sk. No:73 Sivas Merkez\/Sivas T\u00dcRK\u0130YE\">Yeni\u015fehir Mh. Cumhuriyet \u00dcniversitesi Yerle\u015fkesi Sk. No:73 Sivas Merkez\/Sivas T\u00dcRK\u0130YE<\/option><\/select><\/span> <\/label>\n<\/p>\n<p><label> Enstit\u00fc \/ Fak\u00fclte \/ Meslek Y\u00fcksekokulu \/ Y\u00fcksekokulu Ad\u0131 (\u0130ngilizce)<br \/>\n<span class=\"wpcf7-form-control-wrap\" data-name=\"sending-unit\"><input size=\"40\" maxlength=\"400\" class=\"wpcf7-form-control wpcf7-text wpcf7-validates-as-required\" aria-required=\"true\" aria-invalid=\"false\" placeholder=\"Sending Unit Name\" value=\"\" type=\"text\" name=\"sending-unit\" \/><\/span> <\/label>\n<\/p>\n<p><label> B\u00f6l\u00fcm \/ Ana Bilim Dal\u0131 \/ Bilim Dal\u0131 (\u0130ngilizce)<br \/>\n<span class=\"wpcf7-form-control-wrap\" data-name=\"sending-dept\"><input size=\"40\" maxlength=\"400\" class=\"wpcf7-form-control wpcf7-text wpcf7-validates-as-required\" aria-required=\"true\" aria-invalid=\"false\" placeholder=\"Sending Department Name\" value=\"\" type=\"text\" name=\"sending-dept\" \/><\/span> <\/label>\n<\/p>\n<p><label> \u00d6\u011frenim Kademesi<br \/>\n<span class=\"wpcf7-form-control-wrap\" data-name=\"sending-cycle\"><select class=\"wpcf7-form-control wpcf7-select wpcf7-validates-as-required\" aria-required=\"true\" aria-invalid=\"false\" name=\"sending-cycle\"><option value=\"\">&#8212;L\u00fctfen bir se\u00e7enek se\u00e7in&#8212;<\/option><option value=\"Lisans (Bachelor)\">Lisans (Bachelor)<\/option><option value=\"\u00d6nlisans (Associate)\">\u00d6nlisans (Associate)<\/option><option value=\"Y\u00fcksek Lisans (Master&#039;s)\">Y\u00fcksek Lisans (Master&#039;s)<\/option><option value=\"Doktora (PhD)\">Doktora (PhD)<\/option><\/select><\/span> <\/label>\n<\/p>\n<p><label> Birim\/B\u00f6l\u00fcm Koordinat\u00f6r\u00fc (<a href=\"https:\/\/erasmus.cumhuriyet.edu.tr\/en\/erasmus\/departmental-coordinators\/\" target=\"_blank\">https:\/\/erasmus.cumhuriyet.edu.tr\/erasmus\/departmental-coordinators<\/a> adresinden \u00f6\u011frenilebilir)<br \/>\n<span class=\"wpcf7-form-control-wrap\" data-name=\"sending-deptcoord\"><input size=\"40\" maxlength=\"400\" class=\"wpcf7-form-control wpcf7-text wpcf7-validates-as-required\" aria-required=\"true\" aria-invalid=\"false\" placeholder=\"Sending Institution Departmental Erasmus+ Coordinator\" value=\"\" type=\"text\" name=\"sending-deptcoord\" \/><\/span> <\/label>\n<\/p>\n<p><label> Kurum Koordinat\u00f6r\u00fc<br \/>\n<span class=\"wpcf7-form-control-wrap\" data-name=\"sending-instcoord\"><select class=\"wpcf7-form-control wpcf7-select wpcf7-validates-as-required\" aria-required=\"true\" aria-invalid=\"false\" name=\"sending-instcoord\"><option value=\"Prof. Dr. S\u00fcleyman DE\u011e\u0130RMEN\">Prof. Dr. S\u00fcleyman DE\u011e\u0130RMEN<\/option><\/select><\/span> <\/label><div class=\"cf7mls-btns\"><button type=\"button\" class=\"cf7mls_back action-button\" name=\"cf7mls_back\" id=\"cf7mls-back-btn-cf7mls_step-3\" style=\" \">Back<\/button><button type=\"button\" class=\"cf7mls_next cf7mls_btn action-button\" name=\"cf7mls_next\" id=\"cf7mls-next-btn-cf7mls_step-3\" style=\" \">Next<img decoding=\"async\" src=\"https:\/\/erasmus.cumhuriyet.edu.tr\/wp-content\/plugins\/cf7-multi-step\/assets\/frontend\/img\/loader.svg\" alt=\"Step Loading\" data-lazy-src=\"https:\/\/erasmus.cumhuriyet.edu.tr\/wp-content\/plugins\/cf7-multi-step\/assets\/frontend\/img\/loader.svg\" style=\"display: none;\" \/><\/button><\/div><p><\/p><\/fieldset><fieldset class=\"fieldset-cf7mls\">\n<\/p>\n<div class=\"progress\" style=\"height:35px;margin-bottom:35px;\">\n\t<div class=\"progress-bar progress-bar-info\" role=\"progressbar\" aria-valuenow=\"50\" aria-valuemin=\"0\" aria-valuemax=\"100\" style=\"width:80%;\">\n\t\t<p>A\u015fama (Step) 4\/5\n\t\t<\/p>\n\t<\/div>\n<\/div>\n<h2>M\u0130SAF\u0130R EDEN (KABUL EDEN) KURUM B\u0130LG\u0130LER\u0130\n<\/h2>\n<p><label> Kurum Ad\u0131<br \/>\n<span class=\"wpcf7-form-control-wrap\" data-name=\"receiving-name\"><input size=\"40\" maxlength=\"400\" class=\"wpcf7-form-control wpcf7-text wpcf7-validates-as-required\" aria-required=\"true\" aria-invalid=\"false\" placeholder=\"Name of Receiving Institution\" value=\"\" type=\"text\" name=\"receiving-name\" \/><\/span> <\/label>\n<\/p>\n<p><label> Kurum Adresi<br \/>\n<span class=\"wpcf7-form-control-wrap\" data-name=\"receiving-address\"><input size=\"40\" maxlength=\"400\" class=\"wpcf7-form-control wpcf7-text wpcf7-validates-as-required\" aria-required=\"true\" aria-invalid=\"false\" placeholder=\"Address of Receiving Institution\" value=\"\" type=\"text\" name=\"receiving-address\" \/><\/span> <\/label>\n<\/p>\n<p><label> Kurum \u0130leti\u015fim\/Sorumlu Ki\u015fisi Tam Ad\u0131<br \/>\n<span class=\"wpcf7-form-control-wrap\" data-name=\"receiving-person\"><input size=\"40\" maxlength=\"400\" class=\"wpcf7-form-control wpcf7-text wpcf7-validates-as-required\" aria-required=\"true\" aria-invalid=\"false\" placeholder=\"Name of the Responsible Person at Receiving Institution\" value=\"\" type=\"text\" name=\"receiving-person\" \/><\/span> <\/label>\n<\/p>\n<p><label> Kurum \u0130leti\u015fim\/Sorumlu Ki\u015fisi E-Posta Adresi<br \/>\n<span class=\"wpcf7-form-control-wrap\" data-name=\"receiving-email\"><input size=\"40\" maxlength=\"400\" class=\"wpcf7-form-control wpcf7-email wpcf7-validates-as-required wpcf7-text wpcf7-validates-as-email\" aria-required=\"true\" aria-invalid=\"false\" placeholder=\"E-Mail of the Responsible Person at Receiving Institution\" value=\"\" type=\"email\" name=\"receiving-email\" \/><\/span> <\/label>\n<\/p>\n<p><label> Kurum \u0130leti\u015fim\/Sorumlu Ki\u015fisi Telefon Numaras\u0131<br \/>\n<span class=\"wpcf7-form-control-wrap\" data-name=\"receiving-phone\"><input size=\"40\" maxlength=\"400\" class=\"wpcf7-form-control wpcf7-text wpcf7-validates-as-required\" aria-required=\"true\" aria-invalid=\"false\" placeholder=\"Telephone of the Responsible Person at Receiving Institution\" value=\"\" type=\"text\" name=\"receiving-phone\" \/><\/span> <\/label>\n<\/p>\n<p><label> Hareketlilik Ba\u015flang\u0131\u00e7 Tarihi<br \/>\n<span class=\"wpcf7-form-control-wrap\" data-name=\"receiving-mob-start\"><input class=\"wpcf7-form-control wpcf7-date wpcf7-validates-as-required wpcf7-validates-as-date\" aria-required=\"true\" aria-invalid=\"false\" placeholder=\"Mobility Start Date\" value=\"\" type=\"date\" name=\"receiving-mob-start\" \/><\/span> <\/label>\n<\/p>\n<p><label> Hareketlilik Biti\u015f Tarihi<br \/>\n<span class=\"wpcf7-form-control-wrap\" data-name=\"receiving-mob-end\"><input class=\"wpcf7-form-control wpcf7-date wpcf7-validates-as-required wpcf7-validates-as-date\" aria-required=\"true\" aria-invalid=\"false\" placeholder=\"Mobility End Date\" value=\"\" type=\"date\" name=\"receiving-mob-end\" \/><\/span> <\/label><div class=\"cf7mls-btns\"><button type=\"button\" class=\"cf7mls_back action-button\" name=\"cf7mls_back\" id=\"cf7mls-back-btn-cf7mls_step-4\" style=\" \">Back<\/button><button type=\"button\" class=\"cf7mls_next cf7mls_btn action-button\" name=\"cf7mls_next\" id=\"cf7mls-next-btn-cf7mls_step-4\" style=\" \">Next<img decoding=\"async\" src=\"https:\/\/erasmus.cumhuriyet.edu.tr\/wp-content\/plugins\/cf7-multi-step\/assets\/frontend\/img\/loader.svg\" alt=\"Step Loading\" data-lazy-src=\"https:\/\/erasmus.cumhuriyet.edu.tr\/wp-content\/plugins\/cf7-multi-step\/assets\/frontend\/img\/loader.svg\" style=\"display: none;\" \/><\/button><\/div><p><\/p><\/fieldset><fieldset class=\"fieldset-cf7mls\">\n<\/p>\n<div class=\"progress\" style=\"height:35px;margin-bottom:35px;\">\n\t<div class=\"progress-bar progress-bar-info\" role=\"progressbar\" aria-valuenow=\"50\" aria-valuemin=\"0\" aria-valuemax=\"100\" style=\"width:99%;\">\n\t\t<p>A\u015fama (Step) 5\/5\n\t\t<\/p>\n\t<\/div>\n<\/div>\n<h2>KVKK & ONAY\n<\/h2>\n<p><span class=\"wpcf7-form-control-wrap\" data-name=\"kvkk\"><span class=\"wpcf7-form-control wpcf7-acceptance\"><span class=\"wpcf7-list-item\"><label><input type=\"checkbox\" name=\"kvkk\" value=\"1\" aria-invalid=\"false\" \/><span class=\"wpcf7-list-item-label\">6698 Say\u0131l\u0131 Ki\u015fisel Verilerin Korunmas\u0131 Kanunu kapsam\u0131ndaki verilerimin <a href=\"\/en\/kvkk\/\" target=\"_blank\">A\u00e7\u0131k R\u0131za Metninde belirtildi\u011fi \u015fekilde i\u015flenmesini onayl\u0131yorum.<\/a><\/span><\/label><\/span><\/span><\/span>\n<\/p>\n<span class=\"wpcf7-form-control-wrap signdate\" data-name=\"signdate\"><input type=\"hidden\" name=\"signdate\" class=\"wpcf7-form-control wpcf7-hidden wpcf7dtx wpcf7dtx-hidden\" aria-invalid=\"false\" value=\"18\/04\/2026\"><\/span>\n<p><label style=\"font-weight:bold;\">\u0130MZA<\/label>\n<\/p>\n<p><div class=\"wpcf7-form-control-signature-global-wrap wpcf7-form-control-wrap\" data-field-id=\"sign\">\n\t\t\t\t<div class=\"wpcf7-form-control-signature-wrap\" style=\"width:300px;height:200px;\">\n\t\t\t\t\t<div class=\"wpcf7-form-control-signature-body\">\n\t\t\t\t\t\t<canvas data-color=\"#0000FF\" data-background=\"#FFFFFF\" id=\"wpcf7_sign_signature\" class=\"sign border\"><\/canvas>\n\t\t\t\t\t<\/div>\n\t\t\t\t<\/div>\n\t\t\t\t<div class=\"wpcf7-form-control-clear-wrap\">\n\t\t\t\t\t<input id=\"wpcf7_sign_clear\" type=\"button\" value=\"Clear\"\/>\n\t\t\t\t<\/div>\n\t\t\t<\/div>\n\t\t\t<span class=\"wpcf7-form-control-wrap wpcf7-form-control-signature-input-wrap sign\">\n\t\t\t\t  <input aria-required=\"true\" aria-invalid=\"false\" value=\"\" type=\"hidden\" name=\"sign\" id=\"wpcf7_input_sign\" class=\"wpcf7-form-control wpcf7-signature\" \/><input type=\"hidden\" name=\"sign-attachment\" id=\"wpcf7_input_sign_attachment\" class=\"wpcf7-form-control wpcf7-signature\" \/><input type=\"hidden\" name=\"sign-inline\" id=\"wpcf7_input_sign_inline\" class=\"wpcf7-form-control wpcf7-signature\" \/>\n\t\t\t\t\n\t\t\t<\/span>\n\t\t\t<span><i>L\u00fctfen fare veya dokunmatik ekran yard\u0131m\u0131yla yukar\u0131daki alana imzan\u0131z\u0131 at\u0131n\u0131z. \u0130mzay\u0131 silmek i\u00e7in CLEAR butonuna t\u0131klayabilirsiniz. \u0130mza g\u00f6r\u00fcnm\u00fcyor ise CLEAR butonuna t\u0131klay\u0131p yeniden imza at\u0131n\u0131z.<\/i><\/span>\n<\/p>\n<div class=\"wpcf7-turnstile cf-turnstile\" data-sitekey=\"0x4AAAAAACLdUHLrCkA1jjVy\" data-response-field-name=\"_wpcf7_turnstile_response\" data-theme=\"light\" data-language=\"en\"><\/div>\n<p>&nbsp;\n<\/p>\n<p><input class=\"wpcf7-form-control wpcf7-submit has-spinner\" type=\"submit\" value=\"G\u00f6nder\" \/><div class=\"cf7mls-btns cf7mls-btns-last-step\"><button type=\"button\" class=\"cf7mls_back action-button\" name=\"cf7mls_back\" id=\"cf7mls-back-btn-cf7mls_step-5\" style=\" \">Back<\/button><button type=\"button\" style=\"display: none;\" class=\"cf7mls_next cf7mls_btn action-button\" name=\"cf7mls_next\" id=\"cf7mls-next-btn-cf7mls_step-5\"><img decoding=\"async\" src=\"https:\/\/erasmus.cumhuriyet.edu.tr\/wp-content\/plugins\/cf7-multi-step\/assets\/frontend\/img\/loader.svg\" alt=\"Step Loading\" data-lazy-src=\"https:\/\/erasmus.cumhuriyet.edu.tr\/wp-content\/plugins\/cf7-multi-step\/assets\/frontend\/img\/loader.svg\" style=\"display: none;\" \/><\/button>\n<\/p><\/fieldset><\/div><div class=\"wpcf7-response-output\" aria-hidden=\"true\"><\/div>\n<input type=\"hidden\" name=\"trp-form-language\" value=\"en\"\/><\/form>\n<\/div>","protected":false},"excerpt":{"rendered":"","protected":false},"author":1,"featured_media":0,"parent":1150,"menu_order":0,"comment_status":"closed","ping_status":"closed","template":"","meta":{"_gspb_post_css":".gs-box{padding:20px;border-left:5px solid transparent;margin-bottom:25px}.gs-box-text>p{margin-bottom:20px;margin-top:0}.gs-box-text>p:last-of-type{margin-bottom:0}.gs-box.notice_type{color:#856404;background-color:#fff3cd;border-color:#ffeeba}.gs-box.notice_type svg{fill:#f7a000}.gs-box.icon_type{display:flex}.gs-box.icon_type .gs-box-icon{width:28px;min-width:28px}.gs-box.icon_type .gs-box-text{flex-grow:1;margin:0 15px}","footnotes":""},"class_list":["post-2387","page","type-page","status-publish","hentry"],"blocksy_meta":[],"_links":{"self":[{"href":"https:\/\/erasmus.cumhuriyet.edu.tr\/en\/wp-json\/wp\/v2\/pages\/2387","targetHints":{"allow":["GET"]}}],"collection":[{"href":"https:\/\/erasmus.cumhuriyet.edu.tr\/en\/wp-json\/wp\/v2\/pages"}],"about":[{"href":"https:\/\/erasmus.cumhuriyet.edu.tr\/en\/wp-json\/wp\/v2\/types\/page"}],"author":[{"embeddable":true,"href":"https:\/\/erasmus.cumhuriyet.edu.tr\/en\/wp-json\/wp\/v2\/users\/1"}],"replies":[{"embeddable":true,"href":"https:\/\/erasmus.cumhuriyet.edu.tr\/en\/wp-json\/wp\/v2\/comments?post=2387"}],"version-history":[{"count":4,"href":"https:\/\/erasmus.cumhuriyet.edu.tr\/en\/wp-json\/wp\/v2\/pages\/2387\/revisions"}],"predecessor-version":[{"id":8628,"href":"https:\/\/erasmus.cumhuriyet.edu.tr\/en\/wp-json\/wp\/v2\/pages\/2387\/revisions\/8628"}],"up":[{"embeddable":true,"href":"https:\/\/erasmus.cumhuriyet.edu.tr\/en\/wp-json\/wp\/v2\/pages\/1150"}],"wp:attachment":[{"href":"https:\/\/erasmus.cumhuriyet.edu.tr\/en\/wp-json\/wp\/v2\/media?parent=2387"}],"curies":[{"name":"wp","href":"https:\/\/api.w.org\/{rel}","templated":true}]}}