{"id":2366,"date":"2023-03-23T08:31:28","date_gmt":"2023-03-23T05:31:28","guid":{"rendered":"https:\/\/erasmus.cumhuriyet.edu.tr\/?page_id=2366"},"modified":"2026-01-14T20:39:53","modified_gmt":"2026-01-14T17:39:53","slug":"doc-delivery","status":"publish","type":"page","link":"https:\/\/erasmus.cumhuriyet.edu.tr\/en\/erasmus\/outgoing\/doc-delivery\/","title":{"rendered":"Document Delivery Form"},"content":{"rendered":"\n<div class=\"wpcf7 no-js\" id=\"wpcf7-f2541-o1\" lang=\"tr-TR\" dir=\"ltr\" data-wpcf7-id=\"2541\">\n<div class=\"screen-reader-response\"><p role=\"status\" aria-live=\"polite\" aria-atomic=\"true\"><\/p> <ul><\/ul><\/div>\n<form action=\"\/en\/wp-json\/wp\/v2\/pages\/2366#wpcf7-f2541-o1\" method=\"post\" class=\"wpcf7-form init cf7mls-no-scroll cf7mls-auto-return-first-step cf7mls-no-moving-animation\" aria-label=\"\u0130leti\u015fim Formu\" novalidate=\"novalidate\" data-status=\"init\">\n<fieldset class=\"hidden-fields-container\"><input type=\"hidden\" name=\"_wpcf7\" value=\"2541\" \/><input type=\"hidden\" name=\"_wpcf7_version\" value=\"6.1.5\" \/><input type=\"hidden\" name=\"_wpcf7_locale\" value=\"tr_TR\" \/><input type=\"hidden\" name=\"_wpcf7_unit_tag\" value=\"wpcf7-f2541-o1\" \/><input type=\"hidden\" name=\"_wpcf7_container_post\" value=\"0\" \/><input type=\"hidden\" name=\"_wpcf7_posted_data_hash\" value=\"\" \/><input type=\"hidden\" name=\"_wpcf7cf_hidden_group_fields\" value=\"[]\" \/><input type=\"hidden\" name=\"_wpcf7cf_hidden_groups\" value=\"[]\" \/><input type=\"hidden\" name=\"_wpcf7cf_visible_groups\" value=\"[]\" \/><input type=\"hidden\" name=\"_wpcf7cf_repeaters\" value=\"[]\" \/><input type=\"hidden\" name=\"_wpcf7cf_steps\" value=\"{}\" \/><input type=\"hidden\" name=\"_wpcf7cf_options\" value=\"{&quot;form_id&quot;:2541,&quot;conditions&quot;:[{&quot;then_field&quot;:&quot;kabulac&quot;,&quot;and_rules&quot;:[{&quot;if_field&quot;:&quot;belgeler&quot;,&quot;operator&quot;:&quot;equals&quot;,&quot;if_value&quot;:&quot;Kabul Mektubu&quot;}]},{&quot;then_field&quot;:&quot;smpappformac&quot;,&quot;and_rules&quot;:[{&quot;if_field&quot;:&quot;belgeler&quot;,&quot;operator&quot;:&quot;equals&quot;,&quot;if_value&quot;:&quot;Staj Ba\\u015fvuru Formu (Application Form)&quot;}]},{&quot;then_field&quot;:&quot;labeforeac&quot;,&quot;and_rules&quot;:[{&quot;if_field&quot;:&quot;belgeler&quot;,&quot;operator&quot;:&quot;equals&quot;,&quot;if_value&quot;:&quot;\\u00d6\\u011frenim\\\/Staj Anla\\u015fmas\\u0131 Before Mobility K\\u0131sm\\u0131 (Learning Agreement)&quot;}]},{&quot;then_field&quot;:&quot;smsakademikonayac&quot;,&quot;and_rules&quot;:[{&quot;if_field&quot;:&quot;belgeler&quot;,&quot;operator&quot;:&quot;equals&quot;,&quot;if_value&quot;:&quot;\\u00d6\\u011frenim Akademik Onay Formu&quot;}]},{&quot;then_field&quot;:&quot;vkfac&quot;,&quot;and_rules&quot;:[{&quot;if_field&quot;:&quot;belgeler&quot;,&quot;operator&quot;:&quot;equals&quot;,&quot;if_value&quot;:&quot;Vak\\u0131fBank Hesap C\\u00fczdan\\u0131&quot;}]},{&quot;then_field&quot;:&quot;sigortaac&quot;,&quot;and_rules&quot;:[{&quot;if_field&quot;:&quot;belgeler&quot;,&quot;operator&quot;:&quot;equals&quot;,&quot;if_value&quot;:&quot;Sigorta&quot;}]},{&quot;then_field&quot;:&quot;passvizeac&quot;,&quot;and_rules&quot;:[{&quot;if_field&quot;:&quot;belgeler&quot;,&quot;operator&quot;:&quot;equals&quot;,&quot;if_value&quot;:&quot;Pasaport &amp; Vize Fotokopisi&quot;}]},{&quot;then_field&quot;:&quot;smstaahac&quot;,&quot;and_rules&quot;:[{&quot;if_field&quot;:&quot;belgeler&quot;,&quot;operator&quot;:&quot;equals&quot;,&quot;if_value&quot;:&quot;\\u00d6\\u011frenim Taahh\\u00fctname&quot;}]},{&quot;then_field&quot;:&quot;gaac&quot;,&quot;and_rules&quot;:[{&quot;if_field&quot;:&quot;belgeler&quot;,&quot;operator&quot;:&quot;equals&quot;,&quot;if_value&quot;:&quot;Hibe S\\u00f6zle\\u015fmesi&quot;}]},{&quot;then_field&quot;:&quot;varisac&quot;,&quot;and_rules&quot;:[{&quot;if_field&quot;:&quot;belgeler&quot;,&quot;operator&quot;:&quot;equals&quot;,&quot;if_value&quot;:&quot;Var\\u0131\\u015f\\\/Ayr\\u0131l\\u0131\\u015f Yaz\\u0131s\\u0131&quot;}]},{&quot;then_field&quot;:&quot;certac&quot;,&quot;and_rules&quot;:[{&quot;if_field&quot;:&quot;belgeler&quot;,&quot;operator&quot;:&quot;equals&quot;,&quot;if_value&quot;:&quot;Kat\\u0131l\\u0131m Sertifikas\\u0131&quot;}]},{&quot;then_field&quot;:&quot;duringac&quot;,&quot;and_rules&quot;:[{&quot;if_field&quot;:&quot;belgeler&quot;,&quot;operator&quot;:&quot;equals&quot;,&quot;if_value&quot;:&quot;\\u00d6\\u011frenim\\\/Staj Anla\\u015fmas\\u0131 During\\\/After Mobility K\\u0131sm\\u0131 (Learning Agreement)&quot;}]},{&quot;then_field&quot;:&quot;stampac&quot;,&quot;and_rules&quot;:[{&quot;if_field&quot;:&quot;belgeler&quot;,&quot;operator&quot;:&quot;equals&quot;,&quot;if_value&quot;:&quot;Pasaport Giri\\u015f-\\u00c7\\u0131k\\u0131\\u015f M\\u00fch\\u00fcr Sayfas\\u0131&quot;}]}],&quot;settings&quot;:{&quot;animation&quot;:&quot;yes&quot;,&quot;animation_intime&quot;:200,&quot;animation_outtime&quot;:200,&quot;conditions_ui&quot;:&quot;normal&quot;,&quot;notice_dismissed&quot;:false,&quot;notice_dismissed_update-cf7-6.1.5&quot;:true}}\" \/><input type=\"hidden\" name=\"_wpcf7dtx_version\" value=\"5.0.5\" \/>\n<\/fieldset>\n<p><label> <b>ADINIZ<\/b><br \/>\n<span class=\"wpcf7-form-control-wrap\" data-name=\"first-name\"><input size=\"40\" maxlength=\"400\" class=\"wpcf7-form-control wpcf7-text wpcf7-validates-as-required\" aria-required=\"true\" aria-invalid=\"false\" value=\"\" type=\"text\" name=\"first-name\" \/><\/span> <\/label>\n<\/p>\n<p><label> <b>SOYADINIZ<\/b><br \/>\n<span class=\"wpcf7-form-control-wrap\" data-name=\"sur-name\"><input size=\"40\" maxlength=\"400\" class=\"wpcf7-form-control wpcf7-text wpcf7-validates-as-required\" aria-required=\"true\" aria-invalid=\"false\" value=\"\" type=\"text\" name=\"sur-name\" \/><\/span> <\/label>\n<\/p>\n<p><label> <b>T.C.\/Yabanc\u0131 Kimlik No<\/b><br \/>\n<span class=\"wpcf7-form-control-wrap\" data-name=\"tckn\"><input class=\"wpcf7-form-control wpcf7-number wpcf7-validates-as-required wpcf7-validates-as-number\" aria-required=\"true\" aria-invalid=\"false\" value=\"\" type=\"number\" name=\"tckn\" \/><\/span> <\/label>\n<\/p>\n<p><label> <b>\u00d6\u011eRENC\u0130 NO<\/b><br \/>\n<span class=\"wpcf7-form-control-wrap\" data-name=\"ogrno\"><input class=\"wpcf7-form-control wpcf7-number wpcf7-validates-as-required wpcf7-validates-as-number\" aria-required=\"true\" aria-invalid=\"false\" value=\"\" type=\"number\" name=\"ogrno\" \/><\/span> <\/label>\n<\/p>\n<p><label> <b>E-POSTA ADRES\u0130N\u0130Z<\/b><br \/>\n<span class=\"wpcf7-form-control-wrap\" data-name=\"your-email\"><input size=\"40\" maxlength=\"400\" class=\"wpcf7-form-control wpcf7-email wpcf7-validates-as-required wpcf7-text wpcf7-validates-as-email\" aria-required=\"true\" aria-invalid=\"false\" value=\"\" type=\"email\" name=\"your-email\" \/><\/span> <\/label>\n<\/p>\n<p><label> <b>HAREKETL\u0130L\u0130K T\u00dcR\u00dcN\u00dcZ<\/b><br \/>\n<span class=\"wpcf7-form-control-wrap\" data-name=\"mobtype\"><select class=\"wpcf7-form-control wpcf7-select wpcf7-validates-as-required\" aria-required=\"true\" aria-invalid=\"false\" name=\"mobtype\"><option value=\"\">&#8212;L\u00fctfen bir se\u00e7enek se\u00e7in&#8212;<\/option><option value=\"KA131 Avrupa i\u00e7i \u00d6\u011frenci \u00d6\u011frenim Hareketlili\u011fi\">KA131 Avrupa i\u00e7i \u00d6\u011frenci \u00d6\u011frenim Hareketlili\u011fi<\/option><option value=\"KA131 Avrupa i\u00e7i \u00d6\u011frenci Staj Hareketlili\u011fi\">KA131 Avrupa i\u00e7i \u00d6\u011frenci Staj Hareketlili\u011fi<\/option><\/select><\/span> <\/label>\n<\/p>\n<p><label> <b>G\u00d6NDER\u0130LECEK BELGELER<\/b> (Birden fazla se\u00e7im yapabilirsiniz)<br \/>\n<span class=\"wpcf7-form-control-wrap\" data-name=\"belgeler\"><span class=\"wpcf7-form-control wpcf7-checkbox wpcf7-validates-as-required\"><span class=\"wpcf7-list-item first\"><label><input type=\"checkbox\" name=\"belgeler[]\" value=\"Kabul Mektubu\" \/><span class=\"wpcf7-list-item-label\">Kabul Mektubu<\/span><\/label><\/span><span class=\"wpcf7-list-item\"><label><input type=\"checkbox\" name=\"belgeler[]\" value=\"Staj Ba\u015fvuru Formu (Application Form)\" \/><span class=\"wpcf7-list-item-label\">Staj Ba\u015fvuru Formu (Application Form)<\/span><\/label><\/span><span class=\"wpcf7-list-item\"><label><input type=\"checkbox\" name=\"belgeler[]\" value=\"\u00d6\u011frenim\/Staj Anla\u015fmas\u0131 Before Mobility K\u0131sm\u0131 (Learning Agreement)\" \/><span class=\"wpcf7-list-item-label\">\u00d6\u011frenim\/Staj Anla\u015fmas\u0131 Before Mobility K\u0131sm\u0131 (Learning Agreement)<\/span><\/label><\/span><span class=\"wpcf7-list-item\"><label><input type=\"checkbox\" name=\"belgeler[]\" value=\"\u00d6\u011frenim Akademik Onay Formu\" \/><span class=\"wpcf7-list-item-label\">\u00d6\u011frenim Akademik Onay Formu<\/span><\/label><\/span><span class=\"wpcf7-list-item\"><label><input type=\"checkbox\" name=\"belgeler[]\" value=\"Vak\u0131fBank Hesap C\u00fczdan\u0131\" \/><span class=\"wpcf7-list-item-label\">Vak\u0131fBank Hesap C\u00fczdan\u0131<\/span><\/label><\/span><span class=\"wpcf7-list-item\"><label><input type=\"checkbox\" name=\"belgeler[]\" value=\"Sigorta\" \/><span class=\"wpcf7-list-item-label\">Sigorta<\/span><\/label><\/span><span class=\"wpcf7-list-item\"><label><input type=\"checkbox\" name=\"belgeler[]\" value=\"Pasaport &amp; Vize Fotokopisi\" \/><span class=\"wpcf7-list-item-label\">Pasaport &amp; Vize Fotokopisi<\/span><\/label><\/span><span class=\"wpcf7-list-item\"><label><input type=\"checkbox\" name=\"belgeler[]\" value=\"\u00d6\u011frenim Taahh\u00fctname\" \/><span class=\"wpcf7-list-item-label\">\u00d6\u011frenim Taahh\u00fctname<\/span><\/label><\/span><span class=\"wpcf7-list-item\"><label><input type=\"checkbox\" name=\"belgeler[]\" value=\"Hibe S\u00f6zle\u015fmesi\" \/><span class=\"wpcf7-list-item-label\">Hibe S\u00f6zle\u015fmesi<\/span><\/label><\/span><span class=\"wpcf7-list-item\"><label><input type=\"checkbox\" name=\"belgeler[]\" value=\"Var\u0131\u015f\/Ayr\u0131l\u0131\u015f Yaz\u0131s\u0131\" \/><span class=\"wpcf7-list-item-label\">Var\u0131\u015f\/Ayr\u0131l\u0131\u015f Yaz\u0131s\u0131<\/span><\/label><\/span><span class=\"wpcf7-list-item\"><label><input type=\"checkbox\" name=\"belgeler[]\" value=\"Kat\u0131l\u0131m Sertifikas\u0131\" \/><span class=\"wpcf7-list-item-label\">Kat\u0131l\u0131m Sertifikas\u0131<\/span><\/label><\/span><span class=\"wpcf7-list-item\"><label><input type=\"checkbox\" name=\"belgeler[]\" value=\"\u00d6\u011frenim\/Staj Anla\u015fmas\u0131 During\/After Mobility K\u0131sm\u0131 (Learning Agreement)\" \/><span class=\"wpcf7-list-item-label\">\u00d6\u011frenim\/Staj Anla\u015fmas\u0131 During\/After Mobility K\u0131sm\u0131 (Learning Agreement)<\/span><\/label><\/span><span class=\"wpcf7-list-item last\"><label><input type=\"checkbox\" name=\"belgeler[]\" value=\"Pasaport Giri\u015f-\u00c7\u0131k\u0131\u015f M\u00fch\u00fcr Sayfas\u0131\" \/><span class=\"wpcf7-list-item-label\">Pasaport Giri\u015f-\u00c7\u0131k\u0131\u015f M\u00fch\u00fcr Sayfas\u0131<\/span><\/label><\/span><\/span><\/span> <\/label>\n<\/p>\n<div data-id=\"kabulac\" data-orig_data_id=\"kabulac\" data-clear_on_hide class=\"\" data-class=\"wpcf7cf_group\">\n\t<p><label> <b>KABUL MEKTUBU<\/b><br \/>\n<span class=\"wpcf7-form-control-wrap\" data-name=\"kabulpdf\"><input size=\"40\" class=\"wpcf7-form-control wpcf7-drag-n-drop-file d-none\" aria-required=\"true\" aria-invalid=\"false\" type=\"file\" multiple=\"multiple\" data-name=\"kabulpdf\" data-type=\"pdf\" data-limit=\"2097152\" data-min=\"1\" data-max=\"1\" data-id=\"2541\" data-version=\"free version 1.3.9.7\" accept=\".pdf\" \/><\/span><\/label><br \/>\n&nbsp;\n\t<\/p>\n<\/div>\n<div data-id=\"smpappformac\" data-orig_data_id=\"smpappformac\" data-clear_on_hide class=\"\" data-class=\"wpcf7cf_group\">\n\t<p><label> <b>STAJ BA\u015eVURU FORMU (APPLICATION FORM)<\/b><br \/>\n<span class=\"wpcf7-form-control-wrap\" data-name=\"smpappformpdf\"><input size=\"40\" class=\"wpcf7-form-control wpcf7-drag-n-drop-file d-none\" aria-required=\"true\" aria-invalid=\"false\" type=\"file\" multiple=\"multiple\" data-name=\"smpappformpdf\" data-type=\"pdf\" data-limit=\"2097152\" data-min=\"1\" data-max=\"1\" data-id=\"2541\" data-version=\"free version 1.3.9.7\" accept=\".pdf\" \/><\/span><\/label><br \/>\n&nbsp;\n\t<\/p>\n<\/div>\n<div data-id=\"labeforeac\" data-orig_data_id=\"labeforeac\" data-clear_on_hide class=\"\" data-class=\"wpcf7cf_group\">\n\t<p><label> <b>\u00d6\u011eREN\u0130M\/STAJ ANLA\u015eMASI BEFORE MOBILITY KISMI (LEARNING AGREEMENT)<\/b><br \/>\n<span class=\"wpcf7-form-control-wrap\" data-name=\"labeforepdf\"><input size=\"40\" class=\"wpcf7-form-control wpcf7-drag-n-drop-file d-none\" aria-required=\"true\" aria-invalid=\"false\" type=\"file\" multiple=\"multiple\" data-name=\"labeforepdf\" data-type=\"pdf\" data-limit=\"2097152\" data-min=\"1\" data-max=\"1\" data-id=\"2541\" data-version=\"free version 1.3.9.7\" accept=\".pdf\" \/><\/span><\/label><br \/>\n&nbsp;\n\t<\/p>\n<\/div>\n<div data-id=\"smsakademikonayac\" data-orig_data_id=\"smsakademikonayac\" data-clear_on_hide class=\"\" data-class=\"wpcf7cf_group\">\n\t<p><label> <b>\u00d6\u011eREN\u0130M AKADEM\u0130K ONAY FORMU<\/b><br \/>\n<span class=\"wpcf7-form-control-wrap\" data-name=\"smsakademikonaypdf\"><input size=\"40\" class=\"wpcf7-form-control wpcf7-drag-n-drop-file d-none\" aria-required=\"true\" aria-invalid=\"false\" type=\"file\" multiple=\"multiple\" data-name=\"smsakademikonaypdf\" data-type=\"pdf\" data-limit=\"2097152\" data-min=\"1\" data-max=\"1\" data-id=\"2541\" data-version=\"free version 1.3.9.7\" accept=\".pdf\" \/><\/span><\/label><br \/>\n&nbsp;\n\t<\/p>\n<\/div>\n<div data-id=\"vkfac\" data-orig_data_id=\"vkfac\" data-clear_on_hide class=\"\" data-class=\"wpcf7cf_group\">\n\t<p><label> <b>VAKIFBANK HESAP C\u00dcZDANI<\/b><br \/>\n<span class=\"wpcf7-form-control-wrap\" data-name=\"vkfpdf\"><input size=\"40\" class=\"wpcf7-form-control wpcf7-drag-n-drop-file d-none\" aria-required=\"true\" aria-invalid=\"false\" type=\"file\" multiple=\"multiple\" data-name=\"vkfpdf\" data-type=\"pdf\" data-limit=\"2097152\" data-min=\"1\" data-max=\"1\" data-id=\"2541\" data-version=\"free version 1.3.9.7\" accept=\".pdf\" \/><\/span><\/label><br \/>\n&nbsp;\n\t<\/p>\n<\/div>\n<div data-id=\"sigortaac\" data-orig_data_id=\"sigortaac\" data-clear_on_hide class=\"\" data-class=\"wpcf7cf_group\">\n\t<p><label> <b>S\u0130GORTA<\/b><br \/>\n<span class=\"wpcf7-form-control-wrap\" data-name=\"sigortapdf\"><input size=\"40\" class=\"wpcf7-form-control wpcf7-drag-n-drop-file d-none\" aria-required=\"true\" aria-invalid=\"false\" type=\"file\" multiple=\"multiple\" data-name=\"sigortapdf\" data-type=\"pdf\" data-limit=\"2097152\" data-min=\"1\" data-max=\"1\" data-id=\"2541\" data-version=\"free version 1.3.9.7\" accept=\".pdf\" \/><\/span><\/label><br \/>\n&nbsp;\n\t<\/p>\n<\/div>\n<div data-id=\"passvizeac\" data-orig_data_id=\"passvizeac\" data-clear_on_hide class=\"\" data-class=\"wpcf7cf_group\">\n\t<p><label> <b>PASAPORT & V\u0130ZE FOTOKOP\u0130S\u0130<\/b><br \/>\n<span class=\"wpcf7-form-control-wrap\" data-name=\"passvizepdf\"><input size=\"40\" class=\"wpcf7-form-control wpcf7-drag-n-drop-file d-none\" aria-required=\"true\" aria-invalid=\"false\" type=\"file\" multiple=\"multiple\" data-name=\"passvizepdf\" data-type=\"pdf\" data-limit=\"2097152\" data-min=\"1\" data-max=\"1\" data-id=\"2541\" data-version=\"free version 1.3.9.7\" accept=\".pdf\" \/><\/span><\/label><br \/>\n&nbsp;\n\t<\/p>\n<\/div>\n<div data-id=\"smstaahac\" data-orig_data_id=\"smstaahac\" data-clear_on_hide class=\"\" data-class=\"wpcf7cf_group\">\n\t<p><label> <b>\u00d6\u011eREN\u0130M TAAHH\u00dcTNAME<\/b><br \/>\n<span class=\"wpcf7-form-control-wrap\" data-name=\"smstaahpdf\"><input size=\"40\" class=\"wpcf7-form-control wpcf7-drag-n-drop-file d-none\" aria-required=\"true\" aria-invalid=\"false\" type=\"file\" multiple=\"multiple\" data-name=\"smstaahpdf\" data-type=\"pdf\" data-limit=\"2097152\" data-min=\"1\" data-max=\"1\" data-id=\"2541\" data-version=\"free version 1.3.9.7\" accept=\".pdf\" \/><\/span><\/label><br \/>\n&nbsp;\n\t<\/p>\n<\/div>\n<div data-id=\"gaac\" data-orig_data_id=\"gaac\" data-clear_on_hide class=\"\" data-class=\"wpcf7cf_group\">\n\t<p><label> <b>H\u0130BE S\u00d6ZLE\u015eMES\u0130<\/b><br \/>\n<span class=\"wpcf7-form-control-wrap\" data-name=\"gapdf\"><input size=\"40\" class=\"wpcf7-form-control wpcf7-drag-n-drop-file d-none\" aria-required=\"true\" aria-invalid=\"false\" type=\"file\" multiple=\"multiple\" data-name=\"gapdf\" data-type=\"pdf\" data-limit=\"2097152\" data-min=\"1\" data-max=\"1\" data-id=\"2541\" data-version=\"free version 1.3.9.7\" accept=\".pdf\" \/><\/span><\/label><br \/>\n&nbsp;\n\t<\/p>\n<\/div>\n<div data-id=\"varisac\" data-orig_data_id=\"varisac\" data-clear_on_hide class=\"\" data-class=\"wpcf7cf_group\">\n\t<p><label> <b>VARI\u015e\/AYRILI\u015e YAZISI<\/b><br \/>\n<span class=\"wpcf7-form-control-wrap\" data-name=\"varispdf\"><input size=\"40\" class=\"wpcf7-form-control wpcf7-drag-n-drop-file d-none\" aria-required=\"true\" aria-invalid=\"false\" type=\"file\" multiple=\"multiple\" data-name=\"varispdf\" data-type=\"pdf\" data-limit=\"2097152\" data-min=\"1\" data-max=\"1\" data-id=\"2541\" data-version=\"free version 1.3.9.7\" accept=\".pdf\" \/><\/span><\/label><br \/>\n&nbsp;\n\t<\/p>\n<\/div>\n<div data-id=\"certac\" data-orig_data_id=\"certac\" data-clear_on_hide class=\"\" data-class=\"wpcf7cf_group\">\n\t<p><label> <b>KATILIM SERT\u0130F\u0130KASI<\/b><br \/>\n<span class=\"wpcf7-form-control-wrap\" data-name=\"certpdf\"><input size=\"40\" class=\"wpcf7-form-control wpcf7-drag-n-drop-file d-none\" aria-required=\"true\" aria-invalid=\"false\" type=\"file\" multiple=\"multiple\" data-name=\"certpdf\" data-type=\"pdf\" data-limit=\"2097152\" data-min=\"1\" data-max=\"1\" data-id=\"2541\" data-version=\"free version 1.3.9.7\" accept=\".pdf\" \/><\/span><\/label><br \/>\n&nbsp;\n\t<\/p>\n<\/div>\n<div data-id=\"duringac\" data-orig_data_id=\"duringac\" data-clear_on_hide class=\"\" data-class=\"wpcf7cf_group\">\n\t<p><label> <b>\u00d6\u011eREN\u0130M\/STAJ ANLA\u015eMASI DURING\/AFTER MOBILITY KISMI (LEARNING AGREEMENT)<\/b><br \/>\n<span class=\"wpcf7-form-control-wrap\" data-name=\"duringpdf\"><input size=\"40\" class=\"wpcf7-form-control wpcf7-drag-n-drop-file d-none\" aria-required=\"true\" aria-invalid=\"false\" type=\"file\" multiple=\"multiple\" data-name=\"duringpdf\" data-type=\"pdf\" data-limit=\"2097152\" data-min=\"1\" data-max=\"1\" data-id=\"2541\" data-version=\"free version 1.3.9.7\" accept=\".pdf\" \/><\/span><\/label><br \/>\n&nbsp;\n\t<\/p>\n<\/div>\n<div data-id=\"stampac\" data-orig_data_id=\"stampac\" data-clear_on_hide class=\"\" data-class=\"wpcf7cf_group\">\n\t<p><label> <b>PASAPORT G\u0130R\u0130\u015e-\u00c7IKI\u015e M\u00dcH\u00dcR SAYFASI<\/b><br \/>\n<span class=\"wpcf7-form-control-wrap\" data-name=\"stamppdf\"><input size=\"40\" class=\"wpcf7-form-control wpcf7-drag-n-drop-file d-none\" aria-required=\"true\" aria-invalid=\"false\" type=\"file\" multiple=\"multiple\" data-name=\"stamppdf\" data-type=\"pdf\" data-limit=\"2097152\" data-min=\"1\" data-max=\"1\" data-id=\"2541\" data-version=\"free version 1.3.9.7\" accept=\".pdf\" \/><\/span><\/label><br \/>\n&nbsp;\n\t<\/p>\n<\/div>\n<p><label> <b>A\u00c7IKLAMA (tercihe ba\u011fl\u0131)<\/b><br \/>\n<span class=\"wpcf7-form-control-wrap\" data-name=\"your-message\"><textarea cols=\"40\" rows=\"10\" maxlength=\"2000\" class=\"wpcf7-form-control wpcf7-textarea\" aria-invalid=\"false\" name=\"your-message\"><\/textarea><\/span> <\/label>\n<\/p>\n<h2>KVKK & ONAY\n<\/h2>\n<p><span class=\"wpcf7-form-control-wrap\" data-name=\"kvkk\"><span class=\"wpcf7-form-control wpcf7-acceptance\"><span class=\"wpcf7-list-item\"><label><input type=\"checkbox\" name=\"kvkk\" value=\"1\" aria-invalid=\"false\" \/><span class=\"wpcf7-list-item-label\">6698 Say\u0131l\u0131 Ki\u015fisel Verilerin Korunmas\u0131 Kanunu kapsam\u0131ndaki verilerimin <a href=\"\/kvkk\" target=\"_blank\">A\u00e7\u0131k R\u0131za Metninde belirtildi\u011fi \u015fekilde i\u015flenmesini onayl\u0131yorum.<\/a><\/span><\/label><\/span><\/span><\/span>\n<\/p>\n<span class=\"wpcf7-form-control-wrap signdate\" data-name=\"signdate\"><input type=\"hidden\" name=\"signdate\" class=\"wpcf7-form-control wpcf7-hidden wpcf7dtx wpcf7dtx-hidden\" aria-invalid=\"false\" value=\"26\/04\/2026\"><\/span>\n<p><label style=\"font-weight:bold;\">\u0130MZA<\/label>\n<\/p>\n<p><div class=\"wpcf7-form-control-signature-global-wrap wpcf7-form-control-wrap\" data-field-id=\"sign\">\n\t\t\t\t<div class=\"wpcf7-form-control-signature-wrap\" style=\"width:300px;height:200px;\">\n\t\t\t\t\t<div class=\"wpcf7-form-control-signature-body\">\n\t\t\t\t\t\t<canvas data-color=\"#0000FF\" data-background=\"#FFFFFF\" id=\"wpcf7_sign_signature\" class=\"sign border\"><\/canvas>\n\t\t\t\t\t<\/div>\n\t\t\t\t<\/div>\n\t\t\t\t<div class=\"wpcf7-form-control-clear-wrap\">\n\t\t\t\t\t<input id=\"wpcf7_sign_clear\" type=\"button\" value=\"Clear\"\/>\n\t\t\t\t<\/div>\n\t\t\t<\/div>\n\t\t\t<span class=\"wpcf7-form-control-wrap wpcf7-form-control-signature-input-wrap sign\">\n\t\t\t\t  <input aria-required=\"true\" aria-invalid=\"false\" value=\"\" type=\"hidden\" name=\"sign\" id=\"wpcf7_input_sign\" class=\"wpcf7-form-control wpcf7-signature\" \/><input type=\"hidden\" name=\"sign-attachment\" id=\"wpcf7_input_sign_attachment\" class=\"wpcf7-form-control wpcf7-signature\" \/><input type=\"hidden\" name=\"sign-inline\" id=\"wpcf7_input_sign_inline\" class=\"wpcf7-form-control wpcf7-signature\" \/>\n\t\t\t\t\n\t\t\t<\/span>\n\t\t\t<span><i>L\u00fctfen fare veya dokunmatik ekran yard\u0131m\u0131yla yukar\u0131daki alana imzan\u0131z\u0131 at\u0131n\u0131z. \u0130mzay\u0131 silmek i\u00e7in CLEAR butonuna t\u0131klayabilirsiniz. \u0130mza g\u00f6r\u00fcnm\u00fcyor ise CLEAR butonuna t\u0131klay\u0131p yeniden imza at\u0131n\u0131z.<\/i><\/span>\n<\/p>\n<div class=\"wpcf7-turnstile cf-turnstile\" data-sitekey=\"0x4AAAAAACLdUHLrCkA1jjVy\" data-response-field-name=\"_wpcf7_turnstile_response\" data-theme=\"light\" data-language=\"en\"><\/div>\n<p>&nbsp;\n<\/p>\n<p><input class=\"wpcf7-form-control wpcf7-submit has-spinner\" type=\"submit\" value=\"G\u00d6NDER\" \/>\n<\/p><div class=\"wpcf7-response-output\" aria-hidden=\"true\"><\/div>\n<\/form>\n<\/div>\n\n","protected":false},"excerpt":{"rendered":"","protected":false},"author":1,"featured_media":0,"parent":241,"menu_order":0,"comment_status":"closed","ping_status":"closed","template":"","meta":{"_gspb_post_css":"","footnotes":""},"class_list":["post-2366","page","type-page","status-publish","hentry"],"blocksy_meta":[],"_links":{"self":[{"href":"https:\/\/erasmus.cumhuriyet.edu.tr\/en\/wp-json\/wp\/v2\/pages\/2366","targetHints":{"allow":["GET"]}}],"collection":[{"href":"https:\/\/erasmus.cumhuriyet.edu.tr\/en\/wp-json\/wp\/v2\/pages"}],"about":[{"href":"https:\/\/erasmus.cumhuriyet.edu.tr\/en\/wp-json\/wp\/v2\/types\/page"}],"author":[{"embeddable":true,"href":"https:\/\/erasmus.cumhuriyet.edu.tr\/en\/wp-json\/wp\/v2\/users\/1"}],"replies":[{"embeddable":true,"href":"https:\/\/erasmus.cumhuriyet.edu.tr\/en\/wp-json\/wp\/v2\/comments?post=2366"}],"version-history":[{"count":10,"href":"https:\/\/erasmus.cumhuriyet.edu.tr\/en\/wp-json\/wp\/v2\/pages\/2366\/revisions"}],"predecessor-version":[{"id":8571,"href":"https:\/\/erasmus.cumhuriyet.edu.tr\/en\/wp-json\/wp\/v2\/pages\/2366\/revisions\/8571"}],"up":[{"embeddable":true,"href":"https:\/\/erasmus.cumhuriyet.edu.tr\/en\/wp-json\/wp\/v2\/pages\/241"}],"wp:attachment":[{"href":"https:\/\/erasmus.cumhuriyet.edu.tr\/en\/wp-json\/wp\/v2\/media?parent=2366"}],"curies":[{"name":"wp","href":"https:\/\/api.w.org\/{rel}","templated":true}]}}