{"id":2254,"date":"2023-03-19T02:22:26","date_gmt":"2023-03-18T23:22:26","guid":{"rendered":"https:\/\/erasmus.cumhuriyet.edu.tr\/?page_id=2254"},"modified":"2026-01-09T01:34:12","modified_gmt":"2026-01-08T22:34:12","slug":"legislation","status":"publish","type":"page","link":"https:\/\/erasmus.cumhuriyet.edu.tr\/en\/legislation\/","title":{"rendered":"Legislation"},"content":{"rendered":"<div class=\"gspb_button_wrapper gspb_button-id-gsbp-735e2e2\" id=\"gspb_button-id-gsbp-735e2e2\"><a class=\"wp-block-greenshift-blocks-buttonbox gspb-buttonbox wp-element-button\" href=\"https:\/\/kms.kaysis.gov.tr\/Home\/Goster\/143665\" target=\"_blank\" rel=\"noopener\"><span class=\"gspb-buttonbox-textwrap\"><span class=\"gspb-buttonbox-text\"><span class=\"gspb-buttonbox-title\">Uluslararas\u0131 \u0130li\u015fkiler Ofisi Y\u00f6nergesi (KAYS\u0130S)<\/span><\/span><\/span><\/a><\/div>\n\n\n\n<div class=\"gspb_button_wrapper gspb_button-id-gsbp-6683008\" id=\"gspb_button-id-gsbp-6683008\"><a class=\"wp-block-greenshift-blocks-buttonbox gspb-buttonbox wp-element-button\" href=\"https:\/\/kms.kaysis.gov.tr\/Home\/Goster\/175833\" target=\"_blank\" rel=\"noopener\"><span class=\"gspb-buttonbox-textwrap\"><span class=\"gspb-buttonbox-text\"><span class=\"gspb-buttonbox-title\">Erasmus Program\u0131 Y\u00f6nergesi (KAYS\u0130S)<\/span><\/span><\/span><\/a><\/div>\n\n\n\n<div class=\"gspb_button_wrapper gspb_button-id-gsbp-d6c2de9\" id=\"gspb_button-id-gsbp-d6c2de9\"><a class=\"wp-block-greenshift-blocks-buttonbox gspb-buttonbox wp-element-button\" href=\"https:\/\/kms.kaysis.gov.tr\/Home\/Kurum\/30182376\" target=\"_blank\" rel=\"noopener\"><span class=\"gspb-buttonbox-textwrap\"><span class=\"gspb-buttonbox-text\"><span class=\"gspb-buttonbox-title\">Mevzuat Listesi (KAYS\u0130S)<\/span><\/span><\/span><\/a><\/div>\n\n\n\n<p><\/p>","protected":false},"excerpt":{"rendered":"","protected":false},"author":1,"featured_media":0,"parent":0,"menu_order":0,"comment_status":"closed","ping_status":"closed","template":"","meta":{"_gspb_post_css":"#gspb_button-id-gsbp-6683008,#gspb_button-id-gsbp-735e2e2,#gspb_button-id-gsbp-d6c2de9{display:flex;justify-content:flex-start}#gspb_button-id-gsbp-735e2e2 .gspb-buttonbox-text{display:flex;flex-direction:column}#gspb_button-id-gsbp-735e2e2>.gspb-buttonbox{box-sizing:border-box;text-transform:none}#gspb_button-id-gsbp-6683008>.gspb-buttonbox>.gspb_backgroundOverlay,#gspb_button-id-gsbp-735e2e2>.gspb-buttonbox,#gspb_button-id-gsbp-735e2e2>.gspb-buttonbox>.gspb_backgroundOverlay,#gspb_button-id-gsbp-d6c2de9>.gspb-buttonbox>.gspb_backgroundOverlay{border-top-left-radius:10px;border-top-right-radius:10px;border-bottom-right-radius:10px;border-bottom-left-radius:10px}#gspb_button-id-gsbp-6683008 .gspb-buttonbox-text{display:flex;flex-direction:column}#gspb_button-id-gsbp-6683008>.gspb-buttonbox{box-sizing:border-box;text-transform:none;border-top-left-radius:10px;border-top-right-radius:10px;border-bottom-right-radius:10px;border-bottom-left-radius:10px}#gspb_button-id-gsbp-d6c2de9 .gspb-buttonbox-text{display:flex;flex-direction:column}#gspb_button-id-gsbp-d6c2de9>.gspb-buttonbox{box-sizing:border-box;text-transform:none;border-top-left-radius:10px;border-top-right-radius:10px;border-bottom-right-radius:10px;border-bottom-left-radius:10px}","footnotes":""},"class_list":["post-2254","page","type-page","status-publish","hentry"],"blocksy_meta":[],"_links":{"self":[{"href":"https:\/\/erasmus.cumhuriyet.edu.tr\/en\/wp-json\/wp\/v2\/pages\/2254","targetHints":{"allow":["GET"]}}],"collection":[{"href":"https:\/\/erasmus.cumhuriyet.edu.tr\/en\/wp-json\/wp\/v2\/pages"}],"about":[{"href":"https:\/\/erasmus.cumhuriyet.edu.tr\/en\/wp-json\/wp\/v2\/types\/page"}],"author":[{"embeddable":true,"href":"https:\/\/erasmus.cumhuriyet.edu.tr\/en\/wp-json\/wp\/v2\/users\/1"}],"replies":[{"embeddable":true,"href":"https:\/\/erasmus.cumhuriyet.edu.tr\/en\/wp-json\/wp\/v2\/comments?post=2254"}],"version-history":[{"count":6,"href":"https:\/\/erasmus.cumhuriyet.edu.tr\/en\/wp-json\/wp\/v2\/pages\/2254\/revisions"}],"predecessor-version":[{"id":8424,"href":"https:\/\/erasmus.cumhuriyet.edu.tr\/en\/wp-json\/wp\/v2\/pages\/2254\/revisions\/8424"}],"wp:attachment":[{"href":"https:\/\/erasmus.cumhuriyet.edu.tr\/en\/wp-json\/wp\/v2\/media?parent=2254"}],"curies":[{"name":"wp","href":"https:\/\/api.w.org\/{rel}","templated":true}]}}