{"id":2211,"date":"2023-03-12T22:17:58","date_gmt":"2023-03-12T19:17:58","guid":{"rendered":"https:\/\/erasmus.cumhuriyet.edu.tr\/?page_id=2211"},"modified":"2026-04-03T07:09:49","modified_gmt":"2026-04-03T04:09:49","slug":"vice-deans","status":"publish","type":"page","link":"https:\/\/erasmus.cumhuriyet.edu.tr\/en\/vice-deans\/","title":{"rendered":"Vice Deans Responsible of International Relations"},"content":{"rendered":"<div id=\"footable_parent_4666\"\n         class=\"footable_parent ninja_table_wrapper loading_ninja_table wp_table_data_press_parent semantic_ui\">\n                <table data-ninja_table_instance=\"ninja_table_instance_0\" data-footable_id=\"4666\" data-filter-delay=\"1000\" aria-label=\"U\u0130O Dekan Yard\u0131mc\u0131lar\u0131 2025-01-31\"            id=\"footable_4666\"\n           data-unique_identifier=\"ninja_table_unique_id_2026349884_4666\"\n           class=\"foo-table ninja_footable foo_table_4666 ninja_table_unique_id_2026349884_4666 ui table  nt_type_ajax_table selectable striped compact vertical_centered  footable-paging-right ninja_table_search_disabled\">\n                <colgroup>\n                            <col class=\"ninja_column_0\">\n                            <col class=\"ninja_column_1\">\n                            <col class=\"ninja_column_2\">\n                    <\/colgroup>\n            <\/table>\n    \n    \n    \n<\/div>\n\n\n\n\n<div class=\"wp-block-greenshift-blocks-infobox gspb_infoBox gspb_infoBox-id-gsbp-973219f\" id=\"gspb_infoBox-id-gsbp-973219f\"><div class=\"gs-box download_type icon_type\"><div class=\"gs-box-icon\"><svg class=\"\" style=\"display:inline-block;vertical-align:middle\" width=\"32\" height=\"32\" viewbox=\"0 0 1024 1024\" xmlns=\"http:\/\/www.w3.org\/2000\/svg\"><path style=\"fill:#565D66\" d=\"M512 16c-273.914 0-496 222.166-496 496 0 273.994 222.086 496 496 496s496-222.006 496-496c0-273.834-222.086-496-496-496zM512 912c-221.064 0-400-178.862-400-400 0-220.99 178.944-400 400-400 220.982 0 400 178.942 400 400 0 221.060-178.862 400-400 400zM512 236c46.392 0 84 37.608 84 84s-37.608 84-84 84-84-37.608-84-84 37.608-84 84-84zM624 744c0 13.254-10.746 24-24 24h-176c-13.254 0-24-10.746-24-24v-48c0-13.254 10.746-24 24-24h24v-128h-24c-13.254 0-24-10.746-24-24v-48c0-13.254 10.746-24 24-24h128c13.254 0 24 10.746 24 24v200h24c13.254 0 24 10.746 24 24v48z\"><\/path><\/svg><\/div><div class=\"gs-box-text\">\n<p>Son g\u00fcncelleme: 31.01.2025 09:36<\/p>\n<\/div><\/div><\/div>","protected":false},"excerpt":{"rendered":"","protected":false},"author":1,"featured_media":8453,"parent":0,"menu_order":0,"comment_status":"closed","ping_status":"closed","template":"","meta":{"_gspb_post_css":".gs-box{padding:20px;border-left:5px solid transparent;margin-bottom:25px}.gs-box-text>p{margin-bottom:20px;margin-top:0}.gs-box-text>p:last-of-type{margin-bottom:0}.gs-box.download_type{color:#004085;background-color:#cce5ff;border-color:#b8daff}.gs-box.download_type svg{fill:#3a9aff}.gs-box.icon_type{display:flex}.gs-box.icon_type .gs-box-icon{width:28px;min-width:28px}.gs-box.icon_type .gs-box-text{flex-grow:1;margin:0 15px}#gspb_infoBox-id-gsbp-973219f svg,#gspb_infoBox-id-gsbp-973219f svg path,#gspb_infoBox-id-gsbp-973219f svg:hover,#gspb_infoBox-id-gsbp-973219f svg:hover path{fill:var(--theme-link-initial-color, currentColor)!important}#gspb_infoBox-id-gsbp-973219f svg{margin:0!important}","footnotes":""},"class_list":["post-2211","page","type-page","status-publish","has-post-thumbnail","hentry"],"blocksy_meta":[],"_links":{"self":[{"href":"https:\/\/erasmus.cumhuriyet.edu.tr\/en\/wp-json\/wp\/v2\/pages\/2211","targetHints":{"allow":["GET"]}}],"collection":[{"href":"https:\/\/erasmus.cumhuriyet.edu.tr\/en\/wp-json\/wp\/v2\/pages"}],"about":[{"href":"https:\/\/erasmus.cumhuriyet.edu.tr\/en\/wp-json\/wp\/v2\/types\/page"}],"author":[{"embeddable":true,"href":"https:\/\/erasmus.cumhuriyet.edu.tr\/en\/wp-json\/wp\/v2\/users\/1"}],"replies":[{"embeddable":true,"href":"https:\/\/erasmus.cumhuriyet.edu.tr\/en\/wp-json\/wp\/v2\/comments?post=2211"}],"version-history":[{"count":12,"href":"https:\/\/erasmus.cumhuriyet.edu.tr\/en\/wp-json\/wp\/v2\/pages\/2211\/revisions"}],"predecessor-version":[{"id":8426,"href":"https:\/\/erasmus.cumhuriyet.edu.tr\/en\/wp-json\/wp\/v2\/pages\/2211\/revisions\/8426"}],"wp:featuredmedia":[{"embeddable":true,"href":"https:\/\/erasmus.cumhuriyet.edu.tr\/en\/wp-json\/wp\/v2\/media\/8453"}],"wp:attachment":[{"href":"https:\/\/erasmus.cumhuriyet.edu.tr\/en\/wp-json\/wp\/v2\/media?parent=2211"}],"curies":[{"name":"wp","href":"https:\/\/api.w.org\/{rel}","templated":true}]}}