{"id":1816,"date":"2023-02-01T15:59:35","date_gmt":"2023-02-01T12:59:35","guid":{"rendered":"https:\/\/erasmus.cumhuriyet.edu.tr\/?page_id=1816"},"modified":"2023-02-01T16:02:12","modified_gmt":"2023-02-01T13:02:12","slug":"erasmus-play","status":"publish","type":"page","link":"https:\/\/erasmus.cumhuriyet.edu.tr\/en\/erasmus\/outgoing\/student\/erasmus-play\/","title":{"rendered":"Erasmus Play"},"content":{"rendered":"<p>[vc_row][vc_column width=&#8221;1\/3&#8243;][vc_single_image image=&#8221;1815&#8243; img_size=&#8221;full&#8221;][\/vc_column][vc_column width=&#8221;2\/3&#8243;][vc_column_text]Erasmus Play, Avrupa \u00fcniversitelerine gelen \u00f6\u011frenciler i\u00e7in bir \u00f6\u011frenci konaklamas\u0131 arama motorudur. Mevcut t\u00fcm konaklama yerlerini h\u0131zl\u0131 ve kolay bir \u015fekilde kar\u015f\u0131la\u015ft\u0131rman\u0131za olanak tan\u0131r. Ayr\u0131ca, t\u00fcm konaklama yerleri do\u011frulanm\u0131\u015f platformlar taraf\u0131ndan sa\u011fland\u0131\u011f\u0131 i\u00e7in tamamen g\u00fcvenli bir \u015fekilde rezervasyon yapabileceksiniz. \u00d6\u011frenci dairenizi 3 ad\u0131mda rezerve edin:<\/p>\n<ul>\n<li>Okulunuzu ve tarihlerinizi se\u00e7in.<\/li>\n<li>Mevcut t\u00fcm konaklama birimlerini kar\u015f\u0131la\u015ft\u0131r\u0131n.<\/li>\n<li>T\u0131klay\u0131n ve tamamen g\u00fcvenli bir \u015fekilde rezervasyon yap\u0131n.<\/li>\n<\/ul>\n<p>[\/vc_column_text][vc_btn title=&#8221;erasmusplay.com&#8221; style=&#8221;flat&#8221; color=&#8221;primary&#8221; link=&#8221;url:https%3A%2F%2Ferasmusplay.com|target:_blank&#8221;][\/vc_column][\/vc_row]<\/p>\n","protected":false},"excerpt":{"rendered":"<p>[vc_row][vc_column width=&#8221;1\/3&#8243;][vc_single_image image=&#8221;1815&#8243; img_size=&#8221;full&#8221;][\/vc_column][vc_column width=&#8221;2\/3&#8243;][vc_column_text]Erasmus Play, Avrupa \u00fcniversitelerine gelen \u00f6\u011frenciler i\u00e7in bir \u00f6\u011frenci konaklamas\u0131 arama motorudur. Mevcut t\u00fcm konaklama yerlerini h\u0131zl\u0131 ve kolay bir \u015fekilde kar\u015f\u0131la\u015ft\u0131rman\u0131za olanak tan\u0131r. Ayr\u0131ca, t\u00fcm konaklama yerleri do\u011frulanm\u0131\u015f platformlar taraf\u0131ndan sa\u011fland\u0131\u011f\u0131 i\u00e7in tamamen g\u00fcvenli bir \u015fekilde rezervasyon yapabileceksiniz. \u00d6\u011frenci dairenizi 3 ad\u0131mda rezerve edin: Okulunuzu ve tarihlerinizi se\u00e7in. Mevcut t\u00fcm [&hellip;]<\/p>\n","protected":false},"author":1,"featured_media":0,"parent":980,"menu_order":0,"comment_status":"closed","ping_status":"closed","template":"","meta":{"_gspb_post_css":"","footnotes":""},"class_list":["post-1816","page","type-page","status-publish","hentry"],"blocksy_meta":[],"_links":{"self":[{"href":"https:\/\/erasmus.cumhuriyet.edu.tr\/en\/wp-json\/wp\/v2\/pages\/1816","targetHints":{"allow":["GET"]}}],"collection":[{"href":"https:\/\/erasmus.cumhuriyet.edu.tr\/en\/wp-json\/wp\/v2\/pages"}],"about":[{"href":"https:\/\/erasmus.cumhuriyet.edu.tr\/en\/wp-json\/wp\/v2\/types\/page"}],"author":[{"embeddable":true,"href":"https:\/\/erasmus.cumhuriyet.edu.tr\/en\/wp-json\/wp\/v2\/users\/1"}],"replies":[{"embeddable":true,"href":"https:\/\/erasmus.cumhuriyet.edu.tr\/en\/wp-json\/wp\/v2\/comments?post=1816"}],"version-history":[{"count":5,"href":"https:\/\/erasmus.cumhuriyet.edu.tr\/en\/wp-json\/wp\/v2\/pages\/1816\/revisions"}],"predecessor-version":[{"id":1821,"href":"https:\/\/erasmus.cumhuriyet.edu.tr\/en\/wp-json\/wp\/v2\/pages\/1816\/revisions\/1821"}],"up":[{"embeddable":true,"href":"https:\/\/erasmus.cumhuriyet.edu.tr\/en\/wp-json\/wp\/v2\/pages\/980"}],"wp:attachment":[{"href":"https:\/\/erasmus.cumhuriyet.edu.tr\/en\/wp-json\/wp\/v2\/media?parent=1816"}],"curies":[{"name":"wp","href":"https:\/\/api.w.org\/{rel}","templated":true}]}}