{"id":1583,"date":"2022-12-24T00:16:25","date_gmt":"2022-12-23T21:16:25","guid":{"rendered":"https:\/\/erasmus.cumhuriyet.edu.tr\/?page_id=1583"},"modified":"2026-01-09T02:35:53","modified_gmt":"2026-01-08T23:35:53","slug":"organisation-chart","status":"publish","type":"page","link":"https:\/\/erasmus.cumhuriyet.edu.tr\/en\/organisation-chart\/","title":{"rendered":"Organisation Scheme"},"content":{"rendered":"<div class=\"wp-block-greenshift-blocks-tabs gspb-tabs gspb_tabs-id-gsbp-874cbd8 gstabs-tabs\" data-autoplay=\"false\" data-autoplaytime=\"4\"><div class=\"t-btn-container\" role=\"tablist\"><button class=\"t-btn active\" aria-selected=\"true\" role=\"tab\" tabindex=\"0\" id=\"gspb-tab-item-btn-gsbp-874cbd8-0\" aria-controls=\"gspb-tab-item-content-gsbp-874cbd8-0\"><div class=\"tabtitlelabel\">T\u00fcrk\u00e7e<\/div><\/button><button class=\"t-btn\" aria-selected=\"false\" role=\"tab\" tabindex=\"-1\" id=\"gspb-tab-item-btn-gsbp-874cbd8-1\" aria-controls=\"gspb-tab-item-content-gsbp-874cbd8-1\"><div class=\"tabtitlelabel\">English<\/div><\/button><\/div><div class=\"t-panel-container\"><div class=\"gswipertabs\"><div class=\"swiper-wrapper\">\n<div aria-labelledby=\"gspb-tab-item-btn-gsbp-874cbd8-0\" id=\"gspb-tab-item-content-gsbp-874cbd8-0\" role=\"tabpanel\" tabindex=\"0\" class=\"t-panel swiper-slide active\"><div class=\"wp-block-greenshift-blocks-tab\"><a href=\"https:\/\/erasmus.cumhuriyet.edu.tr\/wp-content\/uploads\/Teskilat-Semasi-TR.pdf\" class=\"pdfemb-viewer\" style=\"width:750px;\" data-width=\"750\" data-height=\"max\" data-toolbar=\"both\" data-toolbar-fixed=\"on\">Teskilat-Semasi-TR<\/a>\n\n\n<div style=\"height:20px\" aria-hidden=\"true\" class=\"wp-block-spacer\"><\/div>\n\n\n\n<div class=\"gspb_button_wrapper gspb_button-id-gsbp-cdcd33c\" id=\"gspb_button-id-gsbp-cdcd33c\"><a class=\"wp-block-greenshift-blocks-buttonbox gspb-buttonbox wp-element-button\" href=\"\/wp-content\/uploads\/Teskilat-Semasi-TR.pdf\" target=\"_blank\" rel=\"noopener\"><span class=\"gspb-buttonbox-textwrap\"><span class=\"gspb-buttonbox-text\"><span class=\"gspb-buttonbox-title\">Te\u015fkilat \u015eemas\u0131n\u0131 \u0130ndir (T\u00fcrk\u00e7e)<\/span><\/span><\/span><\/a><\/div>\n<\/div><\/div>\n\n\n\n<div aria-labelledby=\"gspb-tab-item-btn-gsbp-874cbd8-1\" id=\"gspb-tab-item-content-gsbp-874cbd8-1\" role=\"tabpanel\" tabindex=\"0\" class=\"t-panel swiper-slide\"><div class=\"wp-block-greenshift-blocks-tab\"><a href=\"https:\/\/erasmus.cumhuriyet.edu.tr\/wp-content\/uploads\/Teskilat-Semasi-EN.pdf\" class=\"pdfemb-viewer\" style=\"width:750px;\" data-width=\"750\" data-height=\"max\" data-toolbar=\"both\" data-toolbar-fixed=\"on\">Teskilat-Semasi-EN<\/a>\n\n\n<div style=\"height:20px\" aria-hidden=\"true\" class=\"wp-block-spacer\"><\/div>\n\n\n\n<div class=\"gspb_button_wrapper gspb_button-id-gsbp-4e8dc36\" id=\"gspb_button-id-gsbp-4e8dc36\"><a class=\"wp-block-greenshift-blocks-buttonbox gspb-buttonbox wp-element-button\" href=\"\/wp-content\/uploads\/Teskilat-Semasi-EN.pdf\" target=\"_blank\" rel=\"noopener\"><span class=\"gspb-buttonbox-textwrap\"><span class=\"gspb-buttonbox-text\"><span class=\"gspb-buttonbox-title\">Te\u015fkilat \u015eemas\u0131n\u0131 \u0130ndir (\u0130ngilizce)<\/span><\/span><\/span><\/a><\/div>\n<\/div><\/div>\n<\/div><\/div><\/div><\/div>\n\n\n\n<p><\/p>","protected":false},"excerpt":{"rendered":"","protected":false},"author":1,"featured_media":0,"parent":0,"menu_order":0,"comment_status":"closed","ping_status":"closed","template":"","meta":{"_gspb_post_css":".gspb-tabs *{box-sizing: border-box !important}.t-btn-container{display:flex;flex-direction:row;width:100%;align-items:center;margin-bottom:-1px;flex-wrap:wrap}.t-btn-container .t-btn{background-origin: border-box;list-style:none;display:inline-flex;align-items:center;margin:0;padding:11px 24px;cursor:pointer;position:relative;transition:all .4s ease-in-out; font-size:20px}.t-btn-container .t-btn .tabsubtitle{font-size:70%;opacity:.7}.gstabs-tabs .t-btn{border:1px solid transparent;border-top-width:2px}.gstabs-tabs .t-btn:focus{outline:none;}.gstabs-tabs .t-btn.active{border-color:rgba(206,206,206,.4);border-bottom-color:#fff;background-color:#fff;color:#333}.t-panel-container .t-panel{opacity:0;overflow:hidden;display:none}.t-panel-container .t-panel.active{opacity:1;display:block!important}.t-panel-container{margin-bottom:25px;overflow:hidden; padding:30px}.gstabs-tabs .t-panel-container{border:1px solid rgba(206,206,206,.4);background-color:#fff}.t-btn-container ul{margin:0!important;padding:0!important}.gstabs-underline .t-btn-container .t-btn:after{position:absolute;bottom:0;left:0;content:'';height:3px;width:0;transition:width .5s,left .5s,right .5s;}.gstabs-underline .t-btn-container .t-btn.active:after{width:100%;left:0;right:0}.gstabs-pills .t-btn-container .t-btn{margin:0 10px;border:1px solid transparent}.gstabs-vertical{display:flex}.gstabs-vertical .t-btn-container{display:block;width:150px}.gstabs-vertical .t-btn-container .t-btn{margin-bottom:10px;width:150px; border:1px solid transparent}.gstabs-vertical .t-panel-container{flex-grow:1}.t-btn-container .t-btn .gs-image{flex-grow:inherit;}.t-btn-container .t-btn img{margin:0;height:25px;min-width:auto}@keyframes gcwidthleftright{0%{width:0%}100%{width:100%}}@keyframes gcslidefromtop{0%{transform:translateY(-10px);opacity:0}100%{transform:translateY(0);opacity:1}}@media (max-width: 575.98px){body .tabscroll .t-btn-container{overflow-x:scroll;flex-wrap:nowrap;scroll-behavior:smooth;scroll-snap-type:x mandatory;width: 100% !important;white-space: nowrap;display:block; padding-bottom:15px}.tabscroll .t-btn-container .t-btn{scroll-snap-align:start;white-space: nowrap;width: auto !important;margin-right: 10px;}.tabscroll .t-btn-container .t-btn.active{box-shadow:none!important}.gstabs-vertical{display:block !important}.gstabs-vertical .t-panel-container{margin-top:25px}.t-btn-container .t-btn{font-size:15px}}.gswipertabs{overflow:hidden}.t-panel-container .t-panel{width:100%}.t-panel-container p:last-of-type{margin-bottom:0}.gspb_tabs-id-gsbp-874cbd8 .t-btn-container{justify-content: left}.gspb_tabs-id-gsbp-874cbd8 > .t-btn-container > .t-btn{background-color: #f5f5f5}.gspb_tabs-id-gsbp-874cbd8 > .t-btn-container > .t-btn.active{background-color: #e5e5e5}.gspb_tabs-id-gsbp-874cbd8 .t-btn-container .t-btn{gap:10px}#gspb_button-id-gsbp-cdcd33c{display:flex; justify-content:flex-start;}#gspb_button-id-gsbp-cdcd33c .gspb-buttonbox-text{display:flex; flex-direction: column;}#gspb_button-id-gsbp-cdcd33c > .gspb-buttonbox{box-sizing:border-box}#gspb_button-id-gsbp-cdcd33c > .gspb-buttonbox{text-transform:none;}#gspb_button-id-gsbp-4e8dc36{display:flex; justify-content:flex-start;}#gspb_button-id-gsbp-4e8dc36 .gspb-buttonbox-text{display:flex; flex-direction: column;}#gspb_button-id-gsbp-4e8dc36 > .gspb-buttonbox{box-sizing:border-box}#gspb_button-id-gsbp-4e8dc36 > .gspb-buttonbox{text-transform:none;}","footnotes":""},"class_list":["post-1583","page","type-page","status-publish","hentry"],"blocksy_meta":[],"_links":{"self":[{"href":"https:\/\/erasmus.cumhuriyet.edu.tr\/en\/wp-json\/wp\/v2\/pages\/1583","targetHints":{"allow":["GET"]}}],"collection":[{"href":"https:\/\/erasmus.cumhuriyet.edu.tr\/en\/wp-json\/wp\/v2\/pages"}],"about":[{"href":"https:\/\/erasmus.cumhuriyet.edu.tr\/en\/wp-json\/wp\/v2\/types\/page"}],"author":[{"embeddable":true,"href":"https:\/\/erasmus.cumhuriyet.edu.tr\/en\/wp-json\/wp\/v2\/users\/1"}],"replies":[{"embeddable":true,"href":"https:\/\/erasmus.cumhuriyet.edu.tr\/en\/wp-json\/wp\/v2\/comments?post=1583"}],"version-history":[{"count":12,"href":"https:\/\/erasmus.cumhuriyet.edu.tr\/en\/wp-json\/wp\/v2\/pages\/1583\/revisions"}],"predecessor-version":[{"id":8442,"href":"https:\/\/erasmus.cumhuriyet.edu.tr\/en\/wp-json\/wp\/v2\/pages\/1583\/revisions\/8442"}],"wp:attachment":[{"href":"https:\/\/erasmus.cumhuriyet.edu.tr\/en\/wp-json\/wp\/v2\/media?parent=1583"}],"curies":[{"name":"wp","href":"https:\/\/api.w.org\/{rel}","templated":true}]}}