{"id":1366,"date":"2022-12-16T06:11:38","date_gmt":"2022-12-16T03:11:38","guid":{"rendered":"https:\/\/erasmus.cumhuriyet.edu.tr\/?page_id=1366"},"modified":"2026-01-08T13:52:10","modified_gmt":"2026-01-08T10:52:10","slug":"selection-commission","status":"publish","type":"page","link":"https:\/\/erasmus.cumhuriyet.edu.tr\/en\/selection-commission\/","title":{"rendered":"Selection Committee"},"content":{"rendered":"<figure class=\"wp-block-table\"><table class=\"has-fixed-layout\"><thead><tr><th>Duty<\/th><th>First Name<\/th><\/tr><\/thead><tbody><tr><td>Ba\u015fkan<\/td><td>Prof. Dr. S\u00fcleyman DE\u011e\u0130RMEN<\/td><\/tr><tr><td>\u00dcye<\/td><td>Prof. Dr. B\u00fc\u015fra CESUR<\/td><\/tr><tr><td>\u00dcye<\/td><td>Do\u00e7. Dr. Sedat BAY<\/td><\/tr><tr><td>\u00dcye<\/td><td>Dr. \u00d6\u011fr. \u00dcyesi Fatma KAYA<\/td><\/tr><tr><td>\u00dcye<\/td><td>Dr. \u00d6\u011fr. \u00dcyesi Sultan Dilek G\u00dcLER<\/td><\/tr><tr><td>Yedek \u00dcye<\/td><td>Prof. Dr. Ayten ATE\u015e<\/td><\/tr><tr><td>Yedek \u00dcye<\/td><td>Do\u00e7. Dr. Sema MISIR<\/td><\/tr><\/tbody><\/table><\/figure>","protected":false},"excerpt":{"rendered":"<p>G\u00f6rev Ad Ba\u015fkan Prof. Dr. S\u00fcleyman DE\u011e\u0130RMEN \u00dcye Prof. Dr. B\u00fc\u015fra CESUR \u00dcye Do\u00e7. Dr. Sedat BAY \u00dcye Dr. \u00d6\u011fr. \u00dcyesi Fatma KAYA \u00dcye Dr. \u00d6\u011fr. \u00dcyesi Sultan Dilek G\u00dcLER Yedek \u00dcye Prof. Dr. Ayten ATE\u015e Yedek \u00dcye Do\u00e7. Dr. Sema MISIR<\/p>","protected":false},"author":1,"featured_media":0,"parent":0,"menu_order":0,"comment_status":"closed","ping_status":"closed","template":"","meta":{"_gspb_post_css":"","footnotes":""},"class_list":["post-1366","page","type-page","status-publish","hentry"],"blocksy_meta":[],"_links":{"self":[{"href":"https:\/\/erasmus.cumhuriyet.edu.tr\/en\/wp-json\/wp\/v2\/pages\/1366","targetHints":{"allow":["GET"]}}],"collection":[{"href":"https:\/\/erasmus.cumhuriyet.edu.tr\/en\/wp-json\/wp\/v2\/pages"}],"about":[{"href":"https:\/\/erasmus.cumhuriyet.edu.tr\/en\/wp-json\/wp\/v2\/types\/page"}],"author":[{"embeddable":true,"href":"https:\/\/erasmus.cumhuriyet.edu.tr\/en\/wp-json\/wp\/v2\/users\/1"}],"replies":[{"embeddable":true,"href":"https:\/\/erasmus.cumhuriyet.edu.tr\/en\/wp-json\/wp\/v2\/comments?post=1366"}],"version-history":[{"count":13,"href":"https:\/\/erasmus.cumhuriyet.edu.tr\/en\/wp-json\/wp\/v2\/pages\/1366\/revisions"}],"predecessor-version":[{"id":8352,"href":"https:\/\/erasmus.cumhuriyet.edu.tr\/en\/wp-json\/wp\/v2\/pages\/1366\/revisions\/8352"}],"wp:attachment":[{"href":"https:\/\/erasmus.cumhuriyet.edu.tr\/en\/wp-json\/wp\/v2\/media?parent=1366"}],"curies":[{"name":"wp","href":"https:\/\/api.w.org\/{rel}","templated":true}]}}