{"id":1339,"date":"2022-12-16T05:38:38","date_gmt":"2022-12-16T02:38:38","guid":{"rendered":"https:\/\/erasmus.cumhuriyet.edu.tr\/?page_id=1339"},"modified":"2026-04-03T06:39:15","modified_gmt":"2026-04-03T03:39:15","slug":"governing-body","status":"publish","type":"page","link":"https:\/\/erasmus.cumhuriyet.edu.tr\/en\/governing-body\/","title":{"rendered":"Governing Body"},"content":{"rendered":"<figure class=\"wp-block-table\"><table class=\"has-fixed-layout\"><thead><tr><th>Duty<\/th><th>First Name<\/th><\/tr><\/thead><tbody><tr><td>Ba\u015fkan<\/td><td>Prof. Dr. S\u00fcleyman DE\u011e\u0130RMEN<\/td><\/tr><tr><td>\u00dcye<\/td><td>\u00d6\u011fr. G\u00f6r. Emre SEVEN<\/td><\/tr><tr><td>\u00dcye<\/td><td>\u00d6\u011fr. G\u00f6r. Murat ERCAN<\/td><\/tr><tr><td>\u00dcye<\/td><td>Prof. Dr. Fatma \u00d6ZKAN TUNCAY<\/td><\/tr><tr><td>\u00dcye<\/td><td>Prof. Dr. \u0130zzet \u015eEREF<\/td><\/tr><tr><td>\u00dcye<\/td><td>Prof. Dr. Tar\u0131k T\u00dcRK<\/td><\/tr><tr><td>\u00dcye<\/td><td>\u00d6\u011fr. G\u00f6r. Ey\u00fcp G\u00dcND\u00dcZ<\/td><\/tr><tr><td>Yedek \u00dcye<\/td><td>Do\u00e7. Dr. K\u00fcbra \u00d6Z<\/td><\/tr><tr><td>Yedek \u00dcye<\/td><td>Do\u00e7. Dr. Merve TUNCAY<\/td><\/tr><tr><td>Yedek \u00dcye<\/td><td>Dr. \u00d6\u011fr. \u00dcyesi Ka\u011fan KAYA<\/td><\/tr><\/tbody><\/table><\/figure>","protected":false},"excerpt":{"rendered":"<p>G\u00f6rev Ad Ba\u015fkan Prof. Dr. S\u00fcleyman DE\u011e\u0130RMEN \u00dcye \u00d6\u011fr. G\u00f6r. Emre SEVEN \u00dcye \u00d6\u011fr. G\u00f6r. Murat ERCAN \u00dcye Prof. Dr. Fatma \u00d6ZKAN TUNCAY \u00dcye Prof. Dr. \u0130zzet \u015eEREF \u00dcye Prof. Dr. Tar\u0131k T\u00dcRK \u00dcye \u00d6\u011fr. G\u00f6r. Ey\u00fcp G\u00dcND\u00dcZ Yedek \u00dcye Do\u00e7. Dr. K\u00fcbra \u00d6Z Yedek \u00dcye Do\u00e7. Dr. Merve TUNCAY Yedek \u00dcye Dr. \u00d6\u011fr. \u00dcyesi [&hellip;]<\/p>\n","protected":false},"author":1,"featured_media":0,"parent":0,"menu_order":0,"comment_status":"closed","ping_status":"closed","template":"","meta":{"_gspb_post_css":"","footnotes":""},"class_list":["post-1339","page","type-page","status-publish","hentry"],"blocksy_meta":[],"_links":{"self":[{"href":"https:\/\/erasmus.cumhuriyet.edu.tr\/en\/wp-json\/wp\/v2\/pages\/1339","targetHints":{"allow":["GET"]}}],"collection":[{"href":"https:\/\/erasmus.cumhuriyet.edu.tr\/en\/wp-json\/wp\/v2\/pages"}],"about":[{"href":"https:\/\/erasmus.cumhuriyet.edu.tr\/en\/wp-json\/wp\/v2\/types\/page"}],"author":[{"embeddable":true,"href":"https:\/\/erasmus.cumhuriyet.edu.tr\/en\/wp-json\/wp\/v2\/users\/1"}],"replies":[{"embeddable":true,"href":"https:\/\/erasmus.cumhuriyet.edu.tr\/en\/wp-json\/wp\/v2\/comments?post=1339"}],"version-history":[{"count":26,"href":"https:\/\/erasmus.cumhuriyet.edu.tr\/en\/wp-json\/wp\/v2\/pages\/1339\/revisions"}],"predecessor-version":[{"id":8994,"href":"https:\/\/erasmus.cumhuriyet.edu.tr\/en\/wp-json\/wp\/v2\/pages\/1339\/revisions\/8994"}],"wp:attachment":[{"href":"https:\/\/erasmus.cumhuriyet.edu.tr\/en\/wp-json\/wp\/v2\/media?parent=1339"}],"curies":[{"name":"wp","href":"https:\/\/api.w.org\/{rel}","templated":true}]}}