{"id":1159,"date":"2022-11-27T22:46:23","date_gmt":"2022-11-27T19:46:23","guid":{"rendered":"https:\/\/erasmus.cumhuriyet.edu.tr\/?page_id=1159"},"modified":"2026-02-13T22:09:43","modified_gmt":"2026-02-13T19:09:43","slug":"docs","status":"publish","type":"page","link":"https:\/\/erasmus.cumhuriyet.edu.tr\/en\/erasmus\/outgoing\/staff\/docs\/","title":{"rendered":"Erasmus+ Giden Personel Hareketlilikleri Formlar\u0131"},"content":{"rendered":"<h3 id=\"gspb_heading-id-gsbp-4506bcd\" class=\"gspb_heading gspb_heading-id-gsbp-4506bcd\">Personel Ders Verme Hareketlili\u011fi (STA \u2013 Giden)<\/h3>\n\n\n\n<h5 id=\"gspb_heading-id-gsbp-3dde6e6\" class=\"gspb_heading gspb_heading-id-gsbp-3dde6e6\">Hareketlilik \u00d6ncesi<\/h5>\n\n\n\n<ul class=\"wp-block-list\">\n<li><a href=\"https:\/\/cumhuriyetedutr-my.sharepoint.com\/:w:\/g\/personal\/erasmus_cumhuriyet_edu_tr\/ER4RxfLfFxBFm3r4TUHIYbwBLRHg7Gwpm4grsmpoKu2hfg?e=U2dEYc\" data-type=\"link\" data-id=\"https:\/\/cumhuriyetedutr-my.sharepoint.com\/:w:\/g\/personal\/erasmus_cumhuriyet_edu_tr\/ER4RxfLfFxBFm3r4TUHIYbwBLRHg7Gwpm4grsmpoKu2hfg?e=U2dEYc\" target=\"_blank\" rel=\"noreferrer noopener\">\u00d6rnek Kabul Belgesi<\/a><\/li>\n\n\n\n<li><a href=\"https:\/\/erasmus.cumhuriyet.edu.tr\/en\/erasmus\/outgoing\/staff\/docs\/ma-sta\/\" data-type=\"link\" data-id=\"https:\/\/erasmus.cumhuriyet.edu.tr\/erasmus\/outgoing\/staff\/docs\/ma-sta\" target=\"_blank\" rel=\"noreferrer noopener\">Ders Verme Anla\u015fmas\u0131 (Mobility Agreement for Teaching)<\/a><\/li>\n\n\n\n<li><a href=\"https:\/\/cumhuriyetedutr-my.sharepoint.com\/:b:\/g\/personal\/erasmus_cumhuriyet_edu_tr\/IQBKQ_rmu4S0SqczTswG_evJAcGHBQfdtvPw0BKfiOxJ4QM?e=Qq0Ldd\" data-type=\"link\" data-id=\"https:\/\/cumhuriyetedutr-my.sharepoint.com\/:b:\/g\/personal\/erasmus_cumhuriyet_edu_tr\/IQBKQ_rmu4S0SqczTswG_evJAcGHBQfdtvPw0BKfiOxJ4QM?e=Qq0Ldd\" target=\"_blank\" rel=\"noreferrer noopener\">Taahh\u00fctname<\/a><\/li>\n<\/ul>\n\n\n\n<h5 id=\"gspb_heading-id-gsbp-1f03443\" class=\"gspb_heading gspb_heading-id-gsbp-1f03443\">Hareketlilik Sonras\u0131<\/h5>\n\n\n\n<ul class=\"wp-block-list\">\n<li><a href=\"https:\/\/cumhuriyetedutr-my.sharepoint.com\/:b:\/g\/personal\/erasmus_cumhuriyet_edu_tr\/EeOi5k5N1HhGhMV2088NC0oB6hTqBq_gD_Idps6f9qYttg?e=J5znqJ\" data-type=\"link\" data-id=\"https:\/\/cumhuriyetedutr-my.sharepoint.com\/:b:\/g\/personal\/erasmus_cumhuriyet_edu_tr\/EeOi5k5N1HhGhMV2088NC0oB6hTqBq_gD_Idps6f9qYttg?e=J5znqJ\" target=\"_blank\" rel=\"noreferrer noopener\">\u00d6rnek Kat\u0131l\u0131m Belgesi<\/a><\/li>\n<\/ul>\n\n\n\n<div style=\"height:100px\" aria-hidden=\"true\" class=\"wp-block-spacer\"><\/div>\n\n\n\n<h3 id=\"gspb_heading-id-gsbp-c7bc05a\" class=\"gspb_heading gspb_heading-id-gsbp-c7bc05a\">Personel E\u011fitim Alma Hareketlili\u011fi (STT \u2013 Giden)<\/h3>\n\n\n\n<h5 id=\"gspb_heading-id-gsbp-db74d4e\" class=\"gspb_heading gspb_heading-id-gsbp-db74d4e\">Hareketlilik \u00d6ncesi<\/h5>\n\n\n\n<ul class=\"wp-block-list\">\n<li><a href=\"https:\/\/cumhuriyetedutr-my.sharepoint.com\/:w:\/g\/personal\/erasmus_cumhuriyet_edu_tr\/ER4RxfLfFxBFm3r4TUHIYbwBLRHg7Gwpm4grsmpoKu2hfg?e=U2dEYc\" data-type=\"link\" data-id=\"https:\/\/cumhuriyetedutr-my.sharepoint.com\/:w:\/g\/personal\/erasmus_cumhuriyet_edu_tr\/EU33WoBYGcpIo3RE8MuvgooBfMeMDaTgpYwXMQDzmZakXg?e=fOo4LP\" target=\"_blank\" rel=\"noreferrer noopener\">\u00d6rnek Kabul Belgesi<\/a><\/li>\n\n\n\n<li><a href=\"https:\/\/erasmus.cumhuriyet.edu.tr\/en\/erasmus\/outgoing\/staff\/docs\/ma-stt\/\" data-type=\"link\" data-id=\"https:\/\/erasmus.cumhuriyet.edu.tr\/erasmus\/outgoing\/staff\/docs\/ma-stt\" target=\"_blank\" rel=\"noreferrer noopener\">E\u011fitim Alma Anla\u015fmas\u0131 (Mobility Agreement for Training)<\/a><\/li>\n\n\n\n<li><a href=\"https:\/\/cumhuriyetedutr-my.sharepoint.com\/:b:\/g\/personal\/erasmus_cumhuriyet_edu_tr\/IQBKQ_rmu4S0SqczTswG_evJAcGHBQfdtvPw0BKfiOxJ4QM?e=Qq0Ldd\" data-type=\"link\" data-id=\"https:\/\/cumhuriyetedutr-my.sharepoint.com\/:b:\/g\/personal\/erasmus_cumhuriyet_edu_tr\/IQBKQ_rmu4S0SqczTswG_evJAcGHBQfdtvPw0BKfiOxJ4QM?e=Qq0Ldd\" target=\"_blank\" rel=\"noreferrer noopener\">Taahh\u00fctname<\/a><\/li>\n<\/ul>\n\n\n\n<h5 id=\"gspb_heading-id-gsbp-975bfb3\" class=\"gspb_heading gspb_heading-id-gsbp-975bfb3\">Hareketlilik Sonras\u0131<\/h5>\n\n\n\n<ul class=\"wp-block-list\">\n<li><a href=\"https:\/\/cumhuriyetedutr-my.sharepoint.com\/:b:\/g\/personal\/erasmus_cumhuriyet_edu_tr\/EeOi5k5N1HhGhMV2088NC0oB6hTqBq_gD_Idps6f9qYttg?e=J5znqJ\" data-type=\"link\" data-id=\"https:\/\/cumhuriyetedutr-my.sharepoint.com\/:b:\/g\/personal\/erasmus_cumhuriyet_edu_tr\/EeOi5k5N1HhGhMV2088NC0oB6hTqBq_gD_Idps6f9qYttg?e=J5znqJ\" target=\"_blank\" rel=\"noreferrer noopener\">\u00d6rnek Kat\u0131l\u0131m Belgesi<\/a><\/li>\n<\/ul>\n\n\n\n<p><\/p>","protected":false},"excerpt":{"rendered":"","protected":false},"author":1,"featured_media":0,"parent":1157,"menu_order":0,"comment_status":"closed","ping_status":"closed","template":"","meta":{"_gspb_post_css":"#gspb_heading-id-gsbp-4506bcd{margin-bottom:0}","footnotes":""},"class_list":["post-1159","page","type-page","status-publish","hentry"],"blocksy_meta":[],"_links":{"self":[{"href":"https:\/\/erasmus.cumhuriyet.edu.tr\/en\/wp-json\/wp\/v2\/pages\/1159","targetHints":{"allow":["GET"]}}],"collection":[{"href":"https:\/\/erasmus.cumhuriyet.edu.tr\/en\/wp-json\/wp\/v2\/pages"}],"about":[{"href":"https:\/\/erasmus.cumhuriyet.edu.tr\/en\/wp-json\/wp\/v2\/types\/page"}],"author":[{"embeddable":true,"href":"https:\/\/erasmus.cumhuriyet.edu.tr\/en\/wp-json\/wp\/v2\/users\/1"}],"replies":[{"embeddable":true,"href":"https:\/\/erasmus.cumhuriyet.edu.tr\/en\/wp-json\/wp\/v2\/comments?post=1159"}],"version-history":[{"count":14,"href":"https:\/\/erasmus.cumhuriyet.edu.tr\/en\/wp-json\/wp\/v2\/pages\/1159\/revisions"}],"predecessor-version":[{"id":8751,"href":"https:\/\/erasmus.cumhuriyet.edu.tr\/en\/wp-json\/wp\/v2\/pages\/1159\/revisions\/8751"}],"up":[{"embeddable":true,"href":"https:\/\/erasmus.cumhuriyet.edu.tr\/en\/wp-json\/wp\/v2\/pages\/1157"}],"wp:attachment":[{"href":"https:\/\/erasmus.cumhuriyet.edu.tr\/en\/wp-json\/wp\/v2\/media?parent=1159"}],"curies":[{"name":"wp","href":"https:\/\/api.w.org\/{rel}","templated":true}]}}