{"id":1153,"date":"2022-11-27T22:14:49","date_gmt":"2022-11-27T19:14:49","guid":{"rendered":"https:\/\/erasmus.cumhuriyet.edu.tr\/?page_id=1153"},"modified":"2026-01-09T16:34:02","modified_gmt":"2026-01-09T13:34:02","slug":"declaration","status":"publish","type":"page","link":"https:\/\/erasmus.cumhuriyet.edu.tr\/en\/erasmus\/outgoing\/student\/docs\/declaration\/","title":{"rendered":"Erasmus+ Giden \u00d6\u011frenci Kat\u0131l\u0131m\/Feragat Formu"},"content":{"rendered":"\n<div class=\"wp-block-greenshift-blocks-infobox gspb_infoBox gspb_infoBox-id-gsbp-dae4624\" id=\"gspb_infoBox-id-gsbp-dae4624\"><div class=\"gs-box error_type icon_type\"><div class=\"gs-box-icon\"><svg x=\"0px\" y=\"0px\" viewBox=\"0 0 512 512\"> <g> <g> <path d=\"M256,0C114.508,0,0,114.497,0,256c0,141.493,114.497,256,256,256c141.492,0,256-114.497,256-256 C512,114.507,397.503,0,256,0z M256,472c-119.384,0-216-96.607-216-216c0-119.385,96.607-216,216-216 c119.384,0,216,96.607,216,216C472,375.385,375.393,472,256,472z\"><\/path> <\/g> <\/g> <g> <g> <path d=\"M343.586,315.302L284.284,256l59.302-59.302c7.81-7.81,7.811-20.473,0.001-28.284c-7.812-7.811-20.475-7.81-28.284,0 L256,227.716l-59.303-59.302c-7.809-7.811-20.474-7.811-28.284,0c-7.81,7.811-7.81,20.474,0.001,28.284L227.716,256 l-59.302,59.302c-7.811,7.811-7.812,20.474-0.001,28.284c7.813,7.812,20.476,7.809,28.284,0L256,284.284l59.303,59.302 c7.808,7.81,20.473,7.811,28.284,0C351.398,335.775,351.397,323.112,343.586,315.302z\"><\/path> <\/g> <\/g> <\/svg><\/div><div class=\"gs-box-text\">\n<p>Kat\u0131l\u0131m\/Feragat dilek\u00e7esi doldurulduktan sonra e-posta adresinize gelen PDF\u2019nin TURNAPortal sistemine ilanda belirtilen tarihler i\u00e7erisinde y\u00fcklenmesi gerekmektedir. \u0130lgili tarihe kadar PDF dosyas\u0131n\u0131 TURNAPortal sistemine y\u00fckleyemeyen adaylar haklar\u0131n\u0131 kaybeder.<\/p>\n<\/div><\/div><\/div>\n\n\n<\/p>\n\n\n<p>\n<div class=\"wpcf7 no-js\" id=\"wpcf7-f410-o1\" lang=\"en-US\" dir=\"ltr\" data-wpcf7-id=\"410\">\n<div class=\"screen-reader-response\"><p role=\"status\" aria-live=\"polite\" aria-atomic=\"true\"><\/p> <ul><\/ul><\/div>\n<form action=\"\/en\/wp-json\/wp\/v2\/pages\/1153#wpcf7-f410-o1\" method=\"post\" class=\"wpcf7-form init cf7mls-no-scroll cf7mls-auto-return-first-step cf7mls-no-moving-animation\" aria-label=\"Contact form\" novalidate=\"novalidate\" data-status=\"init\">\n<fieldset class=\"hidden-fields-container\"><input type=\"hidden\" name=\"_wpcf7\" value=\"410\" \/><input type=\"hidden\" name=\"_wpcf7_version\" value=\"6.1.5\" \/><input type=\"hidden\" name=\"_wpcf7_locale\" value=\"en_US\" \/><input type=\"hidden\" name=\"_wpcf7_unit_tag\" value=\"wpcf7-f410-o1\" \/><input type=\"hidden\" name=\"_wpcf7_container_post\" value=\"0\" \/><input type=\"hidden\" name=\"_wpcf7_posted_data_hash\" value=\"\" \/><input type=\"hidden\" name=\"_wpcf7cf_hidden_group_fields\" value=\"[]\" \/><input type=\"hidden\" name=\"_wpcf7cf_hidden_groups\" value=\"[]\" \/><input type=\"hidden\" name=\"_wpcf7cf_visible_groups\" value=\"[]\" \/><input type=\"hidden\" name=\"_wpcf7cf_repeaters\" value=\"[]\" \/><input type=\"hidden\" name=\"_wpcf7cf_steps\" value=\"{}\" \/><input type=\"hidden\" name=\"_wpcf7cf_options\" value=\"{&quot;form_id&quot;:410,&quot;conditions&quot;:[{&quot;then_field&quot;:&quot;-1&quot;,&quot;and_rules&quot;:[{&quot;if_field&quot;:&quot;mobility-type&quot;,&quot;operator&quot;:&quot;equals&quot;,&quot;if_value&quot;:&quot;KA131 SMS (Avrupa i\\u00e7i \\u00d6\\u011frenim Hareketlili\\u011fi)&quot;}]},{&quot;then_field&quot;:&quot;-1&quot;,&quot;and_rules&quot;:[{&quot;if_field&quot;:&quot;mobility-type&quot;,&quot;operator&quot;:&quot;equals&quot;,&quot;if_value&quot;:&quot;KA131 SMP (Avrupa i\\u00e7i Staj Hareketlili\\u011fi)&quot;}]},{&quot;then_field&quot;:&quot;-1&quot;,&quot;and_rules&quot;:[{&quot;if_field&quot;:&quot;mobility-type&quot;,&quot;operator&quot;:&quot;equals&quot;,&quot;if_value&quot;:&quot;KA171 SMS (Avrupa d\\u0131\\u015f\\u0131 \\u00d6\\u011frenim Hareketlili\\u011fi)&quot;}]},{&quot;then_field&quot;:&quot;-1&quot;,&quot;and_rules&quot;:[{&quot;if_field&quot;:&quot;mobility-type&quot;,&quot;operator&quot;:&quot;equals&quot;,&quot;if_value&quot;:&quot;KA171 SMS (Avrupa d\\u0131\\u015f\\u0131 Staj Hareketlili\\u011fi)&quot;}]},{&quot;then_field&quot;:&quot;feragat_nedeni&quot;,&quot;and_rules&quot;:[{&quot;if_field&quot;:&quot;ktlm_durum&quot;,&quot;operator&quot;:&quot;equals&quot;,&quot;if_value&quot;:&quot;Hakk\\u0131mdan feragat ediyorum (kat\\u0131lmayaca\\u011f\\u0131m)&quot;}]}],&quot;settings&quot;:{&quot;animation&quot;:&quot;yes&quot;,&quot;animation_intime&quot;:200,&quot;animation_outtime&quot;:200,&quot;conditions_ui&quot;:&quot;normal&quot;,&quot;notice_dismissed&quot;:false,&quot;notice_dismissed_update-cf7-6.1.5&quot;:true}}\" \/><input type=\"hidden\" name=\"_wpcf7dtx_version\" value=\"5.0.5\" \/>\n<\/fieldset>\n<h2>K\u0130\u015e\u0130SEL B\u0130LG\u0130LER\n<\/h2>\n<p><label> \u0130LAN NO VE ADI*<br \/>\n<span class=\"wpcf7-form-control-wrap\" data-name=\"call-name\"><input size=\"40\" maxlength=\"400\" class=\"wpcf7-form-control wpcf7-text wpcf7-validates-as-required\" aria-required=\"true\" aria-invalid=\"false\" placeholder=\"L\u00fctfen hak kazand\u0131\u011f\u0131n\u0131z ilan\u0131n ad\u0131n\u0131 yaz\u0131n\u0131z\" value=\"\" type=\"text\" name=\"call-name\" \/><\/span> <\/label>\n<\/p>\n<p><label> T.C. K\u0130ML\u0130K NO \/ YABANCI K\u0130ML\u0130K NO*<br \/>\n<span class=\"wpcf7-form-control-wrap\" data-name=\"tckn\"><input class=\"wpcf7-form-control wpcf7-number wpcf7-validates-as-required wpcf7-validates-as-number\" min=\"10000000000\" max=\"99999999999\" aria-required=\"true\" aria-invalid=\"false\" placeholder=\"L\u00fctfen 11 haneli kimlik numaran\u0131z\u0131 yaz\u0131n\u0131z\" value=\"\" type=\"number\" name=\"tckn\" \/><\/span> <\/label>\n<\/p>\n<p><label> AD*<br \/>\n<span class=\"wpcf7-form-control-wrap\" data-name=\"first-name\"><input size=\"40\" maxlength=\"400\" class=\"wpcf7-form-control wpcf7-text wpcf7-validates-as-required\" aria-required=\"true\" aria-invalid=\"false\" placeholder=\"L\u00fctfen ad\u0131n\u0131z\u0131 (varsa ikinci ad\u0131n\u0131z\u0131 da) yaz\u0131n\u0131z\" value=\"\" type=\"text\" name=\"first-name\" \/><\/span> <\/label>\n<\/p>\n<p><label> SOYAD*<br \/>\n<span class=\"wpcf7-form-control-wrap\" data-name=\"sur-name\"><input size=\"40\" maxlength=\"400\" class=\"wpcf7-form-control wpcf7-text wpcf7-validates-as-required\" aria-required=\"true\" aria-invalid=\"false\" placeholder=\"L\u00fctfen soyad\u0131n\u0131z\u0131 yaz\u0131n\u0131z\" value=\"\" type=\"text\" name=\"sur-name\" \/><\/span> <\/label>\n<\/p>\n<p><label> HAREKETL\u0130L\u0130K T\u00dcR\u00dc*<br \/>\n<span class=\"wpcf7-form-control-wrap\" data-name=\"mobility-type\"><select class=\"wpcf7-form-control wpcf7-select wpcf7-validates-as-required\" aria-required=\"true\" aria-invalid=\"false\" name=\"mobility-type\"><option value=\"\">&#8212;Please choose an option&#8212;<\/option><option value=\"KA131 SMS (Avrupa i\u00e7i \u00d6\u011frenim Hareketlili\u011fi)\">KA131 SMS (Avrupa i\u00e7i \u00d6\u011frenim Hareketlili\u011fi)<\/option><option value=\"KA131 SMP (Avrupa i\u00e7i Staj Hareketlili\u011fi)\">KA131 SMP (Avrupa i\u00e7i Staj Hareketlili\u011fi)<\/option><option value=\"KA171 SMS (Avrupa d\u0131\u015f\u0131 \u00d6\u011frenim Hareketlili\u011fi)\">KA171 SMS (Avrupa d\u0131\u015f\u0131 \u00d6\u011frenim Hareketlili\u011fi)<\/option><option value=\"KA171 SMP (Avrupa d\u0131\u015f\u0131 Staj Hareketlili\u011fi)\">KA171 SMP (Avrupa d\u0131\u015f\u0131 Staj Hareketlili\u011fi)<\/option><\/select><\/span><\/label>\n<\/p>\n<p><label> HAREKETL\u0130L\u0130\u011eE KATILIM DURUMU*<br \/>\n<span class=\"wpcf7-form-control-wrap\" data-name=\"ktlm_durum\"><select class=\"wpcf7-form-control wpcf7-select wpcf7-validates-as-required\" aria-required=\"true\" aria-invalid=\"false\" name=\"ktlm_durum\"><option value=\"\">&#8212;Please choose an option&#8212;<\/option><option value=\"Kat\u0131laca\u011f\u0131m\u0131 beyan ediyorum\">Kat\u0131laca\u011f\u0131m\u0131 beyan ediyorum<\/option><option value=\"Hakk\u0131mdan feragat ediyorum (kat\u0131lmayaca\u011f\u0131m)\">Hakk\u0131mdan feragat ediyorum (kat\u0131lmayaca\u011f\u0131m)<\/option><\/select><\/span><\/label>\n<\/p>\n<div data-id=\"feragat_nedeni\" data-orig_data_id=\"feragat_nedeni\" data-clear_on_hide class=\"\" data-class=\"wpcf7cf_group\">\n\t<p><label> FERAGAT ED\u0130YORSANIZ NEDEN\u0130N\u0130 BEL\u0130RT\u0130N\u0130Z*<br \/>\n<span class=\"wpcf7-form-control-wrap\" data-name=\"frgt_neden\"><input size=\"40\" maxlength=\"400\" class=\"wpcf7-form-control wpcf7-text wpcf7-validates-as-required\" aria-required=\"true\" aria-invalid=\"false\" placeholder=\"Feragat ediyorsan\u0131z nedenini belirtiniz\" value=\"\" type=\"text\" name=\"frgt_neden\" \/><\/span> <\/label>\n\t<\/p>\n<\/div>\n<p><label> DO\u011eUM TAR\u0130H\u0130*<br \/>\n<span class=\"wpcf7-form-control-wrap\" data-name=\"birth-date\"><input class=\"wpcf7-form-control wpcf7-date wpcf7-validates-as-required wpcf7-validates-as-date\" aria-required=\"true\" aria-invalid=\"false\" value=\"\" type=\"date\" name=\"birth-date\" \/><\/span> <\/label>\n<\/p>\n<p><label> DO\u011eUM YER\u0130*<br \/>\n<span class=\"wpcf7-form-control-wrap\" data-name=\"birth-place\"><input size=\"40\" maxlength=\"400\" class=\"wpcf7-form-control wpcf7-text wpcf7-validates-as-required\" aria-required=\"true\" aria-invalid=\"false\" placeholder=\"L\u00fctfen do\u011fum yerinizi kimli\u011finizde belirtildi\u011fi \u015fekilde yaz\u0131n\u0131z\" value=\"\" type=\"text\" name=\"birth-place\" \/><\/span> <\/label>\n<\/p>\n<p><label> ENST\u0130T\u00dc\/FAK\u00dcLTE\/MYO\/YO*<br \/>\n<span class=\"wpcf7-form-control-wrap\" data-name=\"unit\"><input size=\"40\" maxlength=\"400\" class=\"wpcf7-form-control wpcf7-text wpcf7-validates-as-required\" aria-required=\"true\" aria-invalid=\"false\" placeholder=\"L\u00fctfen biriminizi yaz\u0131n\u0131z\" value=\"\" type=\"text\" name=\"unit\" \/><\/span> <\/label>\n<\/p>\n<p><label> B\u00d6L\u00dcM*<br \/>\n<span class=\"wpcf7-form-control-wrap\" data-name=\"dept\"><input size=\"40\" maxlength=\"400\" class=\"wpcf7-form-control wpcf7-text wpcf7-validates-as-required\" aria-required=\"true\" aria-invalid=\"false\" placeholder=\"L\u00fctfen b\u00f6l\u00fcm\u00fcn\u00fcz\u00fc yaz\u0131n\u0131z\" value=\"\" type=\"text\" name=\"dept\" \/><\/span> <\/label>\n<\/p>\n<p><label> \u00d6\u011eREN\u0130M KADEMES\u0130*<br \/>\n<span class=\"wpcf7-form-control-wrap\" data-name=\"eqf\"><select class=\"wpcf7-form-control wpcf7-select wpcf7-validates-as-required\" aria-required=\"true\" aria-invalid=\"false\" name=\"eqf\"><option value=\"\">&#8212;Please choose an option&#8212;<\/option><option value=\"L\u0130SANS\">L\u0130SANS<\/option><option value=\"\u00d6N L\u0130SANS\">\u00d6N L\u0130SANS<\/option><option value=\"Y\u00dcKSEK L\u0130SANS\">Y\u00dcKSEK L\u0130SANS<\/option><option value=\"DOKTORA\">DOKTORA<\/option><\/select><\/span><\/label>\n<\/p>\n<p><label> SINIF*<br \/>\n<span class=\"wpcf7-form-control-wrap\" data-name=\"grade\"><select class=\"wpcf7-form-control wpcf7-select wpcf7-validates-as-required\" aria-required=\"true\" aria-invalid=\"false\" name=\"grade\"><option value=\"\">&#8212;Please choose an option&#8212;<\/option><option value=\"HAZIRLIK\">HAZIRLIK<\/option><option value=\"1\">1<\/option><option value=\"2\">2<\/option><option value=\"3\">3<\/option><option value=\"4\">4<\/option><option value=\"5\">5<\/option><option value=\"6\">6<\/option><option value=\"L\u0130SANS\u00dcST\u00dc B\u0130L\u0130MSEL HAZIRLIK\">L\u0130SANS\u00dcST\u00dc B\u0130L\u0130MSEL HAZIRLIK<\/option><option value=\"DERS D\u00d6NEM\u0130\">DERS D\u00d6NEM\u0130<\/option><option value=\"TEZ D\u00d6NEM\u0130\">TEZ D\u00d6NEM\u0130<\/option><\/select><\/span><\/label>\n<\/p>\n<p><label> \u00d6\u011eRENC\u0130 NO*<br \/>\n<span class=\"wpcf7-form-control-wrap\" data-name=\"std-no\"><input class=\"wpcf7-form-control wpcf7-number wpcf7-validates-as-required wpcf7-validates-as-number\" min=\"1000000000\" max=\"99999999999\" aria-required=\"true\" aria-invalid=\"false\" placeholder=\"L\u00fctfen \u00f6\u011frenci numaran\u0131z\u0131 yaz\u0131n\u0131z\" value=\"\" type=\"number\" name=\"std-no\" \/><\/span> <\/label>\n<\/p>\n<p><label> TELEFON NO*<br \/>\n<span class=\"wpcf7-form-control-wrap\" data-name=\"telno\"><input size=\"40\" maxlength=\"400\" class=\"wpcf7-form-control wpcf7-tel wpcf7-validates-as-required wpcf7-text wpcf7-validates-as-tel\" aria-required=\"true\" aria-invalid=\"false\" placeholder=\"5XXXXXXXXX\" value=\"\" type=\"tel\" name=\"telno\" \/><\/span><\/label>\n<\/p>\n<p><label> E-POSTA ADRES\u0130*<br \/>\n<span class=\"wpcf7-form-control-wrap\" data-name=\"uni-mail\"><input size=\"40\" maxlength=\"400\" class=\"wpcf7-form-control wpcf7-email wpcf7-validates-as-required wpcf7-text wpcf7-validates-as-email\" aria-required=\"true\" aria-invalid=\"false\" placeholder=\"Kurumsal E-Posta adresi kullan\u0131m\u0131 zorunludur (ogrencino@cumhuriyet.edu.tr)\" value=\"\" type=\"email\" name=\"uni-mail\" \/><\/span> <\/label>\n<\/p>\n<p><label> ADRES*<br \/>\n<span class=\"wpcf7-form-control-wrap\" data-name=\"address\"><textarea cols=\"40\" rows=\"10\" maxlength=\"2000\" class=\"wpcf7-form-control wpcf7-textarea wpcf7-validates-as-required\" aria-required=\"true\" aria-invalid=\"false\" placeholder=\"L\u00fctfen yaz\u0131\u015fma adresinizi yaz\u0131n\u0131z\" name=\"address\"><\/textarea><\/span> <\/label>\n<\/p>\n<h2>II. AC\u0130L DURUM K\u0130\u015e\u0130S\u0130 B\u0130LG\u0130LER\u0130\n<\/h2>\n<p><label> AD SOYAD*<br \/>\n<span class=\"wpcf7-form-control-wrap\" data-name=\"rel-name\"><input size=\"40\" maxlength=\"400\" class=\"wpcf7-form-control wpcf7-text wpcf7-validates-as-required\" aria-required=\"true\" aria-invalid=\"false\" value=\"\" type=\"text\" name=\"rel-name\" \/><\/span> <\/label>\n<\/p>\n<p><label> YAKINLIK DERECES\u0130*<br \/>\n<span class=\"wpcf7-form-control-wrap\" data-name=\"rel-type\"><input size=\"40\" maxlength=\"400\" class=\"wpcf7-form-control wpcf7-text wpcf7-validates-as-required\" aria-required=\"true\" aria-invalid=\"false\" value=\"\" type=\"text\" name=\"rel-type\" \/><\/span> <\/label>\n<\/p>\n<p><label> TELEFON NO*<br \/>\n<span class=\"wpcf7-form-control-wrap\" data-name=\"rel-tel\"><input size=\"40\" maxlength=\"400\" class=\"wpcf7-form-control wpcf7-tel wpcf7-validates-as-required wpcf7-text wpcf7-validates-as-tel\" aria-required=\"true\" aria-invalid=\"false\" placeholder=\"5XXXXXXXXX\" value=\"\" type=\"tel\" name=\"rel-tel\" \/><\/span> <\/label>\n<\/p>\n<p><label> E-POSTA ADRES\u0130*<br \/>\n<span class=\"wpcf7-form-control-wrap\" data-name=\"rel-email\"><input size=\"40\" maxlength=\"400\" class=\"wpcf7-form-control wpcf7-email wpcf7-validates-as-required wpcf7-text wpcf7-validates-as-email\" aria-required=\"true\" aria-invalid=\"false\" placeholder=\"L\u00fctfen yak\u0131n\u0131n\u0131z\u0131n e-posta adresini yaz\u0131n\u0131z\" value=\"\" type=\"email\" name=\"rel-email\" \/><\/span> <\/label>\n<\/p>\n<p><label> ADRES*<br \/>\n<span class=\"wpcf7-form-control-wrap\" data-name=\"rel-address\"><textarea cols=\"40\" rows=\"10\" maxlength=\"2000\" class=\"wpcf7-form-control wpcf7-textarea wpcf7-validates-as-required\" aria-required=\"true\" aria-invalid=\"false\" placeholder=\"L\u00fctfen yak\u0131n\u0131n\u0131z\u0131n yaz\u0131\u015fma adresini yaz\u0131n\u0131z\" name=\"rel-address\"><\/textarea><\/span> <\/label>\n<\/p>\n<h2>III. BEYANNAME*\n<\/h2>\n<p><span class=\"wpcf7-form-control-wrap\" data-name=\"akts\"><span class=\"wpcf7-form-control wpcf7-acceptance\"><span class=\"wpcf7-list-item\"><label><input type=\"checkbox\" name=\"akts\" value=\"1\" aria-invalid=\"false\" \/><span class=\"wpcf7-list-item-label\">\u00d6\u011frenim hareketlili\u011fine hak kazand\u0131\u011f\u0131m her akademik d\u00f6nem i\u00e7in 30 AKTS\u2019lik ders y\u00fck\u00fcm olaca\u011f\u0131n\u0131 beyan ederim.<\/span><\/label><\/span><\/span><\/span>\n<\/p>\n<p><span class=\"wpcf7-form-control-wrap\" data-name=\"frgt\"><span class=\"wpcf7-form-control wpcf7-acceptance\"><span class=\"wpcf7-list-item\"><label><input type=\"checkbox\" name=\"frgt\" value=\"1\" aria-invalid=\"false\" \/><span class=\"wpcf7-list-item-label\">Feragat etmem halinde hak kazanm\u0131\u015f oldu\u011fum Erasmus+ \u00d6\u011frenci Hareketlili\u011fine kat\u0131lmayaca\u011f\u0131m\u0131 beyan ederim.<\/span><\/label><\/span><\/span><\/span>\n<\/p>\n<p><span class=\"wpcf7-form-control-wrap\" data-name=\"condition\"><span class=\"wpcf7-form-control wpcf7-acceptance\"><span class=\"wpcf7-list-item\"><label><input type=\"checkbox\" name=\"condition\" value=\"1\" aria-invalid=\"false\" \/><span class=\"wpcf7-list-item-label\">Belirtilen hususlara ba\u011fl\u0131 olarak ilan edilen yerle\u015ftirme sonucunun SC\u00dc Erasmus+ Kurum Koordinat\u00f6rl\u00fc\u011f\u00fcn\u00fc ba\u011flay\u0131c\u0131 bir niteli\u011fi olmad\u0131\u011f\u0131n\u0131, hareketlilikten faydalanabilmemin SC\u00dc Erasmus+ Koordinat\u00f6rl\u00fc\u011f\u00fcn\u00fcn b\u00fct\u00e7esine ba\u011fl\u0131 oldu\u011funu kabul ve beyan ederim.<\/span><\/label><\/span><\/span><\/span>\n<\/p>\n<p><span class=\"wpcf7-form-control-wrap\" data-name=\"kvkk\"><span class=\"wpcf7-form-control wpcf7-acceptance\"><span class=\"wpcf7-list-item\"><label><input type=\"checkbox\" name=\"kvkk\" value=\"1\" aria-invalid=\"false\" \/><span class=\"wpcf7-list-item-label\">6698 Say\u0131l\u0131 Ki\u015fisel Verilerin Korunmas\u0131 Kanunu kapsam\u0131ndaki verilerimin <a href=\"\/kvkk\" target=\"_blank\">A\u00e7\u0131k R\u0131za Metninde belirtildi\u011fi \u015fekilde i\u015flenmesini onayl\u0131yorum.<\/a><\/span><\/label><\/span><\/span><\/span>\n<\/p>\n<p>*\u00d6\u011frencilerin, Erasmus+ \u00d6\u011frenci \u00d6\u011frenim Hareketlili\u011fi Program\u0131 kapsam\u0131nda gitmeye hak kazanmalar\u0131, bu hareketlilik faaliyetinden yararlanacaklar\u0131n\u0131 garanti etmemektedir. Kazand\u0131\u011f\u0131, as\u0131l\/yedek liste ile ilan edilen \u00f6\u011frenciler ancak Ulusal Ajans\u2019\u0131n Sivas Cumhuriyet \u00dcniversitesi Erasmus+ Kurum Koordinat\u00f6rl\u00fc\u011f\u00fcne sa\u011flayaca\u011f\u0131 b\u00fct\u00e7e do\u011frultusunda bu faaliyetten yararlanabileceklerdir.\n<\/p>\n<span class=\"wpcf7-form-control-wrap signdate\" data-name=\"signdate\"><input type=\"hidden\" name=\"signdate\" class=\"wpcf7-form-control wpcf7-hidden wpcf7dtx wpcf7dtx-hidden\" aria-invalid=\"false\" value=\"20\/04\/2026\"><\/span>\n<p><label> \u0130MZA <\/label>\n<\/p>\n<p><div class=\"wpcf7-form-control-signature-global-wrap wpcf7-form-control-wrap\" data-field-id=\"sign\">\n\t\t\t\t<div class=\"wpcf7-form-control-signature-wrap\" style=\"width:300px;height:200px;\">\n\t\t\t\t\t<div class=\"wpcf7-form-control-signature-body\">\n\t\t\t\t\t\t<canvas data-color=\"#0000FF\" data-background=\"#FFFFFF\" id=\"wpcf7_sign_signature\" class=\"sign border\"><\/canvas>\n\t\t\t\t\t<\/div>\n\t\t\t\t<\/div>\n\t\t\t\t<div class=\"wpcf7-form-control-clear-wrap\">\n\t\t\t\t\t<input id=\"wpcf7_sign_clear\" type=\"button\" value=\"Clear\"\/>\n\t\t\t\t<\/div>\n\t\t\t<\/div>\n\t\t\t<span class=\"wpcf7-form-control-wrap wpcf7-form-control-signature-input-wrap sign\">\n\t\t\t\t  <input aria-required=\"true\" aria-invalid=\"false\" value=\"\" type=\"hidden\" name=\"sign\" id=\"wpcf7_input_sign\" class=\"wpcf7-form-control wpcf7-signature\" \/><input type=\"hidden\" name=\"sign-attachment\" id=\"wpcf7_input_sign_attachment\" class=\"wpcf7-form-control wpcf7-signature\" \/><input type=\"hidden\" name=\"sign-inline\" id=\"wpcf7_input_sign_inline\" class=\"wpcf7-form-control wpcf7-signature\" \/>\n\t\t\t\t\n\t\t\t<\/span>\n\t\t\t<span><i>L\u00fctfen fare veya dokunmatik ekran yard\u0131m\u0131yla yukar\u0131daki alana imzan\u0131z\u0131 at\u0131n\u0131z. \u0130mzay\u0131 silmek i\u00e7in CLEAR butonuna t\u0131klayabilirsiniz. \u0130mza g\u00f6r\u00fcnm\u00fcyor ise CLEAR butonuna t\u0131klay\u0131p yeniden imza at\u0131n\u0131z.<\/i><\/span>\n<\/p>\n<p><label> G\u00fcvenlik Do\u011frulamas\u0131<\/label><br \/>\n<div class=\"wpcf7-turnstile cf-turnstile\" data-sitekey=\"0x4AAAAAACLdUHLrCkA1jjVy\" data-response-field-name=\"_wpcf7_turnstile_response\" data-theme=\"light\" data-language=\"en\"><\/div><br \/>\n<label><\/label><br \/>\n<input class=\"wpcf7-form-control wpcf7-submit has-spinner\" type=\"submit\" value=\"Submit\" \/>\n<\/p><div class=\"wpcf7-response-output\" aria-hidden=\"true\"><\/div>\n<\/form>\n<\/div>\n<\/p>\n\n\n<p>\n","protected":false},"excerpt":{"rendered":"","protected":false},"author":1,"featured_media":0,"parent":1150,"menu_order":0,"comment_status":"closed","ping_status":"closed","template":"","meta":{"_gspb_post_css":".gs-box{padding:20px;border-left:5px solid transparent;margin-bottom:25px}.gs-box-text>p{margin-bottom:20px;margin-top:0}.gs-box-text>p:last-of-type{margin-bottom:0}.gs-box.error_type{color:#721c24;background-color:#f8d7da;border-color:#f5c6cb}.gs-box.error_type svg{fill:#c70000}.gs-box.icon_type{display:flex}.gs-box.icon_type .gs-box-icon{width:28px;min-width:28px}.gs-box.icon_type .gs-box-text{flex-grow:1;margin:0 15px}","footnotes":""},"class_list":["post-1153","page","type-page","status-publish","hentry"],"blocksy_meta":[],"_links":{"self":[{"href":"https:\/\/erasmus.cumhuriyet.edu.tr\/en\/wp-json\/wp\/v2\/pages\/1153","targetHints":{"allow":["GET"]}}],"collection":[{"href":"https:\/\/erasmus.cumhuriyet.edu.tr\/en\/wp-json\/wp\/v2\/pages"}],"about":[{"href":"https:\/\/erasmus.cumhuriyet.edu.tr\/en\/wp-json\/wp\/v2\/types\/page"}],"author":[{"embeddable":true,"href":"https:\/\/erasmus.cumhuriyet.edu.tr\/en\/wp-json\/wp\/v2\/users\/1"}],"replies":[{"embeddable":true,"href":"https:\/\/erasmus.cumhuriyet.edu.tr\/en\/wp-json\/wp\/v2\/comments?post=1153"}],"version-history":[{"count":21,"href":"https:\/\/erasmus.cumhuriyet.edu.tr\/en\/wp-json\/wp\/v2\/pages\/1153\/revisions"}],"predecessor-version":[{"id":8508,"href":"https:\/\/erasmus.cumhuriyet.edu.tr\/en\/wp-json\/wp\/v2\/pages\/1153\/revisions\/8508"}],"up":[{"embeddable":true,"href":"https:\/\/erasmus.cumhuriyet.edu.tr\/en\/wp-json\/wp\/v2\/pages\/1150"}],"wp:attachment":[{"href":"https:\/\/erasmus.cumhuriyet.edu.tr\/en\/wp-json\/wp\/v2\/media?parent=1153"}],"curies":[{"name":"wp","href":"https:\/\/api.w.org\/{rel}","templated":true}]}}