{"id":1150,"date":"2022-11-27T22:11:33","date_gmt":"2022-11-27T19:11:33","guid":{"rendered":"https:\/\/erasmus.cumhuriyet.edu.tr\/?page_id=1150"},"modified":"2026-01-26T14:50:04","modified_gmt":"2026-01-26T11:50:04","slug":"docs","status":"publish","type":"page","link":"https:\/\/erasmus.cumhuriyet.edu.tr\/en\/erasmus\/outgoing\/student\/docs\/","title":{"rendered":"Erasmus+ Giden \u00d6\u011frenci Hareketlilikleri Formlar\u0131"},"content":{"rendered":"<h3 id=\"gspb_heading-id-gsbp-4506bcd\" class=\"gspb_heading gspb_heading-id-gsbp-4506bcd\">\u00d6\u011frenci \u00d6\u011frenim Hareketlili\u011fi<\/h3>\n\n\n\n<h5 id=\"gspb_heading-id-gsbp-3dde6e6\" class=\"gspb_heading gspb_heading-id-gsbp-3dde6e6\">Hareketlilik \u00d6ncesi<\/h5>\n\n\n\n<ul class=\"wp-block-list\">\n<li><a href=\"https:\/\/cumhuriyetedutr-my.sharepoint.com\/:w:\/g\/personal\/erasmus_cumhuriyet_edu_tr\/EX_-k9kHM91AqltbvWN9bFMB91ZB7bwlOa0kRzaCopaQPg?e=wagVF6\" data-type=\"link\" data-id=\"https:\/\/cumhuriyetedutr-my.sharepoint.com\/:w:\/g\/personal\/erasmus_cumhuriyet_edu_tr\/EX_-k9kHM91AqltbvWN9bFMB91ZB7bwlOa0kRzaCopaQPg?e=wagVF6\" target=\"_blank\" rel=\"noreferrer noopener\">Akademik Onay Formu<\/a><\/li>\n\n\n\n<li><a href=\"https:\/\/learning-agreement.eu\" data-type=\"link\" data-id=\"https:\/\/learning-agreement.eu\" target=\"_blank\" rel=\"noreferrer noopener\">\u00c7evrim i\u00e7i \u00d6\u011frenim Anla\u015fmas\u0131 (Online Learning Agreement \u2013 OLA)<\/a><\/li>\n\n\n\n<li><a href=\"https:\/\/erasmus.cumhuriyet.edu.tr\/en\/erasmus\/outgoing\/student\/docs\/ka131-sms-commitment\/\" data-type=\"link\" data-id=\"https:\/\/erasmus.cumhuriyet.edu.tr\/erasmus\/outgoing\/student\/docs\/ka131-sms-commitment\/\" target=\"_blank\" rel=\"noreferrer noopener\">Taahh\u00fctname<\/a><\/li>\n\n\n\n<li><a href=\"https:\/\/erasmus.cumhuriyet.edu.tr\/en\/erasmus\/outgoing\/student\/docs\/ka131-std-ytb-declaration\/\" data-type=\"link\" data-id=\"https:\/\/erasmus.cumhuriyet.edu.tr\/erasmus\/outgoing\/student\/docs\/ka131-std-ytb-declaration\/\" target=\"_blank\" rel=\"noreferrer noopener\">T\u00fcrkiye Burslar\u0131 Bursiyer Beyannamesi<\/a><\/li>\n<\/ul>\n\n\n\n<h5 id=\"gspb_heading-id-gsbp-0c8a840\" class=\"gspb_heading gspb_heading-id-gsbp-0c8a840\">Hareketlilik S\u00fcresince<\/h5>\n\n\n\n<ul class=\"wp-block-list\">\n<li><a href=\"https:\/\/cumhuriyetedutr-my.sharepoint.com\/:b:\/g\/personal\/erasmus_cumhuriyet_edu_tr\/EWaNVj17OctHuVz9ZtWVudABtnN9AHDy_TC_qdeH0BWrEg?e=m95gTn\" data-type=\"link\" data-id=\"https:\/\/cumhuriyetedutr-my.sharepoint.com\/:b:\/g\/personal\/erasmus_cumhuriyet_edu_tr\/EWaNVj17OctHuVz9ZtWVudABtnN9AHDy_TC_qdeH0BWrEg?e=m95gTn\" target=\"_blank\" rel=\"noreferrer noopener\">Var\u0131\u015f\/Ayr\u0131l\u0131\u015f Yaz\u0131s\u0131<\/a><\/li>\n\n\n\n<li><a href=\"https:\/\/cumhuriyetedutr-my.sharepoint.com\/:w:\/g\/personal\/erasmus_cumhuriyet_edu_tr\/Ea2EyzVbWQdPsmMd1u-4ifUBwjP2cx7Kkt8vlSQTneCPhA?e=fDZPHZ\" data-type=\"link\" data-id=\"https:\/\/cumhuriyetedutr-my.sharepoint.com\/:w:\/g\/personal\/erasmus_cumhuriyet_edu_tr\/Ea2EyzVbWQdPsmMd1u-4ifUBwjP2cx7Kkt8vlSQTneCPhA?e=fDZPHZ\" target=\"_blank\" rel=\"noreferrer noopener\">Akademik Onay Formu De\u011fi\u015fiklikler K\u0131sm\u0131<\/a><\/li>\n<\/ul>\n\n\n\n<h5 id=\"gspb_heading-id-gsbp-1f03443\" class=\"gspb_heading gspb_heading-id-gsbp-1f03443\">Hareketlilik Sonras\u0131<\/h5>\n\n\n\n<ul class=\"wp-block-list\">\n<li><a href=\"https:\/\/cumhuriyetedutr-my.sharepoint.com\/:b:\/g\/personal\/erasmus_cumhuriyet_edu_tr\/EeOi5k5N1HhGhMV2088NC0oB6hTqBq_gD_Idps6f9qYttg?e=J5znqJ\" data-type=\"link\" data-id=\"https:\/\/cumhuriyetedutr-my.sharepoint.com\/:b:\/g\/personal\/erasmus_cumhuriyet_edu_tr\/EeOi5k5N1HhGhMV2088NC0oB6hTqBq_gD_Idps6f9qYttg?e=J5znqJ\" target=\"_blank\" rel=\"noreferrer noopener\">\u00d6rnek Kat\u0131l\u0131m Belgesi<\/a><\/li>\n<\/ul>\n\n\n\n<div style=\"height:100px\" aria-hidden=\"true\" class=\"wp-block-spacer\"><\/div>\n\n\n\n<h3 id=\"gspb_heading-id-gsbp-c7bc05a\" class=\"gspb_heading gspb_heading-id-gsbp-c7bc05a\">\u00d6\u011frenci StajHareketlili\u011fi<\/h3>\n\n\n\n<h5 id=\"gspb_heading-id-gsbp-db74d4e\" class=\"gspb_heading gspb_heading-id-gsbp-db74d4e\">Hareketlilik \u00d6ncesi<\/h5>\n\n\n\n<ul class=\"wp-block-list\">\n<li><a href=\"https:\/\/cumhuriyetedutr-my.sharepoint.com\/:w:\/g\/personal\/erasmus_cumhuriyet_edu_tr\/EU33WoBYGcpIo3RE8MuvgooBfMeMDaTgpYwXMQDzmZakXg?e=fOo4LP\" data-type=\"link\" data-id=\"https:\/\/cumhuriyetedutr-my.sharepoint.com\/:w:\/g\/personal\/erasmus_cumhuriyet_edu_tr\/EU33WoBYGcpIo3RE8MuvgooBfMeMDaTgpYwXMQDzmZakXg?e=fOo4LP\" target=\"_blank\" rel=\"noreferrer noopener\">\u00d6rnek Kabul Belgesi<\/a><\/li>\n\n\n\n<li><a href=\"https:\/\/erasmus.cumhuriyet.edu.tr\/en\/erasmus\/outgoing\/student\/docs\/ka131-smp-appform\/\" data-type=\"link\" data-id=\"https:\/\/erasmus.cumhuriyet.edu.tr\/erasmus\/outgoing\/student\/docs\/ka131-smp-appform\" target=\"_blank\" rel=\"noreferrer noopener\">Ba\u015fvuru Formu (Application Form)<\/a><\/li>\n\n\n\n<li><a href=\"https:\/\/erasmus.cumhuriyet.edu.tr\/en\/erasmus\/outgoing\/student\/docs\/ka131-smp-la\/\" data-type=\"link\" data-id=\"https:\/\/erasmus.cumhuriyet.edu.tr\/erasmus\/outgoing\/student\/docs\/ka131-smp-la\" target=\"_blank\" rel=\"noreferrer noopener\">Staj Anla\u015fmas\u0131 (Before Mobility K\u0131sm\u0131) \u2013 Learning Agreement for Traineeship<\/a><\/li>\n\n\n\n<li><a href=\"https:\/\/erasmus.cumhuriyet.edu.tr\/en\/erasmus\/outgoing\/student\/docs\/ka131-std-ytb-declaration\/\" data-type=\"link\" data-id=\"https:\/\/erasmus.cumhuriyet.edu.tr\/erasmus\/outgoing\/student\/docs\/ka131-std-ytb-declaration\/\" target=\"_blank\" rel=\"noreferrer noopener\">T\u00fcrkiye Burslar\u0131 Bursiyer Beyannamesi<\/a><\/li>\n\n\n\n<li><a href=\"https:\/\/cumhuriyetedutr-my.sharepoint.com\/:w:\/g\/personal\/erasmus_cumhuriyet_edu_tr\/IQDqVyN0rx1lT78dGzBINLLIAQKAtxbuFPKjuWr00rCJyGw?e=mxspNl\" data-type=\"link\" data-id=\"https:\/\/cumhuriyetedutr-my.sharepoint.com\/:w:\/g\/personal\/erasmus_cumhuriyet_edu_tr\/IQDqVyN0rx1lT78dGzBINLLIAQKAtxbuFPKjuWr00rCJyGw?e=mxspNl\" target=\"_blank\" rel=\"noreferrer noopener\">Zorunlu Staj Beyannamesi<\/a><\/li>\n<\/ul>\n\n\n\n<h5 id=\"gspb_heading-id-gsbp-12043be\" class=\"gspb_heading gspb_heading-id-gsbp-12043be\">Hareketlilik S\u00fcresince<\/h5>\n\n\n\n<ul class=\"wp-block-list\">\n<li><a href=\"https:\/\/cumhuriyetedutr-my.sharepoint.com\/:b:\/g\/personal\/erasmus_cumhuriyet_edu_tr\/EWaNVj17OctHuVz9ZtWVudABtnN9AHDy_TC_qdeH0BWrEg?e=m95gTn\" data-type=\"link\" data-id=\"https:\/\/cumhuriyetedutr-my.sharepoint.com\/:b:\/g\/personal\/erasmus_cumhuriyet_edu_tr\/EWaNVj17OctHuVz9ZtWVudABtnN9AHDy_TC_qdeH0BWrEg?e=m95gTn\" target=\"_blank\" rel=\"noreferrer noopener\">Var\u0131\u015f\/Ayr\u0131l\u0131\u015f Yaz\u0131s\u0131<\/a><\/li>\n<\/ul>\n\n\n\n<h5 id=\"gspb_heading-id-gsbp-975bfb3\" class=\"gspb_heading gspb_heading-id-gsbp-975bfb3\">Hareketlilik Sonras\u0131<\/h5>\n\n\n\n<ul class=\"wp-block-list\">\n<li><a href=\"https:\/\/cumhuriyetedutr-my.sharepoint.com\/:b:\/g\/personal\/erasmus_cumhuriyet_edu_tr\/EeOi5k5N1HhGhMV2088NC0oB6hTqBq_gD_Idps6f9qYttg?e=J5znqJ\" data-type=\"link\" data-id=\"https:\/\/cumhuriyetedutr-my.sharepoint.com\/:b:\/g\/personal\/erasmus_cumhuriyet_edu_tr\/EeOi5k5N1HhGhMV2088NC0oB6hTqBq_gD_Idps6f9qYttg?e=J5znqJ\" target=\"_blank\" rel=\"noreferrer noopener\">\u00d6rnek Kat\u0131l\u0131m Belgesi<\/a><\/li>\n\n\n\n<li><a href=\"https:\/\/erasmus.cumhuriyet.edu.tr\/en\/erasmus\/outgoing\/student\/docs\/ka131-smp-la-after\/\" data-type=\"link\" data-id=\"https:\/\/erasmus.cumhuriyet.edu.tr\/erasmus\/outgoing\/student\/docs\/ka131-smp-la-after\" target=\"_blank\" rel=\"noreferrer noopener\">Staj Anla\u015fmas\u0131 (After Mobility K\u0131sm\u0131) \u2013 Learning Agreement for Traineeship<\/a><\/li>\n<\/ul>\n\n\n\n<p><\/p>","protected":false},"excerpt":{"rendered":"","protected":false},"author":1,"featured_media":0,"parent":980,"menu_order":0,"comment_status":"closed","ping_status":"closed","template":"","meta":{"_gspb_post_css":"#gspb_heading-id-gsbp-4506bcd{margin-bottom:0}","footnotes":""},"class_list":["post-1150","page","type-page","status-publish","hentry"],"blocksy_meta":[],"_links":{"self":[{"href":"https:\/\/erasmus.cumhuriyet.edu.tr\/en\/wp-json\/wp\/v2\/pages\/1150","targetHints":{"allow":["GET"]}}],"collection":[{"href":"https:\/\/erasmus.cumhuriyet.edu.tr\/en\/wp-json\/wp\/v2\/pages"}],"about":[{"href":"https:\/\/erasmus.cumhuriyet.edu.tr\/en\/wp-json\/wp\/v2\/types\/page"}],"author":[{"embeddable":true,"href":"https:\/\/erasmus.cumhuriyet.edu.tr\/en\/wp-json\/wp\/v2\/users\/1"}],"replies":[{"embeddable":true,"href":"https:\/\/erasmus.cumhuriyet.edu.tr\/en\/wp-json\/wp\/v2\/comments?post=1150"}],"version-history":[{"count":45,"href":"https:\/\/erasmus.cumhuriyet.edu.tr\/en\/wp-json\/wp\/v2\/pages\/1150\/revisions"}],"predecessor-version":[{"id":8685,"href":"https:\/\/erasmus.cumhuriyet.edu.tr\/en\/wp-json\/wp\/v2\/pages\/1150\/revisions\/8685"}],"up":[{"embeddable":true,"href":"https:\/\/erasmus.cumhuriyet.edu.tr\/en\/wp-json\/wp\/v2\/pages\/980"}],"wp:attachment":[{"href":"https:\/\/erasmus.cumhuriyet.edu.tr\/en\/wp-json\/wp\/v2\/media?parent=1150"}],"curies":[{"name":"wp","href":"https:\/\/api.w.org\/{rel}","templated":true}]}}