{"id":1103,"date":"2022-11-21T00:46:33","date_gmt":"2022-11-20T21:46:33","guid":{"rendered":"https:\/\/erasmus.cumhuriyet.edu.tr\/?page_id=1103"},"modified":"2026-04-09T20:07:14","modified_gmt":"2026-04-09T17:07:14","slug":"erasmus-club","status":"publish","type":"page","link":"https:\/\/erasmus.cumhuriyet.edu.tr\/en\/erasmus\/erasmus-club\/","title":{"rendered":"Cumhuriyet Erasmus Club"},"content":{"rendered":"<h2 class=\"wp-block-heading\" id=\"whatis\">Cumhuriyet Erasmus Club \u00d6\u011frenci Toplulu\u011fu<\/h2>\n\n\n\n<p>Cumhuriyet Erasmus Club \u00d6\u011frenci Toplulu\u011fu 03.11.2022 tarihinde \u00d6\u011fr. G\u00f6r. Murat Ercan dan\u0131\u015fmanl\u0131\u011f\u0131nda ve Edebiyat Fak\u00fcltesi \u0130ngiliz Dili ve Edebiyat\u0131 B\u00f6l\u00fcm\u00fc \u00f6\u011frencisi Bu\u011fkan Ege Erden ba\u015fkanl\u0131\u011f\u0131nda kurulmu\u015ftur. Toplulu\u011fun asli amac\u0131 Uluslararas\u0131 \u0130li\u015fkiler Ofisi Erasmus+ Kurum Koordinat\u00f6rl\u00fc\u011f\u00fc ile i\u015fbirli\u011fi halinde Erasmus+ program\u0131 \u00e7er\u00e7evesinde gelen ve giden \u00f6\u011frencilere rehberlik ve ment\u00f6rl\u00fck hizmeti vermek, ilgili \u00f6\u011frencilere y\u00f6nelik sosyal, k\u00fclt\u00fcrel ve akademik etkinlikler d\u00fczenlemek ve Erasmus \u00d6\u011frenci A\u011f\u0131 \u015fubesini y\u00f6netmektir. Toplulu\u011fa herhangi bir b\u00f6l\u00fcm k\u0131s\u0131tlamas\u0131 olmaks\u0131z\u0131n \u00dcniversitemizde kay\u0131tl\u0131 tam zamanl\u0131 \u00f6\u011frenciler ba\u015fvuru yapabilir.<\/p>\n\n\n\n<div class=\"gspb_button_wrapper gspb_button-id-gsbp-feae0b2\" id=\"gspb_button-id-gsbp-feae0b2\"><a class=\"wp-block-greenshift-blocks-buttonbox gspb-buttonbox wp-element-button\" href=\"https:\/\/www.cumhuriyet.edu.tr\/kulup\/index.php?cubid=246\" target=\"_blank\" rel=\"noopener\"><span class=\"gspb-buttonbox-textwrap\"><span class=\"gspb-buttonbox-text\"><span class=\"gspb-buttonbox-title\">Topluluk Sitesi<\/span><\/span><span class=\"gspb-buttonbox-icon\"><svg xmlns=\"http:\/\/www.w3.org\/2000\/svg\" style=\"width:5rem;height:5rem;margin:10px\" viewbox=\"0 0 24 24\">\n  <path fill-rule=\"evenodd\" d=\"M24 0v22.78h-2.87V4.9L2.03 24 0 21.97l19.1-19.1H1.26V0H24Z\"><\/path><\/svg><\/span><\/span><\/a><\/div>\n\n\n\n<h2 class=\"wp-block-heading\" id=\"administration\">Y\u00f6netim<\/h2>\n\n\n\n<div class=\"wp-block-greenshift-blocks-accordion gs-accordion gspb_accordion-id-gsbp-4c072fb\" id=\"gspb_accordion-id-gsbp-4c072fb\" >\n<div class=\"wp-block-greenshift-blocks-accordionitem gs-accordion-item gspb_accordionitem-gsbp-4bd11fb gsclose\" id=\"gspb_accordionitem-gsbp-4bd11fb\" itemscope><div id=\"gs-trigger-gsbp-4c072fb-0\" class=\"gs-accordion-item__title\" aria-expanded=\"false\" role=\"button\" tabindex=\"0\" aria-controls=\"gspb-accordion-item-content-gsbp-4bd11fb\"><div class=\"gs-accordion-item__heading\">2025-2026 E\u011fitim-\u00d6\u011fretim Y\u0131l\u0131<\/div><span class=\"iconfortoggle\"><span class=\"gs-iconbefore\"><\/span><span class=\"gs-iconafter\"><\/span><\/span><\/div><div aria-labelledby=\"gs-trigger-gsbp-4c072fb-0\" class=\"gs-accordion-item__content\" itemscope id=\"gspb-accordion-item-content-gsbp-4bd11fb\" aria-hidden=\"true\"><div class=\"gs-accordion-item__text\">\n<p><strong>AKADEM\u0130K DANI\u015eMAN: <\/strong>Lect. Murat Ercan<\/p>\n\n\n\n<p><strong>Y\u00d6NET\u0130M KURULU<\/strong><br>Ba\u015fkan:\u00a0\u0130rem Karip<br>Ba\u015fkan Yard\u0131mc\u0131s\u0131: Ezgi Alt\u0131parmak<br>\u00dcye: Ezgi Su Nergiz<br>\u00dcye: Mehmet Can Yakar<br>\u00dcye: Elif Savc\u0131<br>\u00dcye: Zehra Ceren Kand\u0131rmaz<br>\u00dcye: Bet\u00fcl Kara<br>\u00dcye: Selim Ya\u015far<br>\u00dcye: Tatiana Cazacu<br>\u00dcye: Mustafa G\u00f6rkem Salman<br>\u00dcye: Zeynep G\u00fcl<\/p>\n\n\n\n<p><strong>DENET\u0130M KURULU<\/strong><br>Ba\u015fkan:<br>Ba\u015fkan Yard\u0131mc\u0131s\u0131:<br>\u00dcye:<br>\u00dcye:<br>\u00dcye:<\/p>\n<\/div><\/div><\/div>\n\n\n\n<div class=\"wp-block-greenshift-blocks-accordionitem gs-accordion-item gspb_accordionitem-gsbp-6d5e37b gsclose\" id=\"gspb_accordionitem-gsbp-6d5e37b\" itemscope><div id=\"gs-trigger-gsbp-4c072fb-1\" class=\"gs-accordion-item__title\" aria-expanded=\"false\" role=\"button\" tabindex=\"0\" aria-controls=\"gspb-accordion-item-content-gsbp-6d5e37b\"><div class=\"gs-accordion-item__heading\">2024-2025 E\u011fitim-\u00d6\u011fretim Y\u0131l\u0131<\/div><span class=\"iconfortoggle\"><span class=\"gs-iconbefore\"><\/span><span class=\"gs-iconafter\"><\/span><\/span><\/div><div aria-labelledby=\"gs-trigger-gsbp-4c072fb-1\" class=\"gs-accordion-item__content\" itemscope id=\"gspb-accordion-item-content-gsbp-6d5e37b\" aria-hidden=\"true\"><div class=\"gs-accordion-item__text\">\n<p><strong>AKADEM\u0130K DANI\u015eMAN: <\/strong>Lect. Murat Ercan<\/p>\n\n\n\n<p><strong>Y\u00d6NET\u0130M KURULU<\/strong><br>Ba\u015fkan: Bu\u011fkan Ege Erden<br>Ba\u015fkan Yard\u0131mc\u0131s\u0131: Erkin Akp\u0131nar<br>\u00dcye: Ay\u015feg\u00fcl Sima Tecer<br>\u00dcye: \u0130kra Nur Ko\u00e7aker<br>\u00dcye: Eren Ba\u015fcil<br>\u00dcye: Cenk Mutlu<br>\u00dcye: Yi\u011fit Alp \u00d6nemlib\u0131\u00e7ak<\/p>\n\n\n\n<p><strong>DENET\u0130M KURULU<\/strong><br>Ba\u015fkan:<br>Ba\u015fkan Yard\u0131mc\u0131s\u0131:<br>\u00dcye:<br>\u00dcye:<br>\u00dcye:<\/p>\n<\/div><\/div><\/div>\n\n\n\n<div class=\"wp-block-greenshift-blocks-accordionitem gs-accordion-item gspb_accordionitem-gsbp-dff8066 gsclose\" id=\"gspb_accordionitem-gsbp-dff8066\" itemscope><div id=\"gs-trigger-gsbp-4c072fb-2\" class=\"gs-accordion-item__title\" aria-expanded=\"false\" role=\"button\" tabindex=\"0\" aria-controls=\"gspb-accordion-item-content-gsbp-dff8066\"><div class=\"gs-accordion-item__heading\">2023-2024 E\u011fitim-\u00d6\u011fretim Y\u0131l\u0131<\/div><span class=\"iconfortoggle\"><span class=\"gs-iconbefore\"><\/span><span class=\"gs-iconafter\"><\/span><\/span><\/div><div aria-labelledby=\"gs-trigger-gsbp-4c072fb-2\" class=\"gs-accordion-item__content\" itemscope id=\"gspb-accordion-item-content-gsbp-dff8066\" aria-hidden=\"true\"><div class=\"gs-accordion-item__text\">\n<p><strong>AKADEM\u0130K DANI\u015eMAN<\/strong>: \u00d6\u011fr. G\u00f6r. Murat Ercan<\/p>\n\n\n\n<p><strong>Y\u00d6NET\u0130M KURULU<\/strong><br>Ba\u015fkan: Bu\u011fkan Ege Erden<br>Ba\u015fkan Yard\u0131mc\u0131s\u0131: Erkin Akp\u0131nar<br>\u00dcye: Ay\u015feg\u00fcl Sima Tecer<br>\u00dcye: Yeliz T\u00fczen<br>\u00dcye: Nihan Beyza Sar\u0131ba\u015f<br>\u00dcye: \u00d6mer Faruk \u00dc\u00e7ta\u015f<br>\u00dcye: Yi\u011fit Alp \u00d6nemlib\u0131\u00e7ak<\/p>\n\n\n\n<p><strong>DENET\u0130M KURULU<\/strong><br>Ba\u015fkan:<br>Ba\u015fkan Yard\u0131mc\u0131s\u0131:<br>\u00dcye:<br>\u00dcye:<br>\u00dcye:<\/p>\n<\/div><\/div><\/div>\n\n\n\n<div class=\"wp-block-greenshift-blocks-accordionitem gs-accordion-item gspb_accordionitem-gsbp-5a5e7f7 gsclose\" id=\"gspb_accordionitem-gsbp-5a5e7f7\" itemscope><div id=\"gs-trigger-gsbp-4c072fb-3\" class=\"gs-accordion-item__title\" aria-expanded=\"false\" role=\"button\" tabindex=\"0\" aria-controls=\"gspb-accordion-item-content-gsbp-5a5e7f7\"><div class=\"gs-accordion-item__heading\">2022-2023 E\u011fitim-\u00d6\u011fretim Y\u0131l\u0131<\/div><span class=\"iconfortoggle\"><span class=\"gs-iconbefore\"><\/span><span class=\"gs-iconafter\"><\/span><\/span><\/div><div aria-labelledby=\"gs-trigger-gsbp-4c072fb-3\" class=\"gs-accordion-item__content\" itemscope id=\"gspb-accordion-item-content-gsbp-5a5e7f7\" aria-hidden=\"true\"><div class=\"gs-accordion-item__text\">\n<p><strong>AKADEM\u0130K DANI\u015eMAN<\/strong>: \u00d6\u011fr. G\u00f6r. Murat Ercan<\/p>\n\n\n\n<p><strong>Y\u00d6NET\u0130M KURULU<\/strong><br>Ba\u015fkan: Bu\u011fkan Ege Erden<br>Ba\u015fkan Yard\u0131mc\u0131s\u0131: Erkin Akp\u0131nar<br>\u00dcye: Cihan Aslan<br>\u00dcye: Yeliz T\u00fczen<br>\u00dcye: Yi\u011fit Alp \u00d6nemlib\u0131\u00e7ak<br>\u00dcye: Nihan Beyza Sar\u0131ba\u015f<br>\u00dcye: Aysel G\u00fcndo\u011fan<\/p>\n\n\n\n<p><strong>DENET\u0130M KURULU<\/strong><br>Ba\u015fkan: \u0130kra Nur Ko\u00e7aker<br>Ba\u015fkan Yard\u0131mc\u0131s\u0131: Dicle Tanr\u0131kulu<br>\u00dcye: Gizem Kibar<br>\u00dcye: Muhammet G\u00f6ktu\u011f Akg\u00fcl<br>\u00dcye: N\/A<\/p>\n<\/div><\/div><\/div>\n<\/div>\n\n\n\n<h2 class=\"wp-block-heading\" id=\"membership\">\u00dcyelik<\/h2>\n\n\n\n<p>Cumhuriyet Erasmus Club \u00d6\u011frenci Toplulu\u011funa \u00f6n kay\u0131t yapmak i\u00e7in a\u015fa\u011f\u0131daki ba\u011flant\u0131ya t\u0131klayarak formu doldurabilirsiniz. Yaln\u0131zca Sivas Cumhuriyet \u00dcniversitesinde aktif olarak \u00f6\u011frencilik kayd\u0131 bulunan \u00f6\u011frenciler ba\u015fvuru yapabilir. \u00d6n kay\u0131t sonras\u0131 sizinle en k\u0131sa s\u00fcrede ileti\u015fime ge\u00e7ilecektir.<\/p>\n\n\n\n<div class=\"gspb_button_wrapper gspb_button-id-gsbp-51385d4\" id=\"gspb_button-id-gsbp-51385d4\"><a class=\"wp-block-greenshift-blocks-buttonbox gspb-buttonbox wp-element-button\" href=\"https:\/\/forms.office.com\/r\/TA3qcSb1zz\" target=\"_blank\" rel=\"noopener\"><span class=\"gspb-buttonbox-textwrap\"><span class=\"gspb-buttonbox-text\"><span class=\"gspb-buttonbox-title\">\u00d6n Kay\u0131t Formu<\/span><\/span><span class=\"gspb-buttonbox-icon\"><svg xmlns=\"http:\/\/www.w3.org\/2000\/svg\" style=\"width:5rem;height:5rem;margin:10px\" viewbox=\"0 0 24 24\">\n  <path fill-rule=\"evenodd\" d=\"M24 0v22.78h-2.87V4.9L2.03 24 0 21.97l19.1-19.1H1.26V0H24Z\"><\/path><\/svg><\/span><\/span><\/a><\/div>\n\n\n\n<h2 class=\"wp-block-heading\" id=\"contact\">Contact<\/h2>\n\n\n\n<p>Cumhuriyet Erasmus Club \u00d6\u011frenci Toplulu\u011fu, Sivas Cumhuriyet \u00dcniversitesi Uluslararas\u0131 \u0130li\u015fkiler Ofisi Erasmus+ Kurum Koordinat\u00f6rl\u00fc\u011f\u00fc binas\u0131nda hizmet vermektedir. Toplulu\u011fumuz ile ileti\u015fime ge\u00e7mek i\u00e7in a\u015fa\u011f\u0131daki ileti\u015fim kanallar\u0131na ba\u015fvurabilirsiniz.<\/p>\n\n\n\n<div class=\"gspb_button_wrapper gspb_button-id-gsbp-2aa9def\" id=\"gspb_button-id-gsbp-2aa9def\"><a class=\"wp-block-greenshift-blocks-buttonbox gspb-buttonbox wp-element-button\" href=\"https:\/\/cumhuriyet.esnturkey.org\/contact\" target=\"_blank\" rel=\"noopener\"><span class=\"gspb-buttonbox-textwrap\"><span class=\"gspb-buttonbox-text\"><span class=\"gspb-buttonbox-title\">\u0130leti\u015fim Formu<\/span><\/span><span class=\"gspb-buttonbox-icon\"><svg xmlns=\"http:\/\/www.w3.org\/2000\/svg\" style=\"width:5rem;height:5rem;margin:10px\" viewbox=\"0 0 24 24\">\n  <path fill-rule=\"evenodd\" d=\"M24 0v22.78h-2.87V4.9L2.03 24 0 21.97l19.1-19.1H1.26V0H24Z\"><\/path><\/svg><\/span><\/span><\/a><\/div>\n\n\n\n<div class=\"gspb_button_wrapper gspb_button-id-gsbp-e50fe28\" id=\"gspb_button-id-gsbp-e50fe28\"><a class=\"wp-block-greenshift-blocks-buttonbox gspb-buttonbox wp-element-button\" href=\"https:\/\/cumhuriyet.esnturkey.org\/appointment\" target=\"_blank\" rel=\"noopener\"><span class=\"gspb-buttonbox-textwrap\"><span class=\"gspb-buttonbox-text\"><span class=\"gspb-buttonbox-title\">Randevu Olu\u015ftur<\/span><\/span><span class=\"gspb-buttonbox-icon\"><svg xmlns=\"http:\/\/www.w3.org\/2000\/svg\" style=\"width:5rem;height:5rem;margin:10px\" viewbox=\"0 0 24 24\">\n  <path fill-rule=\"evenodd\" d=\"M24 0v22.78h-2.87V4.9L2.03 24 0 21.97l19.1-19.1H1.26V0H24Z\"><\/path><\/svg><\/span><\/span><\/a><\/div>\n\n\n\n<div class=\"gspb_button_wrapper gspb_button-id-gsbp-e9baa25\" id=\"gspb_button-id-gsbp-e9baa25\"><a class=\"wp-block-greenshift-blocks-buttonbox gspb-buttonbox wp-element-button\" href=\"https:\/\/cumhuriyet.esnturkey.org\/schedule\" target=\"_blank\" rel=\"noopener\"><span class=\"gspb-buttonbox-textwrap\"><span class=\"gspb-buttonbox-text\"><span class=\"gspb-buttonbox-title\">Etkinlik Takvimi<\/span><\/span><span class=\"gspb-buttonbox-icon\"><svg xmlns=\"http:\/\/www.w3.org\/2000\/svg\" style=\"width:5rem;height:5rem;margin:10px\" viewbox=\"0 0 24 24\">\n  <path fill-rule=\"evenodd\" d=\"M24 0v22.78h-2.87V4.9L2.03 24 0 21.97l19.1-19.1H1.26V0H24Z\"><\/path><\/svg><\/span><\/span><\/a><\/div>","protected":false},"excerpt":{"rendered":"<p>Cumhuriyet Erasmus Club \u00d6\u011frenci Toplulu\u011fu Cumhuriyet Erasmus Club \u00d6\u011frenci Toplulu\u011fu 03.11.2022 tarihinde \u00d6\u011fr. G\u00f6r. Murat Ercan dan\u0131\u015fmanl\u0131\u011f\u0131nda ve Edebiyat Fak\u00fcltesi \u0130ngiliz Dili ve Edebiyat\u0131 B\u00f6l\u00fcm\u00fc \u00f6\u011frencisi Bu\u011fkan Ege Erden ba\u015fkanl\u0131\u011f\u0131nda kurulmu\u015ftur. Toplulu\u011fun asli amac\u0131 Uluslararas\u0131 \u0130li\u015fkiler Ofisi Erasmus+ Kurum Koordinat\u00f6rl\u00fc\u011f\u00fc ile i\u015fbirli\u011fi halinde Erasmus+ program\u0131 \u00e7er\u00e7evesinde gelen ve giden \u00f6\u011frencilere rehberlik ve ment\u00f6rl\u00fck hizmeti vermek, [&hellip;]<\/p>\n","protected":false},"author":1,"featured_media":8328,"parent":423,"menu_order":0,"comment_status":"closed","ping_status":"closed","template":"","meta":{"_gspb_post_css":"#gspb_button-id-gsbp-feae0b2{display:flex;justify-content:flex-start}#gspb_button-id-gsbp-feae0b2 .gspb-buttonbox-text{display:flex;flex-direction:column}#gspb_button-id-gsbp-feae0b2>.gspb-buttonbox{box-sizing:border-box}#gspb_button-id-gsbp-feae0b2>.gspb-buttonbox>.gspb-buttonbox-textwrap>.gspb-buttonbox-icon{display:flex}#gspb_button-id-gsbp-feae0b2>.gspb-buttonbox .gspb-buttonbox-icon svg{height:10px!important;width:10px!important;min-width:10px!important;margin:0!important}#gspb_button-id-gsbp-feae0b2>.gspb-buttonbox .gspb-buttonbox-icon svg,#gspb_button-id-gsbp-feae0b2>.gspb-buttonbox .gspb-buttonbox-icon svg path{fill:var(--wp--preset--color--palette-color-2, var(--theme-palette-color-2, #24417C))!important}#gspb_button-id-gsbp-2aa9def>.gspb-buttonbox:hover .gspb-buttonbox-icon svg,#gspb_button-id-gsbp-2aa9def>.gspb-buttonbox:hover .gspb-buttonbox-icon svg path,#gspb_button-id-gsbp-51385d4>.gspb-buttonbox:hover .gspb-buttonbox-icon svg,#gspb_button-id-gsbp-51385d4>.gspb-buttonbox:hover .gspb-buttonbox-icon svg path,#gspb_button-id-gsbp-e50fe28>.gspb-buttonbox:hover .gspb-buttonbox-icon svg,#gspb_button-id-gsbp-e50fe28>.gspb-buttonbox:hover .gspb-buttonbox-icon svg path,#gspb_button-id-gsbp-e9baa25>.gspb-buttonbox:hover .gspb-buttonbox-icon svg,#gspb_button-id-gsbp-e9baa25>.gspb-buttonbox:hover .gspb-buttonbox-icon svg path,#gspb_button-id-gsbp-feae0b2>.gspb-buttonbox:hover .gspb-buttonbox-icon svg,#gspb_button-id-gsbp-feae0b2>.gspb-buttonbox:hover .gspb-buttonbox-icon svg path{fill:#5181e0!important}#gspb_button-id-gsbp-feae0b2>.gspb-buttonbox>.gspb-buttonbox-textwrap{display:flex;flex-direction:row;align-items:center}#gspb_button-id-gsbp-feae0b2 .gspb-buttonbox-icon{margin-left:13px}#gspb_button-id-gsbp-feae0b2>.gspb-buttonbox .gspb-buttonbox-icon{transition:all .5s cubic-bezier(.42,0,.58,1)}#gspb_button-id-gsbp-feae0b2>.gspb-buttonbox{background-color:var(--wp--preset--color--palette-color-6, var(--theme-palette-color-6, #F3F5F7));text-transform:none;color:var(--wp--preset--color--palette-color-2, var(--theme-palette-color-2, #24417C))}#gspb_button-id-gsbp-feae0b2>.gspb-buttonbox:hover{background-color:var(--wp--preset--color--palette-color-7, var(--theme-palette-color-7, #F7FAFD))!important;color:#5181e0}#gspb_button-id-gsbp-feae0b2>.gspb-buttonbox,#gspb_button-id-gsbp-feae0b2>.gspb-buttonbox>.gspb_backgroundOverlay{border-top-left-radius:10px;border-top-right-radius:10px;border-bottom-right-radius:10px;border-bottom-left-radius:10px}#gspb_accordion-id-gsbp-4c072fb .gs-accordion-item.gsclose>.gs-accordion-item__content{overflow:hidden;opacity:0}#gspb_accordion-id-gsbp-4c072fb .gs-accordion-item.gsopen>.gs-accordion-item__content{opacity:1;max-height:5000px}#gspb_accordion-id-gsbp-4c072fb .gs-accordion-item>.gs-accordion-item__title>.gs-accordion-item__heading{outline:0;text-decoration:none;margin:0!important;padding:0!important;flex-grow:1}#gspb_accordion-id-gsbp-4c072fb .gs-accordion-item>.gs-accordion-item__title{z-index:1;margin:0;cursor:pointer;transition:all .3s ease-in-out;position:relative;display:flex;justify-content:space-between;align-items:center;flex-wrap:nowrap}#gspb_accordion-id-gsbp-4c072fb .gs-accordion-item>.gs-accordion-item__content{z-index:0;position:relative;max-height:0;will-change:max-height;transition:all .25s ease-out}#gspb_accordion-id-gsbp-4c072fb .gs-accordion-item>.gs-accordion-item__content,#gspb_accordion-id-gsbp-4c072fb .gs-accordion-item>.gs-accordion-item__title{background-color:#f9f9f9;border-style:solid;border-width:1px;border-color:var(--wp--preset--color--border, #00000012)}#gspb_accordion-id-gsbp-4c072fb .gs-accordion-item>.gs-accordion-item__content{background-color:#fff;border-top-color:#00000000}#gspb_accordion-id-gsbp-4c072fb .gs-accordion-item>.gs-accordion-item__title span.iconfortoggle{margin-left:15px;display:inline-block;height:14px;width:14px;position:relative}#gspb_accordion-id-gsbp-4c072fb .gs-accordion-item{margin-bottom:10px}#gspb_accordion-id-gsbp-4c072fb .gs-accordion-item>.gs-accordion-item__content>.gs-accordion-item__text,#gspb_accordion-id-gsbp-4c072fb .gs-accordion-item>.gs-accordion-item__title{padding:15px 20px}.gs-accordion .gs-accordion-item.gsopen .gs-accordion-item__title .gs-iconafter{transform:rotate(0)}.gs-accordion .gs-accordion-item__title span.iconfortoggle .gs-iconafter,.gs-accordion .gs-accordion-item__title span.iconfortoggle .gs-iconbefore{content:'';width:14px;height:2px;border-radius:2px;background-color:#111;position:absolute;top:6px;left:0}.gs-accordion .gs-accordion-item__title span.iconfortoggle .gs-iconafter{transform:rotate(90deg);transition:all .3s ease-in-out}#gspb_button-id-gsbp-51385d4 .gspb-buttonbox-text{display:flex;flex-direction:column}#gspb_button-id-gsbp-51385d4>.gspb-buttonbox{box-sizing:border-box}#gspb_button-id-gsbp-2aa9def>.gspb-buttonbox>.gspb-buttonbox-textwrap>.gspb-buttonbox-icon,#gspb_button-id-gsbp-51385d4>.gspb-buttonbox>.gspb-buttonbox-textwrap>.gspb-buttonbox-icon,#gspb_button-id-gsbp-e50fe28>.gspb-buttonbox>.gspb-buttonbox-textwrap>.gspb-buttonbox-icon,#gspb_button-id-gsbp-e9baa25>.gspb-buttonbox>.gspb-buttonbox-textwrap>.gspb-buttonbox-icon{display:flex}#gspb_button-id-gsbp-51385d4>.gspb-buttonbox .gspb-buttonbox-icon svg,#gspb_button-id-gsbp-51385d4>.gspb-buttonbox .gspb-buttonbox-icon svg path{fill:var(--wp--preset--color--palette-color-2, var(--theme-palette-color-2, #24417C))!important}#gspb_button-id-gsbp-51385d4>.gspb-buttonbox>.gspb-buttonbox-textwrap{display:flex;flex-direction:row;align-items:center}#gspb_button-id-gsbp-51385d4 .gspb-buttonbox-icon{margin-left:13px}#gspb_button-id-gsbp-51385d4>.gspb-buttonbox .gspb-buttonbox-icon{transition:all .5s cubic-bezier(.42,0,.58,1)}#gspb_button-id-gsbp-51385d4>.gspb-buttonbox{background-color:var(--wp--preset--color--palette-color-6, var(--theme-palette-color-6, #F3F5F7));text-transform:none;color:var(--wp--preset--color--palette-color-2, var(--theme-palette-color-2, #24417C))}#gspb_button-id-gsbp-51385d4>.gspb-buttonbox:hover{background-color:var(--wp--preset--color--palette-color-7, var(--theme-palette-color-7, #F7FAFD))!important;color:#5181e0}#gspb_button-id-gsbp-51385d4>.gspb-buttonbox,#gspb_button-id-gsbp-51385d4>.gspb-buttonbox>.gspb_backgroundOverlay{border-top-left-radius:10px;border-top-right-radius:10px;border-bottom-right-radius:10px;border-bottom-left-radius:10px}#gspb_button-id-gsbp-2aa9def,#gspb_button-id-gsbp-51385d4{display:flex;justify-content:flex-start}#gspb_button-id-gsbp-2aa9def .gspb-buttonbox-text{display:flex;flex-direction:column}#gspb_button-id-gsbp-2aa9def>.gspb-buttonbox{box-sizing:border-box}#gspb_button-id-gsbp-2aa9def>.gspb-buttonbox .gspb-buttonbox-icon svg,#gspb_button-id-gsbp-51385d4>.gspb-buttonbox .gspb-buttonbox-icon svg{height:10px!important;width:10px!important;min-width:10px!important;margin:0!important}#gspb_button-id-gsbp-2aa9def>.gspb-buttonbox .gspb-buttonbox-icon svg,#gspb_button-id-gsbp-2aa9def>.gspb-buttonbox .gspb-buttonbox-icon svg path{fill:var(--wp--preset--color--palette-color-2, var(--theme-palette-color-2, #24417C))!important}#gspb_button-id-gsbp-2aa9def>.gspb-buttonbox>.gspb-buttonbox-textwrap{display:flex;flex-direction:row;align-items:center}#gspb_button-id-gsbp-2aa9def .gspb-buttonbox-icon{margin-left:13px}#gspb_button-id-gsbp-2aa9def>.gspb-buttonbox .gspb-buttonbox-icon{transition:all .5s cubic-bezier(.42,0,.58,1)}#gspb_button-id-gsbp-2aa9def>.gspb-buttonbox{background-color:var(--wp--preset--color--palette-color-6, var(--theme-palette-color-6, #F3F5F7));text-transform:none;color:var(--wp--preset--color--palette-color-2, var(--theme-palette-color-2, #24417C))}#gspb_button-id-gsbp-2aa9def>.gspb-buttonbox:hover{background-color:var(--wp--preset--color--palette-color-7, var(--theme-palette-color-7, #F7FAFD))!important;color:#5181e0}#gspb_button-id-gsbp-2aa9def>.gspb-buttonbox,#gspb_button-id-gsbp-2aa9def>.gspb-buttonbox>.gspb_backgroundOverlay{border-top-left-radius:10px;border-top-right-radius:10px;border-bottom-right-radius:10px;border-bottom-left-radius:10px}#gspb_button-id-gsbp-e50fe28 .gspb-buttonbox-text{display:flex;flex-direction:column}#gspb_button-id-gsbp-e50fe28>.gspb-buttonbox{box-sizing:border-box}#gspb_button-id-gsbp-e50fe28>.gspb-buttonbox .gspb-buttonbox-icon svg,#gspb_button-id-gsbp-e50fe28>.gspb-buttonbox .gspb-buttonbox-icon svg path{fill:var(--wp--preset--color--palette-color-2, var(--theme-palette-color-2, #24417C))!important}#gspb_button-id-gsbp-e50fe28>.gspb-buttonbox>.gspb-buttonbox-textwrap{display:flex;flex-direction:row;align-items:center}#gspb_button-id-gsbp-e50fe28 .gspb-buttonbox-icon{margin-left:13px}#gspb_button-id-gsbp-e50fe28>.gspb-buttonbox .gspb-buttonbox-icon{transition:all .5s cubic-bezier(.42,0,.58,1)}#gspb_button-id-gsbp-e50fe28>.gspb-buttonbox{background-color:var(--wp--preset--color--palette-color-6, var(--theme-palette-color-6, #F3F5F7));text-transform:none;color:var(--wp--preset--color--palette-color-2, var(--theme-palette-color-2, #24417C))}#gspb_button-id-gsbp-e50fe28>.gspb-buttonbox:hover{background-color:var(--wp--preset--color--palette-color-7, var(--theme-palette-color-7, #F7FAFD))!important;color:#5181e0}#gspb_button-id-gsbp-e50fe28>.gspb-buttonbox,#gspb_button-id-gsbp-e50fe28>.gspb-buttonbox>.gspb_backgroundOverlay{border-top-left-radius:10px;border-top-right-radius:10px;border-bottom-right-radius:10px;border-bottom-left-radius:10px}#gspb_button-id-gsbp-e50fe28,#gspb_button-id-gsbp-e9baa25{display:flex;justify-content:flex-start}#gspb_button-id-gsbp-e9baa25 .gspb-buttonbox-text{display:flex;flex-direction:column}#gspb_button-id-gsbp-e9baa25>.gspb-buttonbox{box-sizing:border-box}#gspb_button-id-gsbp-e50fe28>.gspb-buttonbox .gspb-buttonbox-icon svg,#gspb_button-id-gsbp-e9baa25>.gspb-buttonbox .gspb-buttonbox-icon svg{height:10px!important;width:10px!important;min-width:10px!important;margin:0!important}#gspb_button-id-gsbp-e9baa25>.gspb-buttonbox .gspb-buttonbox-icon svg,#gspb_button-id-gsbp-e9baa25>.gspb-buttonbox .gspb-buttonbox-icon svg path{fill:var(--wp--preset--color--palette-color-2, var(--theme-palette-color-2, #24417C))!important}#gspb_button-id-gsbp-e9baa25>.gspb-buttonbox>.gspb-buttonbox-textwrap{display:flex;flex-direction:row;align-items:center}#gspb_button-id-gsbp-e9baa25 .gspb-buttonbox-icon{margin-left:13px}#gspb_button-id-gsbp-e9baa25>.gspb-buttonbox .gspb-buttonbox-icon{transition:all .5s cubic-bezier(.42,0,.58,1)}#gspb_button-id-gsbp-e9baa25>.gspb-buttonbox{background-color:var(--wp--preset--color--palette-color-6, var(--theme-palette-color-6, #F3F5F7));text-transform:none;color:var(--wp--preset--color--palette-color-2, var(--theme-palette-color-2, #24417C))}#gspb_button-id-gsbp-e9baa25>.gspb-buttonbox:hover{background-color:var(--wp--preset--color--palette-color-7, var(--theme-palette-color-7, #F7FAFD))!important;color:#5181e0}#gspb_button-id-gsbp-e9baa25>.gspb-buttonbox,#gspb_button-id-gsbp-e9baa25>.gspb-buttonbox>.gspb_backgroundOverlay{border-top-left-radius:10px;border-top-right-radius:10px;border-bottom-right-radius:10px;border-bottom-left-radius:10px}","footnotes":""},"class_list":["post-1103","page","type-page","status-publish","has-post-thumbnail","hentry"],"blocksy_meta":[],"_links":{"self":[{"href":"https:\/\/erasmus.cumhuriyet.edu.tr\/en\/wp-json\/wp\/v2\/pages\/1103","targetHints":{"allow":["GET"]}}],"collection":[{"href":"https:\/\/erasmus.cumhuriyet.edu.tr\/en\/wp-json\/wp\/v2\/pages"}],"about":[{"href":"https:\/\/erasmus.cumhuriyet.edu.tr\/en\/wp-json\/wp\/v2\/types\/page"}],"author":[{"embeddable":true,"href":"https:\/\/erasmus.cumhuriyet.edu.tr\/en\/wp-json\/wp\/v2\/users\/1"}],"replies":[{"embeddable":true,"href":"https:\/\/erasmus.cumhuriyet.edu.tr\/en\/wp-json\/wp\/v2\/comments?post=1103"}],"version-history":[{"count":36,"href":"https:\/\/erasmus.cumhuriyet.edu.tr\/en\/wp-json\/wp\/v2\/pages\/1103\/revisions"}],"predecessor-version":[{"id":9039,"href":"https:\/\/erasmus.cumhuriyet.edu.tr\/en\/wp-json\/wp\/v2\/pages\/1103\/revisions\/9039"}],"up":[{"embeddable":true,"href":"https:\/\/erasmus.cumhuriyet.edu.tr\/en\/wp-json\/wp\/v2\/pages\/423"}],"wp:featuredmedia":[{"embeddable":true,"href":"https:\/\/erasmus.cumhuriyet.edu.tr\/en\/wp-json\/wp\/v2\/media\/8328"}],"wp:attachment":[{"href":"https:\/\/erasmus.cumhuriyet.edu.tr\/en\/wp-json\/wp\/v2\/media?parent=1103"}],"curies":[{"name":"wp","href":"https:\/\/api.w.org\/{rel}","templated":true}]}}